{"id":14632,"date":"2021-03-04T04:47:10","date_gmt":"2021-03-04T11:47:10","guid":{"rendered":"https:\/\/interregva-bb-pl.eu\/?page_id=14632"},"modified":"2024-05-22T06:24:36","modified_gmt":"2024-05-22T13:24:36","slug":"85038641-2","status":"publish","type":"page","link":"https:\/\/interregva-bb-pl.eu\/pl\/85038641-2\/","title":{"rendered":"85038641"},"content":{"rendered":"<h3>#Partner2022 \u2013 Rozbudowa transgranicznych partnerstw w Euroregionie Sprewa-Nysa-B\u00f3br<\/h3>\n<p>&nbsp;<\/p>\n<p><strong><img loading=\"lazy\" decoding=\"async\" class=\"details-image alignleft\" draggable=\"false\" src=\"https:\/\/interregva-bb-pl.eu\/wp-content\/uploads\/2020\/12\/85038641_Website-Gesamtbild-1-766x1024.jpg\" alt=\"\" width=\"434\" height=\"580\" \/>Partnerzy projektu:<\/strong><br \/>\n&#8211; Euroregion &#8220;Spree-Nei\u00dfe-Bober&#8221; e.V. (stow. rej.) (BW)<br \/>\n&#8211; Stowarzyszenie Gmin RP Euroregionu &#8220;Sprewa-Nysa-B\u00f3br&#8221;<\/p>\n<p><strong>Dofinansowanie (EFRR): <\/strong>227.478,01 EUR<strong>\u00a0<\/strong><\/p>\n<p><strong>Okres realizacji: <\/strong>01.03.2020 \u2013 31.12.2023<\/p>\n<p><strong>Cel:<\/strong><br \/>\nG\u0142\u00f3wnym celem projektu jest zapewnienie dobrych, odpowiednich dla specyficznej grupy wzgl\u0119dnie zorientowanych podmiotowo warunk\u00f3w ramowych dla wzrostu jako\u015bciowego i ilo\u015bciowego PL-DE partnerstw w ER, kt\u00f3rym towarzysz\u0105 mo\u017cliwie pokrywaj\u0105ce si\u0119 obszarowo oferty doradztwa, a tak\u017ce dopasowana do tego promocja.<br \/>\nGrup\u0105 docelow\u0105 projektu s\u0105 Instytucje ER ( ok. 3.500 w sumie, z tego 2.500 po polskiej i 1.000 po niemieckiej stronie). W ramach tej grupy mo\u017cna wyr\u00f3\u017cni\u0107 4 podgrupy:<br \/>\n&#8211; Jednostki samorz\u0105du, w tym ich zwi\u0105zki oraz przyporz\u0105dkowane im instytucje;<br \/>\n&#8211; Stowarzyszenia, fundacje i org. pozarz\u0105dowe;<br \/>\n&#8211; Podmioty zwi\u0105zane z kszta\u0142ceniem (szko\u0142y, szko\u0142y wy\u017csze, przedszkola, jednostki kszta\u0142cenia zawodowego i dokszta\u0142cania);<br \/>\n&#8211; Plac\u00f3wki kulturalne i sportowe<br \/>\ndo kt\u00f3rych nale\u017cy jednak zwr\u00f3ci\u0107 si\u0119 w pewien szczeg\u00f3lny spos\u00f3b.<br \/>\nDodatkowy wzrost liczby partnerstw da si\u0119 m.in. zmierzy\u0107 za pomoc\u0105 stopnia po\u0142\u0105cze\u0144 (osieciowania) na obszarze wsparcia, poniewa\u017c powstaje coraz wi\u0119cej transgranicznych partnerstw. W zwi\u0105zku z tym mo\u017cna zbudowa\u0107 jeszcze lepsz\u0105 baz\u0119 zaufania, kt\u00f3ra poprzez bogat\u0105 w tre\u015b\u0107 wymian\u0119 PL-DE, mo\u017ce dalej likwidowa\u0107 istniej\u0105ce stereotypy.<br \/>\nPonadto zwr\u00f3cenie si\u0119 do specyficznej grupy sprawia, \u017ce pojedyncze org. ( np. podmioty zwi\u0105zane z kszta\u0142ceniem) zostan\u0105 poinformowane o aktualnych zmianach\/reformach itp., kt\u00f3re nast\u0105pi\u0142y w kraju s\u0105siada i maj\u0105 cz\u0119sto wp\u0142yw na konkretny wyb\u00f3r partnera, lecz nie s\u0105 zbytnio interesuj\u0105ce dla przed-stawicieli z innych wymienionych grup. Ta sama zasada ma zastosowanie w wypadku przedstawienia obecnie najwa\u017cniejszych, obowi\u0105zuj\u0105cych w PL i DE, przepis\u00f3w prawnych dla pojedynczych instytucji (jak np. stowarzyszenia).<br \/>\nTak samo wa\u017cnym jest, aby zwr\u00f3ci\u0107 si\u0119 w odpowiedni spos\u00f3b w stron\u0119 obszar\u00f3w, na kt\u00f3rych nie ist-nieje kooperacja (tzw. \u201ebia\u0142e plamy\u201d), kt\u00f3re wykaza\u0142a analiza do obecnego projektu.<\/p>\n<p><strong>Przyk\u0142adowe dzia\u0142ania w projekcie:<\/strong><\/p>\n<ul>\n<li>Co najmniej 20 publikacji w mediach regionalnych, w mediach spo\u0142eczno\u015bciowych i na stronie internetowej PP.<\/li>\n<li>Opracowanie podr\u0119cznika po pracy nad partnerstwami dla wszystkich pracuj\u0105cych w projektach.<\/li>\n<li>Analiza dodatkowych mo\u017cliwo\u015bci wsp\u00f3\u0142pracy transgranicznej.<\/li>\n<li>Zaprojektowanie i wdro\u017cenie gry \u201eFlirt\u201d jako &#8220;lodo\u0142amacza&#8221; na imprezach, aby u\u0142atwi\u0107 kontakt i zapewni\u0107 ciekawe podej\u015bcie do aspekt\u00f3w mi\u0119dzykulturowych.<\/li>\n<li>Rozbudowa banku danych partner\u00f3w (Rozszerzenie funkcji wyszukiwania wed\u0142ug dodatkowych p\u00f3l tematycznych, dodanie mapy euroregionalnej, np. w celu pokazania odleg\u0142o\u015bci mi\u0119dzy potencjalnymi partnerami), opracowanie aplikacji internetowej, kt\u00f3ra dzia\u0142a r\u00f3wnie\u017c niezale\u017cnie od system\u00f3w iOS i Android).<\/li>\n<li>Cztery tematyczne, zorientowane na specyficzne grupy warsztaty.<\/li>\n<li>\u0141\u0105cznie 48 spotka\u0144 (w tym cztery stoiska informacyjne na regionalnych uroczysto\u015bciach, 44 konsultacje w biurach lub na miejscu).<\/li>\n<\/ul>\n","protected":false},"excerpt":{"rendered":"<p>#Partner2022 \u2013 Rozbudowa transgranicznych partnerstw w Euroregionie Sprewa-Nysa-B\u00f3br &nbsp; Partnerzy projektu: &#8211; Euroregion &#8220;Spree-Nei\u00dfe-Bober&#8221; e.V. (stow. rej.) (BW) &#8211; Stowarzyszenie Gmin RP Euroregionu &#8220;Sprewa-Nysa-B\u00f3br&#8221; Dofinansowanie (EFRR): 227.478,01 EUR\u00a0 Okres realizacji: 01.03.2020 \u2013 31.12.2023 Cel: G\u0142\u00f3wnym celem projektu jest zapewnienie dobrych, odpowiednich dla specyficznej grupy wzgl\u0119dnie zorientowanych podmiotowo warunk\u00f3w ramowych dla wzrostu jako\u015bciowego i ilo\u015bciowego PL-DE [&hellip;]<\/p>\n","protected":false},"author":140,"featured_media":0,"parent":0,"menu_order":0,"comment_status":"closed","ping_status":"closed","template":"","meta":{"site-sidebar-layout":"default","site-content-layout":"default","ast-site-content-layout":"","site-content-style":"default","site-sidebar-style":"default","ast-global-header-display":"","ast-banner-title-visibility":"","ast-main-header-display":"","ast-hfb-above-header-display":"","ast-hfb-below-header-display":"","ast-hfb-mobile-header-display":"","site-post-title":"","ast-breadcrumbs-content":"","ast-featured-img":"","footer-sml-layout":"","theme-transparent-header-meta":"default","adv-header-id-meta":"","stick-header-meta":"","header-above-stick-meta":"","header-main-stick-meta":"","header-below-stick-meta":"","astra-migrate-meta-layouts":"set","ast-page-background-enabled":"default","ast-page-background-meta":{"desktop":{"background-color":"","background-image":"","background-repeat":"repeat","background-position":"center center","background-size":"auto","background-attachment":"scroll","background-type":"","background-media":"","overlay-type":"","overlay-color":"","overlay-opacity":"","overlay-gradient":""},"tablet":{"background-color":"","background-image":"","background-repeat":"repeat","background-position":"center center","background-size":"auto","background-attachment":"scroll","background-type":"","background-media":"","overlay-type":"","overlay-color":"","overlay-opacity":"","overlay-gradient":""},"mobile":{"background-color":"","background-image":"","background-repeat":"repeat","background-position":"center center","background-size":"auto","background-attachment":"scroll","background-type":"","background-media":"","overlay-type":"","overlay-color":"","overlay-opacity":"","overlay-gradient":""}},"ast-content-background-meta":{"desktop":{"background-color":"var(--ast-global-color-5)","background-image":"","background-repeat":"repeat","background-position":"center center","background-size":"auto","background-attachment":"scroll","background-type":"","background-media":"","overlay-type":"","overlay-color":"","overlay-opacity":"","overlay-gradient":""},"tablet":{"background-color":"var(--ast-global-color-5)","background-image":"","background-repeat":"repeat","background-position":"center center","background-size":"auto","background-attachment":"scroll","background-type":"","background-media":"","overlay-type":"","overlay-color":"","overlay-opacity":"","overlay-gradient":""},"mobile":{"background-color":"var(--ast-global-color-5)","background-image":"","background-repeat":"repeat","background-position":"center center","background-size":"auto","background-attachment":"scroll","background-type":"","background-media":"","overlay-type":"","overlay-color":"","overlay-opacity":"","overlay-gradient":""}},"footnotes":""},"class_list":["post-14632","page","type-page","status-publish","hentry"],"_links":{"self":[{"href":"https:\/\/interregva-bb-pl.eu\/pl\/wp-json\/wp\/v2\/pages\/14632"}],"collection":[{"href":"https:\/\/interregva-bb-pl.eu\/pl\/wp-json\/wp\/v2\/pages"}],"about":[{"href":"https:\/\/interregva-bb-pl.eu\/pl\/wp-json\/wp\/v2\/types\/page"}],"author":[{"embeddable":true,"href":"https:\/\/interregva-bb-pl.eu\/pl\/wp-json\/wp\/v2\/users\/140"}],"replies":[{"embeddable":true,"href":"https:\/\/interregva-bb-pl.eu\/pl\/wp-json\/wp\/v2\/comments?post=14632"}],"version-history":[{"count":5,"href":"https:\/\/interregva-bb-pl.eu\/pl\/wp-json\/wp\/v2\/pages\/14632\/revisions"}],"predecessor-version":[{"id":18346,"href":"https:\/\/interregva-bb-pl.eu\/pl\/wp-json\/wp\/v2\/pages\/14632\/revisions\/18346"}],"wp:attachment":[{"href":"https:\/\/interregva-bb-pl.eu\/pl\/wp-json\/wp\/v2\/media?parent=14632"}],"curies":[{"name":"wp","href":"https:\/\/api.w.org\/{rel}","templated":true}]}}