{"id":14638,"date":"2021-03-04T04:58:23","date_gmt":"2021-03-04T11:58:23","guid":{"rendered":"https:\/\/interregva-bb-pl.eu\/?page_id=14638"},"modified":"2023-09-25T04:45:55","modified_gmt":"2023-09-25T11:45:55","slug":"85038595-2","status":"publish","type":"page","link":"https:\/\/interregva-bb-pl.eu\/pl\/85038595-2\/","title":{"rendered":"85038595"},"content":{"rendered":"<h3>Transgraniczna opieka medyczna<\/h3>\n<p>&nbsp;<\/p>\n<p><strong><img decoding=\"async\" class=\"thumbnail alignleft\" src=\"https:\/\/interregva-bb-pl.eu\/wp-content\/uploads\/2021\/02\/85038595_vorlGesamtbild.jpg\" alt=\"\" \/>Partnerzy projektu:<\/strong><br \/>\n&#8211; Wielospecjalistyczny Szpital Wojew\u00f3dzki w Gorzowie Wlkp. Sp. z o.o. (BW)<br \/>\n&#8211; Krankenhaus M\u00e4rkisch Oderland GmbH<br \/>\n(Szpital Powiatu Nadodrze Marchijskie Sp. z o. o.)<\/p>\n<p><strong>Dofinansowanie (EFRR): <\/strong>629.733,25 EUR<strong>\u00a0<\/strong><\/p>\n<p><strong>Okres realizacji: <\/strong>01.01.2020 \u2013 30.06.2023<\/p>\n<p><strong>Cel:<\/strong><br \/>\nCelem g\u0142\u00f3wnym projektu jest rozw\u00f3j trwa\u0142ej wsp\u00f3\u0142pracy szpitali, wymiana do\u015bwiadcze\u0144 i niwelowanie barier administracyjnych, j\u0119zykowych i medycznych, podnoszenie kompetencji partner\u00f3w projektu oraz poprawa \u015bwiadomo\u015bci i wiedzy mieszka\u0144c\u00f3w w zakresie transgranicznej opieki medycznej i profilaktyki zdrowotnej. Ponadto celem projektu jest poprawa jako\u015bci zarz\u0105dzania w zakresie praw i obowi\u0105zk\u00f3w wynikaj\u0105cych z transgranicznej opieki zdrowotnej.<\/p>\n<p>Cel g\u0142\u00f3wny projektu zostanie osi\u0105gni\u0119ty poprzez realizacj\u0119 nast\u0119puj\u0105cych cel\u00f3w szczeg\u00f3\u0142owych:<br \/>\n&#8211;\u00a0\u00a0\u00a0\u00a0\u00a0\u00a0\u00a0\u00a0\u00a0\u00a0 wzrost poziomu wiedzy pracownik\u00f3w szpitali w zakresie transgranicznej opieki zdrowotnej,<br \/>\n&#8211;\u00a0\u00a0\u00a0\u00a0\u00a0\u00a0\u00a0\u00a0\u00a0\u00a0 wzrost poziomu wiedzy polskich i niemieckich \u015bwiadczeniobiorc\u00f3w (pacjent\u00f3w) o przys\u0142uguj\u0105cych im\u00a0 prawach\u00a0 w zakresie transgranicznej opieki zdrowotnej,<br \/>\n&#8211;\u00a0\u00a0\u00a0\u00a0\u00a0\u00a0\u00a0\u00a0\u00a0\u00a0 popraw\u0119 komunikacji dzi\u0119ki niwelowaniu barier j\u0119zykowych,<br \/>\n&#8211;\u00a0\u00a0\u00a0\u00a0\u00a0\u00a0\u00a0\u00a0\u00a0\u00a0 poszerzenie wiedzy w zakresie profilaktyki prozdrowotnej.<\/p>\n<p>Koncepcja projektu wykazuje jego ukierunkowanie na cele spo\u0142eczne i efekty transgraniczne, widoczne na ka\u017cdym etapie jego realizacji:<\/p>\n<ol>\n<li>Stworzenie trwa\u0142ych struktur wsp\u00f3\u0142pracy pomi\u0119dzy partnerami projektu.<\/li>\n<li>Zniwelowanie barier j\u0119zykowych w kontaktach personelu medycznego i niemedycznego z pacjentami po obu stronach granicy.<\/li>\n<li>Integracja, transfer wiedzy i przenoszenie dobrych praktyk dzi\u0119ki udzia\u0142owi pracownik\u00f3w szpitali w szkoleniach, warsztatach i konferencjach.<\/li>\n<li>Wzmocnienie poczucia bezpiecze\u0144stwa u mieszka\u0144c\u00f3w regionu pogranicza poprzez zaplanowane dzia\u0142ania informacyjne i imprezy oraz szeroko zakrojon\u0105 kampani\u0119 promocyjn\u0105.<\/li>\n<\/ol>\n<p>Grupy docelowe:<\/p>\n<ol>\n<li>kadra medyczna i administracyjna szpitali partnerskich,<\/li>\n<li>mieszka\u0144cy wojew\u00f3dztwa lubuskiego i powiatu M\u00e4rkisch-Oderland.<\/li>\n<\/ol>\n<p>Uczestnicy projektu:<\/p>\n<ol>\n<li>kadra medyczna (w tym piel\u0119gniarki i lekarze) \u2013 40<\/li>\n<li>kadra administracyjna \u2013 30<\/li>\n<li>mieszka\u0144cy wojew\u00f3dztwa lubuskiego i powiatu M\u00e4rkisch-Oderland, do kt\u00f3rych skierowane b\u0119d\u0105 dzia\u0142ania i imprezy informacyjne, w tym otwarte Polsko-Niemieckie Pikniki Zdrowia \u2013 Dla imprez o charakterze otwartym liczby uczestnik\u00f3w s\u0105 trudne do oszacowania. Na podstawie planowanego nak\u0142adu folder\u00f3w informacyjnych mo\u017cna jednak za\u0142o\u017cy\u0107 minimaln\u0105 wielko\u015b\u0107 tej grupy docelowej na poziomie 30.000 os\u00f3b.<\/li>\n<\/ol>\n<p><strong>Przyk\u0142adowe dzia\u0142ania w projekcie:<\/strong><\/p>\n<ul>\n<li>Wykonanie prac modernizacyjnych i instalacyjnych w salach konferencyjno-szkoleniowych. Zakupy i dostawy wyposa\u017cenia niezb\u0119dnego do prawid\u0142owej realizacji projektu.<\/li>\n<li>Organizacja i przeprowadzenie szkole\u0144, konferencji, warsztat\u00f3w, kurs\u00f3w j\u0119zykowych i polsko-niemieckich piknik\u00f3w zdrowia.<\/li>\n<li>Opracowanie s\u0142ownika medycznego polsko-niemieckiego\/niemiecko-polskiego.<\/li>\n<\/ul>\n","protected":false},"excerpt":{"rendered":"<p>Transgraniczna opieka medyczna &nbsp; Partnerzy projektu: &#8211; Wielospecjalistyczny Szpital Wojew\u00f3dzki w Gorzowie Wlkp. Sp. z o.o. (BW) &#8211; Krankenhaus M\u00e4rkisch Oderland GmbH (Szpital Powiatu Nadodrze Marchijskie Sp. z o. o.) Dofinansowanie (EFRR): 629.733,25 EUR\u00a0 Okres realizacji: 01.01.2020 \u2013 30.06.2023 Cel: Celem g\u0142\u00f3wnym projektu jest rozw\u00f3j trwa\u0142ej wsp\u00f3\u0142pracy szpitali, wymiana do\u015bwiadcze\u0144 i niwelowanie barier administracyjnych, j\u0119zykowych [&hellip;]<\/p>\n","protected":false},"author":140,"featured_media":0,"parent":0,"menu_order":0,"comment_status":"closed","ping_status":"closed","template":"","meta":{"site-sidebar-layout":"default","site-content-layout":"default","ast-site-content-layout":"default","site-content-style":"default","site-sidebar-style":"default","ast-global-header-display":"","ast-banner-title-visibility":"","ast-main-header-display":"","ast-hfb-above-header-display":"","ast-hfb-below-header-display":"","ast-hfb-mobile-header-display":"","site-post-title":"","ast-breadcrumbs-content":"","ast-featured-img":"","footer-sml-layout":"","theme-transparent-header-meta":"default","adv-header-id-meta":"","stick-header-meta":"","header-above-stick-meta":"","header-main-stick-meta":"","header-below-stick-meta":"","astra-migrate-meta-layouts":"set","ast-page-background-enabled":"default","ast-page-background-meta":{"desktop":{"background-color":"","background-image":"","background-repeat":"repeat","background-position":"center center","background-size":"auto","background-attachment":"scroll","background-type":"","background-media":"","overlay-type":"","overlay-color":"","overlay-opacity":"","overlay-gradient":""},"tablet":{"background-color":"","background-image":"","background-repeat":"repeat","background-position":"center center","background-size":"auto","background-attachment":"scroll","background-type":"","background-media":"","overlay-type":"","overlay-color":"","overlay-opacity":"","overlay-gradient":""},"mobile":{"background-color":"","background-image":"","background-repeat":"repeat","background-position":"center center","background-size":"auto","background-attachment":"scroll","background-type":"","background-media":"","overlay-type":"","overlay-color":"","overlay-opacity":"","overlay-gradient":""}},"ast-content-background-meta":{"desktop":{"background-color":"var(--ast-global-color-5)","background-image":"","background-repeat":"repeat","background-position":"center center","background-size":"auto","background-attachment":"scroll","background-type":"","background-media":"","overlay-type":"","overlay-color":"","overlay-opacity":"","overlay-gradient":""},"tablet":{"background-color":"var(--ast-global-color-5)","background-image":"","background-repeat":"repeat","background-position":"center center","background-size":"auto","background-attachment":"scroll","background-type":"","background-media":"","overlay-type":"","overlay-color":"","overlay-opacity":"","overlay-gradient":""},"mobile":{"background-color":"var(--ast-global-color-5)","background-image":"","background-repeat":"repeat","background-position":"center center","background-size":"auto","background-attachment":"scroll","background-type":"","background-media":"","overlay-type":"","overlay-color":"","overlay-opacity":"","overlay-gradient":""}},"footnotes":""},"class_list":["post-14638","page","type-page","status-publish","hentry"],"_links":{"self":[{"href":"https:\/\/interregva-bb-pl.eu\/pl\/wp-json\/wp\/v2\/pages\/14638"}],"collection":[{"href":"https:\/\/interregva-bb-pl.eu\/pl\/wp-json\/wp\/v2\/pages"}],"about":[{"href":"https:\/\/interregva-bb-pl.eu\/pl\/wp-json\/wp\/v2\/types\/page"}],"author":[{"embeddable":true,"href":"https:\/\/interregva-bb-pl.eu\/pl\/wp-json\/wp\/v2\/users\/140"}],"replies":[{"embeddable":true,"href":"https:\/\/interregva-bb-pl.eu\/pl\/wp-json\/wp\/v2\/comments?post=14638"}],"version-history":[{"count":4,"href":"https:\/\/interregva-bb-pl.eu\/pl\/wp-json\/wp\/v2\/pages\/14638\/revisions"}],"predecessor-version":[{"id":18106,"href":"https:\/\/interregva-bb-pl.eu\/pl\/wp-json\/wp\/v2\/pages\/14638\/revisions\/18106"}],"wp:attachment":[{"href":"https:\/\/interregva-bb-pl.eu\/pl\/wp-json\/wp\/v2\/media?parent=14638"}],"curies":[{"name":"wp","href":"https:\/\/api.w.org\/{rel}","templated":true}]}}