{"id":15048,"date":"2021-06-14T05:43:06","date_gmt":"2021-06-14T12:43:06","guid":{"rendered":"https:\/\/interregva-bb-pl.eu\/?page_id=15048"},"modified":"2024-03-13T08:16:30","modified_gmt":"2024-03-13T15:16:30","slug":"85028495-2","status":"publish","type":"page","link":"https:\/\/interregva-bb-pl.eu\/pl\/85028495-2\/","title":{"rendered":"85028495"},"content":{"rendered":"<h3>Europark &#8211; Wykorzystanie dziedzictwa przyrodniczo-kulturowego do rozwoju turystyki w obszarze przygranicznym<\/h3>\n<p><strong>\u00a0<\/strong><\/p>\n<p><strong><img decoding=\"async\" class=\"thumbnail alignleft\" src=\"https:\/\/interregva-bb-pl.eu\/wp-content\/uploads\/2021\/06\/85028495_Fot1.png\" alt=\"\" \/>Partnerzy projektu: <\/strong><br \/>\n&#8211; Miasto Zielona G\u00f3ra \u2013 Zak\u0142ad Gospodarki Mieszkaniowej (BW)<br \/>\n&#8211; Stadt\/ Miasto Cottbus<br \/>\n&#8211; Miasto Gubin,<br \/>\n&#8211; Stadt \/ Miasto Guben<\/p>\n<p><strong>Dofinansowanie (EFRR): <\/strong>2.208.288,60 EUR<\/p>\n<p><strong>Okres realizacji: <\/strong>01.07.2020 &#8211; 31.12.2023<\/p>\n<p><strong>Cel:<\/strong><br \/>\nPrzedmiotem projektu jest rewitalizacja i rozbudowa obiekt\u00f3w przyrodniczych i parkowych na terenie &#8220;Europarku&#8221;. Celem g\u0142\u00f3wnym projektu jest wykorzystanie potencja\u0142u regionu, jako impulsu do rozwoju turystyki oraz rekreacji w polsko-niemieckim regionie przygranicznym. Realizacja projektu przyczyni si\u0119 do wzrostu atrakcyjno\u015bci transgranicznego, wsp\u00f3lnego dziedzictwa naturalnego i kulturowego, Priorytetu inwestycyjnego 6c: Zachowanie, ochrona, promowanie i rozw\u00f3j dziedzictwa naturalnego i kulturowego. Grupy docelowe projektu to mieszka\u0144cy obszaru wsparcia i tury\u015bci odwiedzaj\u0105cy rejon przygraniczny oraz opiekunowie zwierz\u0105t z obu ogrod\u00f3w zoologicznych. S\u0105 to osoby szukaj\u0105ce wypoczynku, poznaj\u0105cy kultur\u0119, specjali\u015bci i mieszka\u0144cy obszaru wsparcia.<\/p>\n<p><strong><img loading=\"lazy\" decoding=\"async\" class=\"thumbnail alignright\" src=\"https:\/\/interregva-bb-pl.eu\/wp-content\/uploads\/2021\/06\/85028495_FotPP3.png\" alt=\"\" width=\"469\" height=\"301\" \/>Przyk\u0142adowe dzia\u0142ania:<\/strong><\/p>\n<ul>\n<li>Zielona G\u00f3ra: Rozbudowa Minizoo, obejmuj\u0105ca budow\u0119 budynku dla du\u017cych papug wraz z wolier\u0105, budynku motylarni, budynku dla lemur\u00f3w wraz w wybiegiem, altany promocyjno-szkoleniowej, jak r\u00f3wnie\u017c budynku toalet.<\/li>\n<li>Cottbus: Remont wraz z termomodernizacj\u0105 starego pawilonu dla drapie\u017cnik\u00f3w oraz dobudowanie nowego wybiegu i nowej cz\u0119\u015bci dla zwiedzaj\u0105cych, kt\u00f3ra umo\u017cliwia\u0142aby obserwacj\u0119 zwierz\u0105t r\u00f3wnie\u017c w \u015brodowisku wodnym.<\/li>\n<li>Gubin: Rewitalizacja park\u00f3w, skwer\u00f3w i teren\u00f3w zielonych obejmuj\u0105ca: park przy ul. Chopina (przed wojn\u0105 znany, jako Spicherer Platz), Park przy ul. Obro\u0144c\u00f3w Pokoju i ul. S\u0142owackiego, skwery przy ulicach: Konopnickiej, Kopernika, D\u0105browskiego i Krasi\u0144skiego oraz skwer przy Bramie Ostrowskiej.<\/li>\n<li>Guben: Rewitalizacja parku miejskiego oraz pozosta\u0142ych teren\u00f3w zielonych, obejmuj\u0105ca: Stadtpark \u2013 Park Miejski z wolierami dla ptak\u00f3w, wybiegami dla ma\u0142ych zwierz\u0105t, domkami dla owad\u00f3w, miejscami do karmienia kaczek, itp., tereny zielone na rogu ulic Karl-Marx-Strasse i Pestalozzi-Strasse.<\/li>\n<li>Stworzenie polsko-niemieckiej aplikacji mobilnej.<\/li>\n<li>Opracowanie i wydanie pol-niem ulotki informuj\u0105cej o atrakcjach regionu wraz z odniesieniem do aplikacji.<\/li>\n<li>System kamer internetowych umo\u017cliwiaj\u0105cy transmisj\u0119 na \u017cywo wraz z monitorami, bie\u017c\u0105ca informacja wraz z przekazem on-line z kamer na stronach internetowych wszystkich partner\u00f3w.<\/li>\n<\/ul>\n<p><strong> <img loading=\"lazy\" decoding=\"async\" class=\"thumbnail aligncenter\" src=\"https:\/\/interregva-bb-pl.eu\/wp-content\/uploads\/2021\/06\/85028495_FotPP4.png\" alt=\"\" width=\"1045\" height=\"458\" \/><\/strong><\/p>\n","protected":false},"excerpt":{"rendered":"<p>Europark &#8211; Wykorzystanie dziedzictwa przyrodniczo-kulturowego do rozwoju turystyki w obszarze przygranicznym \u00a0 Partnerzy projektu: &#8211; Miasto Zielona G\u00f3ra \u2013 Zak\u0142ad Gospodarki Mieszkaniowej (BW) &#8211; Stadt\/ Miasto Cottbus &#8211; Miasto Gubin, &#8211; Stadt \/ Miasto Guben Dofinansowanie (EFRR): 2.208.288,60 EUR Okres realizacji: 01.07.2020 &#8211; 31.12.2023 Cel: Przedmiotem projektu jest rewitalizacja i rozbudowa obiekt\u00f3w przyrodniczych i parkowych [&hellip;]<\/p>\n","protected":false},"author":140,"featured_media":0,"parent":0,"menu_order":0,"comment_status":"closed","ping_status":"closed","template":"","meta":{"site-sidebar-layout":"default","site-content-layout":"default","ast-site-content-layout":"default","site-content-style":"default","site-sidebar-style":"default","ast-global-header-display":"","ast-banner-title-visibility":"","ast-main-header-display":"","ast-hfb-above-header-display":"","ast-hfb-below-header-display":"","ast-hfb-mobile-header-display":"","site-post-title":"","ast-breadcrumbs-content":"","ast-featured-img":"","footer-sml-layout":"","theme-transparent-header-meta":"default","adv-header-id-meta":"","stick-header-meta":"","header-above-stick-meta":"","header-main-stick-meta":"","header-below-stick-meta":"","astra-migrate-meta-layouts":"set","ast-page-background-enabled":"default","ast-page-background-meta":{"desktop":{"background-color":"","background-image":"","background-repeat":"repeat","background-position":"center center","background-size":"auto","background-attachment":"scroll","background-type":"","background-media":"","overlay-type":"","overlay-color":"","overlay-opacity":"","overlay-gradient":""},"tablet":{"background-color":"","background-image":"","background-repeat":"repeat","background-position":"center center","background-size":"auto","background-attachment":"scroll","background-type":"","background-media":"","overlay-type":"","overlay-color":"","overlay-opacity":"","overlay-gradient":""},"mobile":{"background-color":"","background-image":"","background-repeat":"repeat","background-position":"center center","background-size":"auto","background-attachment":"scroll","background-type":"","background-media":"","overlay-type":"","overlay-color":"","overlay-opacity":"","overlay-gradient":""}},"ast-content-background-meta":{"desktop":{"background-color":"var(--ast-global-color-5)","background-image":"","background-repeat":"repeat","background-position":"center center","background-size":"auto","background-attachment":"scroll","background-type":"","background-media":"","overlay-type":"","overlay-color":"","overlay-opacity":"","overlay-gradient":""},"tablet":{"background-color":"var(--ast-global-color-5)","background-image":"","background-repeat":"repeat","background-position":"center center","background-size":"auto","background-attachment":"scroll","background-type":"","background-media":"","overlay-type":"","overlay-color":"","overlay-opacity":"","overlay-gradient":""},"mobile":{"background-color":"var(--ast-global-color-5)","background-image":"","background-repeat":"repeat","background-position":"center center","background-size":"auto","background-attachment":"scroll","background-type":"","background-media":"","overlay-type":"","overlay-color":"","overlay-opacity":"","overlay-gradient":""}},"footnotes":""},"class_list":["post-15048","page","type-page","status-publish","hentry"],"_links":{"self":[{"href":"https:\/\/interregva-bb-pl.eu\/pl\/wp-json\/wp\/v2\/pages\/15048"}],"collection":[{"href":"https:\/\/interregva-bb-pl.eu\/pl\/wp-json\/wp\/v2\/pages"}],"about":[{"href":"https:\/\/interregva-bb-pl.eu\/pl\/wp-json\/wp\/v2\/types\/page"}],"author":[{"embeddable":true,"href":"https:\/\/interregva-bb-pl.eu\/pl\/wp-json\/wp\/v2\/users\/140"}],"replies":[{"embeddable":true,"href":"https:\/\/interregva-bb-pl.eu\/pl\/wp-json\/wp\/v2\/comments?post=15048"}],"version-history":[{"count":7,"href":"https:\/\/interregva-bb-pl.eu\/pl\/wp-json\/wp\/v2\/pages\/15048\/revisions"}],"predecessor-version":[{"id":18279,"href":"https:\/\/interregva-bb-pl.eu\/pl\/wp-json\/wp\/v2\/pages\/15048\/revisions\/18279"}],"wp:attachment":[{"href":"https:\/\/interregva-bb-pl.eu\/pl\/wp-json\/wp\/v2\/media?parent=15048"}],"curies":[{"name":"wp","href":"https:\/\/api.w.org\/{rel}","templated":true}]}}