{"id":15218,"date":"2021-07-26T06:43:28","date_gmt":"2021-07-26T13:43:28","guid":{"rendered":"https:\/\/interregva-bb-pl.eu\/?page_id=15218"},"modified":"2021-07-26T06:43:28","modified_gmt":"2021-07-26T13:43:28","slug":"85011348-projekt-zakonczony","status":"publish","type":"page","link":"https:\/\/interregva-bb-pl.eu\/pl\/85011348-projekt-zakonczony\/","title":{"rendered":"85011348 &#8211; projekt zako\u0144czony"},"content":{"rendered":"<h3 data-wahfont=\"25\">Wsp\u00f3\u0142praca sieci instytucji wspierania gospodarki<\/h3>\n<p>&nbsp;<\/p>\n<p data-wahfont=\"15\"><img decoding=\"async\" class=\"thumbnail\" src=\"https:\/\/interregva-bb-pl.eu\/wp-content\/uploads\/2021\/07\/85011348_Website-Titelbild.png\" alt=\"\" \/><\/p>\n<p data-wahfont=\"15\">\n<p data-wahfont=\"15\"><strong>Partnerzy<\/strong><strong>:<\/strong><br \/>\n\u2013 Investor Center Ostbrandenburg GmbH Frankfurt (Oder) (Wschodniobrandenburskie Centrum Inwestycji we Frankfurcie nad Odra sp. z o. o.) (BW)<br \/>\n\u2013 Hafenbetriebsgesellschaft Eisenh\u00fcttenstadt mbH (Sp\u00f3\u0142ka Portowa Eisenh\u00fcttenstadt z o.o.)<br \/>\n\u2013 Kostrzy\u0144sko-S\u0142ubicka Specjalna Strefa Ekonomiczna<br \/>\n\u2013 Polska Izba C\u0142a, Logistyki i Spedycji<br \/>\n\u2013 Stiftung Europa-Universit\u00e4t Viadrina Frankfurt (Oder) \/ Fundancja Uniwersytetu Europejskiego \u201eViadrina\u201d we Frankfurcie nad Odr\u0105<br \/>\n\u2013 Technische Hochschule Wildau \/ Politechnika Wildau<\/p>\n<p data-wahfont=\"15\"><strong>Dofinansowanie (EFRR): <\/strong>219.679,92 Euro<\/p>\n<p data-wahfont=\"15\"><strong><img decoding=\"async\" class=\"thumbnail alignright\" src=\"https:\/\/interregva-bb-pl.eu\/wp-content\/uploads\/2021\/07\/85011348_Website-Partner.png\" alt=\"\" \/>Okres realizacji <\/strong><strong>\/ Zeitraum: <\/strong>01.01.2017-31.08.2020<\/p>\n<p>Nadrz\u0119dnym celem projektu by\u0142o zdefiniowanie modelu trwa\u0142ej wsp\u00f3\u0142pracy dla instytucji wspierania rozwoju gospodarczego jak i r\u00f3wnie\u017c opracowanie transgranicznych ofert akwizycyjnych. Dzi\u0119ki po\u0142o\u017ceniu Euroregionu Pro Europa Viadrina przy korytarzu TEN-T pomi\u0119dzy Morzem P\u00f3\u0142nocnym i Ba\u0142tyckim w bezpo\u015bredniej blisko\u015bci wa\u017cnych centr\u00f3w gospodarczych Frankfurt (Oder) i Eisenh\u00fcttenstadt tworz\u0105 regionalne centrum rozwoju, miasto S\u0142ubice jest cz\u0119\u015bci\u0105 Kostrzy\u0144sko-S\u0142ubickiej Specjalnej Strefy Ekonomicznej. Wszyscy partnerzy projektu uznali za wa\u017cn\u0105 potrzeb\u0119 zacie\u015bnienia wsp\u00f3\u0142pracy w celu wzmocnienia w\u0142asnej pozycji w konkurencji z innymi mi\u0119dzynarodowymi lokalizacjami. Szczeg\u00f3lny nacisk w ramach projektu po\u0142o\u017cono na:<\/p>\n<ul>\n<li>Zainicjowanie i utrzymanie ci\u0105g\u0142o\u015bci wymiany do\u015bwiadcze\u0144 pomi\u0119dzy odpowiedzialnymi szczeblami i wykorzystanie potencja\u0142u wsp\u00f3\u0142pracy. W efekcie umo\u017cliwi to zniwelowanie luk w wiedzy, co mo\u017cna osi\u0105gn\u0105\u0107 tylko poprzez ci\u0105g\u0142\u0105 interakcj\u0119 w zespole.<\/li>\n<li>Prezentacja pozytywnych aspekt\u00f3w po\u0142o\u017cenia przygranicznego i wynikaj\u0105cych z tego faktu korzy\u015bci dla transgranicznej wsp\u00f3\u0142pracy gospodarczej<\/li>\n<li>Zdefiniowaniu konkurencyjnych modeli biznesowych bazuj\u0105cych na optymalnej kombinacji uzupe\u0142niaj\u0105cych si\u0119 unikalnych korzy\u015bci dla poszczeg\u00f3lnych lokalizacji w modelu trzymodalnym dla S\u0142ubic \u2013 Frankfurtu nad Odr\u0105 \u2013 Eisenh\u00fcttenstadt.<\/li>\n<li>Ukszta\u0142towanie wsp\u00f3\u0142pracy w taki spos\u00f3b, aby efektywnie i trwale wspiera\u0142a integratywny rozw\u00f3j regionu.<\/li>\n<\/ul>\n<p>Ci\u0105g\u0142a wsp\u00f3\u0142praca w czasie trwania projektu zaowocowa\u0142a podpisaniem umowy kooperacyjnej pomi\u0119dzy instytucjami wspierania rozwoju gospodarczego ICOB i KSSSE, co spotka\u0142o si\u0119 z \u017cyczliwym przyj\u0119ciem ze strony miast Frankfurtu nad Odr\u0105, S\u0142ubic i Eisenh\u00fcttenstadt.<\/p>\n<p>G\u0142\u00f3wne produkty uzyskane w ramach projektu to:<\/p>\n<ul>\n<li>Wprowadzony w \u017cycie model trwa\u0142ej wsp\u00f3\u0142pracy instytucji promocji gospodarczej.<\/li>\n<li>3 wsp\u00f3lne transgraniczne modele lokowania inwestycji.<\/li>\n<li>3 wprowadzone na rynek transgraniczne oferty.<\/li>\n<li>2 wsp\u00f3lne kampanie promuj\u0105ce transgraniczne oferty.<\/li>\n<\/ul>\n<p><img decoding=\"async\" class=\"thumbnail\" src=\"https:\/\/interregva-bb-pl.eu\/wp-content\/uploads\/2021\/07\/85011348_Website-Karte.png\" alt=\"\" \/><\/p>\n<p>Projekt zosta\u0142 planowo zako\u0144czony 31 sierpnia 2020 r. Jednak zar\u00f3wno nawi\u0105zana wsp\u00f3\u0142praca, jak i nowo nabyta koncepcja tej\u017ce wsp\u00f3\u0142pracy w zakresie rozwoju biznesu, powinny by\u0107 kontynuowane. W lipcu ICOB zapyta\u0142 partner\u00f3w projektu oraz zainteresowanych wsp\u00f3\u0142dzia\u0142aczy o ich ocen\u0119 dotychczasowej kooperacji i oczekiwania dotycz\u0105ce przysz\u0142ej wsp\u00f3\u0142pracy. W ocenie tej skupiono si\u0119 w szczeg\u00f3lno\u015bci na modelach lokowania inwestycji, wsp\u00f3lnym marketingu oraz wp\u0142ywie pandemii koronawirusa na przebieg projektu (<a href=\"https:\/\/cbnetwork.icob.de\/pl\/news\/\">https:\/\/cbnetwork.icob.de\/pl\/news\/<\/a>).<\/p>\n<p>Ze strony partnera projektu Hafenbetriebsgesellschaft Eisenh\u00fcttenstadt wymieniono nast\u0119puj\u0105ce oczekiwania dotycz\u0105ce przysz\u0142ej wsp\u00f3\u0142pracy:<\/p>\n<ul>\n<li>Wzmocnienie praktycznego znaczenia poprzez wi\u0119ksze zaanga\u017cowanie przedsi\u0119biorstw.<\/li>\n<li>Om\u00f3wienie dalszych wynik\u00f3w projektu, w szczeg\u00f3lno\u015bci na podstawie badania inwestor\u00f3w i modelu marketingowego.<\/li>\n<li>Uzgodnienie konkretnych wydarze\u0144, na kt\u00f3rych partnerzy projektu powinni wsp\u00f3lnie wyst\u0105pi\u0107.<\/li>\n<\/ul>\n<p>Wi\u0119cej informacji o projekcie:<\/p>\n<blockquote class=\"wp-embedded-content\" data-secret=\"6MAVDXPtxc\"><p><a href=\"https:\/\/cbnetwork.icob.de\/pl\/\">Wsp\u00f3\u0142praca sieci instytucji wspierania gospodarki w polsko-niemieckim obszarze gospodarczym<\/a><\/p><\/blockquote>\n<p><iframe loading=\"lazy\" class=\"wp-embedded-content\" sandbox=\"allow-scripts\" security=\"restricted\" style=\"position: absolute; clip: rect(1px, 1px, 1px, 1px);\" title=\"&#8222;Wsp\u00f3\u0142praca sieci instytucji wspierania gospodarki w polsko-niemieckim obszarze gospodarczym&#8221; &#8212; Cross Border Network\" src=\"https:\/\/cbnetwork.icob.de\/pl\/embed\/#?secret=88SoKbHPU0#?secret=6MAVDXPtxc\" data-secret=\"6MAVDXPtxc\" width=\"500\" height=\"282\" frameborder=\"0\" marginwidth=\"0\" marginheight=\"0\" scrolling=\"no\"><\/iframe><\/p>\n","protected":false},"excerpt":{"rendered":"<p>Wsp\u00f3\u0142praca sieci instytucji wspierania gospodarki &nbsp; Partnerzy: \u2013 Investor Center Ostbrandenburg GmbH Frankfurt (Oder) (Wschodniobrandenburskie Centrum Inwestycji we Frankfurcie nad Odra sp. z o. o.) (BW) \u2013 Hafenbetriebsgesellschaft Eisenh\u00fcttenstadt mbH (Sp\u00f3\u0142ka Portowa Eisenh\u00fcttenstadt z o.o.) \u2013 Kostrzy\u0144sko-S\u0142ubicka Specjalna Strefa Ekonomiczna \u2013 Polska Izba C\u0142a, Logistyki i Spedycji \u2013 Stiftung Europa-Universit\u00e4t Viadrina Frankfurt (Oder) \/ Fundancja [&hellip;]<\/p>\n","protected":false},"author":140,"featured_media":0,"parent":0,"menu_order":0,"comment_status":"closed","ping_status":"closed","template":"","meta":{"site-sidebar-layout":"default","site-content-layout":"default","ast-site-content-layout":"","site-content-style":"default","site-sidebar-style":"default","ast-global-header-display":"","ast-banner-title-visibility":"","ast-main-header-display":"","ast-hfb-above-header-display":"","ast-hfb-below-header-display":"","ast-hfb-mobile-header-display":"","site-post-title":"","ast-breadcrumbs-content":"","ast-featured-img":"","footer-sml-layout":"","theme-transparent-header-meta":"default","adv-header-id-meta":"","stick-header-meta":"","header-above-stick-meta":"","header-main-stick-meta":"","header-below-stick-meta":"","astra-migrate-meta-layouts":"default","ast-page-background-enabled":"default","ast-page-background-meta":{"desktop":{"background-color":"","background-image":"","background-repeat":"repeat","background-position":"center center","background-size":"auto","background-attachment":"scroll","background-type":"","background-media":"","overlay-type":"","overlay-color":"","overlay-opacity":"","overlay-gradient":""},"tablet":{"background-color":"","background-image":"","background-repeat":"repeat","background-position":"center center","background-size":"auto","background-attachment":"scroll","background-type":"","background-media":"","overlay-type":"","overlay-color":"","overlay-opacity":"","overlay-gradient":""},"mobile":{"background-color":"","background-image":"","background-repeat":"repeat","background-position":"center center","background-size":"auto","background-attachment":"scroll","background-type":"","background-media":"","overlay-type":"","overlay-color":"","overlay-opacity":"","overlay-gradient":""}},"ast-content-background-meta":{"desktop":{"background-color":"var(--ast-global-color-5)","background-image":"","background-repeat":"repeat","background-position":"center center","background-size":"auto","background-attachment":"scroll","background-type":"","background-media":"","overlay-type":"","overlay-color":"","overlay-opacity":"","overlay-gradient":""},"tablet":{"background-color":"var(--ast-global-color-5)","background-image":"","background-repeat":"repeat","background-position":"center center","background-size":"auto","background-attachment":"scroll","background-type":"","background-media":"","overlay-type":"","overlay-color":"","overlay-opacity":"","overlay-gradient":""},"mobile":{"background-color":"var(--ast-global-color-5)","background-image":"","background-repeat":"repeat","background-position":"center center","background-size":"auto","background-attachment":"scroll","background-type":"","background-media":"","overlay-type":"","overlay-color":"","overlay-opacity":"","overlay-gradient":""}},"footnotes":""},"class_list":["post-15218","page","type-page","status-publish","hentry"],"_links":{"self":[{"href":"https:\/\/interregva-bb-pl.eu\/pl\/wp-json\/wp\/v2\/pages\/15218"}],"collection":[{"href":"https:\/\/interregva-bb-pl.eu\/pl\/wp-json\/wp\/v2\/pages"}],"about":[{"href":"https:\/\/interregva-bb-pl.eu\/pl\/wp-json\/wp\/v2\/types\/page"}],"author":[{"embeddable":true,"href":"https:\/\/interregva-bb-pl.eu\/pl\/wp-json\/wp\/v2\/users\/140"}],"replies":[{"embeddable":true,"href":"https:\/\/interregva-bb-pl.eu\/pl\/wp-json\/wp\/v2\/comments?post=15218"}],"version-history":[{"count":1,"href":"https:\/\/interregva-bb-pl.eu\/pl\/wp-json\/wp\/v2\/pages\/15218\/revisions"}],"predecessor-version":[{"id":15219,"href":"https:\/\/interregva-bb-pl.eu\/pl\/wp-json\/wp\/v2\/pages\/15218\/revisions\/15219"}],"wp:attachment":[{"href":"https:\/\/interregva-bb-pl.eu\/pl\/wp-json\/wp\/v2\/media?parent=15218"}],"curies":[{"name":"wp","href":"https:\/\/api.w.org\/{rel}","templated":true}]}}