{"id":15237,"date":"2021-07-27T01:33:25","date_gmt":"2021-07-27T08:33:25","guid":{"rendered":"https:\/\/interregva-bb-pl.eu\/?page_id=15237"},"modified":"2021-07-27T01:46:10","modified_gmt":"2021-07-27T08:46:10","slug":"85012984-projekt-zakonczony","status":"publish","type":"page","link":"https:\/\/interregva-bb-pl.eu\/pl\/85012984-projekt-zakonczony\/","title":{"rendered":"85012984 &#8211; projekt zako\u0144czony"},"content":{"rendered":"<h3 data-wahfont=\"25\">Podniesienie jako\u015bci wsp\u00f3\u0142pracy Miast Partnerskich Zielona G\u00f3ra i Cottbus<\/h3>\n<p>&nbsp;<\/p>\n<p><img decoding=\"async\" class=\"thumbnail\" src=\"https:\/\/interregva-bb-pl.eu\/wp-content\/uploads\/2021\/07\/85012984_WEB_Titelbild.jpg\" alt=\"\" \/><\/p>\n<p data-wahfont=\"15\"><strong>Partnerzy:<\/strong><br \/>\n\u2013 Miasto Zielona G\u00f3ra (BW)<br \/>\n\u2013 Stadt \/ Miasto Cottbus<br \/>\n\u2013 Aeroklub Ziemi Lubuskiej<img loading=\"lazy\" decoding=\"async\" class=\"thumbnail alignright\" src=\"https:\/\/interregva-bb-pl.eu\/wp-content\/uploads\/2021\/07\/85012984_WEB_Bild2.jpg\" alt=\"\" width=\"428\" height=\"285\" \/><\/p>\n<p data-wahfont=\"15\"><strong>Dofinansowanie (EFRR): <\/strong>573.790,33 EUR<\/p>\n<p data-wahfont=\"15\"><strong>Okres realizacji<\/strong>: 01.01.2017 \u2013 31.08.2020<\/p>\n<p data-wahfont=\"15\">Celem projektu by\u0142o wzmocnienie i jako\u015bciowe polepszenie wsp\u00f3\u0142pracy Miast Zielona G\u00f3ra i Cottbus, ich instytucji i obywateli, poprzez rozwijanie projekt\u00f3w na terenie Centrum Spotka\u0144 Polsko-Niemieckich w Zielonej G\u00f3rze-Przylepie, Zielonej G\u00f3ry, Cottbus i okolic. W ramach projektu utworzono i wyposa\u017cono Centrum Koordynacji Wsp\u00f3\u0142pracy Przygranicznej w Zielonej G\u00f3rze oraz Punkt Kontaktowy Centrum Koordynacji Wsp\u00f3\u0142pracy Przygranicznej w Cottbus, zatrudniaj\u0105c obsadzaj\u0105cych je pracownik\u00f3w \u2013 po jednym w Zielonej G\u00f3rze i Cottbus. Ponadto zmodernizowana zosta\u0142\u0105 infrastruktura Centrum Spotka\u0144 Polsko-Niemieckich w Przylepie.<\/p>\n<p><img loading=\"lazy\" decoding=\"async\" class=\"thumbnail alignleft\" src=\"https:\/\/cdn.shortpixel.ai\/client\/q_glossy,ret_img,w_452,h_156\/https:\/\/interregva-bb-pl.eu\/wp-content\/uploads\/2021\/07\/85012984_WEB_Bild6.jpg\" alt=\"\" width=\"452\" height=\"156\" \/>W czasie trwania projektu partnerzy mieli ze sob\u0105 ci\u0105g\u0142y kontakt osobisty, emailowy i telefoniczny. Dzi\u0119ki tym kontaktom zrealizowano za\u0142o\u017cone w projekcie dzia\u0142ania i osi\u0105gni\u0119to, a nawet przekroczono niekt\u00f3re za\u0142o\u017cone wska\u017aniki. Wsp\u00f3\u0142praca miast Zielona G\u00f3ra i Cottbus dzi\u0119ki realizacji projektu zosta\u0142a zintensyfikowana, a liczba mieszka\u0144c\u00f3w ZG i CB bior\u0105cych udzia\u0142 we wsp\u00f3lnych dzia\u0142aniach i spotkaniach znacz\u0105co si\u0119 zwi\u0119kszy\u0142a. W CSPN, Zielonej G\u00f3rze i Cottbus zorganizowano ponad 100 spotka\u0144 polsko-niemieckich, w kt\u00f3rych wzi\u0119\u0142o udzia\u0142 ponad 2500 uczestnik\u00f3w z Polski (2524) i ponad 2500 uczestnik\u00f3w z Niemiec, z blisko 70 organizacji z Zielonej G\u00f3ry, Cottbus i okolic. 1709 uczestnik\u00f3w bra\u0142o udzia\u0142 w spotkaniach organizowanych w Centrum Spotka\u0144 Polsko-Niemieckich.<\/p>\n<p><img loading=\"lazy\" decoding=\"async\" class=\"thumbnail alignright\" src=\"https:\/\/interregva-bb-pl.eu\/wp-content\/uploads\/2021\/07\/85012984_WEB_Bild4.png\" alt=\"\" width=\"449\" height=\"155\" \/>Mimo panuj\u0105cej od marca 2020 r. pandemii i zwi\u0105zanych z ni\u0105 ogranicze\u0144 wska\u017anik \u201ePolscy i niemieccy uczestnicy projekt\u00f3w realizowanych na terenie Centrum Spotka\u0144 Polsko-Niemieckich\u201c, kt\u00f3rego warto\u015b\u0107 docelowa wynosi\u0142a 2000, uda\u0142o si\u0119 osi\u0105gn\u0105\u0107 w 88% (1759 uczestnik\u00f3w). Pozosta\u0142e wska\u017aniki dotycz\u0105ce uczestnik\u00f3w i organizacji zosta\u0142y znacz\u0105co przekroczone, a g\u0142\u00f3wny cel projektu, czyli wzmocnienie wsp\u00f3\u0142pracy Miast Zielona G\u00f3ra i Cottbus, ich instytucji i obywateli zosta\u0142 bez w\u0105tpienia osi\u0105gni\u0119ty. Poza tym zawi\u0105zane w trakcie trwania projektu nowe partnerstwa b\u0119d\u0105 procentowa\u0107 przy dalszej wsp\u00f3\u0142pracy miast.<\/p>\n<div class=\"elementor-column elementor-col-33 elementor-top-column elementor-element elementor-element-2408c12c\" data-id=\"2408c12c\" data-element_type=\"column\">\n<div class=\"elementor-column-wrap elementor-element-populated\">\n<div class=\"elementor-widget-wrap\">\n<div class=\"elementor-element elementor-element-6ef81fc7 elementor-widget elementor-widget-sidebar\" data-id=\"6ef81fc7\" data-element_type=\"widget\" data-widget_type=\"sidebar.default\">\n<div class=\"elementor-widget-container\">\n<aside id=\"media_image-5\" class=\"widget widget_media_image\"><\/aside>\n<aside id=\"zoom-social-icons-widget-2\" class=\"widget zoom-social-icons-widget\">\n<h2 class=\"widget-title\" data-wahfont=\"21\"><\/h2>\n<\/aside>\n<\/div>\n<\/div>\n<\/div>\n<\/div>\n<\/div>\n","protected":false},"excerpt":{"rendered":"<p>Podniesienie jako\u015bci wsp\u00f3\u0142pracy Miast Partnerskich Zielona G\u00f3ra i Cottbus &nbsp; Partnerzy: \u2013 Miasto Zielona G\u00f3ra (BW) \u2013 Stadt \/ Miasto Cottbus \u2013 Aeroklub Ziemi Lubuskiej Dofinansowanie (EFRR): 573.790,33 EUR Okres realizacji: 01.01.2017 \u2013 31.08.2020 Celem projektu by\u0142o wzmocnienie i jako\u015bciowe polepszenie wsp\u00f3\u0142pracy Miast Zielona G\u00f3ra i Cottbus, ich instytucji i obywateli, poprzez rozwijanie projekt\u00f3w na [&hellip;]<\/p>\n","protected":false},"author":140,"featured_media":0,"parent":0,"menu_order":0,"comment_status":"closed","ping_status":"closed","template":"","meta":{"site-sidebar-layout":"default","site-content-layout":"default","ast-site-content-layout":"","site-content-style":"default","site-sidebar-style":"default","ast-global-header-display":"","ast-banner-title-visibility":"","ast-main-header-display":"","ast-hfb-above-header-display":"","ast-hfb-below-header-display":"","ast-hfb-mobile-header-display":"","site-post-title":"","ast-breadcrumbs-content":"","ast-featured-img":"","footer-sml-layout":"","theme-transparent-header-meta":"default","adv-header-id-meta":"","stick-header-meta":"","header-above-stick-meta":"","header-main-stick-meta":"","header-below-stick-meta":"","astra-migrate-meta-layouts":"default","ast-page-background-enabled":"default","ast-page-background-meta":{"desktop":{"background-color":"","background-image":"","background-repeat":"repeat","background-position":"center center","background-size":"auto","background-attachment":"scroll","background-type":"","background-media":"","overlay-type":"","overlay-color":"","overlay-opacity":"","overlay-gradient":""},"tablet":{"background-color":"","background-image":"","background-repeat":"repeat","background-position":"center center","background-size":"auto","background-attachment":"scroll","background-type":"","background-media":"","overlay-type":"","overlay-color":"","overlay-opacity":"","overlay-gradient":""},"mobile":{"background-color":"","background-image":"","background-repeat":"repeat","background-position":"center center","background-size":"auto","background-attachment":"scroll","background-type":"","background-media":"","overlay-type":"","overlay-color":"","overlay-opacity":"","overlay-gradient":""}},"ast-content-background-meta":{"desktop":{"background-color":"var(--ast-global-color-5)","background-image":"","background-repeat":"repeat","background-position":"center center","background-size":"auto","background-attachment":"scroll","background-type":"","background-media":"","overlay-type":"","overlay-color":"","overlay-opacity":"","overlay-gradient":""},"tablet":{"background-color":"var(--ast-global-color-5)","background-image":"","background-repeat":"repeat","background-position":"center center","background-size":"auto","background-attachment":"scroll","background-type":"","background-media":"","overlay-type":"","overlay-color":"","overlay-opacity":"","overlay-gradient":""},"mobile":{"background-color":"var(--ast-global-color-5)","background-image":"","background-repeat":"repeat","background-position":"center center","background-size":"auto","background-attachment":"scroll","background-type":"","background-media":"","overlay-type":"","overlay-color":"","overlay-opacity":"","overlay-gradient":""}},"footnotes":""},"class_list":["post-15237","page","type-page","status-publish","hentry"],"_links":{"self":[{"href":"https:\/\/interregva-bb-pl.eu\/pl\/wp-json\/wp\/v2\/pages\/15237"}],"collection":[{"href":"https:\/\/interregva-bb-pl.eu\/pl\/wp-json\/wp\/v2\/pages"}],"about":[{"href":"https:\/\/interregva-bb-pl.eu\/pl\/wp-json\/wp\/v2\/types\/page"}],"author":[{"embeddable":true,"href":"https:\/\/interregva-bb-pl.eu\/pl\/wp-json\/wp\/v2\/users\/140"}],"replies":[{"embeddable":true,"href":"https:\/\/interregva-bb-pl.eu\/pl\/wp-json\/wp\/v2\/comments?post=15237"}],"version-history":[{"count":7,"href":"https:\/\/interregva-bb-pl.eu\/pl\/wp-json\/wp\/v2\/pages\/15237\/revisions"}],"predecessor-version":[{"id":15245,"href":"https:\/\/interregva-bb-pl.eu\/pl\/wp-json\/wp\/v2\/pages\/15237\/revisions\/15245"}],"wp:attachment":[{"href":"https:\/\/interregva-bb-pl.eu\/pl\/wp-json\/wp\/v2\/media?parent=15237"}],"curies":[{"name":"wp","href":"https:\/\/api.w.org\/{rel}","templated":true}]}}