{"id":15249,"date":"2021-07-27T02:48:47","date_gmt":"2021-07-27T09:48:47","guid":{"rendered":"https:\/\/interregva-bb-pl.eu\/?page_id=15249"},"modified":"2021-10-22T05:22:30","modified_gmt":"2021-10-22T12:22:30","slug":"85012989-projekt-zakonczony","status":"publish","type":"page","link":"https:\/\/interregva-bb-pl.eu\/pl\/85012989-projekt-zakonczony\/","title":{"rendered":"85012989 &#8211; projekt zako\u0144czony"},"content":{"rendered":"<p data-wahfont=\"15\"><img decoding=\"async\" class=\"thumbnail\" src=\"https:\/\/interregva-bb-pl.eu\/wp-content\/uploads\/2021\/07\/85012989_WEB_Titelbild-scaled.jpg\" alt=\"\" \/><\/p>\n<p data-wahfont=\"15\"><strong>Partnerzy:<\/strong><br \/>\n\u2013 Euroregion Pro-Europa-Viadrina (BW)<br \/>\n\u2013 Euroregion Sprewa-Nysa-B\u00f3br<\/p>\n<p data-wahfont=\"15\"><strong>Okres realizacji: <\/strong>01.03.2017 \u2013 31.07.2020<\/p>\n<p data-wahfont=\"15\"><strong>Dofinansowanie (EFRR): <\/strong>970.613,66 EUR<\/p>\n<p>Wraz z projektem DIALOG po raz pierwszy po\u0142\u0105czono partnerstwo projektowe obu Euroregion\u00f3w &#8211; PRO EUROPA VIADRINA i Sprewa-Nysa-B\u00f3br &#8211; na obszarze wsparcia, aby wsp\u00f3lnie stawi\u0107 czo\u0142a aktualnym wyzwaniom wsp\u00f3\u0142pracy transgranicznej na polsko-niemieckim pograniczu.<\/p>\n<p>Projekt by\u0142 kompleksowym przedsi\u0119wzi\u0119ciem sk\u0142adaj\u0105cym si\u0119 z kilku uzupe\u0142niaj\u0105cych si\u0119 i wzajemnie wzmacniaj\u0105cych si\u0119 dzia\u0142a\u0144. Projekt opiera\u0142 si\u0119 na trzech g\u0142\u00f3wnych filarach: 1. Komunikacji BEZ GRANIC, 2. Dzia\u0142ania BEZ GRANIC i 3. Promocji BEZ GRANIC.<\/p>\n<p>Projekt s\u0142u\u017cy\u0142 zintensyfikowaniu i podniesieniu jako\u015bci transgranicznego DIALOGU pomi\u0119dzy instytucjami i organizacjami wsp\u00f3\u0142pracy polsko-niemieckiej na obszarze pogranicza Brandenburgia-Lubuskie oraz umo\u017cliwieniu, uwra\u017cliwieniu i dalszemu kszta\u0142ceniu niemieckich i polskich os\u00f3b, kt\u00f3re w swoich instytucjach na co dzie\u0144 zajmuj\u0105 si\u0119 wsp\u00f3\u0142prac\u0105 transgraniczn\u0105 i zagadnieniami z tym zwi\u0105zanymi. Celem projektu by\u0142 m.in. systematycznie zaplanowany transfer informacji i wiedzy w DIALOGu pomi\u0119dzy instytucjami i mieszka\u0144cami dla ca\u0142ego obszaru finansowania w okresie od 03\/2017 do 07\/2020.<\/p>\n<p><img decoding=\"async\" class=\"thumbnail\" src=\"https:\/\/interregva-bb-pl.eu\/wp-content\/uploads\/2021\/07\/85012989_WEB_Bild3-scaled.jpg\" alt=\"\" \/><\/p>\n<p>Grup\u0119 docelow\u0105 projektu stanowili multiplikatorzy w instytucjach aktywnych transgranicznie, w tym w administracji publicznej, szko\u0142ach, instytucjach opieki zdrowotnej, organizacjach pozarz\u0105dowych i innych organizacjach non-profit. Dzi\u0119ki temu 143 instytucje mog\u0142y aktywnie uczestniczy\u0107 w projekcie w 131 konferencjach, warsztatach, szkoleniach, seminariach, spotkaniach grup roboczych i wyjazdach studyjnych oraz w 22 kursach j\u0119zykowych.<\/p>\n<p>Szereg imprez (por. wska\u017aniki projektu 3 i 4) przyczyni\u0142 si\u0119 do poprawy wsp\u00f3\u0142pracy instytucjonalnej (DIALOG pomi\u0119dzy aktorami przy analizie i rozwi\u0105zywaniu konkretnych problem\u00f3w transgranicznych, pokonywanie barier mentalnych, przekazywanie kompetencji interkulturowych, zwi\u0119kszanie znajomo\u015bci odpowiedniego j\u0119zyka s\u0105siedniego, pog\u0142\u0119bianie znajomo\u015bci struktur administracyjnych, u\u0142atwianie kontakt\u00f3w transgranicznych przez instytucje publiczne i organizacje pozarz\u0105dowe) oraz podniesienia \u015bwiadomo\u015bci i wiedzy na temat obszaru wsparcia.<\/p>\n<p>Projekt umo\u017cliwi\u0142 transgraniczn\u0105 dyskusj\u0119 w temat\u00f3w fachowych &#8220;edukacja&#8221; i &#8220;zdrowie&#8221;, kt\u00f3rej celem by\u0142o przeanalizowanie i zdefiniowanie problem\u00f3w istotnych dla poszczeg\u00f3lnych obszar\u00f3w pogranicza Brandenburgii i Lubuskiego. Niemieccy i polscy eksperci spotykali si\u0119 w odpowiednich specjalistycznych grupach roboczych oraz na licznych warsztatach specjalistycznych.<\/p>\n<p><img decoding=\"async\" class=\"thumbnail\" src=\"https:\/\/interregva-bb-pl.eu\/wp-content\/uploads\/2021\/07\/85012989_WEB_Bild1-scaled.jpg\" alt=\"\" \/><\/p>\n<p>Tematyczne wyjazdy studyjne do innych europejskich region\u00f3w granicznych, kt\u00f3re odby\u0142y si\u0119 dla niemieckich i polskich ekspert\u00f3w, r\u00f3wnie\u017c dostarczy\u0142y wa\u017cnych spostrze\u017ce\u0144: inne perspektywy transgranicznej opieki zdrowotnej mo\u017cna by\u0142o pozna\u0107 na granicy niemiecko-francuskiej w regionie G\u00f3rnego Renu oraz transgraniczne podej\u015bcia do dzia\u0142a\u0144 w zakresie edukacji na granicy polsko-czeskiej w Euroregionie \u015al\u0105sk Cieszy\u0144ski i Euroregionie Silesia. Nie mniej pouczaj\u0105ca by\u0142a podr\u00f3\u017c studyjna do s\u0105siedniego polsko-niemieckiego Euroregionu POMERANIA z jego dobrymi praktykami w zakresie edukacji transgranicznej.<\/p>\n<p>W obszarze tematycznym &#8220;Edukacja&#8221; polscy i niemieccy eksperci wymienili si\u0119 do\u015bwiadczeniami, przeprowadzono dog\u0142\u0119bne analizy i dyskusje, kt\u00f3re pos\u0142u\u017cy\u0142y do okre\u015blenia kierunk\u00f3w dzia\u0142ania. W tym kontek\u015bcie okre\u015blono status quo, skonkretyzowano za\u0142o\u017cenia dzia\u0142ania i wyci\u0105gni\u0119to wnioski dotycz\u0105ce strukturalnej i merytorycznej wsp\u00f3\u0142pracy dla ca\u0142ego obszaru projektu i samych partner\u00f3w projektu. Wszystko to wp\u0142yn\u0119\u0142o do \u201e<em>Analizy obszaru tematycznego edukacja \/ uczenie si\u0119 przez ca\u0142e \u017cycie w kontek\u015bcie polsko-niemieckim w celu wypracowania transgranicznych za\u0142o\u017ce\u0144 do studium przypadku Euroregionu PRO EUROPA VIADRINA<\/em>&#8220;, kt\u00f3ra zosta\u0142a opracowana wsp\u00f3lnie z Uniwersytetem Europejskim Viadrina.<\/p>\n<p>Obszarowi tematycznemu &#8220;Zdrowie&#8221; towarzyszy\u0142a zainicjowana w ramach projektu Grupa Robocza Zdrowie. Celem by\u0142o zgromadzenie profesjonalnych aktor\u00f3w z sektora zdrowia w celu DIALOGu na temat pilnych kwestii wsp\u00f3\u0142pracy i om\u00f3wienia odpowiednich obszar\u00f3w dzia\u0142ania i problem\u00f3w do wsp\u00f3lnej debaty (np. wsp\u00f3\u0142praca mi\u0119dzy szpitalami, opieka ambulatoryjna i szpitalna, wsp\u00f3\u0142praca mi\u0119dzy s\u0142u\u017cbami ratowniczymi, opieka w nag\u0142ych wypadkach, itp. W ten spos\u00f3b powsta\u0142a analiza <em>&#8220;Potencja\u0142y i przeszkody dla wsp\u00f3\u0142pracy transgranicznej w zakresie s\u0142u\u017cby zdrowia na przyk\u0142adzie Euroregionu Sprewa-Nysa-B\u00f3br<\/em> &#8220;, kt\u00f3ra zosta\u0142a przeprowadzona we wsp\u00f3\u0142pracy z Polsko-Niemieckim Stowarzyszeniem Zdrowia i Spraw Socjalnych.<\/p>\n<p><img decoding=\"async\" class=\"thumbnail\" src=\"https:\/\/interregva-bb-pl.eu\/wp-content\/uploads\/2021\/07\/85012989_WEB_Bild8-scaled.jpg\" alt=\"\" \/><\/p>\n<p>Wyniki obu analiz udokumentowane zosta\u0142y w nast\u0119puj\u0105cych opracowaniach\/ publikacjach, kt\u00f3re s\u0105 dost\u0119pne w wersji papierowej b\u0105d\u017a cyfrowej i stanowi\u0105 punkt wyj\u015bcia oraz wa\u017cne impulsy dla kontynuacyjnego projektu DIALOG 2.0:<\/p>\n<ul>\n<li>Koncepcja Edukacyjna VIADRINA 21+. Uczenie si\u0119 przez ca\u0142e \u017cycie w Euroregionie PRO EUROPA VIADRINA. Analiza obszaru tematycznego edukacja \/ uczenie si\u0119 przez ca\u0142e \u017cycie w kontek\u015bcie polsko-niemieckim w celu wypracowania transgranicznych za\u0142o\u017ce\u0144 do studium przypadku Euroregionu PRO EUROPA VIADRINA<\/li>\n<li>Muzea w Euroregionie PRO EUROPA VIADRNA. Przestrze\u0144 dla transgranicznego uczenia si\u0119 przez ca\u0142e \u017cycie.<\/li>\n<li>Opis sytuacji na temat: &#8220;Potencja\u0142y i przeszkody dla transgranicznej wsp\u00f3\u0142pracy w dziedzinie s\u0142u\u017cby zdrowia w przestrzeni programowej INTERREG VA Brandenburgia-Lubuskie na przyk\u0142adzie Euroregionu Sprewa-Nysa-B\u00f3br\u201d.<\/li>\n<\/ul>\n<p>W ramach projektu powsta\u0142a r\u00f3wnie\u017c broszura informacyjna &#8221; Podzia\u0142 administracyjny w Polsce i w Niemczech, struktura i praca organ\u00f3w bezpiecze\u0144stwa i porz\u0105dku publicznego w regionie przygranicznym&#8221; jako praktyczny informator do codziennej pracy transgranicznej w administracji i wolontariacie na temat struktur administracyjnych w Polsce i w Niemczech oraz przedstawienie pracy organ\u00f3w bezpiecze\u0144stwa w regionie przygranicznym.<\/p>\n<p>W ramach wsp\u00f3lnej promocji projektu powsta\u0142y liczne upublicznienia poszczeg\u00f3lnych aspekt\u00f3w projektu oraz informacji o projekcie na stronie internetowej partner\u00f3w projektu, tak\u017ce pod hashtagiem #DIALOG 2020, w mediach spo\u0142eczno\u015bciowych Facebook i Instagram oraz w notatkach prasowych, mediach lokalnych, w prasie, radiu i telewizji. Ponadto tematyka unijna i transgraniczna zosta\u0142a przybli\u017cona uczniom w formie wizyt w szko\u0142ach. Dope\u0142nieniem by\u0142o stworzenie r\u00f3\u017cnych produkt\u00f3w promocyjnych i ich dystrybucja podczas r\u00f3\u017cnych format\u00f3w imprez i podr\u00f3\u017cy studyjnych. Projekt zosta\u0142 z powodzeniem zaprezentowany na 40 eventach podmiot\u00f3w trzecich.<\/p>\n","protected":false},"excerpt":{"rendered":"<p>Partnerzy: \u2013 Euroregion Pro-Europa-Viadrina (BW) \u2013 Euroregion Sprewa-Nysa-B\u00f3br Okres realizacji: 01.03.2017 \u2013 31.07.2020 Dofinansowanie (EFRR): 970.613,66 EUR Wraz z projektem DIALOG po raz pierwszy po\u0142\u0105czono partnerstwo projektowe obu Euroregion\u00f3w &#8211; PRO EUROPA VIADRINA i Sprewa-Nysa-B\u00f3br &#8211; na obszarze wsparcia, aby wsp\u00f3lnie stawi\u0107 czo\u0142a aktualnym wyzwaniom wsp\u00f3\u0142pracy transgranicznej na polsko-niemieckim pograniczu. Projekt by\u0142 kompleksowym przedsi\u0119wzi\u0119ciem sk\u0142adaj\u0105cym [&hellip;]<\/p>\n","protected":false},"author":140,"featured_media":0,"parent":0,"menu_order":0,"comment_status":"closed","ping_status":"closed","template":"","meta":{"site-sidebar-layout":"default","site-content-layout":"default","ast-site-content-layout":"","site-content-style":"default","site-sidebar-style":"default","ast-global-header-display":"","ast-banner-title-visibility":"","ast-main-header-display":"","ast-hfb-above-header-display":"","ast-hfb-below-header-display":"","ast-hfb-mobile-header-display":"","site-post-title":"","ast-breadcrumbs-content":"","ast-featured-img":"","footer-sml-layout":"","theme-transparent-header-meta":"default","adv-header-id-meta":"","stick-header-meta":"","header-above-stick-meta":"","header-main-stick-meta":"","header-below-stick-meta":"","astra-migrate-meta-layouts":"default","ast-page-background-enabled":"default","ast-page-background-meta":{"desktop":{"background-color":"","background-image":"","background-repeat":"repeat","background-position":"center center","background-size":"auto","background-attachment":"scroll","background-type":"","background-media":"","overlay-type":"","overlay-color":"","overlay-opacity":"","overlay-gradient":""},"tablet":{"background-color":"","background-image":"","background-repeat":"repeat","background-position":"center center","background-size":"auto","background-attachment":"scroll","background-type":"","background-media":"","overlay-type":"","overlay-color":"","overlay-opacity":"","overlay-gradient":""},"mobile":{"background-color":"","background-image":"","background-repeat":"repeat","background-position":"center center","background-size":"auto","background-attachment":"scroll","background-type":"","background-media":"","overlay-type":"","overlay-color":"","overlay-opacity":"","overlay-gradient":""}},"ast-content-background-meta":{"desktop":{"background-color":"var(--ast-global-color-5)","background-image":"","background-repeat":"repeat","background-position":"center center","background-size":"auto","background-attachment":"scroll","background-type":"","background-media":"","overlay-type":"","overlay-color":"","overlay-opacity":"","overlay-gradient":""},"tablet":{"background-color":"var(--ast-global-color-5)","background-image":"","background-repeat":"repeat","background-position":"center center","background-size":"auto","background-attachment":"scroll","background-type":"","background-media":"","overlay-type":"","overlay-color":"","overlay-opacity":"","overlay-gradient":""},"mobile":{"background-color":"var(--ast-global-color-5)","background-image":"","background-repeat":"repeat","background-position":"center center","background-size":"auto","background-attachment":"scroll","background-type":"","background-media":"","overlay-type":"","overlay-color":"","overlay-opacity":"","overlay-gradient":""}},"footnotes":""},"class_list":["post-15249","page","type-page","status-publish","hentry"],"_links":{"self":[{"href":"https:\/\/interregva-bb-pl.eu\/pl\/wp-json\/wp\/v2\/pages\/15249"}],"collection":[{"href":"https:\/\/interregva-bb-pl.eu\/pl\/wp-json\/wp\/v2\/pages"}],"about":[{"href":"https:\/\/interregva-bb-pl.eu\/pl\/wp-json\/wp\/v2\/types\/page"}],"author":[{"embeddable":true,"href":"https:\/\/interregva-bb-pl.eu\/pl\/wp-json\/wp\/v2\/users\/140"}],"replies":[{"embeddable":true,"href":"https:\/\/interregva-bb-pl.eu\/pl\/wp-json\/wp\/v2\/comments?post=15249"}],"version-history":[{"count":4,"href":"https:\/\/interregva-bb-pl.eu\/pl\/wp-json\/wp\/v2\/pages\/15249\/revisions"}],"predecessor-version":[{"id":15673,"href":"https:\/\/interregva-bb-pl.eu\/pl\/wp-json\/wp\/v2\/pages\/15249\/revisions\/15673"}],"wp:attachment":[{"href":"https:\/\/interregva-bb-pl.eu\/pl\/wp-json\/wp\/v2\/media?parent=15249"}],"curies":[{"name":"wp","href":"https:\/\/api.w.org\/{rel}","templated":true}]}}