{"id":15266,"date":"2021-07-27T04:56:48","date_gmt":"2021-07-27T11:56:48","guid":{"rendered":"https:\/\/interregva-bb-pl.eu\/?page_id=15266"},"modified":"2021-07-27T04:58:12","modified_gmt":"2021-07-27T11:58:12","slug":"85011076-projekt-zakonczony","status":"publish","type":"page","link":"https:\/\/interregva-bb-pl.eu\/pl\/85011076-projekt-zakonczony\/","title":{"rendered":"85011076 &#8211; projekt zako\u0144czony"},"content":{"rendered":"<h3 data-wahfont=\"25\"><strong>Europejskie modelowe miasto wsp\u00f3\u0142pracy transgranicznej Frankfurt nad Odr\u0105 i S\u0142ubice<\/strong><\/h3>\n<p>&nbsp;<\/p>\n<p><img decoding=\"async\" class=\"thumbnail\" src=\"https:\/\/interregva-bb-pl.eu\/wp-content\/uploads\/2021\/07\/85011076_WEB_Titebild.png\" alt=\"\" \/><\/p>\n<p data-wahfont=\"15\"><strong>Pa<\/strong><strong>rtnerzy:<\/strong><br \/>\n\u2013 Stadt \/ Miasto Frankfurt n. Odr\u0105 (BW)<br \/>\n\u2013 Gmina S\u0142ubice<br \/>\n\u2013 Europa-Universit\u00e4t Viadrina \/ Uniwersytet\u00a0 Europejski Viadrina<\/p>\n<p data-wahfont=\"15\"><strong>Dofinansowanie (EFRR):<\/strong> 911.783,33 EUR<\/p>\n<p data-wahfont=\"15\"><strong>Okres realizacji: <\/strong>01.04.2017 \u2013 31.12.2019<\/p>\n<p><img decoding=\"async\" class=\"thumbnail alignright\" src=\"https:\/\/interregva-bb-pl.eu\/wp-content\/uploads\/2021\/07\/85011076_WEB_Bild5.png\" alt=\"\" \/>Cele merytoryczne projektu zosta\u0142y w pe\u0142ni osi\u0105gni\u0119te: Zacie\u015bnienie wsp\u00f3\u0142pracy pomi\u0119dzy urz\u0119dami i odpowiednimi instytucjami w obszarach priorytetowych kszta\u0142cenie, kultura, turystyka i sport oraz wi\u0119ksza integracja mieszka\u0144c\u00f3w przez stworzenie b\u0105d\u017a dalszy rozw\u00f3j wsp\u00f3lnych struktur oraz wdro\u017cenie projekt\u00f3w pilota\u017cowych. S\u0142ubicko-Frankfurcki Plan Dzia\u0142ania 2020-2030 zosta\u0142 opracowany w trakcie realizacji projektu i w dw\u00f3ch etapach przyj\u0119ty przez obie Rady Miejskie (wizje i cele w dniu 09.05.19 a dzia\u0142ania w dniu 12.12.19).<\/p>\n<p><img loading=\"lazy\" decoding=\"async\" class=\"thumbnail alignleft\" src=\"https:\/\/interregva-bb-pl.eu\/wp-content\/uploads\/2021\/07\/85011076_WEB_Bild6.png\" alt=\"\" width=\"364\" height=\"241\" \/>Realizacji dw\u00f3ch wydarze\u0144 &#8220;Playground Europe&#8221; na Festiwalu Pol&#8217;and&#8217;Rock w Kostrzynie w sierpniu 2018 i 2019 roku przebieg\u0142a bardzo dobrze. Interaktywne warsztaty i oferty zosta\u0142y dobrze przyj\u0119te przez zainteresowan\u0105 publiczno\u015b\u0107, a w trakcie warsztat\u00f3w rozmawiano o r\u00f3\u017cnorodnych ofertach w Dwumie\u015bcie Frankfurt nad Odr\u0105 &#8211; S\u0142ubice &#8211; tak wi\u0119c koncepcja, kt\u00f3r\u0105 opracowali\u015bmy z wyprzedzeniem, sprawdzi\u0142a si\u0119. Udzia\u0142 Uniwersytetu Europejskiego Viadrina we wsp\u00f3lnym projekcie Playground Europe mia\u0142 trwa\u0142y pozytywny wp\u0142yw na wizerunek uniwersytetu jako m\u0142odej, nowoczesnej i atrakcyjnej uczelni we wschodnich Niemczech w\u015br\u00f3d jednej z g\u0142\u00f3wnych grup docelowych &#8211; przysz\u0142ych student\u00f3w z Polski i Europy Wschodniej. Ponadto uniwersytet m\u00f3g\u0142 trwale wzmocni\u0107 ju\u017c istniej\u0105ce kontakty z podmiotami w Dwumie\u015bcie Frankfurt nad Odr\u0105 &#8211; S\u0142ubice czy w regionie (np. z partnerem wiod\u0105cym, miastem Frankfurt nad Odr\u0105 czy te\u017c S\u0142ubicko-Frankfurckim Centrum Kooperacji) oraz nawi\u0105za\u0107 nowe kontakty (np. z grup\u0105 studenck\u0105 M\u0142ody Ruch Europejski).<\/p>\n<p><img loading=\"lazy\" decoding=\"async\" class=\"thumbnail alignright\" src=\"https:\/\/interregva-bb-pl.eu\/wp-content\/uploads\/2021\/07\/85011076_WEB_Bild9.png\" alt=\"\" width=\"373\" height=\"517\" \/>Kszta\u0142cenie: Wsp\u00f3lne gremia jak Grupa Steruj\u0105ca oraz Rada ds. Kszta\u0142cenia zosta\u0142y wdro\u017cone i b\u0119d\u0105 trwa\u0107 tak\u017ce po zako\u0144czeniu projektu. Trzecie S\u0142ubicko-Frankfurckie Forum Kszta\u0142cenia wykaza\u0142o w roku 2019 wi\u0119cej uczestnik\u00f3w ni\u017c w latach poprzednich i b\u0119dzie r\u00f3wnie\u017c raz w roku kontynuowane. Po pierwszym S\u0142ubicko-Frankfurckim Raporcie Kszta\u0142cenia w 2018 roku opublikowali\u015bmy w roku 2019 broszurk\u0119 o dwuj\u0119zyczno\u015bci w Dwumie\u015bcie. W S\u0142ubicko-Frankfurckim Planie Dzia\u0142ania 2020-2030 obszar kszta\u0142cenia jest, pod wzgl\u0119dem ilo\u015bci dzia\u0142a\u0144, g\u0142\u00f3wnym priorytetem.<\/p>\n<p>Kultura: Brandenburskiej Orkiestrze Pa\u0144stwowej uda\u0142o si\u0119, dzi\u0119ki projektowi pilota\u017cowemu Musical, znacznie rozbudowa\u0107 i utrwali\u0107 kontakty z polskimi szko\u0142ami. Stanowisko pracy, kt\u00f3re powsta\u0142o w ramach projektu, zostanie na sta\u0142e. Zaci\u015bni\u0119ta wsp\u00f3\u0142praca mi\u0119dzy obydwoma urz\u0119dami, Sp\u00f3\u0142k\u0105 ds. Targ\u00f3w i Wydarze\u0144 (MuV) i S\u0142ubickim O\u015brodkiem Kultury SMOK zaowocowa\u0142a m.in. postanowieniem o wsp\u00f3lnej kandydaturze na Europejsk\u0105 Stolic\u0119 Kultury 2029.<\/p>\n<p><img decoding=\"async\" class=\"thumbnail alignleft\" src=\"https:\/\/interregva-bb-pl.eu\/wp-content\/uploads\/2021\/07\/85011076_WEB_Bild3.png\" alt=\"\" \/>Turystyka: Mieszka\u0144cy z obu stron bardzo pozytywnie przyj\u0119li projekty pilota\u017cowe \u201eDo\u015bwiadczy\u0107 Dwumiasta\u201c \u2013 pieszo, rowerem i statkiem. Oferty te b\u0119d\u0105 w Polsko-Niemieckiej Informacji Turystycznej Dwumiasta sta\u0142ymi ofertami dla turyst\u00f3w.<\/p>\n<p>Sport: \u201eBieg bez granic\u201c jest przyj\u0119ty jako polsko-niemiecki event. Poza tym wypr\u00f3bowali\u015bmy kilka mniejszych format\u00f3w. Grupa robocza ds. sportu b\u0119dzie kontynuowana.<\/p>\n<p><img loading=\"lazy\" decoding=\"async\" class=\"thumbnail alignright\" src=\"https:\/\/interregva-bb-pl.eu\/wp-content\/uploads\/2021\/07\/85011076_WEB_Bild2.png\" alt=\"\" width=\"372\" height=\"193\" \/>Kampania \u201eUlubione miejsca Dwumiasta\u201c odbi\u0142a si\u0119 w mediach spo\u0142eczno\u015bciowych i drukowanych oraz w spo\u0142ecze\u0144stwie bardzo pozytywnym echem. G\u0142\u00f3wne produkty promocyjne, czyli film wizerunkowy\u00a0 (100 sekundowy b\u0105d\u017a 30 sekund w wersji skr\u00f3conej) z ponad 20.000 wy\u015bwietleniami w ci\u0105gu pierwszego tygodnia oraz broszurka pt. \u201eUlubione miejsca Dwumiasta\u201d (3000 egz.) s\u0105 trwa\u0142ymi rezultatami, kt\u00f3rych efekty si\u0119gaj\u0105 daleko poza Dwumiasto i region przygraniczny.<\/p>\n<p>Dzi\u0119ki projektowi, 100 pracownik\u00f3w z obu urz\u0119d\u00f3w nauczy\u0142o si\u0119 podstaw j\u0119zyka s\u0105siada lub polepszy\u0142o swoje umiej\u0119tno\u015bci j\u0119zyka angielskiego, co bardziej przygotowa\u0142o ich do wsp\u00f3\u0142pracy.<\/p>\n<p><img decoding=\"async\" class=\"thumbnail alignleft\" src=\"https:\/\/interregva-bb-pl.eu\/wp-content\/uploads\/2021\/07\/85011076_WEB_Bild4.png\" alt=\"\" \/>W ramach projektu nowo stworzone stanowiska \u201eZarz\u0105dzanie projektami\u201c oraz \u201ePromocja\/ sprawozdawczo\u015b\u0107\u201c b\u0119d\u0105 kontynuowane w wi\u0119kszym wymiarze godzin po zako\u0144czeniu projektu.<\/p>\n","protected":false},"excerpt":{"rendered":"<p>Europejskie modelowe miasto wsp\u00f3\u0142pracy transgranicznej Frankfurt nad Odr\u0105 i S\u0142ubice &nbsp; Partnerzy: \u2013 Stadt \/ Miasto Frankfurt n. Odr\u0105 (BW) \u2013 Gmina S\u0142ubice \u2013 Europa-Universit\u00e4t Viadrina \/ Uniwersytet\u00a0 Europejski Viadrina Dofinansowanie (EFRR): 911.783,33 EUR Okres realizacji: 01.04.2017 \u2013 31.12.2019 Cele merytoryczne projektu zosta\u0142y w pe\u0142ni osi\u0105gni\u0119te: Zacie\u015bnienie wsp\u00f3\u0142pracy pomi\u0119dzy urz\u0119dami i odpowiednimi instytucjami w obszarach [&hellip;]<\/p>\n","protected":false},"author":140,"featured_media":0,"parent":0,"menu_order":0,"comment_status":"closed","ping_status":"closed","template":"","meta":{"site-sidebar-layout":"default","site-content-layout":"default","ast-site-content-layout":"","site-content-style":"default","site-sidebar-style":"default","ast-global-header-display":"","ast-banner-title-visibility":"","ast-main-header-display":"","ast-hfb-above-header-display":"","ast-hfb-below-header-display":"","ast-hfb-mobile-header-display":"","site-post-title":"","ast-breadcrumbs-content":"","ast-featured-img":"","footer-sml-layout":"","theme-transparent-header-meta":"default","adv-header-id-meta":"","stick-header-meta":"","header-above-stick-meta":"","header-main-stick-meta":"","header-below-stick-meta":"","astra-migrate-meta-layouts":"default","ast-page-background-enabled":"default","ast-page-background-meta":{"desktop":{"background-color":"","background-image":"","background-repeat":"repeat","background-position":"center center","background-size":"auto","background-attachment":"scroll","background-type":"","background-media":"","overlay-type":"","overlay-color":"","overlay-opacity":"","overlay-gradient":""},"tablet":{"background-color":"","background-image":"","background-repeat":"repeat","background-position":"center center","background-size":"auto","background-attachment":"scroll","background-type":"","background-media":"","overlay-type":"","overlay-color":"","overlay-opacity":"","overlay-gradient":""},"mobile":{"background-color":"","background-image":"","background-repeat":"repeat","background-position":"center center","background-size":"auto","background-attachment":"scroll","background-type":"","background-media":"","overlay-type":"","overlay-color":"","overlay-opacity":"","overlay-gradient":""}},"ast-content-background-meta":{"desktop":{"background-color":"var(--ast-global-color-5)","background-image":"","background-repeat":"repeat","background-position":"center center","background-size":"auto","background-attachment":"scroll","background-type":"","background-media":"","overlay-type":"","overlay-color":"","overlay-opacity":"","overlay-gradient":""},"tablet":{"background-color":"var(--ast-global-color-5)","background-image":"","background-repeat":"repeat","background-position":"center center","background-size":"auto","background-attachment":"scroll","background-type":"","background-media":"","overlay-type":"","overlay-color":"","overlay-opacity":"","overlay-gradient":""},"mobile":{"background-color":"var(--ast-global-color-5)","background-image":"","background-repeat":"repeat","background-position":"center center","background-size":"auto","background-attachment":"scroll","background-type":"","background-media":"","overlay-type":"","overlay-color":"","overlay-opacity":"","overlay-gradient":""}},"footnotes":""},"class_list":["post-15266","page","type-page","status-publish","hentry"],"_links":{"self":[{"href":"https:\/\/interregva-bb-pl.eu\/pl\/wp-json\/wp\/v2\/pages\/15266"}],"collection":[{"href":"https:\/\/interregva-bb-pl.eu\/pl\/wp-json\/wp\/v2\/pages"}],"about":[{"href":"https:\/\/interregva-bb-pl.eu\/pl\/wp-json\/wp\/v2\/types\/page"}],"author":[{"embeddable":true,"href":"https:\/\/interregva-bb-pl.eu\/pl\/wp-json\/wp\/v2\/users\/140"}],"replies":[{"embeddable":true,"href":"https:\/\/interregva-bb-pl.eu\/pl\/wp-json\/wp\/v2\/comments?post=15266"}],"version-history":[{"count":2,"href":"https:\/\/interregva-bb-pl.eu\/pl\/wp-json\/wp\/v2\/pages\/15266\/revisions"}],"predecessor-version":[{"id":15284,"href":"https:\/\/interregva-bb-pl.eu\/pl\/wp-json\/wp\/v2\/pages\/15266\/revisions\/15284"}],"wp:attachment":[{"href":"https:\/\/interregva-bb-pl.eu\/pl\/wp-json\/wp\/v2\/media?parent=15266"}],"curies":[{"name":"wp","href":"https:\/\/api.w.org\/{rel}","templated":true}]}}