{"id":15297,"date":"2021-07-27T06:28:00","date_gmt":"2021-07-27T13:28:00","guid":{"rendered":"https:\/\/interregva-bb-pl.eu\/?page_id=15297"},"modified":"2021-07-27T06:32:34","modified_gmt":"2021-07-27T13:32:34","slug":"85011841-projekt-zakonczony","status":"publish","type":"page","link":"https:\/\/interregva-bb-pl.eu\/pl\/85011841-projekt-zakonczony\/","title":{"rendered":"85011841 &#8211; projekt zako\u0144czony"},"content":{"rendered":"<h3 data-wahfont=\"25\">Poprawa transgranicznej sytuacji komunikacyjnej Euromiasta Gubin \u2013 Guben<\/h3>\n<p>&nbsp;<\/p>\n<p><img decoding=\"async\" class=\"thumbnail\" src=\"https:\/\/interregva-bb-pl.eu\/wp-content\/uploads\/2021\/07\/85011841_WEB_Titelbild.jpg\" alt=\"\" \/><\/p>\n<p data-wahfont=\"15\"><strong>Partnerzy:<\/strong><br \/>\n\u2013 Powiat Kro\u015bnie\u0144ski (BW)<br \/>\n\u2013 Wojew\u00f3dztwo Lubuskie (ZDW)<br \/>\n\u2013 Stadt \/ Miasto Guben<br \/>\n\u2013 Gmina Gubin<\/p>\n<p data-wahfont=\"15\"><strong>Okres realizacji<\/strong>: 1.04.2017- 31.08.2020<\/p>\n<p data-wahfont=\"15\"><strong>Dofinansowanie (EFRR):<\/strong> 4.800.761,22 EUR<\/p>\n<p><img loading=\"lazy\" decoding=\"async\" class=\"thumbnail alignright\" src=\"https:\/\/interregva-bb-pl.eu\/wp-content\/uploads\/2021\/07\/85011841_WEB_Bild3.jpg\" alt=\"\" width=\"435\" height=\"326\" \/><\/p>\n<p>Celem projektu by\u0142o poprawienie dost\u0119pno\u015bci transgranicznej Euromiasta Gubin-Guben, wspieranie zr\u00f3wnowa\u017conego rozwoju poprzez stworzenie odpowiednich warunk\u00f3w infrastrukturalnych oraz usprawnienie mobilno\u015bci transgranicznej w regionie przygranicznym. Realizacja projektu przebiega\u0142a zgodnie z harmonogramem projektu. Dzi\u0119ki realizacji projektu pog\u0142\u0119biona i wzmocniona zosta\u0142a wsp\u00f3\u0142praca wszystkich partner\u00f3w projektu. Wszystkie zaplanowane dzia\u0142ania, kt\u00f3re zosta\u0142y za\u0142o\u017cone we wniosku, zosta\u0142y zrealizowane. Ko\u0144cz\u0105c realizacj\u0119 projektu ustawiono tablic\u0119 pami\u0105tkow\u0105 oraz nakr\u0119cono film promocyjny obrazuj\u0105cy wszystkie dzia\u0142ania, kt\u00f3ry zosta\u0142 r\u00f3wnie\u017c przedstawiony do konkursu w ramach Dni otwartych Funduszy Europejskich 2020.<\/p>\n<p>\u0141\u0119cznie przebudowano niemal 6,7 km ulic i za\u0142o\u017cono nowe rondo. Ponadto zbudowano 4,4 km \u015bcie\u017cek rowerowych i przebudowano 4,2 km chodnik\u00f3w. Powsta\u0142o 126 nowych miejsc parkingowych.<\/p>\n<p><img loading=\"lazy\" decoding=\"async\" class=\"thumbnail alignright\" src=\"https:\/\/interregva-bb-pl.eu\/wp-content\/uploads\/2021\/07\/85011841_WEB_Bild2.jpg\" alt=\"\" width=\"431\" height=\"575\" \/><\/p>\n<p>W wyniku realizacji projektu osi\u0105gni\u0119to nast\u0119puj\u0105ce cele przewidziane w jego koncepcji:<\/p>\n<ul>\n<li>oszcz\u0119dno\u015b\u0107 czasu w przewozach pasa\u017cerskich i towarowych<\/li>\n<li>poprawa stanu technicznego infrastruktury drogowej<\/li>\n<li>poprawa transgranicznej dost\u0119pno\u015bci, multimodalnego dworca kolejowego Euromiasta Guben-Gubin<\/li>\n<li>poprawa mobilno\u015bci transgranicznej (zar\u00f3wno dla ruchu drogowego, jak r\u00f3wnie\u017c dla transportu przyjaznego \u015brodowisku) pomi\u0119dzy dwoma miastami przygranicznymi oraz w ca\u0142ym regionie<\/li>\n<li>poprawa bezpiecze\u0144stwa ruchu drogowego (m.in. poprzez budow\u0119 \u015bcie\u017cek rowerowych, chodnik\u00f3w)<\/li>\n<li>poprawa ochrony p.po\u017c. i systemu zapobiegania kl\u0119skom \u017cywio\u0142owym poprzez lepsz\u0105\u00a0 mobilno\u015b\u0107 s\u0142u\u017cb ratunkowych<\/li>\n<li>dalszy rozw\u00f3j wsp\u00f3\u0142pracy na p\u0142aszczy\u017anie gospodarczej (szczeg\u00f3lnie ma\u0142e i \u015brednie przedsi\u0119biorstwa)<\/li>\n<li>zwi\u0119kszenie atrakcyjno\u015bci turystycznej regionu<\/li>\n<li>redukcja ha\u0142asu oraz emisji py\u0142\u00f3w i zanieczyszcze\u0144.<\/li>\n<\/ul>\n<p>Projekt przyczyni\u0142 si\u0119 do poprawy sp\u00f3jno\u015bci przestrzennej wojew\u00f3dztwa lubuskiego\/Zarz\u0105du Dr\u00f3g Wojew\u00f3dzkich, lepszego wykorzystania dr\u00f3g wojew\u00f3dzkich nr 138 i 286 oraz zwi\u0119kszenia dost\u0119pno\u015bci autostrady A2 i drogi ekspresowej S3, a tym samym poprawy dost\u0119pno\u015bci do europejskiego systemu infrastruktury. Projekt mia\u0142 pozytywny wp\u0142yw na jako\u015b\u0107 infrastruktury drogowej oraz wzmocni\u0142 konkurencyjno\u015b\u0107 i atrakcyjno\u015b\u0107 obszaru wsparcia. Realizacja projektu wzmocni\u0142a potencja\u0142 gospodarczy regionu i poprawi\u0142a dost\u0119pno\u015b\u0107 okolicznych miast i atrakcji turystycznych. Realizacja projektu wywar\u0142a pozytywny wp\u0142yw na transgraniczn\u0105 dost\u0119pno\u015b\u0107 miast Gubin i Guben.<\/p>\n","protected":false},"excerpt":{"rendered":"<p>Poprawa transgranicznej sytuacji komunikacyjnej Euromiasta Gubin \u2013 Guben &nbsp; Partnerzy: \u2013 Powiat Kro\u015bnie\u0144ski (BW) \u2013 Wojew\u00f3dztwo Lubuskie (ZDW) \u2013 Stadt \/ Miasto Guben \u2013 Gmina Gubin Okres realizacji: 1.04.2017- 31.08.2020 Dofinansowanie (EFRR): 4.800.761,22 EUR Celem projektu by\u0142o poprawienie dost\u0119pno\u015bci transgranicznej Euromiasta Gubin-Guben, wspieranie zr\u00f3wnowa\u017conego rozwoju poprzez stworzenie odpowiednich warunk\u00f3w infrastrukturalnych oraz usprawnienie mobilno\u015bci transgranicznej w [&hellip;]<\/p>\n","protected":false},"author":140,"featured_media":0,"parent":0,"menu_order":0,"comment_status":"closed","ping_status":"closed","template":"","meta":{"site-sidebar-layout":"default","site-content-layout":"default","ast-site-content-layout":"","site-content-style":"default","site-sidebar-style":"default","ast-global-header-display":"","ast-banner-title-visibility":"","ast-main-header-display":"","ast-hfb-above-header-display":"","ast-hfb-below-header-display":"","ast-hfb-mobile-header-display":"","site-post-title":"","ast-breadcrumbs-content":"","ast-featured-img":"","footer-sml-layout":"","theme-transparent-header-meta":"default","adv-header-id-meta":"","stick-header-meta":"","header-above-stick-meta":"","header-main-stick-meta":"","header-below-stick-meta":"","astra-migrate-meta-layouts":"default","ast-page-background-enabled":"default","ast-page-background-meta":{"desktop":{"background-color":"","background-image":"","background-repeat":"repeat","background-position":"center center","background-size":"auto","background-attachment":"scroll","background-type":"","background-media":"","overlay-type":"","overlay-color":"","overlay-opacity":"","overlay-gradient":""},"tablet":{"background-color":"","background-image":"","background-repeat":"repeat","background-position":"center center","background-size":"auto","background-attachment":"scroll","background-type":"","background-media":"","overlay-type":"","overlay-color":"","overlay-opacity":"","overlay-gradient":""},"mobile":{"background-color":"","background-image":"","background-repeat":"repeat","background-position":"center center","background-size":"auto","background-attachment":"scroll","background-type":"","background-media":"","overlay-type":"","overlay-color":"","overlay-opacity":"","overlay-gradient":""}},"ast-content-background-meta":{"desktop":{"background-color":"var(--ast-global-color-5)","background-image":"","background-repeat":"repeat","background-position":"center center","background-size":"auto","background-attachment":"scroll","background-type":"","background-media":"","overlay-type":"","overlay-color":"","overlay-opacity":"","overlay-gradient":""},"tablet":{"background-color":"var(--ast-global-color-5)","background-image":"","background-repeat":"repeat","background-position":"center center","background-size":"auto","background-attachment":"scroll","background-type":"","background-media":"","overlay-type":"","overlay-color":"","overlay-opacity":"","overlay-gradient":""},"mobile":{"background-color":"var(--ast-global-color-5)","background-image":"","background-repeat":"repeat","background-position":"center center","background-size":"auto","background-attachment":"scroll","background-type":"","background-media":"","overlay-type":"","overlay-color":"","overlay-opacity":"","overlay-gradient":""}},"footnotes":""},"class_list":["post-15297","page","type-page","status-publish","hentry"],"_links":{"self":[{"href":"https:\/\/interregva-bb-pl.eu\/pl\/wp-json\/wp\/v2\/pages\/15297"}],"collection":[{"href":"https:\/\/interregva-bb-pl.eu\/pl\/wp-json\/wp\/v2\/pages"}],"about":[{"href":"https:\/\/interregva-bb-pl.eu\/pl\/wp-json\/wp\/v2\/types\/page"}],"author":[{"embeddable":true,"href":"https:\/\/interregva-bb-pl.eu\/pl\/wp-json\/wp\/v2\/users\/140"}],"replies":[{"embeddable":true,"href":"https:\/\/interregva-bb-pl.eu\/pl\/wp-json\/wp\/v2\/comments?post=15297"}],"version-history":[{"count":3,"href":"https:\/\/interregva-bb-pl.eu\/pl\/wp-json\/wp\/v2\/pages\/15297\/revisions"}],"predecessor-version":[{"id":15303,"href":"https:\/\/interregva-bb-pl.eu\/pl\/wp-json\/wp\/v2\/pages\/15297\/revisions\/15303"}],"wp:attachment":[{"href":"https:\/\/interregva-bb-pl.eu\/pl\/wp-json\/wp\/v2\/media?parent=15297"}],"curies":[{"name":"wp","href":"https:\/\/api.w.org\/{rel}","templated":true}]}}