{"id":15548,"date":"2021-09-23T04:15:56","date_gmt":"2021-09-23T11:15:56","guid":{"rendered":"https:\/\/interregva-bb-pl.eu\/?page_id=15548"},"modified":"2021-09-23T04:18:32","modified_gmt":"2021-09-23T11:18:32","slug":"85016349-projekt-zakonczony","status":"publish","type":"page","link":"https:\/\/interregva-bb-pl.eu\/pl\/85016349-projekt-zakonczony\/","title":{"rendered":"85016349 &#8211; projekt zako\u0144czony"},"content":{"rendered":"<h3 data-wahfont=\"25\">Transgraniczna edukacja na rzecz bran\u017cy gastronomicznej i spo\u017cywczej polsko \u2013 niemieckiego pogranicza<\/h3>\n<p>&nbsp;<\/p>\n<p data-wahfont=\"15\"><img decoding=\"async\" src=\"https:\/\/interregva-bb-pl.eu\/wp-content\/uploads\/2021\/09\/85016349_Titelbild.jpg\" \/><\/p>\n<p data-wahfont=\"15\"><strong>Partnerzy:<\/strong><br \/>\n\u2013 Miasto Gorz\u00f3w Wlkp. (Zesp\u00f3\u0142 Szk\u00f3\u0142 Gastronomicznych im. Febronii Gajewskiej-Karama\u0107 &#8211; LP)<br \/>\n&#8211; QualifizierungsCENTRUM der Wirtschaft GmbH \/ Eisenh\u00fcttenstadt \/ Gospodarcze Centrum Kwalifikacyjne sp. z o. o. &#8211; Eisenh\u00fcttenstadt<\/p>\n<p data-wahfont=\"15\"><strong>Okres realizacji:<\/strong> 01.04.2018 \u2013 30.09.2020<strong>\u00a0<\/strong><\/p>\n<p data-wahfont=\"15\"><strong>Dofinansowanie (EFRR)<\/strong>:\u00a0 599.392,66 Euro<\/p>\n<p data-wahfont=\"15\"><strong><img loading=\"lazy\" decoding=\"async\" class=\"thumbnail alignright\" src=\"https:\/\/interregva-bb-pl.eu\/wp-content\/uploads\/2021\/09\/85016349_Bild2.jpg\" alt=\"\" width=\"316\" height=\"421\" \/>Celem projektu <\/strong>by\u0142o wzmocnienie transgranicznej wsp\u00f3\u0142pracy poprzez wymian\u0119 do\u015bwiadcze\u0144 \u015brodowiska gastronomicznego i spo\u017cywczego oraz rozszerzenie oferty edukacyjnej, dopasowanej do regionalnego rynku pracy.\u00a0Projekt, dzi\u0119ki wsp\u00f3lnym spotkaniom partner\u00f3w i pracodawc\u00f3w z obu kraj\u00f3w, przyczyni\u0142 si\u0119 do uzupe\u0142nienia brak\u00f3w w wymianie do\u015bwiadcze\u0144 na pograniczu, zdecydowanie wp\u0142yn\u0105\u0142 na zwi\u0119kszenie zainteresowania uczni\u00f3w zawodami rzemie\u015blniczymi. Wymiernym efektem jest chocia\u017cby znacz\u0105cy wzrost liczby uczni\u00f3w oraz pe\u0142ny nab\u00f3r (2020\/2021 i 2021\/2022) do klas pierwszych w szkole zawodowej Bran\u017cowej Szko\u0142y I stopnia nr 3 w Zespole Szk\u00f3\u0142 Gastronomicznych im. Febronii Gajewskiej-Karama\u0107 w Gorzowie Wielkopolskim w zawodzie cukiernik i kucharz, a tak\u017ce uruchomienie kszta\u0142cenia w nowym zawodzie (technik organizacji turystyki).\u00a0Odbywaj\u0105ce si\u0119 w ramach projektu liczne warsztaty, szkolenia, wizyty studyjne i kursy j\u0119zykowe, skierowane do uczni\u00f3w, nauczycieli, pracodawc\u00f3w oraz przedstawicieli \u015bwiata gospodarczego po obu stronach Odry, przyczyni\u0142y si\u0119 do zniwelowania r\u00f3\u017cnic w kszta\u0142ceniu zawodowym w bran\u017cy gastronomicznej i spo\u017cywczej, wzmocnienia zdolno\u015bci i kompetencji wykwalifikowanych pracownik\u00f3w, promowania wsp\u00f3lnego obszaru us\u0142ug oraz do pokonania bariery j\u0119zykowej i kulturowej.<\/p>\n<p data-wahfont=\"15\"><img loading=\"lazy\" decoding=\"async\" class=\"thumbnail alignleft\" src=\"https:\/\/interregva-bb-pl.eu\/wp-content\/uploads\/2021\/09\/85016349_Bild5.jpg\" alt=\"\" width=\"382\" height=\"286\" \/><\/p>\n<p>W ramach realizacji projektu Polsko-Niemieckie Centrum Kszta\u0142cenia przy Zespole Szk\u00f3\u0142 Gastronomicznych w Gorzowie Wielkopolskim rozbudowane zosta\u0142o o sal\u0119 konferencyjn\u0105 wraz z zapleczem gastronomicznym. Opracowano 3 pakiety dydaktyczne. Odby\u0142y si\u0119 4 konferencje i panele dyskusyjne dotycz\u0105ce transgranicznej kooperacji w kszta\u0142ceniu zawodowym, 22 wizyty studyjne, warsztaty, spotkania oraz szkolenia zawodowe oraz 11 warsztat\u00f3w j\u0119zykowych (7 DE i 4 PL).<\/p>\n<p data-wahfont=\"15\"><img loading=\"lazy\" decoding=\"async\" class=\"thumbnail alignright\" src=\"https:\/\/interregva-bb-pl.eu\/wp-content\/uploads\/2021\/09\/85016349_Bild6.jpg\" alt=\"\" width=\"314\" height=\"374\" \/><\/p>\n<p>W sumie w potwierdzanych certyfikatami programach edukacyjnych wzi\u0119\u0142o udzia\u0142 <strong>215 os\u00f3b <\/strong>(137 kobiet, 77 m\u0119\u017cczyzn) w tym:<br \/>\n120 PL (95 kobiet, 25 m\u0119\u017cczyzn),<br \/>\n95 DE (43 kobiety, 52 m\u0119\u017cczyzn).<br \/>\nTym samym uzyskano wk\u0142ad do wska\u017anika produktu Programu znacz\u0105co wi\u0119kszy od pierwotnie planowanego (<strong>136 os\u00f3b<\/strong>, w tym 109 kobiet i 27 m\u0119\u017cczyzn)<\/p>\n<p data-wahfont=\"15\"><strong>Strony internetowe:<\/strong><\/p>\n<p data-wahfont=\"15\"><a href=\"http:\/\/gastronomik.gorzow.pl\/category\/interreg\/\" data-wahfont=\"15\">http:\/\/gastronomik.gorzow.pl\/category\/interreg\/<\/a><\/p>\n<p data-wahfont=\"15\"><a href=\"http:\/\/test.qcw.de\/interreg-projekt\/\" wahfont=\"15\" class=\"broken_link\">http:\/\/test.qcw.de\/interreg-projekt\/<\/a><\/p>\n<p data-wahfont=\"15\"><span class=\"st\" data-wahfont=\"15\"><strong>Wi\u0119cej zdj\u0119\u0107 z projektu:<\/strong><\/span> <a href=\"https:\/\/myalbum.com\/album\/QU6FGfUfrpHU\" data-wahfont=\"15\">https:\/\/myalbum.com\/album\/QU6FGfUfrpHU<\/a><\/p>\n<p data-wahfont=\"15\"><strong>Linki:<\/strong><\/p>\n<p data-wahfont=\"15\">Radio ESKA:<\/p>\n<p data-wahfont=\"15\"><a href=\"http:\/\/gorzow.eska.pl\/poznaj-miasto\/sala-konferencyjna-powstaje-przy-gastronomiku-w-gorzowie-audio\/744753\" wahfont=\"15\" class=\"broken_link\">http:\/\/gorzow.eska.pl\/poznaj-miasto\/sala-konferencyjna-powstaje-przy-gastronomiku-w-gorzowie-audio\/744753<\/a><\/p>\n<p data-wahfont=\"15\"><a href=\"https:\/\/www.eisenhuettenstadt.de\/index.php?object=tx|2852.5&amp;ModID=255&amp;FID=285\" wahfont=\"15\" class=\"broken_link\">https:\/\/www.eisenhuettenstadt.de\/index.php?object=tx|2852.5&amp;ModID=255&amp;FID=285<\/a><\/p>\n<p data-wahfont=\"15\"><a href=\"https:\/\/www.moz.de\/landkreise\/oderspree\/eisenhuettenstadt\/artikel0\/dg\/0\/1\/1685803\/\" wahfont=\"15\" class=\"broken_link\">https:\/\/www.moz.de\/landkreise\/oderspree\/eisenhuettenstadt\/artikel0\/dg\/0\/1\/1685803\/<\/a><\/p>\n<p data-wahfont=\"15\"><a href=\"https:\/\/www.eisenhuettenstadt.de\/index.php?object=tx|2852.5&amp;ModID=255&amp;FID=2852.520.1\" data-wahfont=\"15\">https:\/\/www.eisenhuettenstadt.de\/index.php?object=tx|2852.5&amp;ModID=255&amp;FID=2852.520.1<\/a><\/p>\n","protected":false},"excerpt":{"rendered":"<p>Transgraniczna edukacja na rzecz bran\u017cy gastronomicznej i spo\u017cywczej polsko \u2013 niemieckiego pogranicza &nbsp; Partnerzy: \u2013 Miasto Gorz\u00f3w Wlkp. (Zesp\u00f3\u0142 Szk\u00f3\u0142 Gastronomicznych im. Febronii Gajewskiej-Karama\u0107 &#8211; LP) &#8211; QualifizierungsCENTRUM der Wirtschaft GmbH \/ Eisenh\u00fcttenstadt \/ Gospodarcze Centrum Kwalifikacyjne sp. z o. o. &#8211; Eisenh\u00fcttenstadt Okres realizacji: 01.04.2018 \u2013 30.09.2020\u00a0 Dofinansowanie (EFRR):\u00a0 599.392,66 Euro Celem projektu by\u0142o [&hellip;]<\/p>\n","protected":false},"author":140,"featured_media":0,"parent":0,"menu_order":0,"comment_status":"closed","ping_status":"closed","template":"","meta":{"site-sidebar-layout":"default","site-content-layout":"default","ast-site-content-layout":"","site-content-style":"default","site-sidebar-style":"default","ast-global-header-display":"","ast-banner-title-visibility":"","ast-main-header-display":"","ast-hfb-above-header-display":"","ast-hfb-below-header-display":"","ast-hfb-mobile-header-display":"","site-post-title":"","ast-breadcrumbs-content":"","ast-featured-img":"","footer-sml-layout":"","theme-transparent-header-meta":"default","adv-header-id-meta":"","stick-header-meta":"","header-above-stick-meta":"","header-main-stick-meta":"","header-below-stick-meta":"","astra-migrate-meta-layouts":"default","ast-page-background-enabled":"default","ast-page-background-meta":{"desktop":{"background-color":"","background-image":"","background-repeat":"repeat","background-position":"center center","background-size":"auto","background-attachment":"scroll","background-type":"","background-media":"","overlay-type":"","overlay-color":"","overlay-opacity":"","overlay-gradient":""},"tablet":{"background-color":"","background-image":"","background-repeat":"repeat","background-position":"center center","background-size":"auto","background-attachment":"scroll","background-type":"","background-media":"","overlay-type":"","overlay-color":"","overlay-opacity":"","overlay-gradient":""},"mobile":{"background-color":"","background-image":"","background-repeat":"repeat","background-position":"center center","background-size":"auto","background-attachment":"scroll","background-type":"","background-media":"","overlay-type":"","overlay-color":"","overlay-opacity":"","overlay-gradient":""}},"ast-content-background-meta":{"desktop":{"background-color":"var(--ast-global-color-5)","background-image":"","background-repeat":"repeat","background-position":"center center","background-size":"auto","background-attachment":"scroll","background-type":"","background-media":"","overlay-type":"","overlay-color":"","overlay-opacity":"","overlay-gradient":""},"tablet":{"background-color":"var(--ast-global-color-5)","background-image":"","background-repeat":"repeat","background-position":"center center","background-size":"auto","background-attachment":"scroll","background-type":"","background-media":"","overlay-type":"","overlay-color":"","overlay-opacity":"","overlay-gradient":""},"mobile":{"background-color":"var(--ast-global-color-5)","background-image":"","background-repeat":"repeat","background-position":"center center","background-size":"auto","background-attachment":"scroll","background-type":"","background-media":"","overlay-type":"","overlay-color":"","overlay-opacity":"","overlay-gradient":""}},"footnotes":""},"class_list":["post-15548","page","type-page","status-publish","hentry"],"_links":{"self":[{"href":"https:\/\/interregva-bb-pl.eu\/pl\/wp-json\/wp\/v2\/pages\/15548"}],"collection":[{"href":"https:\/\/interregva-bb-pl.eu\/pl\/wp-json\/wp\/v2\/pages"}],"about":[{"href":"https:\/\/interregva-bb-pl.eu\/pl\/wp-json\/wp\/v2\/types\/page"}],"author":[{"embeddable":true,"href":"https:\/\/interregva-bb-pl.eu\/pl\/wp-json\/wp\/v2\/users\/140"}],"replies":[{"embeddable":true,"href":"https:\/\/interregva-bb-pl.eu\/pl\/wp-json\/wp\/v2\/comments?post=15548"}],"version-history":[{"count":4,"href":"https:\/\/interregva-bb-pl.eu\/pl\/wp-json\/wp\/v2\/pages\/15548\/revisions"}],"predecessor-version":[{"id":15552,"href":"https:\/\/interregva-bb-pl.eu\/pl\/wp-json\/wp\/v2\/pages\/15548\/revisions\/15552"}],"wp:attachment":[{"href":"https:\/\/interregva-bb-pl.eu\/pl\/wp-json\/wp\/v2\/media?parent=15548"}],"curies":[{"name":"wp","href":"https:\/\/api.w.org\/{rel}","templated":true}]}}