{"id":15840,"date":"2021-11-08T05:15:40","date_gmt":"2021-11-08T12:15:40","guid":{"rendered":"https:\/\/interregva-bb-pl.eu\/?page_id=15840"},"modified":"2021-11-08T05:21:06","modified_gmt":"2021-11-08T12:21:06","slug":"85011249-projekt-zakonczony","status":"publish","type":"page","link":"https:\/\/interregva-bb-pl.eu\/pl\/85011249-projekt-zakonczony\/","title":{"rendered":"85011249 &#8211; projekt zako\u0144czony"},"content":{"rendered":"<h3 data-wahfont=\"25\"><strong>EuRegioNet: <\/strong><strong>internacjonalizacja sieci i klastr\u00f3w (SK)<\/strong><\/h3>\n<p>&nbsp;<\/p>\n<p data-wahfont=\"15\"><img decoding=\"async\" class=\"thumbnail\" src=\"https:\/\/interregva-bb-pl.eu\/wp-content\/uploads\/2021\/11\/85011249_WEB_abgeschl_Titelbild-Logo-1.jpg\" alt=\"\" \/><\/p>\n<p data-wahfont=\"15\"><strong>Partnerzy:<\/strong><br \/>\n\u2013 Business and Innovation Centre Frankfurt (Oder) (BW)<br \/>\n\u2013 Lubuska Organizaja\u00a0 Pracodawc\u00f3w<br \/>\n\u2013 Centrum f\u00fcr Innovation und Technologie GmbH (Centrum Innowacji i Technnologii sp. z o. o.)<br \/>\n\u2013 Euroregion \u201eSprewa-Nysa-B\u00f3br\u201d<\/p>\n<p data-wahfont=\"15\"><strong>Dofinansowanie (EFRR): <\/strong>647.836,80 \u20ac<\/p>\n<p data-wahfont=\"15\"><strong>Okres realizacji:<\/strong> 01.04.2017 \u2013 31.08.2020<\/p>\n<p data-wahfont=\"15\"><strong>Celem projektu\u00a0<\/strong>by\u0142o wzmocnienie, inteligentna specjalizacja, kooperacja transgraniczna sieci i klastr\u00f3w.<\/p>\n<p><img decoding=\"async\" class=\"thumbnail\" src=\"https:\/\/interregva-bb-pl.eu\/wp-content\/uploads\/2021\/11\/85011249_WEB_abgeschl_Fot1-scaled.jpg\" alt=\"\" \/><\/p>\n<p>Podczas 38-miesi\u0119cznego okresu realizacji projektu odby\u0142y si\u0119 niezliczone spotkania pomi\u0119dzy partnerami, partnerami projektu z niemieckimi i polskimi przedstawicielami z dziedzin sieci i klastr\u00f3w, przeprowadzono liczne imprezy, przygotowano materia\u0142y promocyjne i dokonano publikacji. Najwa\u017cniejszymi imprezami by\u0142a konferencja otwarcia w Gorzowie, 4-krotne spotkania regionalne\/warsztaty w 4 regionach partnerskich, konferencja klastr\u00f3w w Zielonej G\u00f3rze i konferencja na zako\u0144czenie pod patronatem Wojewody Lubuskiego. \u0141\u0105cznie we wspomnianych spotkaniach wzi\u0119\u0142o udzia\u0142 480 os\u00f3b.<\/p>\n<p>Do tego dosz\u0142y spotkania NWC i imprezy maj\u0105ce na celu przygotowanie i utworzenie trzech NWC w ramach projektu. Przy tym tak\u017ce przedyskutowano i sporz\u0105dzono dokumenty, takie jak statuty i strategie.<\/p>\n<p>Do przygotowania transgranicznych kooperacji w\u0142\u0105cznie z utworzeniem NWC dokonano ewaluacji 16 NWC (patrz Informator Klastr\u00f3w) a do ko\u0144ca projektu po\u0142\u0105czono i wsparto transgranicznie 10 z nich.<\/p>\n<p><img decoding=\"async\" class=\"thumbnail\" src=\"https:\/\/interregva-bb-pl.eu\/wp-content\/uploads\/2021\/11\/85011249_WEB_abgeschl_Fot2.jpg\" alt=\"\" \/><\/p>\n<p>W projekcie powsta\u0142y liczne, zgodne z wytycznymi materia\u0142y promocyjne, a tak\u017ce materia\u0142y dla 3 nowo utworzonych w projekcie NWC.<\/p>\n<p>W <a href=\"https:\/\/www.cit-wfg.de\/images\/EuRegioNet\/Clusterinformator%20ERN%20PL%20Version%20fertig.pdf\" target=\"_blank\" rel=\"noopener\">Informatorze Klastr\u00f3w<\/a> udokumentowano aktualny stan transgranicznych kooperacji sieci oraz zawarto wiele cennych informacji dla zainteresowanych os\u00f3b z tej dziedziny. Jest to materia\u0142 roboczy dla regionalnych \u0141\u0105cznik\u00f3w i jednocze\u015bnie best practice.<\/p>\n<p>Poprzez publikacje do imprez, na stronach internetowych partner\u00f3w i sieci oraz w materia\u0142ach projektowych przekazano do\u015bwiadczenia jako best practice.<\/p>\n<p>Intensywna opieka nad kooperacjami, szczeg\u00f3lnie w ramach nowych NWC dala podwaliny pod trwa\u0142o\u015b\u0107 projektu.<\/p>\n<p>Podsumowuj\u0105c stwierdza si\u0119, i\u017c przeprowadzone dzia\u0142ania spe\u0142ni\u0142y oczekiwania odbiorc\u00f3w a partnerzy projektu cieszyli si\u0119 z ogromnego, nieoczekiwanie du\u017cego zainteresowania, nie ust\u0105pi\u0142o nawet podczas pandemii koronawirusa. Projekt by\u0142 du\u017cym impulsem dla rozwoju polsko-niemieckiego dialogu w regionie granicznym, a tak\u017ce do powstania i rozwoju klastr\u00f3w i ich transgranicznego po\u0142\u0105czenia. Dzia\u0142ania projektowe przyczyni\u0142y si\u0119 do powstania marki klastr\u00f3w, do wsparcia sieci i klastr\u00f3w oraz do rozwoju transgranicznych polacze\u0144 pomi\u0119dzy przedsi\u0119biorstwami\/instytucjami z Polski i Niemiec. Projekt definitywne przyczyni\u0142 si\u0119 do poprawy klimatu i odczuwania w regionie granicznym i wspiera\u0142 to poprzez dzia\u0142ania gospodarcze, kt\u00f3re to zosta\u0142y zainicjowane w ramach projektu.<\/p>\n<p>Wynikiem s\u0105 fakty i konkretne pomys\u0142y dla dalszego wsparcia obszaru granicznego i nowe pomys\u0142y projektowe, jak np. digitalizacja przy wsp\u00f3\u0142pracy transgranicznej jako wyzwanie przysz\u0142o\u015bciowe.<\/p>\n<p><strong>Strona internetowa<\/strong>: <a href=\"https:\/\/www.cit-wfg.de\/pl\/dla-regionu\/content\/projekt-euregionet-4.html\" target=\"_blank\" rel=\"noopener\">https:\/\/www.cit-wfg.de\/pl\/dla-regionu\/content\/projekt-euregionet-4.html<\/a><\/p>\n","protected":false},"excerpt":{"rendered":"<p>EuRegioNet: internacjonalizacja sieci i klastr\u00f3w (SK) &nbsp; Partnerzy: \u2013 Business and Innovation Centre Frankfurt (Oder) (BW) \u2013 Lubuska Organizaja\u00a0 Pracodawc\u00f3w \u2013 Centrum f\u00fcr Innovation und Technologie GmbH (Centrum Innowacji i Technnologii sp. z o. o.) \u2013 Euroregion \u201eSprewa-Nysa-B\u00f3br\u201d Dofinansowanie (EFRR): 647.836,80 \u20ac Okres realizacji: 01.04.2017 \u2013 31.08.2020 Celem projektu\u00a0by\u0142o wzmocnienie, inteligentna specjalizacja, kooperacja transgraniczna sieci [&hellip;]<\/p>\n","protected":false},"author":140,"featured_media":0,"parent":0,"menu_order":0,"comment_status":"closed","ping_status":"closed","template":"","meta":{"site-sidebar-layout":"default","site-content-layout":"default","ast-site-content-layout":"","site-content-style":"default","site-sidebar-style":"default","ast-global-header-display":"","ast-banner-title-visibility":"","ast-main-header-display":"","ast-hfb-above-header-display":"","ast-hfb-below-header-display":"","ast-hfb-mobile-header-display":"","site-post-title":"","ast-breadcrumbs-content":"","ast-featured-img":"","footer-sml-layout":"","theme-transparent-header-meta":"default","adv-header-id-meta":"","stick-header-meta":"","header-above-stick-meta":"","header-main-stick-meta":"","header-below-stick-meta":"","astra-migrate-meta-layouts":"default","ast-page-background-enabled":"default","ast-page-background-meta":{"desktop":{"background-color":"","background-image":"","background-repeat":"repeat","background-position":"center center","background-size":"auto","background-attachment":"scroll","background-type":"","background-media":"","overlay-type":"","overlay-color":"","overlay-opacity":"","overlay-gradient":""},"tablet":{"background-color":"","background-image":"","background-repeat":"repeat","background-position":"center center","background-size":"auto","background-attachment":"scroll","background-type":"","background-media":"","overlay-type":"","overlay-color":"","overlay-opacity":"","overlay-gradient":""},"mobile":{"background-color":"","background-image":"","background-repeat":"repeat","background-position":"center center","background-size":"auto","background-attachment":"scroll","background-type":"","background-media":"","overlay-type":"","overlay-color":"","overlay-opacity":"","overlay-gradient":""}},"ast-content-background-meta":{"desktop":{"background-color":"var(--ast-global-color-5)","background-image":"","background-repeat":"repeat","background-position":"center center","background-size":"auto","background-attachment":"scroll","background-type":"","background-media":"","overlay-type":"","overlay-color":"","overlay-opacity":"","overlay-gradient":""},"tablet":{"background-color":"var(--ast-global-color-5)","background-image":"","background-repeat":"repeat","background-position":"center center","background-size":"auto","background-attachment":"scroll","background-type":"","background-media":"","overlay-type":"","overlay-color":"","overlay-opacity":"","overlay-gradient":""},"mobile":{"background-color":"var(--ast-global-color-5)","background-image":"","background-repeat":"repeat","background-position":"center center","background-size":"auto","background-attachment":"scroll","background-type":"","background-media":"","overlay-type":"","overlay-color":"","overlay-opacity":"","overlay-gradient":""}},"footnotes":""},"class_list":["post-15840","page","type-page","status-publish","hentry"],"_links":{"self":[{"href":"https:\/\/interregva-bb-pl.eu\/pl\/wp-json\/wp\/v2\/pages\/15840"}],"collection":[{"href":"https:\/\/interregva-bb-pl.eu\/pl\/wp-json\/wp\/v2\/pages"}],"about":[{"href":"https:\/\/interregva-bb-pl.eu\/pl\/wp-json\/wp\/v2\/types\/page"}],"author":[{"embeddable":true,"href":"https:\/\/interregva-bb-pl.eu\/pl\/wp-json\/wp\/v2\/users\/140"}],"replies":[{"embeddable":true,"href":"https:\/\/interregva-bb-pl.eu\/pl\/wp-json\/wp\/v2\/comments?post=15840"}],"version-history":[{"count":2,"href":"https:\/\/interregva-bb-pl.eu\/pl\/wp-json\/wp\/v2\/pages\/15840\/revisions"}],"predecessor-version":[{"id":15845,"href":"https:\/\/interregva-bb-pl.eu\/pl\/wp-json\/wp\/v2\/pages\/15840\/revisions\/15845"}],"wp:attachment":[{"href":"https:\/\/interregva-bb-pl.eu\/pl\/wp-json\/wp\/v2\/media?parent=15840"}],"curies":[{"name":"wp","href":"https:\/\/api.w.org\/{rel}","templated":true}]}}