{"id":15874,"date":"2021-11-11T02:20:07","date_gmt":"2021-11-11T09:20:07","guid":{"rendered":"https:\/\/interregva-bb-pl.eu\/?page_id=15874"},"modified":"2021-11-16T02:20:55","modified_gmt":"2021-11-16T09:20:55","slug":"15874-2","status":"publish","type":"page","link":"https:\/\/interregva-bb-pl.eu\/pl\/15874-2\/","title":{"rendered":"Sprawozdanie z Wydarzenia Rocznego 2020\/2021"},"content":{"rendered":"<h3><strong>Wydarzenie Roczne 2020\/2021<\/strong><\/h3>\n<p>&nbsp;<\/p>\n<p>W dniu 10 listopada 2021 r. odby\u0142o si\u0119 w formacie online <strong>Wydarzenie Roczne 2020\/21<\/strong> Programu Wsp\u00f3\u0142pracy INTERREG V A Brandenburgia-Polska 2014-2020.<\/p>\n<p>Wydarzenie uroczy\u015bcie otworzyli: Minister ds. Europejskich Kraju Zwi\u0105zkowego Brandenburgia \u2013 pani <strong>Katrin Lange <\/strong>wraz z przedstawicielem Komisji Europejskiej \u2013 panem <strong>Pascalem Boijmansem<\/strong>, Sekretarzem Stanu w Ministerstwie Funduszy i Polityki Regionalnej RP, panem <strong>Jackiem<\/strong> <strong>\u017balkiem<\/strong> oraz cz\u0142onkiem zarz\u0105du wojew\u00f3dztwa lubuskiego, panem <strong>Tadeuszem J\u0119drzejczakiem<\/strong>. Na go\u015bci pierwszej cz\u0119\u015bci wydarzenia czeka\u0142y ekscytuj\u0105ce prezentacje beneficjent\u00f3w programu. W drugiej cz\u0119\u015bci wydarzenia, w ramach dw\u00f3ch dyskusji panelowych rozmawiano na temat wynik\u00f3w dobiegaj\u0105cego ko\u0144ca okresu finansowania 2014-2020 oraz cel\u00f3w na nadchodz\u0105cy okres finansowania 2021-2027.<\/p>\n<p>Podczas konferencji przedstawiciele instytucji Programu wymienili si\u0119 do\u015bwiadczeniami z realizowanych dzia\u0142a\u0144 oraz oczekiwaniami i pomys\u0142ami dotycz\u0105cymi nowego Programu. W wymianie pogl\u0105d\u00f3w wzi\u0119li udzia\u0142 przedstawiciele Komisji Europejskiej, Ministerstwa Spraw Europejskich Brandenburgii, polskiego Ministerstwa Funduszy i Polityki Regionalnej, Euroregion\u00f3w Sprewa-Nysa-B\u00f3br i Pro Europa Viadrina, Urz\u0119du Marsza\u0142kowskiego Wojew\u00f3dztwa Lubuskiego, Wsp\u00f3lnego Sekretariatu oraz firmy \u201eInfrastruktur&amp;Umwelt\u201c, kt\u00f3rej zlecono przygotowanie nowego Programu Wsp\u00f3\u0142pracy.<\/p>\n<p>Wi\u0119cej informacji na temat wydarzenia mo\u017cna znale\u017a\u0107 w <strong><a href=\"https:\/\/interregva-bb-pl.eu\/wp-content\/uploads\/2021\/11\/21_11_16_Informacja-prasowa.pdf\">komunikacie prasowym<\/a>.<\/strong><\/p>\n<p><span style=\"color: #ff0000;\"><strong>Filmy:<\/strong><\/span><\/p>\n<p><span style=\"color: #000000;\"><strong>\u0141\u0105cz\u0105 nas rzeki \u2013 II etap. Rozbudowa transgranicznej infrastruktury turystyki wodnej na obszarze Euroregionu Pro Europa Viadrina:<\/strong><\/span><\/p>\n<div class=\"ast-oembed-container \" style=\"height: 100%;\"><iframe loading=\"lazy\" title=\"Uns verbinden Fl\u00fcsse \u2013 II Etappe \/ \u0141\u0105cz\u0105 nas rzeki \u2013 II etap\" width=\"500\" height=\"281\" src=\"https:\/\/www.youtube.com\/embed\/2DO3wdwn5Eg?feature=oembed\" frameborder=\"0\" allow=\"accelerometer; autoplay; clipboard-write; encrypted-media; gyroscope; picture-in-picture; web-share\" referrerpolicy=\"strict-origin-when-cross-origin\" allowfullscreen><\/iframe><\/div>\n<p>&nbsp;<\/p>\n<p><span style=\"color: #000000;\"><strong>Transgraniczna edukacja na rzecz bran\u017cy gastronomicznej i spo\u017cywczej polsko-niemieckiego pogranicza:<\/strong><\/span><\/p>\n<div class=\"ast-oembed-container \" style=\"height: 100%;\"><iframe loading=\"lazy\" title=\"Grenz\u03cbbergreifende Bildung in Gastronomie\/Transgraniczna edukacja na rzecz bran\u017cy gastronomii\" width=\"500\" height=\"281\" src=\"https:\/\/www.youtube.com\/embed\/_aozb4zexpc?feature=oembed\" frameborder=\"0\" allow=\"accelerometer; autoplay; clipboard-write; encrypted-media; gyroscope; picture-in-picture; web-share\" referrerpolicy=\"strict-origin-when-cross-origin\" allowfullscreen><\/iframe><\/div>\n<p>&nbsp;<\/p>\n<p><span style=\"color: #000000;\"><strong>Fundusz Ma\u0142ych Projekt\u00f3w:<\/strong><\/span><\/p>\n<div class=\"ast-oembed-container \" style=\"height: 100%;\"><iframe loading=\"lazy\" title=\"Fundusz Ma\u0142ych Projekt\u00f3w \/ Kleinprojektefonds\" width=\"500\" height=\"281\" src=\"https:\/\/www.youtube.com\/embed\/lJ--WBdAu-I?feature=oembed\" frameborder=\"0\" allow=\"accelerometer; autoplay; clipboard-write; encrypted-media; gyroscope; picture-in-picture; web-share\" referrerpolicy=\"strict-origin-when-cross-origin\" allowfullscreen><\/iframe><\/div>\n<p><span id=\"ikp-txt-corr\">W przypadku problem\u00f3w z wy\u015bwietleniem filmu prosimy wykorzysta\u0107 link<\/span>: www.youtube.com\/watch?v=lJ&#8211;WBdAu-I<\/p>\n<p>Wi\u0119cej film\u00f3w\/relacji z naszych wydarze\u0144 rocznych znajd\u0105 Pa\u0144stwo na naszym kanale <a href=\"https:\/\/www.youtube.com\/channel\/UCDR97M4HSr0YXGJSWtUrEng\">YouTube.<\/a><\/p>\n<p><span style=\"color: #ff0000;\"><strong>Prezentacje:<\/strong><\/span><\/p>\n<ul>\n<li><a href=\"https:\/\/interregva-bb-pl.eu\/wp-content\/uploads\/2021\/11\/Umsetzungsstand-und-Prioritaetsachsen.pptx\"><strong>Stan realizacji Programu Wsp\u00f3\u0142pracy<\/strong><\/a><\/li>\n<li><a href=\"https:\/\/interregva-bb-pl.eu\/pl\/85021006-2\/\"><strong>GUB-E-BUS \u2013 wsp\u00f3lna mobilno\u015b\u0107 transgraniczna w Euromie\u015bcie Guben-Gubin<\/strong><\/a><\/li>\n<li><a href=\"https:\/\/interregva-bb-pl.eu\/wp-content\/uploads\/2021\/11\/PraesentationGorzow.pdf\"><strong>Transgraniczna edukacja na rzecz bran\u017cy gastronomicznej i spo\u017cywczej polsko-niemieckiego pogranicza<\/strong><\/a><\/li>\n<li><a href=\"https:\/\/interregva-bb-pl.eu\/wp-content\/uploads\/2021\/11\/21_11_Im-Tandem_-W-tandemie.pptx\"><strong>W tandemie przeciwko przest\u0119pczo\u015bci przygranicznej<\/strong><\/a><\/li>\n<li><a href=\"https:\/\/interregva-bb-pl.eu\/wp-content\/uploads\/2021\/11\/Cele-polityczne_politische-Ziele.pptx\"><strong>Wyb\u00f3r cel\u00f3w politycznych i cel\u00f3w szczeg\u00f3\u0142owych 2021-2027<\/strong><\/a><\/li>\n<\/ul>\n<p>&nbsp;<\/p>\n","protected":false},"excerpt":{"rendered":"<p>Wydarzenie Roczne 2020\/2021 &nbsp; W dniu 10 listopada 2021 r. odby\u0142o si\u0119 w formacie online Wydarzenie Roczne 2020\/21 Programu Wsp\u00f3\u0142pracy INTERREG V A Brandenburgia-Polska 2014-2020. Wydarzenie uroczy\u015bcie otworzyli: Minister ds. Europejskich Kraju Zwi\u0105zkowego Brandenburgia \u2013 pani Katrin Lange wraz z przedstawicielem Komisji Europejskiej \u2013 panem Pascalem Boijmansem, Sekretarzem Stanu w Ministerstwie Funduszy i Polityki Regionalnej [&hellip;]<\/p>\n","protected":false},"author":66,"featured_media":0,"parent":0,"menu_order":0,"comment_status":"closed","ping_status":"closed","template":"","meta":{"site-sidebar-layout":"default","site-content-layout":"default","ast-site-content-layout":"","site-content-style":"default","site-sidebar-style":"default","ast-global-header-display":"","ast-banner-title-visibility":"","ast-main-header-display":"","ast-hfb-above-header-display":"","ast-hfb-below-header-display":"","ast-hfb-mobile-header-display":"","site-post-title":"","ast-breadcrumbs-content":"","ast-featured-img":"","footer-sml-layout":"","theme-transparent-header-meta":"default","adv-header-id-meta":"","stick-header-meta":"","header-above-stick-meta":"","header-main-stick-meta":"","header-below-stick-meta":"","astra-migrate-meta-layouts":"default","ast-page-background-enabled":"default","ast-page-background-meta":{"desktop":{"background-color":"","background-image":"","background-repeat":"repeat","background-position":"center center","background-size":"auto","background-attachment":"scroll","background-type":"","background-media":"","overlay-type":"","overlay-color":"","overlay-opacity":"","overlay-gradient":""},"tablet":{"background-color":"","background-image":"","background-repeat":"repeat","background-position":"center center","background-size":"auto","background-attachment":"scroll","background-type":"","background-media":"","overlay-type":"","overlay-color":"","overlay-opacity":"","overlay-gradient":""},"mobile":{"background-color":"","background-image":"","background-repeat":"repeat","background-position":"center center","background-size":"auto","background-attachment":"scroll","background-type":"","background-media":"","overlay-type":"","overlay-color":"","overlay-opacity":"","overlay-gradient":""}},"ast-content-background-meta":{"desktop":{"background-color":"var(--ast-global-color-5)","background-image":"","background-repeat":"repeat","background-position":"center center","background-size":"auto","background-attachment":"scroll","background-type":"","background-media":"","overlay-type":"","overlay-color":"","overlay-opacity":"","overlay-gradient":""},"tablet":{"background-color":"var(--ast-global-color-5)","background-image":"","background-repeat":"repeat","background-position":"center center","background-size":"auto","background-attachment":"scroll","background-type":"","background-media":"","overlay-type":"","overlay-color":"","overlay-opacity":"","overlay-gradient":""},"mobile":{"background-color":"var(--ast-global-color-5)","background-image":"","background-repeat":"repeat","background-position":"center center","background-size":"auto","background-attachment":"scroll","background-type":"","background-media":"","overlay-type":"","overlay-color":"","overlay-opacity":"","overlay-gradient":""}},"footnotes":""},"class_list":["post-15874","page","type-page","status-publish","hentry"],"_links":{"self":[{"href":"https:\/\/interregva-bb-pl.eu\/pl\/wp-json\/wp\/v2\/pages\/15874"}],"collection":[{"href":"https:\/\/interregva-bb-pl.eu\/pl\/wp-json\/wp\/v2\/pages"}],"about":[{"href":"https:\/\/interregva-bb-pl.eu\/pl\/wp-json\/wp\/v2\/types\/page"}],"author":[{"embeddable":true,"href":"https:\/\/interregva-bb-pl.eu\/pl\/wp-json\/wp\/v2\/users\/66"}],"replies":[{"embeddable":true,"href":"https:\/\/interregva-bb-pl.eu\/pl\/wp-json\/wp\/v2\/comments?post=15874"}],"version-history":[{"count":9,"href":"https:\/\/interregva-bb-pl.eu\/pl\/wp-json\/wp\/v2\/pages\/15874\/revisions"}],"predecessor-version":[{"id":15927,"href":"https:\/\/interregva-bb-pl.eu\/pl\/wp-json\/wp\/v2\/pages\/15874\/revisions\/15927"}],"wp:attachment":[{"href":"https:\/\/interregva-bb-pl.eu\/pl\/wp-json\/wp\/v2\/media?parent=15874"}],"curies":[{"name":"wp","href":"https:\/\/api.w.org\/{rel}","templated":true}]}}