{"id":16113,"date":"2021-12-17T02:44:12","date_gmt":"2021-12-17T09:44:12","guid":{"rendered":"https:\/\/interregva-bb-pl.eu\/?page_id=16113"},"modified":"2021-12-17T02:50:56","modified_gmt":"2021-12-17T09:50:56","slug":"publiczne-konsultacje-prognozy-oddzialywania-na-srodowisko-dla-programu-interreg-brandenburgia-polska-2021-2027","status":"publish","type":"page","link":"https:\/\/interregva-bb-pl.eu\/pl\/publiczne-konsultacje-prognozy-oddzialywania-na-srodowisko-dla-programu-interreg-brandenburgia-polska-2021-2027\/","title":{"rendered":"PUBLICZNE KONSULTACJE PROGNOZY ODDZIA\u0141YWANIA NA \u015aRODOWISKO DLA PROGRAMU INTERREG BRANDENBURGIA-POLSKA 2021-2027"},"content":{"rendered":"<p><strong>Ministerstwo Finans\u00f3w i Spraw Europejskich Kraju Zwi\u0105zkowego Brandenburgia <\/strong><strong>zaprasza do udzia\u0142u w publicznych konsultacjach prognozy oddzia\u0142ywania na \u015brodowisko dla projektu programu Interreg Brandenburgia-Polska 2021-2027. <\/strong><\/p>\n<p><strong>Uwagi dotycz\u0105ce prognozy mo\u017cna zg\u0142asza\u0107 do 18 lutego 2022 r.<\/strong><\/p>\n<p><a href=\"https:\/\/interregva-bb-pl.eu\/wp-content\/uploads\/2021\/12\/PL_Konsultacje.pdf\" target=\"_blank\" rel=\"noopener\"><strong>Og\u0142oszenie w wersji dost\u0119pnej bez barier<\/strong><\/a><\/p>\n<p>Dokumenty do pobrania:<\/p>\n<ul>\n<li><a href=\"https:\/\/interregva-bb-pl.eu\/wp-content\/uploads\/2021\/12\/20211217_Raport_srodowiskowy_INTERREG_BB_PL.pdf\" target=\"_blank\" rel=\"noopener\">Prognoza oddzia\u0142ywania na \u015brodowisko<\/a><\/li>\n<li><a href=\"https:\/\/interregva-bb-pl.eu\/wp-content\/uploads\/2021\/12\/2021-12-06_Projekt_Programu_Interreg_Brandenburgia-Polska_2021-2027.pdf\" target=\"_blank\" rel=\"noopener\">Projekt programu wsp\u00f3\u0142pracy Interreg Brandenburgia-Polska 2021-2027<\/a><\/li>\n<\/ul>\n<p>&nbsp;<\/p>\n<p>Projekt programu Interreg Brandenburgia-Polska 2021-2027 opracowa\u0142a polsko-niemiecka Grupa Robocza. Wybra\u0142a ona cztery kluczowe obszary wsparcia na lata 2021-2027:<\/p>\n<ul>\n<li>Priorytet 1: Innowacyjne pogranicze \u2013 transfer wiedzy i technologii na rzecz innowacyjnych rozwi\u0105za\u0144<\/li>\n<li>Priorytet 2: Odporne i zr\u00f3wnowa\u017cone pogranicze \u2013 zmiany klimatu i r\u00f3\u017cnorodno\u015b\u0107 biologiczna<\/li>\n<li>Priorytet 3: Atrakcyjne pogranicze \u2013 edukacja, kultura i turystyka<\/li>\n<li>Priorytet 4: Pogranicze dialogu \u2013 wsp\u00f3\u0142praca mieszka\u0144c\u00f3w i instytucji<\/li>\n<\/ul>\n<p><strong>Prognoza oddzia\u0142ywania na \u015brodowisko<\/strong> jest podstaw\u0105 prowadzonego post\u0119powania w sprawie strategicznej oceny oddzia\u0142ywania na \u015brodowisko. Post\u0119powanie to przewidziane jest zar\u00f3wno w prawie niemieckim, jak i polskim zgodnie z implementacj\u0105 dyrektywy 2001\/42\/WE Parlamentu Europejskiego i Rady z dnia 27 czerwca 2001 r. w sprawie oceny wp\u0142ywu niekt\u00f3rych plan\u00f3w i program\u00f3w na \u015brodowisko. G\u0142\u00f3wnym celem sporz\u0105dzenia prognozy jest <strong>ocena potencjalnych i rzeczywistych skutk\u00f3w realizacji programu Interreg Brandenburgia-Polska 2021-2027 na \u015brodowisko<\/strong>.<\/p>\n<p>Konsultacje publiczne prowadzone s\u0105 zgodnie z \u00a7 42 niemieckiej Ustawy o ocenie oddzia\u0142ywania na \u015brodowisko (UVPG) w wersji og\u0142oszonej 18 marca 2021 r. (BGBl. I s. 540). Konsultacje publiczne przewidziane s\u0105 w prawie polskim w art. 54, ust. 2 ustawy z 3 pa\u017adziernika 2008 roku o udost\u0119pnianiu informacji o \u015brodowisku i jego ochronie, udziale spo\u0142ecze\u0144stwa w ochronie \u015brodowiska oraz o ocenach oddzia\u0142ywania na \u015brodowisko.<\/p>\n<p>Organem w\u0142a\u015bciwym do rozpatrzenia uwag jest Ministerstwo Finans\u00f3w i Spraw Europejskich Kraju Zwi\u0105zkowego Brandenburgia.<\/p>\n<p>Uwagi mo\u017cna zg\u0142asza\u0107 do Ministerstwa Finans\u00f3w i Europy Kraju Zwi\u0105zkowego Brandenburgia, Referat 53, Heinrich-Mann Allee 107, 14473 Potsdam lub poczt\u0105 elektroniczn\u0105 na adres: <a href=\"mailto:Christian.Lichniak@MDFE.Brandenburg.de\" target=\"_blank\" rel=\"noopener\">Christian.Lichniak@MDFE.Brandenburg.de<\/a>.<\/p>\n<p>Termin zg\u0142aszania uwag up\u0142ywa\u00a0<strong>18 lutego 2022 r.<\/strong><\/p>\n<p>Prognoza oddzia\u0142ywania na \u015brodowisko oraz projekt dokumentu programowego Interreg Brandenburgia-Polska 2021-2027 znajduj\u0105 si\u0119 poni\u017cej w formie dokumentu do pobrania.<\/p>\n<p>Prognoza oddzia\u0142ywania na \u015brodowisko ponadto zostanie wy\u0142o\u017cona do wgl\u0105du:<\/p>\n<p>od dnia 17 grudnia 2021 r. do dnia 17 stycznia 2022 r.<\/p>\n<p>w budynku nr 8 Ministerstwa Finans\u00f3w i Europy, Heinrich-Mann-Allee 107, 14473 Potsdam.<\/p>\n<p>Ze wzgl\u0119du na pandemi\u0119 prosimy o wcze\u015bniejsze um\u00f3wienie si\u0119 na wizyt\u0119 telefonicznie (0331 866 6575) lub mailowo (<a href=\"mailto:Christian.Lichniak@MDFE.Brandenburg.de\" target=\"_blank\" rel=\"noopener\">Christian.Lichniak@MDFE.Brandenburg.de<\/a>). Obowi\u0105zuj\u0105ce regulacje dotycz\u0105ce publicznego dost\u0119pu do budynk\u00f3w ministerstwa zostan\u0105 podane do wiadomo\u015bci przy ustalaniu terminu spotkania.<\/p>\n<p>Po przyj\u0119ciu programu przez Komisj\u0119 UE przyj\u0119ty program, podsumowuj\u0105ce o\u015bwiadczenie o tym, w jaki spos\u00f3b aspekty \u015brodowiskowe zosta\u0142y w\u0142\u0105czone do programu oraz \u015brodki przyj\u0119te w celu monitorowania zostan\u0105 podane do publicznej wiadomo\u015bci.<\/p>\n","protected":false},"excerpt":{"rendered":"<p>Ministerstwo Finans\u00f3w i Spraw Europejskich Kraju Zwi\u0105zkowego Brandenburgia zaprasza do udzia\u0142u w publicznych konsultacjach prognozy oddzia\u0142ywania na \u015brodowisko dla projektu programu Interreg Brandenburgia-Polska 2021-2027. Uwagi dotycz\u0105ce prognozy mo\u017cna zg\u0142asza\u0107 do 18 lutego 2022 r. Og\u0142oszenie w wersji dost\u0119pnej bez barier Dokumenty do pobrania: Prognoza oddzia\u0142ywania na \u015brodowisko Projekt programu wsp\u00f3\u0142pracy Interreg Brandenburgia-Polska 2021-2027 &nbsp; Projekt [&hellip;]<\/p>\n","protected":false},"author":140,"featured_media":0,"parent":0,"menu_order":0,"comment_status":"closed","ping_status":"closed","template":"","meta":{"site-sidebar-layout":"default","site-content-layout":"default","ast-site-content-layout":"","site-content-style":"default","site-sidebar-style":"default","ast-global-header-display":"","ast-banner-title-visibility":"","ast-main-header-display":"","ast-hfb-above-header-display":"","ast-hfb-below-header-display":"","ast-hfb-mobile-header-display":"","site-post-title":"","ast-breadcrumbs-content":"","ast-featured-img":"","footer-sml-layout":"","theme-transparent-header-meta":"default","adv-header-id-meta":"","stick-header-meta":"","header-above-stick-meta":"","header-main-stick-meta":"","header-below-stick-meta":"","astra-migrate-meta-layouts":"default","ast-page-background-enabled":"default","ast-page-background-meta":{"desktop":{"background-color":"","background-image":"","background-repeat":"repeat","background-position":"center center","background-size":"auto","background-attachment":"scroll","background-type":"","background-media":"","overlay-type":"","overlay-color":"","overlay-opacity":"","overlay-gradient":""},"tablet":{"background-color":"","background-image":"","background-repeat":"repeat","background-position":"center center","background-size":"auto","background-attachment":"scroll","background-type":"","background-media":"","overlay-type":"","overlay-color":"","overlay-opacity":"","overlay-gradient":""},"mobile":{"background-color":"","background-image":"","background-repeat":"repeat","background-position":"center center","background-size":"auto","background-attachment":"scroll","background-type":"","background-media":"","overlay-type":"","overlay-color":"","overlay-opacity":"","overlay-gradient":""}},"ast-content-background-meta":{"desktop":{"background-color":"var(--ast-global-color-5)","background-image":"","background-repeat":"repeat","background-position":"center center","background-size":"auto","background-attachment":"scroll","background-type":"","background-media":"","overlay-type":"","overlay-color":"","overlay-opacity":"","overlay-gradient":""},"tablet":{"background-color":"var(--ast-global-color-5)","background-image":"","background-repeat":"repeat","background-position":"center center","background-size":"auto","background-attachment":"scroll","background-type":"","background-media":"","overlay-type":"","overlay-color":"","overlay-opacity":"","overlay-gradient":""},"mobile":{"background-color":"var(--ast-global-color-5)","background-image":"","background-repeat":"repeat","background-position":"center center","background-size":"auto","background-attachment":"scroll","background-type":"","background-media":"","overlay-type":"","overlay-color":"","overlay-opacity":"","overlay-gradient":""}},"footnotes":""},"class_list":["post-16113","page","type-page","status-publish","hentry"],"_links":{"self":[{"href":"https:\/\/interregva-bb-pl.eu\/pl\/wp-json\/wp\/v2\/pages\/16113"}],"collection":[{"href":"https:\/\/interregva-bb-pl.eu\/pl\/wp-json\/wp\/v2\/pages"}],"about":[{"href":"https:\/\/interregva-bb-pl.eu\/pl\/wp-json\/wp\/v2\/types\/page"}],"author":[{"embeddable":true,"href":"https:\/\/interregva-bb-pl.eu\/pl\/wp-json\/wp\/v2\/users\/140"}],"replies":[{"embeddable":true,"href":"https:\/\/interregva-bb-pl.eu\/pl\/wp-json\/wp\/v2\/comments?post=16113"}],"version-history":[{"count":6,"href":"https:\/\/interregva-bb-pl.eu\/pl\/wp-json\/wp\/v2\/pages\/16113\/revisions"}],"predecessor-version":[{"id":16120,"href":"https:\/\/interregva-bb-pl.eu\/pl\/wp-json\/wp\/v2\/pages\/16113\/revisions\/16120"}],"wp:attachment":[{"href":"https:\/\/interregva-bb-pl.eu\/pl\/wp-json\/wp\/v2\/media?parent=16113"}],"curies":[{"name":"wp","href":"https:\/\/api.w.org\/{rel}","templated":true}]}}