{"id":16243,"date":"2022-01-03T07:31:37","date_gmt":"2022-01-03T14:31:37","guid":{"rendered":"https:\/\/interregva-bb-pl.eu\/?page_id=16243"},"modified":"2022-01-03T07:32:44","modified_gmt":"2022-01-03T14:32:44","slug":"85015964-projekt-zakonczony","status":"publish","type":"page","link":"https:\/\/interregva-bb-pl.eu\/pl\/85015964-projekt-zakonczony\/","title":{"rendered":"85015964 &#8211; projekt zako\u0144czony"},"content":{"rendered":"<h3><strong>Przyrodnicza edukacja w zakresie zoologii i botaniki w Cottbus i Zielonej G\u00f3rze<\/strong><\/h3>\n<p>&nbsp;<\/p>\n<p><img decoding=\"async\" class=\"thumbnail\" src=\"https:\/\/interregva-bb-pl.eu\/wp-content\/uploads\/2022\/01\/85015964_WEB_Abschl_Titelbild-alt.jpg\" alt=\"\" \/><\/p>\n<p data-wahfont=\"15\"><strong>Partnerzy: <\/strong><br \/>\n\u2013 Stadtverwaltung Cottbus \/ Urz\u0105d Miasta Cottbus (BW)<br \/>\n\u2013 Miasto Zielona G\u00f3ra \/ ZGKiM<br \/>\n\u2013 Zielonog\u00f3rski O\u015brodek Kultury<\/p>\n<p data-wahfont=\"15\"><strong>Dofinansowanie (EFRR): <\/strong>\u00a0594.380,48 Euro<\/p>\n<p data-wahfont=\"15\"><strong>Okres realizacji: <\/strong>01.07.2017-30.04.2021<\/p>\n<p><strong><img loading=\"lazy\" decoding=\"async\" class=\"thumbnail alignright\" src=\"https:\/\/interregva-bb-pl.eu\/wp-content\/uploads\/2022\/01\/85015964_WEB_Abschl_Fot6.jpg\" alt=\"\" width=\"496\" height=\"302\" \/>Celem projektu<\/strong> by\u0142o stworzenie i poszerzenie wsp\u00f3lnych, transgranicznych ofert edukacyjnych w Zoo Cottbus i w Ogrodzie Botanicznym w Zielonej G\u00f3rze oraz wzmocnienie dzi\u0119ki wykorzystaniu tych ofert transgranicznych kompetencji oraz mo\u017cliwo\u015bci ustawicznego kszta\u0142cenia.<\/p>\n<p>Wszystkie zaplanowane w projekcie zadania zosta\u0142y z powodzeniem zrealizowane. Zaplanowane docelowe warto\u015bci wska\u017anik\u00f3w zosta\u0142y osi\u0105gni\u0119te, a po cz\u0119\u015bci istotnie przekroczone: m.in. potencja\u0142 obu partner\u00f3w w zakresie edukacyjnej obs\u0142ugi publiczno\u015bci wzr\u00f3s\u0142 \u0142\u0105cznie o 80 os\u00f3b. W sumie ze wsp\u00f3lnych ofert edukacyjnych skorzysta\u0142o 2981 os\u00f3b. Odbyto 7 spotka\u0144 roboczych i konferencji, a na u\u017cytek projektu zatrudniono dw\u00f3ch pedagog\u00f3w.<\/p>\n<p><img loading=\"lazy\" decoding=\"async\" class=\"thumbnail alignleft\" src=\"https:\/\/interregva-bb-pl.eu\/wp-content\/uploads\/2022\/01\/85015964_WEB_Abschl_Fot7.jpg\" alt=\"\" width=\"451\" height=\"330\" \/>Poszerzenie ofert edukacyjnych zosta\u0142o zrealizowane przez transgraniczne grupy robocze sk\u0142adaj\u0105ce si\u0119 z polskich i niemieckich wychowawc\u00f3w, nauczycieli i pracownik\u00f3w Zoo i Ogrodu Botanicznego. Wsp\u00f3lnie i transgranicznie opracowano materia\u0142y dydaktyczne (teczki \u0107wicze\u0144) i wykonano oznakowanie, a tak\u017ce przeprowadzono wydarzenia i konferencje.<\/p>\n<p>W fazie korzystania z ofert edukacyjnych wzmacniane by\u0142y i s\u0105 transgraniczne umiej\u0119tno\u015bci i kompetencje uczestnik\u00f3w poprzez wsp\u00f3ln\u0105 nauk\u0119 i prac\u0119 na zaj\u0119ciach. Kolejne wa\u017cne zadanie polega\u0142o na wzmocnieniu kompetencji j\u0119zykowych u uczestnik\u00f3w projektu, przede wszystkim poprzez konsekwentne u\u017cywanie obu j\u0119zyk\u00f3w podczas lekcji i wymian oraz transgranicznych spotka\u0144.<\/p>\n<p><img loading=\"lazy\" decoding=\"async\" class=\"thumbnail alignright\" src=\"https:\/\/interregva-bb-pl.eu\/wp-content\/uploads\/2022\/01\/85015964_WEB_Abschl_Fot5.jpg\" alt=\"\" width=\"492\" height=\"328\" \/>Wskutek dzia\u0142ania si\u0142y wy\u017cszej \u2013 pandemii koronawirusa \u2013 opracowano dwuj\u0119zyczne oferty online, kt\u00f3re mia\u0142y zrekompensowa\u0107 niemo\u017cliwe zaj\u0119cia stacjonarne, kt\u00f3re, jak wida\u0107 po uczestnikach, zosta\u0142y bardzo dobrze przyj\u0119te. W zwi\u0105zku z pandemi\u0105 obie konferencje zosta\u0142y przeprowadzone jako wideokonferencje. Materia\u0142y dydaktyczne PP3 zosta\u0142y dopasowane do dzia\u0142a\u0144 online. Materia\u0142y (5 zestaw\u00f3w) w formie plik\u00f3w pdf w dw\u00f3ch wersjach j\u0119zykowych zosta\u0142y dopasowane do film\u00f3w.<\/p>\n<p>Bezpo\u015bredni\u0105 korzy\u015bci\u0105 z projektu jest ugruntowana wsp\u00f3\u0142praca pomi\u0119dzy Zoo i Ogrodem Botanicznym.<\/p>\n<p>Linki:<\/p>\n<p><a href=\"https:\/\/www.facebook.com\/pages\/category\/Education-Website\/Przyrodnicza-edukacja-Naturkundliche-Bildung-Cottbus-Zielona-G%C3%B3ra-2260867720834306\/\" target=\"_blank\" rel=\"noopener\">https:\/\/www.facebook.com\/pages\/category\/Education-Website\/Przyrodnicza-edukacja-Naturkundliche-Bildung-Cottbus-Zielona-G%C3%B3ra-2260867720834306\/<\/a><\/p>\n<p><a href=\"https:\/\/www.tierparkcottbus.de\/de\/zooschule\/foerderung-zooschule.html\" target=\"_blank\" rel=\"noopener\">https:\/\/www.tierparkcottbus.de\/de\/zooschule\/foerderung-zooschule.html<\/a><\/p>\n<p>&nbsp;<\/p>\n","protected":false},"excerpt":{"rendered":"<p>Przyrodnicza edukacja w zakresie zoologii i botaniki w Cottbus i Zielonej G\u00f3rze &nbsp; Partnerzy: \u2013 Stadtverwaltung Cottbus \/ Urz\u0105d Miasta Cottbus (BW) \u2013 Miasto Zielona G\u00f3ra \/ ZGKiM \u2013 Zielonog\u00f3rski O\u015brodek Kultury Dofinansowanie (EFRR): \u00a0594.380,48 Euro Okres realizacji: 01.07.2017-30.04.2021 Celem projektu by\u0142o stworzenie i poszerzenie wsp\u00f3lnych, transgranicznych ofert edukacyjnych w Zoo Cottbus i w Ogrodzie [&hellip;]<\/p>\n","protected":false},"author":140,"featured_media":0,"parent":0,"menu_order":0,"comment_status":"closed","ping_status":"closed","template":"","meta":{"site-sidebar-layout":"default","site-content-layout":"default","ast-site-content-layout":"","site-content-style":"default","site-sidebar-style":"default","ast-global-header-display":"","ast-banner-title-visibility":"","ast-main-header-display":"","ast-hfb-above-header-display":"","ast-hfb-below-header-display":"","ast-hfb-mobile-header-display":"","site-post-title":"","ast-breadcrumbs-content":"","ast-featured-img":"","footer-sml-layout":"","theme-transparent-header-meta":"default","adv-header-id-meta":"","stick-header-meta":"","header-above-stick-meta":"","header-main-stick-meta":"","header-below-stick-meta":"","astra-migrate-meta-layouts":"default","ast-page-background-enabled":"default","ast-page-background-meta":{"desktop":{"background-color":"","background-image":"","background-repeat":"repeat","background-position":"center center","background-size":"auto","background-attachment":"scroll","background-type":"","background-media":"","overlay-type":"","overlay-color":"","overlay-opacity":"","overlay-gradient":""},"tablet":{"background-color":"","background-image":"","background-repeat":"repeat","background-position":"center center","background-size":"auto","background-attachment":"scroll","background-type":"","background-media":"","overlay-type":"","overlay-color":"","overlay-opacity":"","overlay-gradient":""},"mobile":{"background-color":"","background-image":"","background-repeat":"repeat","background-position":"center center","background-size":"auto","background-attachment":"scroll","background-type":"","background-media":"","overlay-type":"","overlay-color":"","overlay-opacity":"","overlay-gradient":""}},"ast-content-background-meta":{"desktop":{"background-color":"var(--ast-global-color-5)","background-image":"","background-repeat":"repeat","background-position":"center center","background-size":"auto","background-attachment":"scroll","background-type":"","background-media":"","overlay-type":"","overlay-color":"","overlay-opacity":"","overlay-gradient":""},"tablet":{"background-color":"var(--ast-global-color-5)","background-image":"","background-repeat":"repeat","background-position":"center center","background-size":"auto","background-attachment":"scroll","background-type":"","background-media":"","overlay-type":"","overlay-color":"","overlay-opacity":"","overlay-gradient":""},"mobile":{"background-color":"var(--ast-global-color-5)","background-image":"","background-repeat":"repeat","background-position":"center center","background-size":"auto","background-attachment":"scroll","background-type":"","background-media":"","overlay-type":"","overlay-color":"","overlay-opacity":"","overlay-gradient":""}},"footnotes":""},"class_list":["post-16243","page","type-page","status-publish","hentry"],"_links":{"self":[{"href":"https:\/\/interregva-bb-pl.eu\/pl\/wp-json\/wp\/v2\/pages\/16243"}],"collection":[{"href":"https:\/\/interregva-bb-pl.eu\/pl\/wp-json\/wp\/v2\/pages"}],"about":[{"href":"https:\/\/interregva-bb-pl.eu\/pl\/wp-json\/wp\/v2\/types\/page"}],"author":[{"embeddable":true,"href":"https:\/\/interregva-bb-pl.eu\/pl\/wp-json\/wp\/v2\/users\/140"}],"replies":[{"embeddable":true,"href":"https:\/\/interregva-bb-pl.eu\/pl\/wp-json\/wp\/v2\/comments?post=16243"}],"version-history":[{"count":2,"href":"https:\/\/interregva-bb-pl.eu\/pl\/wp-json\/wp\/v2\/pages\/16243\/revisions"}],"predecessor-version":[{"id":16245,"href":"https:\/\/interregva-bb-pl.eu\/pl\/wp-json\/wp\/v2\/pages\/16243\/revisions\/16245"}],"wp:attachment":[{"href":"https:\/\/interregva-bb-pl.eu\/pl\/wp-json\/wp\/v2\/media?parent=16243"}],"curies":[{"name":"wp","href":"https:\/\/api.w.org\/{rel}","templated":true}]}}