{"id":16298,"date":"2022-01-26T07:01:44","date_gmt":"2022-01-26T14:01:44","guid":{"rendered":"https:\/\/interregva-bb-pl.eu\/?page_id=16298"},"modified":"2022-01-26T07:01:44","modified_gmt":"2022-01-26T14:01:44","slug":"85012403-projekt-zakonczony","status":"publish","type":"page","link":"https:\/\/interregva-bb-pl.eu\/pl\/85012403-projekt-zakonczony\/","title":{"rendered":"85012403 &#8211; projekt zako\u0144czony"},"content":{"rendered":"<h3><strong>Rozbudowa dr\u00f3g powiatowych K6409 w Powiecie MOL i 1405F w Powiecie Gorzowskim \u00a0<\/strong><\/h3>\n<p>&nbsp;<\/p>\n<p><img decoding=\"async\" class=\"thumbnail\" src=\"https:\/\/interregva-bb-pl.eu\/wp-content\/uploads\/2022\/01\/85012403_Titelbild-scaled.jpg\" alt=\"\" \/><\/p>\n<p><strong>Partnerzy:<\/strong><br \/>\n\u2013 Landkreis M\u00e4rkisch-Oderland \/ Powiat Nadodrze Marchijskie (BW)<br \/>\n\u2013 Powiat Gorzowski<\/p>\n<p><strong>Dofinansowanie (EFRR)<\/strong>: 2.313.923,39 EUR<\/p>\n<p><strong>Okres realizacji<\/strong>: 1.06.2017 \u2013 31.01.2020<\/p>\n<p><img loading=\"lazy\" decoding=\"async\" class=\"thumbnail alignleft\" src=\"https:\/\/interregva-bb-pl.eu\/wp-content\/uploads\/2022\/01\/85012403_Fot2.jpeg\" alt=\"\" width=\"422\" height=\"237\" \/><\/p>\n<p>Celem projektu by\u0142o usuni\u0119cie niedobor\u00f3w przepustowo\u015bci w transgranicznie oddzia\u0142uj\u0105cej infrastrukturze transportowej w celu zwi\u0119kszenia jej dost\u0119pno\u015bci. Obj\u0105\u0142 on modernizacj\u0119 dw\u00f3ch dr\u00f3g powiatowych:<\/p>\n<ul>\n<li>Drogi nr K6409 W powiecie M\u00e4rkisch-Oderland, kt\u00f3ra na terenie przygranicznym poprzez drog\u0119 nr K6408 i L34 prowadzi do przej\u015bcia granicznego G\u00fcstebieser Loose\/Gozdowice. Podstaw\u0119 przy\u0142\u0105czenia stanowi droga Oder-Lausitz-Trasse B167\/B112.<\/li>\n<li>Drogi nr 1405F w powiecie gorzowskim, kt\u00f3ra poprzez drog\u0119 wojew\u00f3dzk\u0105 nr 151 i 132 prowadzi do przej\u015bcia granicznego K\u00fcstrin-Kietz\/Kostrzyn. Przy\u0142\u0105czenie do drogi ekspresowej S3 (Szczecin-Gorz\u00f3w-Zielona G\u00f3ra) kt\u00f3ra nale\u017cy do sieci TEN-T stanowi droga powiatowa 1410.<img loading=\"lazy\" decoding=\"async\" class=\"thumbnail alignright\" src=\"https:\/\/interregva-bb-pl.eu\/wp-content\/uploads\/2022\/01\/85012403_Fot5-scaled.jpeg\" alt=\"\" width=\"418\" height=\"263\" \/><\/li>\n<\/ul>\n<p>Projekt zosta\u0142 planowo przeprowadzony i rozliczony. W ramach projektu dokonano rozbudowy dr\u00f3g o \u0142\u0105cznej d\u0142ugo\u015bci 7,46 km, na d\u0142ugo\u015bci 0,38 km poprawiaj\u0105c pojemno\u015b\u0107 instalacji \u015bciekowej. Na d\u0142ugo\u015bci 10 km odnowiono o\u015bwietlenie drogowe. W ten spos\u00f3b osi\u0105gni\u0119to cel projektu: uzyskanie kr\u00f3tszych czas\u00f3w transgranicznych przejazd\u00f3w. Uda\u0142o si\u0119 dzi\u0119ki temu skr\u00f3ci\u0107 czasy przejazd\u00f3w i poprawi\u0107 dost\u0119pno\u015b\u0107 obszaru wsparcia.<\/p>\n<p><img loading=\"lazy\" decoding=\"async\" class=\"thumbnail alignleft\" src=\"https:\/\/interregva-bb-pl.eu\/wp-content\/uploads\/2022\/01\/85012403_Fot3tablica.jpeg\" alt=\"\" width=\"354\" height=\"305\" \/>Nast\u0105pi\u0142o d\u0142ugotrwa\u0142e ograniczenie emisji ha\u0142asu drogowego i zanieczyszcze\u0144. Zwi\u0119kszono wytrzyma\u0142o\u015b\u0107 oraz bezpiecze\u0144stwo w ruchu drogowym. Wsp\u00f3\u0142praca zaanga\u017cowanych gmin zosta\u0142a podtrzymana i wzmocniona. Dzi\u0119ki tym rezultatom projektu zosta\u0142 podniesiony odsetek transgranicznie oddzia\u0142ywuj\u0105cych po\u0142\u0105cze\u0144 drogowych.<\/p>\n<p>LINK: <a href=\"https:\/\/www.powiatgorzowski.pl\/ewt-rozbudowa-drog-powiatowych-k6409-w-powiecie-mol-i-1405f-w-powiecie-gorzowskim\/\">https:\/\/www.powiatgorzowski.pl\/ewt-rozbudowa-drog-powiatowych-k6409-w-powiecie-mol-i-1405f-w-powiecie-gorzowskim\/<\/a><\/p>\n","protected":false},"excerpt":{"rendered":"<p>Rozbudowa dr\u00f3g powiatowych K6409 w Powiecie MOL i 1405F w Powiecie Gorzowskim \u00a0 &nbsp; Partnerzy: \u2013 Landkreis M\u00e4rkisch-Oderland \/ Powiat Nadodrze Marchijskie (BW) \u2013 Powiat Gorzowski Dofinansowanie (EFRR): 2.313.923,39 EUR Okres realizacji: 1.06.2017 \u2013 31.01.2020 Celem projektu by\u0142o usuni\u0119cie niedobor\u00f3w przepustowo\u015bci w transgranicznie oddzia\u0142uj\u0105cej infrastrukturze transportowej w celu zwi\u0119kszenia jej dost\u0119pno\u015bci. Obj\u0105\u0142 on modernizacj\u0119 dw\u00f3ch [&hellip;]<\/p>\n","protected":false},"author":140,"featured_media":0,"parent":0,"menu_order":0,"comment_status":"closed","ping_status":"closed","template":"","meta":{"site-sidebar-layout":"default","site-content-layout":"default","ast-site-content-layout":"","site-content-style":"default","site-sidebar-style":"default","ast-global-header-display":"","ast-banner-title-visibility":"","ast-main-header-display":"","ast-hfb-above-header-display":"","ast-hfb-below-header-display":"","ast-hfb-mobile-header-display":"","site-post-title":"","ast-breadcrumbs-content":"","ast-featured-img":"","footer-sml-layout":"","theme-transparent-header-meta":"","adv-header-id-meta":"","stick-header-meta":"","header-above-stick-meta":"","header-main-stick-meta":"","header-below-stick-meta":"","astra-migrate-meta-layouts":"default","ast-page-background-enabled":"default","ast-page-background-meta":{"desktop":{"background-color":"","background-image":"","background-repeat":"repeat","background-position":"center center","background-size":"auto","background-attachment":"scroll","background-type":"","background-media":"","overlay-type":"","overlay-color":"","overlay-opacity":"","overlay-gradient":""},"tablet":{"background-color":"","background-image":"","background-repeat":"repeat","background-position":"center center","background-size":"auto","background-attachment":"scroll","background-type":"","background-media":"","overlay-type":"","overlay-color":"","overlay-opacity":"","overlay-gradient":""},"mobile":{"background-color":"","background-image":"","background-repeat":"repeat","background-position":"center center","background-size":"auto","background-attachment":"scroll","background-type":"","background-media":"","overlay-type":"","overlay-color":"","overlay-opacity":"","overlay-gradient":""}},"ast-content-background-meta":{"desktop":{"background-color":"var(--ast-global-color-5)","background-image":"","background-repeat":"repeat","background-position":"center center","background-size":"auto","background-attachment":"scroll","background-type":"","background-media":"","overlay-type":"","overlay-color":"","overlay-opacity":"","overlay-gradient":""},"tablet":{"background-color":"var(--ast-global-color-5)","background-image":"","background-repeat":"repeat","background-position":"center center","background-size":"auto","background-attachment":"scroll","background-type":"","background-media":"","overlay-type":"","overlay-color":"","overlay-opacity":"","overlay-gradient":""},"mobile":{"background-color":"var(--ast-global-color-5)","background-image":"","background-repeat":"repeat","background-position":"center center","background-size":"auto","background-attachment":"scroll","background-type":"","background-media":"","overlay-type":"","overlay-color":"","overlay-opacity":"","overlay-gradient":""}},"footnotes":""},"class_list":["post-16298","page","type-page","status-publish","hentry"],"_links":{"self":[{"href":"https:\/\/interregva-bb-pl.eu\/pl\/wp-json\/wp\/v2\/pages\/16298"}],"collection":[{"href":"https:\/\/interregva-bb-pl.eu\/pl\/wp-json\/wp\/v2\/pages"}],"about":[{"href":"https:\/\/interregva-bb-pl.eu\/pl\/wp-json\/wp\/v2\/types\/page"}],"author":[{"embeddable":true,"href":"https:\/\/interregva-bb-pl.eu\/pl\/wp-json\/wp\/v2\/users\/140"}],"replies":[{"embeddable":true,"href":"https:\/\/interregva-bb-pl.eu\/pl\/wp-json\/wp\/v2\/comments?post=16298"}],"version-history":[{"count":1,"href":"https:\/\/interregva-bb-pl.eu\/pl\/wp-json\/wp\/v2\/pages\/16298\/revisions"}],"predecessor-version":[{"id":16299,"href":"https:\/\/interregva-bb-pl.eu\/pl\/wp-json\/wp\/v2\/pages\/16298\/revisions\/16299"}],"wp:attachment":[{"href":"https:\/\/interregva-bb-pl.eu\/pl\/wp-json\/wp\/v2\/media?parent=16298"}],"curies":[{"name":"wp","href":"https:\/\/api.w.org\/{rel}","templated":true}]}}