{"id":16567,"date":"2022-04-07T03:34:40","date_gmt":"2022-04-07T10:34:40","guid":{"rendered":"https:\/\/interregva-bb-pl.eu\/?page_id=16567"},"modified":"2022-10-27T06:18:25","modified_gmt":"2022-10-27T13:18:25","slug":"perspektywa-2021-2027-2","status":"publish","type":"page","link":"https:\/\/interregva-bb-pl.eu\/pl\/perspektywa-2021-2027-2\/","title":{"rendered":"Perspektywa 2021-2027"},"content":{"rendered":"<div class=\"elementor-column elementor-col-66 elementor-top-column elementor-element elementor-element-7428dfc1\" data-id=\"7428dfc1\" data-element_type=\"column\">\n<div class=\"elementor-column-wrap elementor-element-populated\">\n<div class=\"elementor-widget-wrap\">\n<div class=\"elementor-element elementor-element-464b0b3f elementor-widget elementor-widget-theme-post-content\" data-id=\"464b0b3f\" data-element_type=\"widget\" data-widget_type=\"theme-post-content.default\">\n<div class=\"elementor-widget-container\">\n<p data-wahfont=\"15\">Dalsze informacje o rozpoczynaj\u0105cym si\u0119 nowym programie znajd\u0105 Pa\u0144stwo na<\/p>\n<h4 data-wahfont=\"15\"><a href=\"https:\/\/interreg-brandenburg-polska.eu\/\" target=\"_blank\" rel=\"noopener\">stronie internetowej programu wsp\u00f3\u0142pracy INTERREG VIA Brandenburg &#8211; Polska<\/a><\/h4>\n<p data-wahfont=\"15\">\n<p class=\"gwpe8ba8f54_MsoNormal\" data-wahfont=\"15\"><strong><a href=\"https:\/\/interregva-bb-pl.eu\/wp-content\/uploads\/2022\/04\/BB-PL_PW-Projekt_220401.pdf\" target=\"_blank\" rel=\"noopener noreferrer\" data-saferedirecturl=\"https:\/\/zasobygwp.pl\/redirect?sig=e7c905f21c41ce6a783572f79313e7e48d3c60609489d175096d5c86f7403b38&amp;url=aHR0cHM6Ly9pbnRlcnJlZ3ZhLWJiLXBsLmV1L3dwLWNvbnRlbnQvdXBsb2Fkcy8yMDIxLzEyLzIwMjEtMTItMDZfUHJvamVrdF9Qcm9ncmFtdV9JbnRlcnJlZ19CcmFuZGVuYnVyZ2lhLVBvbHNrYV8yMDIxLTIwMjcucGRm&amp;platform=desktop&amp;brand=wp\" data-wahfont=\"15\">Projekt Programu Wsp\u00f3\u0142pracy Interreg Brandenburgia-Polska 2021-2027 po konsultacjach spo\u0142ecznych<\/a><\/strong><\/p>\n<p data-wahfont=\"15\"><strong><a href=\"https:\/\/interregva-bb-pl.eu\/wp-content\/uploads\/2022\/04\/BB-PL_KP-Entw_PW-Proj_Konsult_Auswert-Podsum_220401.pdf\" target=\"_blank\" rel=\"noopener\" data-wahfont=\"15\">Tabelaryczne zestawienie wynik\u00f3w konsultacji spo\u0142ecznych Programu<\/a><\/strong><\/p>\n<p class=\"gwpe8ba8f54_MsoNormal\" data-wahfont=\"15\"><a href=\"https:\/\/interregva-bb-pl.eu\/wp-content\/uploads\/2021\/12\/20211217_Raport_srodowiskowy_INTERREG_BB_PL.pdf\" rel=\"noopener noreferrer\" data-saferedirecturl=\"https:\/\/zasobygwp.pl\/redirect?sig=bcaf20c004715462d9cbd4357ef9a65d1eab508ac79e749825483c8c32b535aa&amp;url=aHR0cHM6Ly9pbnRlcnJlZ3ZhLWJiLXBsLmV1L3dwLWNvbnRlbnQvdXBsb2Fkcy8yMDIxLzEyLzIwMjExMjE3X1JhcG9ydF9zcm9kb3dpc2tvd3lfSU5URVJSRUdfQkJfUEwucGRm&amp;platform=desktop&amp;brand=wp\" data-wahfont=\"15\">Prognoza oddzia\u0142ywania na \u015brodowisko<\/a><\/p>\n<p data-wahfont=\"15\"><a href=\"https:\/\/eur-lex.europa.eu\/legal-content\/PL\/TXT\/PDF\/?uri=OJ:L:2021:231:FULL&amp;from=EN\" data-wahfont=\"15\">Dziennik Urz\u0119dowy Unii Europejskiej:<\/a><\/p>\n<p data-wahfont=\"15\">\u2013 nowe Rozporz\u0105dzenie EFRR (UE) nr 2021\/1058 (od strony 60),<\/p>\n<p data-wahfont=\"15\">\u2013 nowe Rozporz\u0105dzenie Interreg (UE) nr 2021\/1059 (od strony 94),<\/p>\n<p data-wahfont=\"15\">\u2013 nowe Rozporz\u0105dzenie og\u00f3lne (przepisy wsp\u00f3lne dla funduszy) (UE) nr 2021\/1060 (od strony 159).<\/p>\n<\/div>\n<\/div>\n<\/div>\n<\/div>\n<\/div>\n","protected":false},"excerpt":{"rendered":"<p>Dalsze informacje o rozpoczynaj\u0105cym si\u0119 nowym programie znajd\u0105 Pa\u0144stwo na stronie internetowej programu wsp\u00f3\u0142pracy INTERREG VIA Brandenburg &#8211; Polska Projekt Programu Wsp\u00f3\u0142pracy Interreg Brandenburgia-Polska 2021-2027 po konsultacjach spo\u0142ecznych Tabelaryczne zestawienie wynik\u00f3w konsultacji spo\u0142ecznych Programu Prognoza oddzia\u0142ywania na \u015brodowisko Dziennik Urz\u0119dowy Unii Europejskiej: \u2013 nowe Rozporz\u0105dzenie EFRR (UE) nr 2021\/1058 (od strony 60), \u2013 nowe Rozporz\u0105dzenie [&hellip;]<\/p>\n","protected":false},"author":140,"featured_media":0,"parent":0,"menu_order":0,"comment_status":"closed","ping_status":"closed","template":"","meta":{"site-sidebar-layout":"default","site-content-layout":"default","ast-site-content-layout":"","site-content-style":"default","site-sidebar-style":"default","ast-global-header-display":"","ast-banner-title-visibility":"","ast-main-header-display":"","ast-hfb-above-header-display":"","ast-hfb-below-header-display":"","ast-hfb-mobile-header-display":"","site-post-title":"","ast-breadcrumbs-content":"","ast-featured-img":"","footer-sml-layout":"","theme-transparent-header-meta":"default","adv-header-id-meta":"","stick-header-meta":"","header-above-stick-meta":"","header-main-stick-meta":"","header-below-stick-meta":"","astra-migrate-meta-layouts":"default","ast-page-background-enabled":"default","ast-page-background-meta":{"desktop":{"background-color":"","background-image":"","background-repeat":"repeat","background-position":"center center","background-size":"auto","background-attachment":"scroll","background-type":"","background-media":"","overlay-type":"","overlay-color":"","overlay-opacity":"","overlay-gradient":""},"tablet":{"background-color":"","background-image":"","background-repeat":"repeat","background-position":"center center","background-size":"auto","background-attachment":"scroll","background-type":"","background-media":"","overlay-type":"","overlay-color":"","overlay-opacity":"","overlay-gradient":""},"mobile":{"background-color":"","background-image":"","background-repeat":"repeat","background-position":"center center","background-size":"auto","background-attachment":"scroll","background-type":"","background-media":"","overlay-type":"","overlay-color":"","overlay-opacity":"","overlay-gradient":""}},"ast-content-background-meta":{"desktop":{"background-color":"var(--ast-global-color-5)","background-image":"","background-repeat":"repeat","background-position":"center center","background-size":"auto","background-attachment":"scroll","background-type":"","background-media":"","overlay-type":"","overlay-color":"","overlay-opacity":"","overlay-gradient":""},"tablet":{"background-color":"var(--ast-global-color-5)","background-image":"","background-repeat":"repeat","background-position":"center center","background-size":"auto","background-attachment":"scroll","background-type":"","background-media":"","overlay-type":"","overlay-color":"","overlay-opacity":"","overlay-gradient":""},"mobile":{"background-color":"var(--ast-global-color-5)","background-image":"","background-repeat":"repeat","background-position":"center center","background-size":"auto","background-attachment":"scroll","background-type":"","background-media":"","overlay-type":"","overlay-color":"","overlay-opacity":"","overlay-gradient":""}},"footnotes":""},"class_list":["post-16567","page","type-page","status-publish","hentry"],"_links":{"self":[{"href":"https:\/\/interregva-bb-pl.eu\/pl\/wp-json\/wp\/v2\/pages\/16567"}],"collection":[{"href":"https:\/\/interregva-bb-pl.eu\/pl\/wp-json\/wp\/v2\/pages"}],"about":[{"href":"https:\/\/interregva-bb-pl.eu\/pl\/wp-json\/wp\/v2\/types\/page"}],"author":[{"embeddable":true,"href":"https:\/\/interregva-bb-pl.eu\/pl\/wp-json\/wp\/v2\/users\/140"}],"replies":[{"embeddable":true,"href":"https:\/\/interregva-bb-pl.eu\/pl\/wp-json\/wp\/v2\/comments?post=16567"}],"version-history":[{"count":5,"href":"https:\/\/interregva-bb-pl.eu\/pl\/wp-json\/wp\/v2\/pages\/16567\/revisions"}],"predecessor-version":[{"id":17307,"href":"https:\/\/interregva-bb-pl.eu\/pl\/wp-json\/wp\/v2\/pages\/16567\/revisions\/17307"}],"wp:attachment":[{"href":"https:\/\/interregva-bb-pl.eu\/pl\/wp-json\/wp\/v2\/media?parent=16567"}],"curies":[{"name":"wp","href":"https:\/\/api.w.org\/{rel}","templated":true}]}}