{"id":16987,"date":"2022-06-29T07:55:44","date_gmt":"2022-06-29T14:55:44","guid":{"rendered":"https:\/\/interregva-bb-pl.eu\/?page_id=16987"},"modified":"2023-02-02T08:15:38","modified_gmt":"2023-02-02T15:15:38","slug":"85016186-abgeschlossen","status":"publish","type":"page","link":"https:\/\/interregva-bb-pl.eu\/pl\/85016186-abgeschlossen\/","title":{"rendered":"85016186 &#8211; projekt zako\u0144czony"},"content":{"rendered":"<h3><strong>\u0141\u0105cz\u0105 nas rzeki &#8211; II etap. Rozbudowa transgranicznej infrastruktury turystyki wodnej na obszarze Euroregionu Pro Europa Viadrina<\/strong><\/h3>\n<h3><strong>\u00a0<\/strong><\/h3>\n<p>&nbsp;<\/p>\n<p><strong><img decoding=\"async\" class=\"thumbnail\" src=\"https:\/\/interregva-bb-pl.eu\/wp-content\/uploads\/2022\/06\/85016186_WEB_abgeschl_Titel.jpg\" alt=\"\" \/><\/strong><\/p>\n<p><strong>Partnerzy: <\/strong><br \/>\n\u2013 Gmina R\u00fcdersdorf bei Berlin (LP)<br \/>\n\u2013 Gmina\u00a0 Santok<\/p>\n<p><strong>Dofinansowanie: <\/strong>1.634.410,94 EUR EFRR<\/p>\n<p><strong>Okres realizacji: <\/strong>01.04.2020 \u2013 31.03.2021<\/p>\n<p><img loading=\"lazy\" decoding=\"async\" class=\"thumbnail alignleft\" src=\"https:\/\/interregva-bb-pl.eu\/wp-content\/uploads\/2022\/06\/85016186_WEB_abgeschl_Fot5-1-scaled.jpg\" alt=\"\" width=\"500\" height=\"334\" \/><\/p>\n<p>Celem projektu by\u0142o wzmocnienie atrakcyjno\u015bci turystycznej gmin R\u00fcdersdorf i Santoka wraz z jej zabytkami kulturowo-historycznymi poprzez budow\u0119 pierwszej infrastruktury turystyki wodnej w formie dw\u00f3ch niewielkich marin.<\/p>\n<p>W R\u00fcdersdorfie ma\u0142e prywatne ogr\u00f3dki dzia\u0142kowe nad brzegiem cieku wodnego Strausberger M\u00fchlenflie\u00df zosta\u0142y przekszta\u0142cone w publiczn\u0105 przysta\u0144 dla \u0142odzi sportowych oraz du\u017c\u0105 nadrzeczn\u0105 \u0142\u0105k\u0119, z kt\u00f3rej mog\u0105 korzysta\u0107 wszyscy mieszka\u0144cy i tury\u015bci.<\/p>\n<p><img loading=\"lazy\" decoding=\"async\" class=\"thumbnail alignright\" src=\"https:\/\/interregva-bb-pl.eu\/wp-content\/uploads\/2022\/06\/85016186_WEB_abgeschl_Fot2-1-scaled.jpg\" alt=\"\" width=\"500\" height=\"333\" \/><\/p>\n<p>W ramach projektu powsta\u0142a Marina Santok, wyposa\u017cona w p\u0142ywaj\u0105cy pomost wodny, slip, kompleks budynk\u00f3w (budynki dla w\u0119dkarzy, informacji turystycznej i wyposa\u017cenia turystycznego). Basen portowy mo\u017ce przyj\u0105\u0107 15 jednostek p\u0142ywaj\u0105cych. Zagospodarowanie zieleni wraz z placem biwakowym, wiatami, miejscem na ognisko oraz sto\u0142ami biwakowymi sprawiaj\u0105, \u017ce miejsce to staje si\u0119 dla turyst\u00f3w terenem idealnym nie tylko na zwiedzanie, ale r\u00f3wnie\u017c na organizacj\u0119 spotkania w wi\u0119kszym gronie znajomych. Rozbudowana infrastruktura wraz z pe\u0142nym w\u0119z\u0142em sanitarnym stanowi\u0105 niezb\u0119dne zaspokojenie potrzeb ka\u017cdego turysty odwiedzaj\u0105cego marin\u0119. W ramach trwa\u0142o\u015bci projektu planuje si\u0119 mo\u017cliwo\u015b\u0107 wypo\u017cyczenia sprz\u0119tu p\u0142ywaj\u0105cego (kajak\u00f3w, \u0142odzi wio\u015blarskich oraz \u0142odzi motorowej), a tak\u017ce rower\u00f3w trekkingowych przeznaczonych dla mi\u0142o\u015bnik\u00f3w jedno\u015blad\u00f3w. Na terenie obiektu powsta\u0142y cztery domki wczasowe, kt\u00f3re mog\u0105 pomie\u015bci\u0107 w sumie 16 os\u00f3b. Ich wyposa\u017cenie zawiera niezb\u0119dny sprz\u0119t AGD oraz RTV.<\/p>\n<p><img loading=\"lazy\" decoding=\"async\" class=\"thumbnail alignleft\" src=\"https:\/\/interregva-bb-pl.eu\/wp-content\/uploads\/2022\/06\/85016186_WEB_abgeschl_Fot3-scaled.jpg\" alt=\"\" width=\"500\" height=\"333\" \/><\/p>\n<p>W ramach projektu ukaza\u0142y si\u0119 publikacje turystyczne, ulotki oraz broszury informacyjne dotycz\u0105ce nowych ofert obu partner\u00f3w. By\u0142y one r\u00f3wnie\u017c rozdawane na targach w Szczecinie i Poznaniu, w kt\u00f3rych Gmina Santok by\u0142a wystawc\u0105. Ponadto operator Mariny prowadzi jej stron\u0119 internetow\u0105 oraz facebookow\u0105.<\/p>\n<p>Powsta\u0142a mo\u017cliwo\u015b\u0107 po\u0142\u0105czenia szlakiem turystyki wodnej do Santok. Partnerzy wypr\u00f3bowali to, organizuj\u0105c sp\u0142yw wio\u015blarski z Santoka do R\u00fcdersdorfu z przystankami w s\u0105siednich miastach i gminach.<\/p>\n<p>FILM: <a href=\"https:\/\/www.youtube.com\/watch?v=2DO3wdwn5Eg\">https:\/\/www.youtube.com\/watch?v=2DO3wdwn5Eg<\/a><\/p>\n","protected":false},"excerpt":{"rendered":"<p>\u0141\u0105cz\u0105 nas rzeki &#8211; II etap. Rozbudowa transgranicznej infrastruktury turystyki wodnej na obszarze Euroregionu Pro Europa Viadrina \u00a0 &nbsp; Partnerzy: \u2013 Gmina R\u00fcdersdorf bei Berlin (LP) \u2013 Gmina\u00a0 Santok Dofinansowanie: 1.634.410,94 EUR EFRR Okres realizacji: 01.04.2020 \u2013 31.03.2021 Celem projektu by\u0142o wzmocnienie atrakcyjno\u015bci turystycznej gmin R\u00fcdersdorf i Santoka wraz z jej zabytkami kulturowo-historycznymi poprzez budow\u0119 [&hellip;]<\/p>\n","protected":false},"author":140,"featured_media":0,"parent":0,"menu_order":0,"comment_status":"closed","ping_status":"closed","template":"","meta":{"site-sidebar-layout":"default","site-content-layout":"default","ast-site-content-layout":"","site-content-style":"default","site-sidebar-style":"default","ast-global-header-display":"","ast-banner-title-visibility":"","ast-main-header-display":"","ast-hfb-above-header-display":"","ast-hfb-below-header-display":"","ast-hfb-mobile-header-display":"","site-post-title":"","ast-breadcrumbs-content":"","ast-featured-img":"","footer-sml-layout":"","theme-transparent-header-meta":"default","adv-header-id-meta":"","stick-header-meta":"","header-above-stick-meta":"","header-main-stick-meta":"","header-below-stick-meta":"","astra-migrate-meta-layouts":"default","ast-page-background-enabled":"default","ast-page-background-meta":{"desktop":{"background-color":"","background-image":"","background-repeat":"repeat","background-position":"center center","background-size":"auto","background-attachment":"scroll","background-type":"","background-media":"","overlay-type":"","overlay-color":"","overlay-opacity":"","overlay-gradient":""},"tablet":{"background-color":"","background-image":"","background-repeat":"repeat","background-position":"center center","background-size":"auto","background-attachment":"scroll","background-type":"","background-media":"","overlay-type":"","overlay-color":"","overlay-opacity":"","overlay-gradient":""},"mobile":{"background-color":"","background-image":"","background-repeat":"repeat","background-position":"center center","background-size":"auto","background-attachment":"scroll","background-type":"","background-media":"","overlay-type":"","overlay-color":"","overlay-opacity":"","overlay-gradient":""}},"ast-content-background-meta":{"desktop":{"background-color":"var(--ast-global-color-5)","background-image":"","background-repeat":"repeat","background-position":"center center","background-size":"auto","background-attachment":"scroll","background-type":"","background-media":"","overlay-type":"","overlay-color":"","overlay-opacity":"","overlay-gradient":""},"tablet":{"background-color":"var(--ast-global-color-5)","background-image":"","background-repeat":"repeat","background-position":"center center","background-size":"auto","background-attachment":"scroll","background-type":"","background-media":"","overlay-type":"","overlay-color":"","overlay-opacity":"","overlay-gradient":""},"mobile":{"background-color":"var(--ast-global-color-5)","background-image":"","background-repeat":"repeat","background-position":"center center","background-size":"auto","background-attachment":"scroll","background-type":"","background-media":"","overlay-type":"","overlay-color":"","overlay-opacity":"","overlay-gradient":""}},"footnotes":""},"class_list":["post-16987","page","type-page","status-publish","hentry"],"_links":{"self":[{"href":"https:\/\/interregva-bb-pl.eu\/pl\/wp-json\/wp\/v2\/pages\/16987"}],"collection":[{"href":"https:\/\/interregva-bb-pl.eu\/pl\/wp-json\/wp\/v2\/pages"}],"about":[{"href":"https:\/\/interregva-bb-pl.eu\/pl\/wp-json\/wp\/v2\/types\/page"}],"author":[{"embeddable":true,"href":"https:\/\/interregva-bb-pl.eu\/pl\/wp-json\/wp\/v2\/users\/140"}],"replies":[{"embeddable":true,"href":"https:\/\/interregva-bb-pl.eu\/pl\/wp-json\/wp\/v2\/comments?post=16987"}],"version-history":[{"count":6,"href":"https:\/\/interregva-bb-pl.eu\/pl\/wp-json\/wp\/v2\/pages\/16987\/revisions"}],"predecessor-version":[{"id":17007,"href":"https:\/\/interregva-bb-pl.eu\/pl\/wp-json\/wp\/v2\/pages\/16987\/revisions\/17007"}],"wp:attachment":[{"href":"https:\/\/interregva-bb-pl.eu\/pl\/wp-json\/wp\/v2\/media?parent=16987"}],"curies":[{"name":"wp","href":"https:\/\/api.w.org\/{rel}","templated":true}]}}