{"id":17247,"date":"2022-09-19T03:04:32","date_gmt":"2022-09-19T10:04:32","guid":{"rendered":"https:\/\/interregva-bb-pl.eu\/?page_id=17247"},"modified":"2022-09-19T03:52:54","modified_gmt":"2022-09-19T10:52:54","slug":"85015372-projekt-zakonczony","status":"publish","type":"page","link":"https:\/\/interregva-bb-pl.eu\/pl\/85015372-projekt-zakonczony\/","title":{"rendered":"85015372 &#8211; projekt zako\u0144czony"},"content":{"rendered":"<h3 data-wahfont=\"25\"><strong>Transgraniczne Ratownictwo Medyczne w Powiecie MOL i Wojew\u00f3dztwie Lubuskim<\/strong><\/h3>\n<p>&nbsp;<\/p>\n<p data-wahfont=\"15\"><img decoding=\"async\" src=\"https:\/\/interregva-bb-pl.eu\/wp-content\/uploads\/2022\/09\/85015372_Titelfoto2.png\" \/><\/p>\n<p data-wahfont=\"15\"><strong>Partnerzy:<\/strong><br \/>\n<span data-wahfont=\"15\">\u2013 Gemeinn\u00fctzige Rettungsdienst MOL GMBH \/ S\u0142u\u017cba Ratunkowa U\u017cyteczno\u015bci Publicznej Pow. MOL sp. z o. o. (BW)<br \/>\n\u2013 Gmina Witnica<br \/>\n\u2013 Samodzielna Publiczna Woj. Stacja Pogotowia<\/span><\/p>\n<p data-wahfont=\"15\"><strong>Okres realizacji: <\/strong>01.04.2018 \u2013 31.03.2022<\/p>\n<p data-wahfont=\"15\"><strong>Dofinansowanie (EFRR): <\/strong>739.3oo,94 EUR<\/p>\n<p><img loading=\"lazy\" decoding=\"async\" class=\"alignright\" src=\"https:\/\/interregva-bb-pl.eu\/wp-content\/uploads\/2022\/09\/85015372_Fot1-scaled.jpg\" width=\"400\" height=\"533\" \/><\/p>\n<p data-wahfont=\"15\">G\u0142\u00f3wnym celem projektu by\u0142o rozwijanie transgranicznej wsp\u00f3\u0142pracy w zakresie doskonalenia zawodowego w dziedzinie ratownictwa medycznego, celem podwy\u017cszenia kompetencji zawodowych polskich i niemieckich pracownik\u00f3w pogotowia ratunkowego, aby umo\u017cliwi\u0107 skoordynowane transgraniczne udzielanie medycznych czynno\u015bci ratunkowych w stanie nag\u0142ego zagro\u017cenia zdrowia i zagwarantowa\u0107 mieszka\u0144com obszaru wsparcia optymaln\u0105 obs\u0142ug\u0119 przez zespo\u0142y ratownictwa medycznego.<\/p>\n<p>Wszystkie za\u0142o\u017cone w projekcie cele, jak r\u00f3wnie\u017c wska\u017aniki programu i projektu zosta\u0142y osi\u0105gni\u0119te. Spogl\u0105daj\u0105c na minione trzy lata, wida\u0107 wyra\u017anie, \u017ce partnerzy projektu &#8211; Gemeinn\u00fctzige Rettungsdienst MOL GmbH, Miasto i Gmina Witnica oraz Wojew\u00f3dzka Samodzielna Publiczna Stacja Pogotowia Ratunkowego w Gorzowie Wlkp &#8211; wiele si\u0119 wsp\u00f3lnie nauczyli i osi\u0105gn\u0119li &#8211; w regionie Brandenburgii\/Lubuskie, ale tak\u017ce poza jego granicami. W efekcie nawi\u0105zano wiele nowych kontakt\u00f3w i powi\u0105za\u0144, z kt\u00f3rych wy\u0142oni\u0142y si\u0119 ju\u017c pierwsze pomys\u0142y na wsp\u00f3lne projekty w przysz\u0142o\u015bci.<\/p>\n<p><img loading=\"lazy\" decoding=\"async\" class=\"alignleft\" src=\"https:\/\/interregva-bb-pl.eu\/wp-content\/uploads\/2022\/09\/85015372_Fot2.jpg\" width=\"450\" height=\"300\" \/>Od kwietnia 2018 roku partnerzy projektu zbierali praktyczne do\u015bwiadczenia w dw\u00f3ch obszarach: jak najlepiej zaprojektowa\u0107 podr\u0119cznik dla transgranicznych dzia\u0142a\u0144 polskich i niemieckich ratownik\u00f3w medycznych oraz jakie warunki nale\u017cy stworzy\u0107 dla wsp\u00f3lnych polsko-niemieckich \u0107wicze\u0144 MANV i resuscytacji. W ten spos\u00f3b poszukiwano m.in. wsp\u00f3lnych cech w zakresie kierowania umo\u017cliwiaj\u0105cego sprawa realizacje transgranicznych zdarze\u0144 masowych, wypadk\u00f3w i reanimacji. Przy starannie dobranych scenariuszach poszukiwano r\u00f3wnie\u017c metod, kt\u00f3re minimalizuj\u0105 bariery j\u0119zykowe i umo\u017cliwiaj\u0105 sprawne prowadzenie operacji transgranicznych.<\/p>\n<p><img loading=\"lazy\" decoding=\"async\" class=\"alignright\" src=\"https:\/\/interregva-bb-pl.eu\/wp-content\/uploads\/2022\/09\/85015372_Fot3.jpg\" width=\"450\" height=\"300\" \/>Po przeprowadzeniu \u0142\u0105cznie czterech \u0107wicze\u0144 symulacyjnych MANV, partnerzy projektu spostrzegli, i\u017c nale\u017cy zadba\u0107 o ci\u0105g\u0142o\u015b\u0107 \u0107wicze\u0144 transgranicznych. Brak praktycznego do\u015bwiadczenia w radzeniu sobie z takimi sytuacjami, a w szczeg\u00f3lno\u015bci efektywna koordynacje konieczna w operacjach transgranicznych, stanowi\u0105 ogromne wyzwanie dla ratownik\u00f3w medycznych po obu stronach granicy. W obu krajach powinien powsta\u0107 wsp\u00f3lny system symulacji. Podczas czterech \u0107wicze\u0144 resuscytacyjnych podkre\u015blano wsp\u00f3lny mianownik &#8211; europejskie wytyczne resuscytacji ERC. Wszystkie zespo\u0142y potrafi\u0142y pracowa\u0107 zgodnie z ERB i zna\u0142y procedury. R\u00f3wnie\u017c bilingualnie. Polscy ratownicy wykazywali jednak odmienne podej\u015bcie do podejmowanych dzia\u0142a\u0144, na co du\u017cy wp\u0142yw mia\u0142a ich wiedza praktyczna. Niemieccy ratownicy dzia\u0142ali wed\u0142ug algorytm\u00f3w post\u0119powania, co stanowi\u0142o r\u00f3\u017cnic\u0119 w podej\u015bciu terapeutycznym niemieckich i polskich koleg\u00f3w.<\/p>\n<p><img loading=\"lazy\" decoding=\"async\" class=\"alignleft\" src=\"https:\/\/interregva-bb-pl.eu\/wp-content\/uploads\/2022\/09\/85015372_Bild1.png\" width=\"400\" height=\"363\" \/>Tre\u015b\u0107 transgranicznego polsko-niemieckiego podr\u0119cznika by\u0142a ukierunkowana na porozumienie o wsp\u00f3\u0142pracy w zakresie transgranicznych s\u0142u\u017cb ratowniczych oraz dzia\u0142ania pracownik\u00f3w s\u0142u\u017cb ratowniczych. G\u0142\u00f3wne punkty to: procesy transgranicznych dzia\u0142a\u0144 s\u0142u\u017cb ratowniczych, prawo drogowe, korzystanie z praw specjalnych, ochrona ubezpieczeniowa, tankowanie w strefie przygranicznej, wa\u017cne zasady operacyjne, wypadki masowe oraz dokumentacja operacyjna. Podr\u0119cznik jest udost\u0119pniany wirtualnie wszystkim zainteresowanym wzd\u0142u\u017c granicy polsko-niemieckiej i poza ni\u0105.<\/p>\n<p>LINK: <a href=\"https:\/\/rettungsdienst-mol.de\/pl\/interreg-va\/grenzueberschreitender-rettungsdienst\/\" target=\"_blank\" rel=\"noopener\" data-wahfont=\"15\">https:\/\/rettungsdienst-mol.de\/interreg-va\/grenzueberschreitender-rettungsdienst\/<\/a><\/p>\n","protected":false},"excerpt":{"rendered":"<p>Transgraniczne Ratownictwo Medyczne w Powiecie MOL i Wojew\u00f3dztwie Lubuskim &nbsp; Partnerzy: \u2013 Gemeinn\u00fctzige Rettungsdienst MOL GMBH \/ S\u0142u\u017cba Ratunkowa U\u017cyteczno\u015bci Publicznej Pow. MOL sp. z o. o. (BW) \u2013 Gmina Witnica \u2013 Samodzielna Publiczna Woj. Stacja Pogotowia Okres realizacji: 01.04.2018 \u2013 31.03.2022 Dofinansowanie (EFRR): 739.3oo,94 EUR G\u0142\u00f3wnym celem projektu by\u0142o rozwijanie transgranicznej wsp\u00f3\u0142pracy w zakresie [&hellip;]<\/p>\n","protected":false},"author":140,"featured_media":0,"parent":0,"menu_order":0,"comment_status":"closed","ping_status":"closed","template":"","meta":{"site-sidebar-layout":"default","site-content-layout":"default","ast-site-content-layout":"","site-content-style":"default","site-sidebar-style":"default","ast-global-header-display":"","ast-banner-title-visibility":"","ast-main-header-display":"","ast-hfb-above-header-display":"","ast-hfb-below-header-display":"","ast-hfb-mobile-header-display":"","site-post-title":"","ast-breadcrumbs-content":"","ast-featured-img":"","footer-sml-layout":"","theme-transparent-header-meta":"default","adv-header-id-meta":"","stick-header-meta":"","header-above-stick-meta":"","header-main-stick-meta":"","header-below-stick-meta":"","astra-migrate-meta-layouts":"default","ast-page-background-enabled":"default","ast-page-background-meta":{"desktop":{"background-color":"","background-image":"","background-repeat":"repeat","background-position":"center center","background-size":"auto","background-attachment":"scroll","background-type":"","background-media":"","overlay-type":"","overlay-color":"","overlay-opacity":"","overlay-gradient":""},"tablet":{"background-color":"","background-image":"","background-repeat":"repeat","background-position":"center center","background-size":"auto","background-attachment":"scroll","background-type":"","background-media":"","overlay-type":"","overlay-color":"","overlay-opacity":"","overlay-gradient":""},"mobile":{"background-color":"","background-image":"","background-repeat":"repeat","background-position":"center center","background-size":"auto","background-attachment":"scroll","background-type":"","background-media":"","overlay-type":"","overlay-color":"","overlay-opacity":"","overlay-gradient":""}},"ast-content-background-meta":{"desktop":{"background-color":"var(--ast-global-color-5)","background-image":"","background-repeat":"repeat","background-position":"center center","background-size":"auto","background-attachment":"scroll","background-type":"","background-media":"","overlay-type":"","overlay-color":"","overlay-opacity":"","overlay-gradient":""},"tablet":{"background-color":"var(--ast-global-color-5)","background-image":"","background-repeat":"repeat","background-position":"center center","background-size":"auto","background-attachment":"scroll","background-type":"","background-media":"","overlay-type":"","overlay-color":"","overlay-opacity":"","overlay-gradient":""},"mobile":{"background-color":"var(--ast-global-color-5)","background-image":"","background-repeat":"repeat","background-position":"center center","background-size":"auto","background-attachment":"scroll","background-type":"","background-media":"","overlay-type":"","overlay-color":"","overlay-opacity":"","overlay-gradient":""}},"footnotes":""},"class_list":["post-17247","page","type-page","status-publish","hentry"],"_links":{"self":[{"href":"https:\/\/interregva-bb-pl.eu\/pl\/wp-json\/wp\/v2\/pages\/17247"}],"collection":[{"href":"https:\/\/interregva-bb-pl.eu\/pl\/wp-json\/wp\/v2\/pages"}],"about":[{"href":"https:\/\/interregva-bb-pl.eu\/pl\/wp-json\/wp\/v2\/types\/page"}],"author":[{"embeddable":true,"href":"https:\/\/interregva-bb-pl.eu\/pl\/wp-json\/wp\/v2\/users\/140"}],"replies":[{"embeddable":true,"href":"https:\/\/interregva-bb-pl.eu\/pl\/wp-json\/wp\/v2\/comments?post=17247"}],"version-history":[{"count":9,"href":"https:\/\/interregva-bb-pl.eu\/pl\/wp-json\/wp\/v2\/pages\/17247\/revisions"}],"predecessor-version":[{"id":17261,"href":"https:\/\/interregva-bb-pl.eu\/pl\/wp-json\/wp\/v2\/pages\/17247\/revisions\/17261"}],"wp:attachment":[{"href":"https:\/\/interregva-bb-pl.eu\/pl\/wp-json\/wp\/v2\/media?parent=17247"}],"curies":[{"name":"wp","href":"https:\/\/api.w.org\/{rel}","templated":true}]}}