{"id":17596,"date":"2023-02-02T08:26:14","date_gmt":"2023-02-02T15:26:14","guid":{"rendered":"https:\/\/interregva-bb-pl.eu\/?page_id=17596"},"modified":"2023-02-02T08:33:33","modified_gmt":"2023-02-02T15:33:33","slug":"85016018-abgeschlossen","status":"publish","type":"page","link":"https:\/\/interregva-bb-pl.eu\/pl\/85016018-abgeschlossen\/","title":{"rendered":"85016018 &#8211; projekt zako\u0144czony"},"content":{"rendered":"<h3><strong>Sul\u0119cin i Friedland \u2013 wykorzystanie i zabezpieczenie dziedzictwa kulturowego w celu stworzenia centr\u00f3w spotka\u0144 i wsp\u00f3\u0142pracy mieszka\u0144c\u00f3w obu miast<\/strong><\/h3>\n<p>&nbsp;<\/p>\n<p><img decoding=\"async\" class=\"thumbnail\" src=\"https:\/\/interregva-bb-pl.eu\/wp-content\/uploads\/2023\/02\/85016018_TitelFotAlt.jpg\" alt=\"\" \/><\/p>\n<p><strong>Partnerzy:<\/strong><\/p>\n<p>\u2013 Gmina Sul\u0119cin (BW)<br \/>\n\u2013 Stadt \/ Miasto Friedland<\/p>\n<p><strong>Dofinansowanie<\/strong>: 1.857.001,77 EUR EFRR<\/p>\n<p><strong>Okres realizacji: <\/strong>01.07.2017 \u2013 29.10.2021<\/p>\n<p>W wyniku realizacji projektu renowacji zosta\u0142y poddane obiekty na Winnej G\u00f3rze w Sul\u0119cinie\u00a0\u00a0 oraz mury obronne we Friedland. Dzia\u0142ania te przyczyni\u0142y si\u0119 do zrealizowania celu projektu: zabezpieczenia i renowacji obiekt\u00f3w o warto\u015bci kulturowo-historycznej w miastach partnerskich Sul\u0119cin i Friedland, w celu stworzenia polsko-niemieckich miejsc spotka\u0144, a tym samym pog\u0142\u0119biania i rozszerzania o kolejne pola wsp\u00f3\u0142pracy mi\u0119dzy partnerami, zmierzaj\u0105cej do stworzenia wsp\u00f3lnej oferty kulturalnej, sportowej i turystycznej skierowanej do wszystkich grup wiekowych, a w konsekwencji lepszemu wykorzystaniu i promowaniu potencja\u0142u regionu.<\/p>\n<p><img loading=\"lazy\" decoding=\"async\" class=\"alignleft\" src=\"https:\/\/interregva-bb-pl.eu\/wp-content\/uploads\/2023\/02\/85016018_PP1-Fot2-2.jpg\" width=\"467\" height=\"312\" \/><\/p>\n<p>Pozytywny wp\u0142yw na realizacj\u0119 celu projektu mia\u0142y r\u00f3wnie\u017c pozosta\u0142e dzia\u0142ania, kt\u00f3re co prawda ze wzgl\u0119du na pandemi\u0119 covid musia\u0142y cz\u0119\u015bciowo odby\u0107 w zmienionej formule i zakresie, ale pomimo przeszk\u00f3d si\u0119 odby\u0142y i pokaza\u0142y jak wa\u017cne dla partner\u00f3w\u00a0 projektu s\u0105 wsp\u00f3lne dzia\u0142ania i wydarzenia zar\u00f3wno zakresu kultury, sportu jak i turystki. Mimo warunk\u00f3w w jakich realizowany by\u0142 projekt uda\u0142o si\u0119 osi\u0105gn\u0105\u0107 zar\u00f3wno za\u0142o\u017cone cele projektu jak i zak\u0142adane docelowe warto\u015bci wska\u017anik\u00f3w.<\/p>\n<p>Osi\u0105gni\u0119cie za\u0142o\u017conego celu projektu sprawia, \u017ce projekt przyczynia si\u0119 do osi\u0105gni\u0119cia celu 1 \u201eWzrost atrakcyjno\u015bci transgranicznego wsp\u00f3lnego dziedzictwa naturalnego i kulturowego, Osi priorytetowej I Wsp\u00f3lne zachowanie i korzystanie z dziedzictwa naturalnego i kulturowego, Programu Wsp\u00f3\u0142pracy INTERREG V A Brandenburgia \u2013 Polska 2014\u20132020.<\/p>\n<p><img loading=\"lazy\" decoding=\"async\" class=\"alignright\" src=\"https:\/\/interregva-bb-pl.eu\/wp-content\/uploads\/2023\/02\/85016018_PP2-Fot1-2.png\" width=\"512\" height=\"268\" \/><\/p>\n<p>Poprzez utworzenie miejsc spotka\u0144 oraz zabezpieczenie i\u00a0 renowacj\u0119 obiekt\u00f3w o warto\u015bci kulturowo historycznych projekt wpisuje si\u0119 w za\u0142o\u017cenia Obszaru Tematycznego Kultura Strategii Morza Ba\u0142tyckiego, kt\u00f3ry skupia si\u0119 m.in. na promowaniu i pokazaniu, zachowaniu i prezentacji dziedzictwa kulturowego oraz na usprawnianiu i u\u0142atwianiu wsp\u00f3\u0142pracy kulturalnej w regionie Morza Ba\u0142tyckiego, przyczyniaj\u0105c si\u0119 do realizacji nast\u0119puj\u0105cych cel\u00f3w strategii UE dla regionu Morza Ba\u0142tyckiego: 1. \u0141\u0105czenie ludzi w regionie; 2. Wzmacnianie konkurencyjno\u015bci 3. Realizacja za\u0142o\u017ce\u0144 strategii Europa 2020.<\/p>\n","protected":false},"excerpt":{"rendered":"<p>Sul\u0119cin i Friedland \u2013 wykorzystanie i zabezpieczenie dziedzictwa kulturowego w celu stworzenia centr\u00f3w spotka\u0144 i wsp\u00f3\u0142pracy mieszka\u0144c\u00f3w obu miast &nbsp; Partnerzy: \u2013 Gmina Sul\u0119cin (BW) \u2013 Stadt \/ Miasto Friedland Dofinansowanie: 1.857.001,77 EUR EFRR Okres realizacji: 01.07.2017 \u2013 29.10.2021 W wyniku realizacji projektu renowacji zosta\u0142y poddane obiekty na Winnej G\u00f3rze w Sul\u0119cinie\u00a0\u00a0 oraz mury obronne [&hellip;]<\/p>\n","protected":false},"author":140,"featured_media":0,"parent":0,"menu_order":0,"comment_status":"closed","ping_status":"closed","template":"","meta":{"site-sidebar-layout":"default","site-content-layout":"default","ast-site-content-layout":"","site-content-style":"default","site-sidebar-style":"default","ast-global-header-display":"","ast-banner-title-visibility":"","ast-main-header-display":"","ast-hfb-above-header-display":"","ast-hfb-below-header-display":"","ast-hfb-mobile-header-display":"","site-post-title":"","ast-breadcrumbs-content":"","ast-featured-img":"","footer-sml-layout":"","theme-transparent-header-meta":"default","adv-header-id-meta":"","stick-header-meta":"","header-above-stick-meta":"","header-main-stick-meta":"","header-below-stick-meta":"","astra-migrate-meta-layouts":"default","ast-page-background-enabled":"default","ast-page-background-meta":{"desktop":{"background-color":"","background-image":"","background-repeat":"repeat","background-position":"center center","background-size":"auto","background-attachment":"scroll","background-type":"","background-media":"","overlay-type":"","overlay-color":"","overlay-opacity":"","overlay-gradient":""},"tablet":{"background-color":"","background-image":"","background-repeat":"repeat","background-position":"center center","background-size":"auto","background-attachment":"scroll","background-type":"","background-media":"","overlay-type":"","overlay-color":"","overlay-opacity":"","overlay-gradient":""},"mobile":{"background-color":"","background-image":"","background-repeat":"repeat","background-position":"center center","background-size":"auto","background-attachment":"scroll","background-type":"","background-media":"","overlay-type":"","overlay-color":"","overlay-opacity":"","overlay-gradient":""}},"ast-content-background-meta":{"desktop":{"background-color":"var(--ast-global-color-5)","background-image":"","background-repeat":"repeat","background-position":"center center","background-size":"auto","background-attachment":"scroll","background-type":"","background-media":"","overlay-type":"","overlay-color":"","overlay-opacity":"","overlay-gradient":""},"tablet":{"background-color":"var(--ast-global-color-5)","background-image":"","background-repeat":"repeat","background-position":"center center","background-size":"auto","background-attachment":"scroll","background-type":"","background-media":"","overlay-type":"","overlay-color":"","overlay-opacity":"","overlay-gradient":""},"mobile":{"background-color":"var(--ast-global-color-5)","background-image":"","background-repeat":"repeat","background-position":"center center","background-size":"auto","background-attachment":"scroll","background-type":"","background-media":"","overlay-type":"","overlay-color":"","overlay-opacity":"","overlay-gradient":""}},"footnotes":""},"class_list":["post-17596","page","type-page","status-publish","hentry"],"_links":{"self":[{"href":"https:\/\/interregva-bb-pl.eu\/pl\/wp-json\/wp\/v2\/pages\/17596"}],"collection":[{"href":"https:\/\/interregva-bb-pl.eu\/pl\/wp-json\/wp\/v2\/pages"}],"about":[{"href":"https:\/\/interregva-bb-pl.eu\/pl\/wp-json\/wp\/v2\/types\/page"}],"author":[{"embeddable":true,"href":"https:\/\/interregva-bb-pl.eu\/pl\/wp-json\/wp\/v2\/users\/140"}],"replies":[{"embeddable":true,"href":"https:\/\/interregva-bb-pl.eu\/pl\/wp-json\/wp\/v2\/comments?post=17596"}],"version-history":[{"count":4,"href":"https:\/\/interregva-bb-pl.eu\/pl\/wp-json\/wp\/v2\/pages\/17596\/revisions"}],"predecessor-version":[{"id":17611,"href":"https:\/\/interregva-bb-pl.eu\/pl\/wp-json\/wp\/v2\/pages\/17596\/revisions\/17611"}],"wp:attachment":[{"href":"https:\/\/interregva-bb-pl.eu\/pl\/wp-json\/wp\/v2\/media?parent=17596"}],"curies":[{"name":"wp","href":"https:\/\/api.w.org\/{rel}","templated":true}]}}