{"id":17704,"date":"2023-03-20T06:36:07","date_gmt":"2023-03-20T13:36:07","guid":{"rendered":"https:\/\/interregva-bb-pl.eu\/?page_id=17704"},"modified":"2023-03-20T06:36:07","modified_gmt":"2023-03-20T13:36:07","slug":"85029484-projekt-zakonczony","status":"publish","type":"page","link":"https:\/\/interregva-bb-pl.eu\/pl\/85029484-projekt-zakonczony\/","title":{"rendered":"85029484 &#8211; projekt zako\u0144czony"},"content":{"rendered":"<h3><strong>Sie\u0107 wsp\u00f3\u0142pracy organizacji pozarz\u0105dowych pogranicza polsko-niemieckiego na rzecz ochrony klimatu<\/strong><\/h3>\n<p>&nbsp;<\/p>\n<p data-wahfont=\"15\"><img decoding=\"async\" src=\"https:\/\/interregva-bb-pl.eu\/wp-content\/uploads\/2023\/03\/85029484_abgeschl_Titelfoto-scaled.jpg\" \/><\/p>\n<p data-wahfont=\"15\"><span data-wahfont=\"15\"><strong>Partner:<\/strong><\/span><br \/>\n\u2013 <span data-wahfont=\"15\">Fundacja Natura Polska<\/span><br \/>\n\u2013 Arbeitsinitiative Letschin e.V.<\/p>\n<p data-wahfont=\"15\"><strong>Dofinansowanie (EFRE): <\/strong>414.027,14 EUR<\/p>\n<p data-wahfont=\"15\"><strong>Ok: <\/strong>01.01.2020 \u2013 30.06.2022<\/p>\n<p><img loading=\"lazy\" decoding=\"async\" class=\"alignleft\" src=\"https:\/\/interregva-bb-pl.eu\/wp-content\/uploads\/2023\/03\/85029484_abgeschl_Fot1.jpg\" width=\"450\" height=\"300\" \/><\/p>\n<p>W ca\u0142ym okresie realizacji projektu, dzi\u0119ki zrealizowanym dzia\u0142aniom, uda\u0142o si\u0119 osi\u0105gn\u0105\u0107 wszystkie wska\u017aniki projektu. Powsta\u0142a sie\u0107 wsp\u00f3\u0142pracy organizacji pozarz\u0105dowych. Uruchomienie sieci nast\u0105pi\u0142o podczas kongresu NGO. Odby\u0142y si\u0119 spotkania grup roboczych projektu, podczas kt\u00f3rych polsko-niemieccy uczestnicy pracowali nad nowymi pomys\u0142ami w zakresie lokalnych dzia\u0142a\u0144 na rzecz ochrony klimatu oraz konsultowali realizowane dzia\u0142ania w projekcie (opiniowanie produkt\u00f3w projektu, wnioski do zalece\u0144 klimatycznych dla regionu itp.). Wydano tak\u017ce liczne publikacje takie jak: Przewodnik Le\u015bny i Zielony Region, kalendarz imprez i wydarze\u0144, pakiet zalece\u0144 klimatycznych dla regionu, poradnik o klimacie dla przedsi\u0119biorc\u00f3w, folder prezentuj\u0105cy dorobek i dobre praktyki cz\u0142onk\u00f3w Sieci, informator o Sieci NGO, foldery tematyczne do \u015bcie\u017cek edukacyjnych, folder wystawc\u00f3w \u201e\u015awi\u0119ta Ochrony Klimatu\u201d, kalendarz wydarze\u0144 sieci NGO na 2022 rok. Wyprodukowano tak\u017ce film dotycz\u0105cy dzia\u0142alno\u015bci Sieci i jej cz\u0142onk\u00f3w dwa filmy edukacyjne o \u015bladzie w\u0119glowym i recyklingu. Zorganizowano tak\u017ce kilka du\u017cych imprez:<\/p>\n<p>&#8211; \u015awi\u0119to Ochrony Klimatu w \u017barach (w jego ramach odby\u0142o si\u0119 wiele pokaz\u00f3w)<\/p>\n<p>-targi NGO w Gubinie (pierwsze tego rodzaju wydarzenie w historii polsko-niemieckiego pogranicza, gdzie spotka\u0142y si\u0119 organizacje pozarz\u0105dowe z obu kraj\u00f3w).<\/p>\n<p>Przez ca\u0142y okres trwania projektu prowadzono jego promocj\u0119 zar\u00f3wno po stronie niemieckiej, jak i polskiej. Promocja ta odbywa\u0142a si\u0119 w prasie, radio oraz na stronie internetowej projektu.<\/p>\n<p>Dzi\u0119ki ww. dzia\u0142anion uda\u0142o si\u0119 osi\u0105gn\u0105c g\u0142\u00f3wny cel projektu tzn.\u00a0 rozw\u00f3j transgranicznej wsp\u00f3\u0142pracy organizacji pozarz\u0105dowych pogranicza polsko-niemieckiego na rzecz ochrony klimatu poprzez utworzenie Sieci oraz zapewnienie narz\u0119dzi, materia\u0142\u00f3w i serwisu dedykowanych NGO.<img loading=\"lazy\" decoding=\"async\" class=\"alignright\" src=\"https:\/\/interregva-bb-pl.eu\/wp-content\/uploads\/2023\/03\/85029484_abgeschl_Fot2-scaled.jpg\" width=\"451\" height=\"300\" \/><\/p>\n<p>W rezultacie nast\u0105pi\u0142o:<\/p>\n<ul>\n<li>wzmocnienie transgranicznej wsp\u00f3\u0142pracy NGO,<\/li>\n<li>intensyfikacja wsp\u00f3\u0142pracy NGO, instytucji publicznych i mieszka\u0144c\u00f3w,<\/li>\n<li>zwi\u0119kszenie \u015bwiadomo\u015bci mieszka\u0144c\u00f3w regionu na rzecz ochrony klimatu.<\/li>\n<\/ul>\n<p>Utworzenia trwa\u0142ej sieci wsp\u00f3\u0142pracy organizacji pozarz\u0105dowych na obszarze wsparcia zwi\u0119kszy\u0142o wiedz\u0119 o regionie partnerskim oraz stopie\u0144 integracji mieszka\u0144c\u00f3w na poziomie spo\u0142ecznym, a przez to zmniejszy\u0142o bariery mentalne mi\u0119dzy mieszka\u0144cami.<\/p>\n<p>Oparcie projektu o tematyk\u0119 zwi\u0105zan\u0105 z ochron\u0105 klimatu zwi\u0119kszy\u0142o \u015bwiadomo\u015b\u0107 ekologiczn\u0105 mieszka\u0144c\u00f3w terenu wsparcia. Wsp\u00f3lna identyfikacja problem\u00f3w klimatycznych, transgraniczna wymiana do\u015bwiadcze\u0144 oraz wsp\u00f3lne dzia\u0142ania pozwoli\u0142y uwra\u017cliwi\u0107 mieszka\u0144c\u00f3w obszaru wsparcia na zr\u00f3wnowa\u017cone gospodarowanie zasobami naturalnymi. Rezultatem jest ukszta\u0142towanie odpowiednich postaw oraz upowszechnianie zachowa\u0144 zgodnych z zasadami zr\u00f3wnowa\u017conego gospodarowania i korzystania z zasob\u00f3w \u015brodowiska przyrodniczego w\u015br\u00f3d mieszka\u0144c\u00f3w.<\/p>\n<p><img loading=\"lazy\" decoding=\"async\" class=\"alignleft\" src=\"https:\/\/interregva-bb-pl.eu\/wp-content\/uploads\/2023\/03\/85029484_abgeschl_Fot3-scaled.jpg\" width=\"449\" height=\"337\" \/>Dzi\u0119ki zaanga\u017cowaniu w projekt NGO mo\u017cliwe by\u0142o dotarcie do szerokiej grupy docelowej, tj. og\u00f3\u0142u mieszka\u0144c\u00f3w obszaru wsparcia. Zaplanowano dzia\u0142ania przewidziane dla rodzin, szk\u00f3\u0142, przedsi\u0119biorc\u00f3w, czy te\u017c senior\u00f3w.\u00a0 Szeroki wachlarz przewidzianych dzia\u0142a\u0144 i kana\u0142\u00f3w komunikacyjnych pozwoli\u0142 dotrze\u0107 do mieszka\u0144c\u00f3w aktywnie dzia\u0142aj\u0105cych w NGO, b\u0105d\u017a te\u017c zainteresowanych prac\u0105 spo\u0142eczn\u0105, dzia\u0142aniami na rzecz ochrony klimatu.<\/p>\n<p><strong>\u00a0<\/strong><\/p>\n","protected":false},"excerpt":{"rendered":"<p>Sie\u0107 wsp\u00f3\u0142pracy organizacji pozarz\u0105dowych pogranicza polsko-niemieckiego na rzecz ochrony klimatu &nbsp; Partner: \u2013 Fundacja Natura Polska \u2013 Arbeitsinitiative Letschin e.V. Dofinansowanie (EFRE): 414.027,14 EUR Ok: 01.01.2020 \u2013 30.06.2022 W ca\u0142ym okresie realizacji projektu, dzi\u0119ki zrealizowanym dzia\u0142aniom, uda\u0142o si\u0119 osi\u0105gn\u0105\u0107 wszystkie wska\u017aniki projektu. Powsta\u0142a sie\u0107 wsp\u00f3\u0142pracy organizacji pozarz\u0105dowych. Uruchomienie sieci nast\u0105pi\u0142o podczas kongresu NGO. Odby\u0142y si\u0119 [&hellip;]<\/p>\n","protected":false},"author":140,"featured_media":0,"parent":0,"menu_order":0,"comment_status":"closed","ping_status":"closed","template":"","meta":{"site-sidebar-layout":"default","site-content-layout":"default","ast-site-content-layout":"","site-content-style":"default","site-sidebar-style":"default","ast-global-header-display":"","ast-banner-title-visibility":"","ast-main-header-display":"","ast-hfb-above-header-display":"","ast-hfb-below-header-display":"","ast-hfb-mobile-header-display":"","site-post-title":"","ast-breadcrumbs-content":"","ast-featured-img":"","footer-sml-layout":"","theme-transparent-header-meta":"default","adv-header-id-meta":"","stick-header-meta":"","header-above-stick-meta":"","header-main-stick-meta":"","header-below-stick-meta":"","astra-migrate-meta-layouts":"default","ast-page-background-enabled":"default","ast-page-background-meta":{"desktop":{"background-color":"","background-image":"","background-repeat":"repeat","background-position":"center center","background-size":"auto","background-attachment":"scroll","background-type":"","background-media":"","overlay-type":"","overlay-color":"","overlay-opacity":"","overlay-gradient":""},"tablet":{"background-color":"","background-image":"","background-repeat":"repeat","background-position":"center center","background-size":"auto","background-attachment":"scroll","background-type":"","background-media":"","overlay-type":"","overlay-color":"","overlay-opacity":"","overlay-gradient":""},"mobile":{"background-color":"","background-image":"","background-repeat":"repeat","background-position":"center center","background-size":"auto","background-attachment":"scroll","background-type":"","background-media":"","overlay-type":"","overlay-color":"","overlay-opacity":"","overlay-gradient":""}},"ast-content-background-meta":{"desktop":{"background-color":"var(--ast-global-color-5)","background-image":"","background-repeat":"repeat","background-position":"center center","background-size":"auto","background-attachment":"scroll","background-type":"","background-media":"","overlay-type":"","overlay-color":"","overlay-opacity":"","overlay-gradient":""},"tablet":{"background-color":"var(--ast-global-color-5)","background-image":"","background-repeat":"repeat","background-position":"center center","background-size":"auto","background-attachment":"scroll","background-type":"","background-media":"","overlay-type":"","overlay-color":"","overlay-opacity":"","overlay-gradient":""},"mobile":{"background-color":"var(--ast-global-color-5)","background-image":"","background-repeat":"repeat","background-position":"center center","background-size":"auto","background-attachment":"scroll","background-type":"","background-media":"","overlay-type":"","overlay-color":"","overlay-opacity":"","overlay-gradient":""}},"footnotes":""},"class_list":["post-17704","page","type-page","status-publish","hentry"],"_links":{"self":[{"href":"https:\/\/interregva-bb-pl.eu\/pl\/wp-json\/wp\/v2\/pages\/17704"}],"collection":[{"href":"https:\/\/interregva-bb-pl.eu\/pl\/wp-json\/wp\/v2\/pages"}],"about":[{"href":"https:\/\/interregva-bb-pl.eu\/pl\/wp-json\/wp\/v2\/types\/page"}],"author":[{"embeddable":true,"href":"https:\/\/interregva-bb-pl.eu\/pl\/wp-json\/wp\/v2\/users\/140"}],"replies":[{"embeddable":true,"href":"https:\/\/interregva-bb-pl.eu\/pl\/wp-json\/wp\/v2\/comments?post=17704"}],"version-history":[{"count":1,"href":"https:\/\/interregva-bb-pl.eu\/pl\/wp-json\/wp\/v2\/pages\/17704\/revisions"}],"predecessor-version":[{"id":17705,"href":"https:\/\/interregva-bb-pl.eu\/pl\/wp-json\/wp\/v2\/pages\/17704\/revisions\/17705"}],"wp:attachment":[{"href":"https:\/\/interregva-bb-pl.eu\/pl\/wp-json\/wp\/v2\/media?parent=17704"}],"curies":[{"name":"wp","href":"https:\/\/api.w.org\/{rel}","templated":true}]}}