{"id":17833,"date":"2023-04-28T06:45:44","date_gmt":"2023-04-28T13:45:44","guid":{"rendered":"https:\/\/interregva-bb-pl.eu\/?page_id=17833"},"modified":"2023-04-28T06:53:36","modified_gmt":"2023-04-28T13:53:36","slug":"85016304-projekt-zakonczony","status":"publish","type":"page","link":"https:\/\/interregva-bb-pl.eu\/pl\/85016304-projekt-zakonczony\/","title":{"rendered":"85016304 &#8211; projekt zako\u0144czony"},"content":{"rendered":"<h3>Wsp\u00f3\u0142praca partner\u00f3w naukowych w zakresie kszta\u0142cenia i wymiany wiedzy w dziedzinie technologii magazynowania energii i efektywno\u015bci energetycznej w regionie SNB<\/h3>\n<p>&nbsp;<\/p>\n<p data-wahfont=\"15\"><img decoding=\"async\" src=\"https:\/\/interregva-bb-pl.eu\/wp-content\/uploads\/2023\/04\/Titel2.png\" \/><\/p>\n<p data-wahfont=\"15\"><strong>Partnerzy:<\/strong><u><\/u><br \/>\n\u2013 CEBra \u2013 Centrum f\u00fcr Energietechnologie Brandenburg e.V. \/ Brandenburskie Centrum Technologii Energetycznych stow. rej. (BW)<br \/>\n\u2013 Uniwersytet Zielonog\u00f3rski<br \/>\n\u2013 Miasto Zielona G\u00f3ra<\/p>\n<p data-wahfont=\"15\"><strong>Dofinansowanie (EFRR):<\/strong> 805.291,56 EUR<\/p>\n<p data-wahfont=\"15\"><strong>Okres realizacji:<\/strong> 01.04.2018 \u2013 31.03.2022<\/p>\n<p>Grupami docelowymi projektu byli studenci, wyk\u0142adowcy akademiccy, uczniowie, pedagodzy i inni regionalni partnerzy.<\/p>\n<p><img loading=\"lazy\" decoding=\"async\" class=\"alignleft\" src=\"https:\/\/interregva-bb-pl.eu\/wp-content\/uploads\/2023\/04\/85016304_Fot3-1.jpg\" width=\"401\" height=\"301\" \/><\/p>\n<p>Niemiecko-polski projekt pos\u0142u\u017cy\u0142 poprawie dost\u0119pu i uczestnictwa w edukacji i w kszta\u0142ceniu w s\u0105siednim kraju w zakresie technologii magazynowania energii i efektywno\u015bci energetycznej. Obejmowa\u0142 on inwestycje na rzecz wprowadzenia transgranicznych u\u017cytecznych ofert kszta\u0142cenia. Grupami docelowymi byli w szczeg\u00f3lno\u015bci studenci, nauczyciele akademiccy, uczniowie, pedagodzy i inni partnerzy regionalni. W ramach projektu opracowano i zaoferowano uczestnikom nowe formaty wydarze\u0144 z zakresu edukacji i kszta\u0142cenia. Zaplanowano mi\u0119dzy innymi wyjazdy edukacyjne\/szkolenia w Cottbus i Nowym Kisielinie oraz polsko-niemieck\u0105 akademi\u0119 letni\u0105.<\/p>\n<p>Podej\u015bcie projektowe wykroczy\u0142o daleko poza utart\u0105 praktyk\u0119 przy tworzeniu wsp\u00f3lnych ofert edukacyjno-szkoleniowych. Projekt oznacza\u0142 bardzo konkretne wzmocnienie transgranicznych umiej\u0119tno\u015bci i kompetencji w \u015bcis\u0142ej wsp\u00f3\u0142pracy, zw\u0142aszcza uczelni wy\u017cszych. Wypracowano i wdro\u017cono wzorcowe innowacyjne elementy wsp\u00f3\u0142pracy: wsp\u00f3\u0142prac\u0119 opart\u0105 na podziale pracy przy tworzeniu nowoczesnych ofert szkoleniowych (know-how, materialne podstawy szkoleniowe, wiedza specjalistyczna, do\u015bwiadczenie). Mo\u017cliwe sta\u0142o si\u0119 wykorzystanie du\u017cych efekt\u00f3w synergii i przez to sprawniejsze dzia\u0142anie. Doskona\u0142ym przyk\u0142adem wsp\u00f3\u0142pracy w regionie by\u0142o wprowadzenie transgranicznych ofert bezpo\u015brednich i internetowych. Wdro\u017cono nowe formaty wsp\u00f3lnego kszta\u0142cenia. Obejmowa\u0142o to utworzenie polsko-niemieckiego Centrum Kszta\u0142cenia.<\/p>\n<p><img loading=\"lazy\" decoding=\"async\" class=\"alignright\" src=\"https:\/\/interregva-bb-pl.eu\/wp-content\/uploads\/2023\/04\/85016304_Fot4-1.jpg\" width=\"401\" height=\"301\" \/><\/p>\n<p>W projekcie zosta\u0142y przeprowadzone wyjazdy edukacyjne\/szkolenia online, letnia akademia w niem.-pol. Centrum Technologii Magazynowania Energii, m.in. lokalizacja Cottbus. Ponadto udost\u0119pniono online transgraniczn\u0105 platform\u0119 edukacyjn\u0105 z kilkoma pog\u0142\u0119bionymi materia\u0142ami edukacyjnymi \u2013 magazynowanie chemiczne i elektryczne (www.projekt-energie.eu). W ramach Centrum Kszta\u0142cenia wszystkie stanowiska testowo-treningowe wykorzystano r\u00f3wnie\u017c do przeprowadzenia kolejnej cz\u0119\u015bci zaj\u0119\u0107 ze studentami z Zielonej G\u00f3ry. Tre\u015b\u0107 kszta\u0142cenia nawi\u0105zywa\u0142a r\u00f3wnie\u017c tematycznie do poszczeg\u00f3lnych stanowisk edukacyjno-testowych Centrum Technologii Magazynowania Energii i pog\u0142\u0119bia\u0142a specjalistyczn\u0105 wiedz\u0119 uczestnik\u00f3w.<\/p>\n<p>Nowopowsta\u0142e Centrum Szkoleniowe zosta\u0142o wyposa\u017cone w cz\u0119\u015bci zamienne i dodatkowe\/nowe komponenty do urz\u0105dze\u0144 \u0107wiczeniowych i demonstracyjnych technologii s\u0142onecznej, wodorowej i ogniw paliwowych na Kompleksowym Stanowisku Badawczym Energii Odnawialnych oraz do system\u00f3w szkoleniowych. Dodatkowo zakupiono 6 notebook\u00f3w dla 6 stanowisk pracy i 1 drukark\u0119 w celu pomy\u015blnej realizacji szkole\u0144.<\/p>\n<p>Ze wzgl\u0119du na ograniczenia zwi\u0105zane z rozprzestrzenianiem si\u0119 wirusa (COVID-19) partnerzy projektu nie mogli zorganizowa\u0107 wydarze\u0144 na miejscu w marcu 2020r. Pomimo nowych rozwi\u0105za\u0144 partnerzy byli w stanie przekaza\u0107 uczniom okre\u015blone tre\u015bci nauczania online od marca 2020r. Odpowiednio wykorzystano zasoby ludzkie i finansowe (rozbudowa strony internetowej, rozszerzenie oferty platformy edukacyjnej, wizualizacja itp.). Ponadto CEBra e.V. zorganizowa\u0142a szkolenie (nauk\u0119) online z polskim partnerem. Partnerzy projektu skoncentrowali si\u0119 na magazynowaniu energii chemicznej, elektrycznej i cieplnej, a w szczeg\u00f3lno\u015bci na pog\u0142\u0119bieniu specjalistycznych temat\u00f3w, takich jak magazynowanie du\u017cych baterii, zasilanie na gaz, efektywno\u015b\u0107 energetyczna budynk\u00f3w, materia\u0142y zmiennofazowe itp. Szkolenie online by\u0142o stale aktualizowane i rozszerzane. Partnerzy projektu opracowali wsp\u00f3ln\u0105 procedur\u0119: szkolenie online sk\u0142ada\u0142o si\u0119 z trzech etap\u00f3w wed\u0142ug nast\u0119puj\u0105cego schematu. Najpierw zorganizowano wydarzenie z grup\u0105 edukacyjn\u0105 jako wprowadzenie do tematu\/przegl\u0105du. Nast\u0119pnie uczestnicy pracowali online. Nast\u0119pnie uczestnicy otrzymywali pytania kontrolne\/test, kt\u00f3re wype\u0142niali i odsy\u0142ali. Program szkolenia online w Cottbus obejmowa\u0142 mi\u0119dzy innymi teoretyczne wprowadzenie do tematyki magazynowania energii elektrycznej i chemicznej oraz prezentacj\u0119 innowacyjnych technologii magazynowania, w szczeg\u00f3lno\u015bci nast\u0119puj\u0105ce punkty centralne: komponenty i elektrownie hybrydowe na przyk\u0142adzie kompleksu stanowisko do bada\u0144 energii regeneracyjnych; Elektroliza wody, budowa i dzia\u0142anie uk\u0142adu elektrolizy ci\u015bnieniowej, produkcja wodoru zielonego: produkcja wodoru metod\u0105 elektrolizy i wodoru &#8211; techniki rekonwersji.<\/p>\n<p><img decoding=\"async\" src=\"https:\/\/interregva-bb-pl.eu\/wp-content\/uploads\/2023\/04\/85016304_Abchl_LernPlatPL-1.png\" \/><\/p>\n<p>Projekt opiera\u0142 si\u0119 na wieloletniej ju\u017c wsp\u00f3\u0142pracy partner\u00f3w w dziedzinie energetyki. Tre\u015b\u0107 koncepcji by\u0142a systematycznie w\u0142\u0105czana do koncepcji rozwoju obu uczelni i wnosi\u0142a istotny wk\u0142ad w jej realizacj\u0119. Wsp\u00f3\u0142praca naukowc\u00f3w, wykorzystanie synergii w kszta\u0142ceniu oraz zdigitalizowane koncepcje rozwoju transgranicznych ofert edukacyjnych wzbogaci\u0142y kszta\u0142cenie.<\/p>\n<p><img loading=\"lazy\" decoding=\"async\" class=\"alignleft\" src=\"https:\/\/interregva-bb-pl.eu\/wp-content\/uploads\/2023\/04\/85016304_Fot5-1.jpg\" width=\"401\" height=\"301\" \/><\/p>\n<p>Projekt buduje pomost od tera\u017aniejszo\u015bci do przysz\u0142o\u015bci. Na podkre\u015blenie zas\u0142uguje podej\u015bcie projektowe, polegaj\u0105ce np. na wykorzystaniu nowoczesnej, bardzo kosztoch\u0142onnej infrastruktury obu uczelni na zasadzie podzia\u0142u pracy. Partnerzy uzgodnili oddolnie, \u017ce skupi\u0105 si\u0119 na temacie magazynowania energii. CEBra e.V.\/BTU by\u0142a odpowiedzialna za skoncentrowanie si\u0119 na magazynowaniu chemicznym i elektrycznym, podczas gdy Uniwersytet Zielonog\u00f3rski skoncentrowa\u0142 si\u0119 na magazynowaniu termicznym. W ten spos\u00f3b mocne strony partner\u00f3w mog\u0142y zosta\u0107 korzystnie po\u0142\u0105czone dla obop\u00f3lnej korzy\u015bci w postaci bardzo dobrego ca\u0142o\u015bciowego systemu. Kontynuowano inwestycje z poprzednich projekt\u00f3w, np. budynki laboratoryjne w Parku Naukowo-Technologicznym Uniwersytetu Zielonog\u00f3rskiego. \u017baden z partner\u00f3w nie by\u0142 w stanie zrealizowa\u0107 inwestycji we wszystkich kluczowych obszarach.<\/p>\n<p>Po raz pierwszy ponad granicami zastosowano nowoczesne koncepcje, sprz\u0119t i technologie szkoleniowe. Wi\u0105za\u0142o si\u0119 z tym wyzwanie znalezienia nowych sposob\u00f3w wsp\u00f3\u0142pracy. W ten spos\u00f3b sektor energetyczny sta\u0142 si\u0119 jeszcze bardziej wzorem, paradygmatem i <img loading=\"lazy\" decoding=\"async\" class=\"alignright\" src=\"https:\/\/interregva-bb-pl.eu\/wp-content\/uploads\/2023\/04\/85016304_Fot6-1.jpg\" width=\"401\" height=\"301\" \/>impulsem do jeszcze szerszej, efektywniejszej wsp\u00f3\u0142pracy pomi\u0119dzy pozosta\u0142ymi wydzia\u0142ami obu uczelni. Projekt stworzy\u0142 sprzyjaj\u0105ce warunki do strategicznej perspektywy wsp\u00f3\u0142pracy przy projektach na poziomie regionalnym, krajowym, europejskim i mi\u0119dzynarodowym. Zasoby stworzone w ramach projektu, dobra materialne i niematerialne, takie jak wsp\u00f3lne niemiecko-polskie Centrum Kszta\u0142cenia\/centrum magazynowe oraz platforma internetowa\/platforma edukacyjna s\u0105 dost\u0119pne do przysz\u0142ego wykorzystania po okresie trwania projektu.<\/p>\n<p>Transfer wiedzy i technologii, zorganizowany przez partner\u00f3w projektu, by\u0142 promowany w\u015br\u00f3d wielu podmiot\u00f3w w regionie przygranicznym i wykorzystywany do rozwoju innowacyjnych \u0142a\u0144cuch\u00f3w warto\u015bci.<\/p>\n<p><strong>Link:<\/strong> <a href=\"https:\/\/projekt-energie.eu\" target=\"_blank\" rel=\"noopener\">https:\/\/projekt-energie.eu<\/a><\/p>\n","protected":false},"excerpt":{"rendered":"<p>Wsp\u00f3\u0142praca partner\u00f3w naukowych w zakresie kszta\u0142cenia i wymiany wiedzy w dziedzinie technologii magazynowania energii i efektywno\u015bci energetycznej w regionie SNB &nbsp; Partnerzy: \u2013 CEBra \u2013 Centrum f\u00fcr Energietechnologie Brandenburg e.V. \/ Brandenburskie Centrum Technologii Energetycznych stow. rej. (BW) \u2013 Uniwersytet Zielonog\u00f3rski \u2013 Miasto Zielona G\u00f3ra Dofinansowanie (EFRR): 805.291,56 EUR Okres realizacji: 01.04.2018 \u2013 31.03.2022 Grupami [&hellip;]<\/p>\n","protected":false},"author":140,"featured_media":0,"parent":0,"menu_order":0,"comment_status":"closed","ping_status":"closed","template":"","meta":{"site-sidebar-layout":"default","site-content-layout":"default","ast-site-content-layout":"","site-content-style":"default","site-sidebar-style":"default","ast-global-header-display":"","ast-banner-title-visibility":"","ast-main-header-display":"","ast-hfb-above-header-display":"","ast-hfb-below-header-display":"","ast-hfb-mobile-header-display":"","site-post-title":"","ast-breadcrumbs-content":"","ast-featured-img":"","footer-sml-layout":"","theme-transparent-header-meta":"default","adv-header-id-meta":"","stick-header-meta":"","header-above-stick-meta":"","header-main-stick-meta":"","header-below-stick-meta":"","astra-migrate-meta-layouts":"default","ast-page-background-enabled":"default","ast-page-background-meta":{"desktop":{"background-color":"","background-image":"","background-repeat":"repeat","background-position":"center center","background-size":"auto","background-attachment":"scroll","background-type":"","background-media":"","overlay-type":"","overlay-color":"","overlay-opacity":"","overlay-gradient":""},"tablet":{"background-color":"","background-image":"","background-repeat":"repeat","background-position":"center center","background-size":"auto","background-attachment":"scroll","background-type":"","background-media":"","overlay-type":"","overlay-color":"","overlay-opacity":"","overlay-gradient":""},"mobile":{"background-color":"","background-image":"","background-repeat":"repeat","background-position":"center center","background-size":"auto","background-attachment":"scroll","background-type":"","background-media":"","overlay-type":"","overlay-color":"","overlay-opacity":"","overlay-gradient":""}},"ast-content-background-meta":{"desktop":{"background-color":"var(--ast-global-color-5)","background-image":"","background-repeat":"repeat","background-position":"center center","background-size":"auto","background-attachment":"scroll","background-type":"","background-media":"","overlay-type":"","overlay-color":"","overlay-opacity":"","overlay-gradient":""},"tablet":{"background-color":"var(--ast-global-color-5)","background-image":"","background-repeat":"repeat","background-position":"center center","background-size":"auto","background-attachment":"scroll","background-type":"","background-media":"","overlay-type":"","overlay-color":"","overlay-opacity":"","overlay-gradient":""},"mobile":{"background-color":"var(--ast-global-color-5)","background-image":"","background-repeat":"repeat","background-position":"center center","background-size":"auto","background-attachment":"scroll","background-type":"","background-media":"","overlay-type":"","overlay-color":"","overlay-opacity":"","overlay-gradient":""}},"footnotes":""},"class_list":["post-17833","page","type-page","status-publish","hentry"],"_links":{"self":[{"href":"https:\/\/interregva-bb-pl.eu\/pl\/wp-json\/wp\/v2\/pages\/17833"}],"collection":[{"href":"https:\/\/interregva-bb-pl.eu\/pl\/wp-json\/wp\/v2\/pages"}],"about":[{"href":"https:\/\/interregva-bb-pl.eu\/pl\/wp-json\/wp\/v2\/types\/page"}],"author":[{"embeddable":true,"href":"https:\/\/interregva-bb-pl.eu\/pl\/wp-json\/wp\/v2\/users\/140"}],"replies":[{"embeddable":true,"href":"https:\/\/interregva-bb-pl.eu\/pl\/wp-json\/wp\/v2\/comments?post=17833"}],"version-history":[{"count":3,"href":"https:\/\/interregva-bb-pl.eu\/pl\/wp-json\/wp\/v2\/pages\/17833\/revisions"}],"predecessor-version":[{"id":17836,"href":"https:\/\/interregva-bb-pl.eu\/pl\/wp-json\/wp\/v2\/pages\/17833\/revisions\/17836"}],"wp:attachment":[{"href":"https:\/\/interregva-bb-pl.eu\/pl\/wp-json\/wp\/v2\/media?parent=17833"}],"curies":[{"name":"wp","href":"https:\/\/api.w.org\/{rel}","templated":true}]}}