{"id":18005,"date":"2023-06-30T07:32:53","date_gmt":"2023-06-30T14:32:53","guid":{"rendered":"https:\/\/interregva-bb-pl.eu\/?page_id=18005"},"modified":"2023-06-30T07:42:40","modified_gmt":"2023-06-30T14:42:40","slug":"85038919-projekt-zakonczony","status":"publish","type":"page","link":"https:\/\/interregva-bb-pl.eu\/pl\/85038919-projekt-zakonczony\/","title":{"rendered":"85038919 &#8211; projekt zako\u0144czony"},"content":{"rendered":"<h3 data-wahfont=\"25\">Opieka onkologiczna bez granic \u2013 wsp\u00f3\u0142praca instytucji, ekspert\u00f3w i administracji<\/h3>\n<p>&nbsp;<\/p>\n<p><img decoding=\"async\" src=\"https:\/\/interregva-bb-pl.eu\/wp-content\/uploads\/2023\/06\/85038919_WEB_Titel-PL.png\" \/><\/p>\n<p data-wahfont=\"15\"><strong>Partnerzy projektu:<\/strong><br \/>\n\u2013 Szpital Uniwersytecki im. Karola Marcinkowskiego w Zielonej G\u00f3rze Sp. z o.o. (BW)<br \/>\n\u2013 Ost-Brandenburgisches Tumorenzentrum Bad Saarow (Wschodniobrandenburskie Centrum Leczenia Nowotwor\u00f3w Bad Saarow)<\/p>\n<p data-wahfont=\"15\"><strong>Dofinansowanie (EFRR): <\/strong>620.269,09 EUR<\/p>\n<p data-wahfont=\"15\"><strong>Okres realizacji: <\/strong>01.01.2020 \u2013 31.08.2022<\/p>\n<p>G\u0142\u00f3wnym celem projektu by\u0142o zminimalizowanie wzgl. wyr\u00f3wnanie deficyt\u00f3w w opiece medycznej pacjent\u00f3w nowotworowych poprzez \u015bcis\u0142\u0105 wsp\u00f3\u0142prac\u0119 polskich\/niemieckich lekarzy, instytucji administracji oraz wdro\u017cenie systemowego podej\u015bcia do pacjenta wspomaganego innowacyjnymi narz\u0119dziami. Do osi\u0105gni\u0119cia celu g\u0142\u00f3wnego prowadzi szereg dzia\u0142a\u0144 ukierunkowanych na wsp\u00f3\u0142prac\u0119 instytucji administracji, specjalist\u00f3w i obywateli m.in. wdro\u017cenie transgranicznego monitoringu system\u00f3w opieki onkologicznej, w ramach kt\u00f3rego zarejestrowano dane dotycz\u0105ce leczenia ponad 5000 pacjent\u00f3w nowotworowych z regionu i naukowo oceniono je w polsko-niemieckich interdyscyplinarnych grupach ekspert\u00f3w.<\/p>\n<p>Projekt zosta\u0142 podzielony na 5 g\u0142\u00f3wnych zada\u0144:<\/p>\n<p>Zadanie 1.\u00a0 Transgraniczny monitoring system\u00f3w opieki onkologicznej obejmuj\u0105cy aparat administracyjny oraz medyczny.<\/p>\n<p>Podstaw\u0105 wniosk\u00f3w i dzia\u0142a\u0144 s\u0105 analizy danych dlatego w ramach tego zadania przeprowadzono rejestracj\u0119 informacji dotycz\u0105cych leczenia pacjent\u00f3w z regionu przygranicznego (5000 pacjent\u00f3w). Utworzono 10 dwuj\u0119zycznych standard\u00f3w dokumentacji nowotworowej dla poszczeg\u00f3lnych lokalizacji. Obowi\u0105zuj\u0105cy model dokumentacji zosta\u0142 rozbudowany o informatyczne narz\u0119dzia umo\u017cliwiaj\u0105ce gromadzenie danych z wywiadu przed terapi\u0105 (czynniki ryzyka). Ponadto opracowano polsko-niemiecki portal webowy przystosowany do gromadzenia danych zwrotnych od pacjent\u00f3w w zakresie oceny jako\u015bci opieki jak r\u00f3wnie\u017c ich w\u0142asne uwagi. Gromadzona baza pozwoli w przysz\u0142o\u015bci na retrospektywn\u0105 ocen\u0119 przez utworzone w ramach projektu polsko-niemieckie grupy ekspert\u00f3w (zrealizowano 12 szczeg\u00f3\u0142owych raport\u00f3w ze spotka\u0144 grup roboczych) dla danej jednostki chorobowej oraz Rad\u0119 Naukow\u0105. Utrzymano Rad\u0119 w sk\u0142adzie z poprzedniego projektu:<br \/>\n<strong>prof Stefan Koch<\/strong> \u2013 Szef instytutu Patomorfologii Helios Klinikum w Bad Saarow, Przewodnicz\u0105cy Wschodniobrandenburskiego Centrum Raka w Bad Saarow, Kierownik Projektu,<\/p>\n<p><strong>dr Thorsten Ecke<\/strong> \u2013 Kierownik Centrum Prostaty Helios Klinikum w Bad Saarow,<\/p>\n<p><strong>dr Marek Budner<\/strong> \u2013 Szef Centrum Leczenia Raka Piersi, Ekspert w dziedzinie chirurgii onkologicznej i rekonstrukcyjnej, Helios Klinikum w Bad Saarow,<\/p>\n<p><strong>Rolf Nowak<\/strong> \u2013 Koordynator projektu po stronie beneficjenta wiod\u0105cego Wschodniobrandenburskiego Centrum Raka w Bad Saarow,<\/p>\n<p><strong>dr Arnd Naas<\/strong> \u2013 Lekarz koordynuj\u0105cy po stronie Wschodniobrandenburskiego Centrum Raka w Bad Saarow,<\/p>\n<p><strong>prof Maciej Salagierski<\/strong> \u2013 Szef Katedry Urologii i Onkologii Urologicznej, Uniwersytet Zielonog\u00f3rski, Szpital Uniwersytecki w Zielonej G\u00f3rze,<\/p>\n<p><strong>dr R\u00f3\u017ca Po\u017aniak-Balicka<\/strong> \u2013 Kierownik Zak\u0142adu Radioterapii, Szpital Uniwersytecki w Zielonej G\u00f3rze,<\/p>\n<p><strong>dr Beata Iwanowska-Chomiak<\/strong> \u2013 Specjalista w zakresie Radioterapii po stronie Szpitala Uniwersyteckiego w Zielonej G\u00f3rze,<\/p>\n<p><strong>Krzysztof Krasowski<\/strong> \u2013 Koordynator projektu po stronie Szpitala Uniwersyteckiego w Zielonej G\u00f3rze,<\/p>\n<p><strong>Amadeusz Polak<\/strong> &#8211; Koordynator projektu po stronie Szpitala Uniwersyteckiego w Zielonej G\u00f3rze.<\/p>\n<p><img decoding=\"async\" src=\"https:\/\/interregva-bb-pl.eu\/wp-content\/uploads\/2023\/06\/85038919_WEB_2-scaled.jpg\" \/>Na koniec projektu dokonano analizy por\u00f3wnawczej danych projektu pomi\u0119dzy partnerami. Ponadto wykonano ponad 20 raport\u00f3w cz\u0105stkowych oraz opublikowano 4 prace naukowe oparte na danych z rejestru.<\/p>\n<p>Zadanie 2. Transgraniczna wsp\u00f3\u0142praca i wymiana do\u015bwiadcze\u0144 w zakresie opieki nad pacjentami onkologicznymi.<\/p>\n<p>\u015acis\u0142a wsp\u00f3\u0142praca \u015brodowisk onkologicznych regionu przygranicznych w zakresie doskonalenia opieki medycznej jest podstawowym zadaniem projektu. Realizacj\u0119 rozpocz\u0119to od utworzenia planu komunikacji i zarz\u0105dzania projektem. Partnerami projektu s\u0105 wyspecjalizowane jednostki opieki onkologicznej. Dzi\u0119ki sta\u0142ym kontaktom, wsp\u00f3\u0142pracy w ramach grup ekspert\u00f3w oraz zorganizowanym warsztatom oraz konferencjom specjalistycznym dla lekarzy i przedstawicieli instytucji nawi\u0105zano wsp\u00f3\u0142prac\u0119 na polu wymiany do\u015bwiadcze\u0144 w zakresach onkologii klinicznej, radioterapii czy te\u017c w kwestiach organizacyjno-administracyjnych.<\/p>\n<p>Zadanie 3. Opracowanie i wdro\u017cenie programu wsparcia emocjonalnego i aktywizacji spo\u0142ecznej pacjent\u00f3w onkologicznych<\/p>\n<p>Na polu opieki psychologicznej pacjenta onkologicznego wyst\u0119puj\u0105 drastyczne r\u00f3\u017cnice w regionach PL-DE. Dzi\u0119ki temu, \u017ce system wsparcia pacjenta w Niemczech funkcjonuje w szerokim zakresie, mo\u017cliwe by\u0142o wykorzystanie do\u015bwiadczenia oraz wiedzy merytorycznej pracownik\u00f3w PP2 w celu wsp\u00f3lnego opracowania Programu Wsparcia Emocjonalnego. Program z powodzeniem wdro\u017cono w plac\u00f3wce PP1. Dzi\u0119ki temu dzia\u0142aniu zniwelowano jeden z drastycznych deficyt\u00f3w w opiece onkologicznej w regionie PL zidentyfikowanego na etapie analiz przygotowawczych oraz wniosk\u00f3w z poprzedzaj\u0105cych realizacji projekt\u00f3w.<\/p>\n<p>Zadanie 4. \u201e\u017byj Zdrowo\u201d Dzia\u0142ania edukacyjno-informacyjne w zakresie profilaktyki nowotworowej oraz leczenia nowotwor\u00f3w.<\/p>\n<p><img loading=\"lazy\" decoding=\"async\" class=\"alignleft\" src=\"https:\/\/interregva-bb-pl.eu\/wp-content\/uploads\/2023\/06\/85038919_WEB_1.png\" width=\"400\" height=\"569\" \/>Wnioski p\u0142yn\u0105ce z analiz przygotowawczych oraz wcze\u015bniejszych dzia\u0142a\u0144 zrealizowanych w obszarze wsparcia, wyra\u017anie wskazuj\u0105 ogromn\u0105 przepa\u015b\u0107 pomi\u0119dzy regionami w zakresie \u015bwiadomo\u015bci spo\u0142ecznej na temat zachorowa\u0144 nowotworowych, czynnik\u00f3w ryzyka jak r\u00f3wnie\u017c cz\u0119sto\u015bci wykorzystania bada\u0144 profilaktycznych. Przyczyn\u0105 r\u00f3\u017cnic jest m.in. brak systemowego wsparcia Pacjenta w PL. Dzi\u0119ki do\u015bwiadczeniu Partner\u00f3w DE w ramach utworzonego zespo\u0142u specjalist\u00f3w opracowane zosta\u0142y materia\u0142y w formie Informator\u00f3w Pacjenta w kt\u00f3rych zawarto wszystkie istotne informacje dot. przygotowania do leczenia, opcji leczenia, opieki po leczeniu, wsparcia psychologicznego jak r\u00f3wnie\u017c profilaktyki. Materia\u0142y w spos\u00f3b czytelny zawieraj\u0105 szereg informacji pomagaj\u0105cych pacjentowi szybko odnale\u017a\u0107 \u015bcie\u017ck\u0119 post\u0119powania w obliczu zagro\u017cenia chorob\u0105 nowotworow\u0105 jak r\u00f3wnie\u017c pomagaj\u0105 zwi\u0119kszy\u0107 \u015bwiadomo\u015b\u0107 nt. wdro\u017conych program\u00f3w profilaktycznych oraz pozytywnych skutk\u00f3w szybkiego wykrycia nowotwor\u00f3w podczas bada\u0144 przesiewowych. Materia\u0142y zosta\u0142y wydrukowane przez PP1 oraz udost\u0119pnione w formie elektronicznej na stronach internetowych obu partner\u00f3w jak r\u00f3wnie\u017c przekazane wszystkim zainteresowanym instytucjom.<\/p>\n<p>Zadanie 5. Dost\u0119pno\u015b\u0107 do s\u0142u\u017cby zdrowia bez granic j\u0119zykowych.<\/p>\n<p>Dla zapewnienia wi\u0119kszej dost\u0119pno\u015bci do s\u0142u\u017cby zdrowia w regionie wsparcia dla os\u00f3b przebywaj\u0105cych za granic\u0105, przygotowano dwuj\u0119zyczne PL-DE strony WWW partner\u00f3w PP1 i PP2 oraz opracowano internetowe forum pacjent\u00f3w onkologicznych (dwuj\u0119zyczna internetowa platforma dyskusyjna) Dzia\u0142ania to pozwalaj\u0105 na swobodne odszukanie niezb\u0119dnych informacji bez barier j\u0119zykowych.<\/p>\n<p>Cel projektu oraz zaplanowane dzia\u0142ania skupiaj\u0105 si\u0119 wok\u00f3\u0142 wsp\u00f3\u0142pracy transgranicznej polsko-niemieckiej instytucji, administracji i obywateli w zakresie systemowej opieki medycznej nad pacjentami onkologicznymi. Wsp\u00f3lna realizacja zdefiniowanych rozleg\u0142ych zada\u0144 projektu pozwala na cz\u0119\u015bciowe niwelowanie r\u00f3\u017cnic w poziomie\/jako\u015bci opieki medycznej oraz umo\u017cliwi\u0142a utrwalenie wsp\u00f3\u0142pracy wszystkich zaanga\u017cowanych instytucji po obu stronach granicy. Trwaj\u0105ca w ca\u0142ym okresie trwania projektu Pandemia Covid-19 zmusi\u0142a nas do zmiany sposobu realizacji wielu zada\u0144, spotkania grupowe czy du\u017ce wydarzenia stacjonarne zast\u0105pi\u0142y rozwi\u0105zania technologiczne Online. Jednak\u017ce w \u015brodowiskach specjalistycznych, medycznych rozwi\u0105zania te przyj\u0119\u0142y si\u0119 b\u0142yskawicznie dzi\u0119ki czemu z powodzeniem a wr\u0119cz niejednokrotnie z znacz\u0105co wi\u0119kszym ni\u017c zaplanowany zasi\u0119giem zrealizowano wszystkie punkty projektu i osi\u0105gni\u0119to zaplanowane cele.<\/p>\n<p>Projekt przyczyni\u0142 si\u0119 do ustanowienia silnej sieci wsp\u00f3\u0142pracy mi\u0119dzy r\u00f3\u017cnymi instytucjami i ekspertami zajmuj\u0105cymi si\u0119 opiek\u0105 onkologiczn\u0105 w regionie. Wsp\u00f3lna praca nad rozwi\u0105zaniami, wymiana wiedzy i do\u015bwiadcze\u0144 doprowadzi do wzrostu \u015bwiadomo\u015bci zwi\u0105zanej z chorobami nowotworowymi i ich leczeniem. Skoncentrowano si\u0119 tak\u017ce na zwi\u0119kszeniu wsparcia psychologicznego dla chorych i ich rodzin. Wypracowano rozwi\u0105zanie umo\u017cliwiaj\u0105ce otwarcie poradni psychoonkologicznej, kt\u00f3re zosta\u0142o zaadoptowane na sta\u0142e. Projekt uwzgl\u0119dni\u0142 dzia\u0142ania maj\u0105ce na celu popraw\u0119 dost\u0119pno\u015bci us\u0142ug onkologicznych dla pacjent\u00f3w w regionie Morza Ba\u0142tyckiego. Obj\u0119\u0142o to inicjatyw\u0119 informacyjno-edukacyjn\u0105 dla pacjent\u00f3w zar\u00f3wno poprzez udost\u0119pnianie materia\u0142\u00f3w edukacyjno-informacyjnych oraz przez sie\u0107 kontakt\u00f3w z instytucjami bezpo\u015brednio pracuj\u0105cymi z pacjentami przed chorob\u0105 jak r\u00f3wnie\u017c tymi ju\u017c chorymi.<\/p>\n<p>Projekt zrealizowa\u0142 dzia\u0142ania maj\u0105ce na celu zmniejszenie nier\u00f3wno\u015bci w dost\u0119pie do wysokiej jako\u015bci opieki, poprzez ocen\u0119 wska\u017anik\u00f3w przyczyni\u0142 si\u0119 do wzrostu efektywno\u015bci i jako\u015bci opieki onkologicznej, zwi\u0119kszenia wsp\u00f3\u0142pracy mi\u0119dzyinstytucjonalnej oraz poprawy dost\u0119pno\u015bci us\u0142ug dla pacjent\u00f3w w regionie Morza Ba\u0142tyckiego. To z kolei by\u0142oby zgodne z celami programu INTERREG BB-PL oraz Strategii Morza Ba\u0142tyckiego, kt\u00f3re d\u0105\u017c\u0105 do harmonijnego rozwoju regionu i wsp\u00f3\u0142pracy transgranicznej.<\/p>\n<p>Link: <a href=\"https:\/\/szpital.zgora.pl\/bb-pl-interreg-v-a-2014-2020-opieka-onkologiczna-bez-granic-wspolpraca-instytucji-ekspertow-i-administracji\/\">https:\/\/szpital.zgora.pl\/bb-pl-interreg-v-a-2014-2020-opieka-onkologiczna-bez-granic-wspolpraca-instytucji-ekspertow-i-administracji\/<\/a><\/p>\n<p>Wyniki: <a href=\"https:\/\/szpital.zgora.pl\/wp-content\/uploads\/PLDE-dodane-spady.pdf\">https:\/\/szpital.zgora.pl\/wp-content\/uploads\/PLDE-dodane-spady.pdf<\/a><\/p>\n","protected":false},"excerpt":{"rendered":"<p>Opieka onkologiczna bez granic \u2013 wsp\u00f3\u0142praca instytucji, ekspert\u00f3w i administracji &nbsp; Partnerzy projektu: \u2013 Szpital Uniwersytecki im. Karola Marcinkowskiego w Zielonej G\u00f3rze Sp. z o.o. (BW) \u2013 Ost-Brandenburgisches Tumorenzentrum Bad Saarow (Wschodniobrandenburskie Centrum Leczenia Nowotwor\u00f3w Bad Saarow) Dofinansowanie (EFRR): 620.269,09 EUR Okres realizacji: 01.01.2020 \u2013 31.08.2022 G\u0142\u00f3wnym celem projektu by\u0142o zminimalizowanie wzgl. wyr\u00f3wnanie deficyt\u00f3w w [&hellip;]<\/p>\n","protected":false},"author":140,"featured_media":0,"parent":0,"menu_order":0,"comment_status":"closed","ping_status":"closed","template":"","meta":{"site-sidebar-layout":"default","site-content-layout":"default","ast-site-content-layout":"","site-content-style":"default","site-sidebar-style":"default","ast-global-header-display":"","ast-banner-title-visibility":"","ast-main-header-display":"","ast-hfb-above-header-display":"","ast-hfb-below-header-display":"","ast-hfb-mobile-header-display":"","site-post-title":"","ast-breadcrumbs-content":"","ast-featured-img":"","footer-sml-layout":"","theme-transparent-header-meta":"default","adv-header-id-meta":"","stick-header-meta":"","header-above-stick-meta":"","header-main-stick-meta":"","header-below-stick-meta":"","astra-migrate-meta-layouts":"default","ast-page-background-enabled":"default","ast-page-background-meta":{"desktop":{"background-color":"","background-image":"","background-repeat":"repeat","background-position":"center center","background-size":"auto","background-attachment":"scroll","background-type":"","background-media":"","overlay-type":"","overlay-color":"","overlay-opacity":"","overlay-gradient":""},"tablet":{"background-color":"","background-image":"","background-repeat":"repeat","background-position":"center center","background-size":"auto","background-attachment":"scroll","background-type":"","background-media":"","overlay-type":"","overlay-color":"","overlay-opacity":"","overlay-gradient":""},"mobile":{"background-color":"","background-image":"","background-repeat":"repeat","background-position":"center center","background-size":"auto","background-attachment":"scroll","background-type":"","background-media":"","overlay-type":"","overlay-color":"","overlay-opacity":"","overlay-gradient":""}},"ast-content-background-meta":{"desktop":{"background-color":"var(--ast-global-color-5)","background-image":"","background-repeat":"repeat","background-position":"center center","background-size":"auto","background-attachment":"scroll","background-type":"","background-media":"","overlay-type":"","overlay-color":"","overlay-opacity":"","overlay-gradient":""},"tablet":{"background-color":"var(--ast-global-color-5)","background-image":"","background-repeat":"repeat","background-position":"center center","background-size":"auto","background-attachment":"scroll","background-type":"","background-media":"","overlay-type":"","overlay-color":"","overlay-opacity":"","overlay-gradient":""},"mobile":{"background-color":"var(--ast-global-color-5)","background-image":"","background-repeat":"repeat","background-position":"center center","background-size":"auto","background-attachment":"scroll","background-type":"","background-media":"","overlay-type":"","overlay-color":"","overlay-opacity":"","overlay-gradient":""}},"footnotes":""},"class_list":["post-18005","page","type-page","status-publish","hentry"],"_links":{"self":[{"href":"https:\/\/interregva-bb-pl.eu\/pl\/wp-json\/wp\/v2\/pages\/18005"}],"collection":[{"href":"https:\/\/interregva-bb-pl.eu\/pl\/wp-json\/wp\/v2\/pages"}],"about":[{"href":"https:\/\/interregva-bb-pl.eu\/pl\/wp-json\/wp\/v2\/types\/page"}],"author":[{"embeddable":true,"href":"https:\/\/interregva-bb-pl.eu\/pl\/wp-json\/wp\/v2\/users\/140"}],"replies":[{"embeddable":true,"href":"https:\/\/interregva-bb-pl.eu\/pl\/wp-json\/wp\/v2\/comments?post=18005"}],"version-history":[{"count":3,"href":"https:\/\/interregva-bb-pl.eu\/pl\/wp-json\/wp\/v2\/pages\/18005\/revisions"}],"predecessor-version":[{"id":18010,"href":"https:\/\/interregva-bb-pl.eu\/pl\/wp-json\/wp\/v2\/pages\/18005\/revisions\/18010"}],"wp:attachment":[{"href":"https:\/\/interregva-bb-pl.eu\/pl\/wp-json\/wp\/v2\/media?parent=18005"}],"curies":[{"name":"wp","href":"https:\/\/api.w.org\/{rel}","templated":true}]}}