{"id":3339,"date":"2018-01-31T19:57:01","date_gmt":"2018-01-31T18:57:01","guid":{"rendered":"http:\/\/interregva-bb-pl.eu\/?page_id=3339\/"},"modified":"2019-01-29T11:42:37","modified_gmt":"2019-01-29T10:42:37","slug":"fhb-i-program-kooperacji","status":"publish","type":"page","link":"https:\/\/interregva-bb-pl.eu\/pl\/fhb-i-program-kooperacji\/","title":{"rendered":"Podr\u0119cznik beneficjenta i Program Wsp\u00f3\u0142pracy"},"content":{"rendered":"<p><a href=\"http:\/\/interregva-bb-pl.eu\/wp-content\/uploads\/2018\/09\/1_Program-Wsp%C3%B3%C5%82pracy-INTERREG-V-A_.pdf\">Program Wsp\u00f3\u0142pracy INTERREG V A<\/a><\/p>\n<div>\n<p><strong>Zaktualizowana wersja Podr\u0119cznika Beneficjenta: <\/strong>zmieniona aktualna wersja Podr\u0119cznika Beneficjenta znajduje si\u0119 <a href=\"http:\/\/interregva-bb-pl.eu\/wp-content\/uploads\/2018\/09\/FHB-Stand-Juli-2018_Podrecznik-BW-stan-Lipiec-2018.pdf\" target=\"_blank\" rel=\"noopener\">tutaj<\/a> (stan lipiec 2018).<\/p>\n<\/div>\n<h4>Wcze\u015bniejsze wersje dokument\u00f3w znajd\u0105 Pa\u0144stwo w archiwum: <a href=\"http:\/\/interregva-bb-pl.eu\/archiv\/\">http:\/\/interregva-bb-pl.eu\/archiv\/<\/a><\/h4>\n<p>&nbsp;<\/p>\n<p>&nbsp;<\/p>\n","protected":false},"excerpt":{"rendered":"<p>Program Wsp\u00f3\u0142pracy INTERREG V A Zaktualizowana wersja Podr\u0119cznika Beneficjenta: zmieniona aktualna wersja Podr\u0119cznika Beneficjenta znajduje si\u0119 tutaj (stan lipiec 2018). Wcze\u015bniejsze wersje dokument\u00f3w znajd\u0105 Pa\u0144stwo w archiwum: http:\/\/interregva-bb-pl.eu\/archiv\/ &nbsp; &nbsp;<\/p>\n","protected":false},"author":55,"featured_media":0,"parent":0,"menu_order":0,"comment_status":"closed","ping_status":"closed","template":"","meta":{"site-sidebar-layout":"default","site-content-layout":"default","ast-site-content-layout":"","site-content-style":"default","site-sidebar-style":"default","ast-global-header-display":"","ast-banner-title-visibility":"","ast-main-header-display":"","ast-hfb-above-header-display":"","ast-hfb-below-header-display":"","ast-hfb-mobile-header-display":"","site-post-title":"","ast-breadcrumbs-content":"","ast-featured-img":"","footer-sml-layout":"","theme-transparent-header-meta":"default","adv-header-id-meta":"","stick-header-meta":"","header-above-stick-meta":"","header-main-stick-meta":"","header-below-stick-meta":"","astra-migrate-meta-layouts":"default","ast-page-background-enabled":"default","ast-page-background-meta":{"desktop":{"background-color":"","background-image":"","background-repeat":"repeat","background-position":"center center","background-size":"auto","background-attachment":"scroll","background-type":"","background-media":"","overlay-type":"","overlay-color":"","overlay-opacity":"","overlay-gradient":""},"tablet":{"background-color":"","background-image":"","background-repeat":"repeat","background-position":"center center","background-size":"auto","background-attachment":"scroll","background-type":"","background-media":"","overlay-type":"","overlay-color":"","overlay-opacity":"","overlay-gradient":""},"mobile":{"background-color":"","background-image":"","background-repeat":"repeat","background-position":"center center","background-size":"auto","background-attachment":"scroll","background-type":"","background-media":"","overlay-type":"","overlay-color":"","overlay-opacity":"","overlay-gradient":""}},"ast-content-background-meta":{"desktop":{"background-color":"var(--ast-global-color-5)","background-image":"","background-repeat":"repeat","background-position":"center center","background-size":"auto","background-attachment":"scroll","background-type":"","background-media":"","overlay-type":"","overlay-color":"","overlay-opacity":"","overlay-gradient":""},"tablet":{"background-color":"var(--ast-global-color-5)","background-image":"","background-repeat":"repeat","background-position":"center center","background-size":"auto","background-attachment":"scroll","background-type":"","background-media":"","overlay-type":"","overlay-color":"","overlay-opacity":"","overlay-gradient":""},"mobile":{"background-color":"var(--ast-global-color-5)","background-image":"","background-repeat":"repeat","background-position":"center center","background-size":"auto","background-attachment":"scroll","background-type":"","background-media":"","overlay-type":"","overlay-color":"","overlay-opacity":"","overlay-gradient":""}},"footnotes":""},"class_list":["post-3339","page","type-page","status-publish","hentry"],"_links":{"self":[{"href":"https:\/\/interregva-bb-pl.eu\/pl\/wp-json\/wp\/v2\/pages\/3339"}],"collection":[{"href":"https:\/\/interregva-bb-pl.eu\/pl\/wp-json\/wp\/v2\/pages"}],"about":[{"href":"https:\/\/interregva-bb-pl.eu\/pl\/wp-json\/wp\/v2\/types\/page"}],"author":[{"embeddable":true,"href":"https:\/\/interregva-bb-pl.eu\/pl\/wp-json\/wp\/v2\/users\/55"}],"replies":[{"embeddable":true,"href":"https:\/\/interregva-bb-pl.eu\/pl\/wp-json\/wp\/v2\/comments?post=3339"}],"version-history":[{"count":8,"href":"https:\/\/interregva-bb-pl.eu\/pl\/wp-json\/wp\/v2\/pages\/3339\/revisions"}],"predecessor-version":[{"id":8151,"href":"https:\/\/interregva-bb-pl.eu\/pl\/wp-json\/wp\/v2\/pages\/3339\/revisions\/8151"}],"wp:attachment":[{"href":"https:\/\/interregva-bb-pl.eu\/pl\/wp-json\/wp\/v2\/media?parent=3339"}],"curies":[{"name":"wp","href":"https:\/\/api.w.org\/{rel}","templated":true}]}}