{"id":3738,"date":"2018-02-12T16:13:44","date_gmt":"2018-02-12T15:13:44","guid":{"rendered":"http:\/\/interregva-bb-pl.eu\/begleitausschuss-2\/"},"modified":"2018-02-16T10:36:44","modified_gmt":"2018-02-16T09:36:44","slug":"begleitausschuss-2","status":"publish","type":"page","link":"https:\/\/interregva-bb-pl.eu\/pl\/begleitausschuss-2\/","title":{"rendered":"Begleitausschuss"},"content":{"rendered":"<p><strong>Der Begleitausschuss <\/strong><\/p>\n<table>\n<tbody>\n<tr>\n<td width=\"307\">\n<p style=\"text-align: justify;\">Das Programm wird von einem deutsch-polnischen Begleitausschuss begleitet, der sich aus Vertretern der Landesregierung Brandenburg, der Zentralregierung in Polen, der Selbstverwaltung der Wojewodschaft Lubuskie, der Euroregionen (f\u00fcr Kommunen), sowie der Umwelt-, Sozial- und Wirtschaftspartner zusammensetzt (gem. Art. 5, Absatz 1 der VO Nr. 1303\/2013). Der BA ist hinsichtlich der stimmberechtigten Mitglieder parit\u00e4tisch besetzt, d.h. die Anzahl der Mitglieder von der deutschen und polnischen Seite ist gleich.<\/p>\n<\/td>\n<td style=\"text-align: left;\" width=\"307\">\n<p style=\"padding-left: 30px;\"><strong>Weiter zu:<\/strong><\/p>\n<ul>\n<li><a href=\"http:\/\/interregva-bb-pl.eu\/pl\/komitet-monitorujacy\/502-2\/\">Mitglieder des Begleitausschusses<\/a><\/li>\n<li><a href=\"http:\/\/interregva-bb-pl.eu\/pl\/komitet-monitorujacy\/uchwaly\/\">Beschl\u00fcsse<\/a><\/li>\n<li><a href=\"http:\/\/interregva-bb-pl.eu\/pl\/komitet-monitorujacy\/regulamin\/\">Gesch\u00e4ftsordnung<\/a><\/li>\n<li><a href=\"http:\/\/interregva-bb-pl.eu\/pl\/komitet-monitorujacy\/strefa-czlonkowska\/\">Mitgliederbereich<\/a><\/li>\n<\/ul>\n<\/td>\n<\/tr>\n<\/tbody>\n<\/table>\n<p><strong>Der Begleitausschuss ist zust\u00e4ndig insbesondere f\u00fcr:<\/strong><\/p>\n<ul>\n<li>Best\u00e4tigung der Projektbewertungs- und Projektauswahlkriterien<\/li>\n<li>Auswahl von Vorhaben zur F\u00f6rderung<\/li>\n<li>Best\u00e4tigung des f\u00fcr das Programm geltenden F\u00f6rderhandbuchs, einschlie\u00dflich der F\u00f6rderf\u00e4higkeitsregeln, sowie ggf. Best\u00e4tigung von dessen \u00c4nderungen<\/li>\n<li>Begleitung der Programmfortschritte gem\u00e4\u00df Art. 49 Abs. 1 der VO (EU) Nr. 1303\/2013<\/li>\n<li>Best\u00e4tigung der j\u00e4hrlichen Durchf\u00fchrungsberichte und des Abschlussberichts<\/li>\n<li>Pr\u00fcfung des programmbezogenen Finanzmanagements und der Programmumsetzung<\/li>\n<li>Unterbreitung von Vorschl\u00e4gen zur \u00c4nderung des Programms und Stellungnahmen zu \u00c4nderungsvorschl\u00e4gen der Verwaltungsbeh\u00f6rde<\/li>\n<li>Best\u00e4tigung der Kommunikationsstrategie des Programms<\/li>\n<li>Best\u00e4tigung des Evaluierungsplans<\/li>\n<\/ul>\n<p>&nbsp;<\/p>\n","protected":false},"excerpt":{"rendered":"<p>Der Begleitausschuss Das Programm wird von einem deutsch-polnischen Begleitausschuss begleitet, der sich aus Vertretern der Landesregierung Brandenburg, der Zentralregierung in Polen, der Selbstverwaltung der Wojewodschaft Lubuskie, der Euroregionen (f\u00fcr Kommunen), sowie der Umwelt-, Sozial- und Wirtschaftspartner zusammensetzt (gem. Art. 5, Absatz 1 der VO Nr. 1303\/2013). Der BA ist hinsichtlich der stimmberechtigten Mitglieder parit\u00e4tisch besetzt, [&hellip;]<\/p>\n","protected":false},"author":66,"featured_media":0,"parent":0,"menu_order":0,"comment_status":"closed","ping_status":"closed","template":"","meta":{"site-sidebar-layout":"default","site-content-layout":"","ast-site-content-layout":"","site-content-style":"default","site-sidebar-style":"default","ast-global-header-display":"","ast-banner-title-visibility":"","ast-main-header-display":"","ast-hfb-above-header-display":"","ast-hfb-below-header-display":"","ast-hfb-mobile-header-display":"","site-post-title":"","ast-breadcrumbs-content":"","ast-featured-img":"","footer-sml-layout":"","theme-transparent-header-meta":"","adv-header-id-meta":"","stick-header-meta":"","header-above-stick-meta":"","header-main-stick-meta":"","header-below-stick-meta":"","astra-migrate-meta-layouts":"default","ast-page-background-enabled":"default","ast-page-background-meta":{"desktop":{"background-color":"","background-image":"","background-repeat":"repeat","background-position":"center center","background-size":"auto","background-attachment":"scroll","background-type":"","background-media":"","overlay-type":"","overlay-color":"","overlay-opacity":"","overlay-gradient":""},"tablet":{"background-color":"","background-image":"","background-repeat":"repeat","background-position":"center center","background-size":"auto","background-attachment":"scroll","background-type":"","background-media":"","overlay-type":"","overlay-color":"","overlay-opacity":"","overlay-gradient":""},"mobile":{"background-color":"","background-image":"","background-repeat":"repeat","background-position":"center center","background-size":"auto","background-attachment":"scroll","background-type":"","background-media":"","overlay-type":"","overlay-color":"","overlay-opacity":"","overlay-gradient":""}},"ast-content-background-meta":{"desktop":{"background-color":"var(--ast-global-color-5)","background-image":"","background-repeat":"repeat","background-position":"center center","background-size":"auto","background-attachment":"scroll","background-type":"","background-media":"","overlay-type":"","overlay-color":"","overlay-opacity":"","overlay-gradient":""},"tablet":{"background-color":"var(--ast-global-color-5)","background-image":"","background-repeat":"repeat","background-position":"center center","background-size":"auto","background-attachment":"scroll","background-type":"","background-media":"","overlay-type":"","overlay-color":"","overlay-opacity":"","overlay-gradient":""},"mobile":{"background-color":"var(--ast-global-color-5)","background-image":"","background-repeat":"repeat","background-position":"center center","background-size":"auto","background-attachment":"scroll","background-type":"","background-media":"","overlay-type":"","overlay-color":"","overlay-opacity":"","overlay-gradient":""}},"footnotes":""},"class_list":["post-3738","page","type-page","status-publish","hentry"],"_links":{"self":[{"href":"https:\/\/interregva-bb-pl.eu\/pl\/wp-json\/wp\/v2\/pages\/3738"}],"collection":[{"href":"https:\/\/interregva-bb-pl.eu\/pl\/wp-json\/wp\/v2\/pages"}],"about":[{"href":"https:\/\/interregva-bb-pl.eu\/pl\/wp-json\/wp\/v2\/types\/page"}],"author":[{"embeddable":true,"href":"https:\/\/interregva-bb-pl.eu\/pl\/wp-json\/wp\/v2\/users\/66"}],"replies":[{"embeddable":true,"href":"https:\/\/interregva-bb-pl.eu\/pl\/wp-json\/wp\/v2\/comments?post=3738"}],"version-history":[{"count":2,"href":"https:\/\/interregva-bb-pl.eu\/pl\/wp-json\/wp\/v2\/pages\/3738\/revisions"}],"predecessor-version":[{"id":3740,"href":"https:\/\/interregva-bb-pl.eu\/pl\/wp-json\/wp\/v2\/pages\/3738\/revisions\/3740"}],"wp:attachment":[{"href":"https:\/\/interregva-bb-pl.eu\/pl\/wp-json\/wp\/v2\/media?parent=3738"}],"curies":[{"name":"wp","href":"https:\/\/api.w.org\/{rel}","templated":true}]}}