{"id":3741,"date":"2018-02-16T10:41:52","date_gmt":"2018-02-16T09:41:52","guid":{"rendered":"http:\/\/interregva-bb-pl.eu\/?page_id=3741"},"modified":"2019-01-15T10:54:11","modified_gmt":"2019-01-15T09:54:11","slug":"komitet-monitorujacy-2","status":"publish","type":"page","link":"https:\/\/interregva-bb-pl.eu\/pl\/komitet-monitorujacy-2\/","title":{"rendered":"Komitet Monitoruj\u0105cy"},"content":{"rendered":"<p><strong>Komitet Monitoruj\u0105cy(KM)<\/strong><\/p>\n<table>\n<tbody>\n<tr>\n<td width=\"307\">Program monitorowany jest przez niemiecko-polski Komitet Monitoruj\u0105cy, w kt\u00f3rego sk\u0142ad wchodz\u0105 przedstawiciele administracji kraju zwi\u0105zkowego Brandenburgia, administracji centralnej w Polsce, samorz\u0105du wojew\u00f3dztwa lubuskiego, euroregion\u00f3w (reprezentuj\u0105cych jednostki samorz\u0105du terytorialnego), partner\u00f3w spo\u0142ecznych i gospodarczych oraz partner\u00f3w z zakresu ochrony \u015brodowiska (zgodnie z art. 5 ust. 1 rozp. (UE) nr 1303\/2013). Sk\u0142ad KM jest parytetowy, tzn. liczba cz\u0142onk\u00f3w ze strony niemieckiej i polskiej jest taka sama.<\/td>\n<td width=\"307\"><strong>Wi\u0119cej informacji:<\/strong><\/p>\n<ul>\n<li><a href=\"http:\/\/interregva-bb-pl.eu\/pl\/komitet-monitorujacy\/502-2\/\">Cz\u0142onkowie Komitetu Monitoruj\u0105cego<\/a><\/li>\n<li><a href=\"http:\/\/interregva-bb-pl.eu\/pl\/komitet-monitorujacy\/uchwaly\/\">Uchwa\u0142y<\/a><\/li>\n<li><a href=\"http:\/\/interregva-bb-pl.eu\/pl\/komitet-monitorujacy\/regulamin\/\">Regulamin<\/a><\/li>\n<li><a href=\"http:\/\/interregva-bb-pl.eu\/pl\/komitet-monitorujacy\/strefa-czlonkowska\/\">Strefa Cz\u0142onkowska<\/a><\/li>\n<\/ul>\n<\/td>\n<\/tr>\n<\/tbody>\n<\/table>\n<p>Komitet Monitoruj\u0119cy odpowiedzialny jest w szczeg\u00f3lno\u015bci za:<\/p>\n<ul>\n<li>zatwierdzenie kryteri\u00f3w oceny i wyboru projekt\u00f3w<\/li>\n<li>wyb\u00f3r projekt\u00f3w do dofinansowania<\/li>\n<li>zatwierdzenie podr\u0119cznika beneficjenta, funkcjonuj\u0105cego w ramach Programu, zawieraj\u0105cego tak\u017ce zasady kwalifikowalno\u015bci dla Programu, oraz ewentualnych zmian jego tre\u015bci<\/li>\n<li>monitorowanie post\u0119pu wdra\u017cania Programu zgodnie z art. 49 ust. 1 rozp. (UE) nr 1303\/2013<\/li>\n<li>zatwierdzanie rocznych i ko\u0144cowych raport\u00f3w z wdra\u017cania Programu<\/li>\n<li>dokonywanie przegl\u0105du w zakresie zarz\u0105dzania finansowego i wdra\u017cania Programu<\/li>\n<li>proponowanie zmian do dokumentu programowego i opiniowanie zmian proponowanych przez IZ<\/li>\n<li>proponowanie\/zatwierdzanie realokacji \u015brodk\u00f3w pomi\u0119dzy osiami priorytetowymi Programu,<\/li>\n<li>zatwierdzenie Strategii Komunikacji Programu i corocznych aktualizacji planowanych dzia\u0142a\u0144 informacyjno-komunikacyjnych; monitorowanie ich realizacji, a tak\u017ce wydawanie rekomendacji w celu poprawy ich realizacji<\/li>\n<li>zatwierdzenie Planu Ewaluacyjnego<\/li>\n<\/ul>\n<p>&nbsp;<\/p>\n","protected":false},"excerpt":{"rendered":"<p>Komitet Monitoruj\u0105cy(KM) Program monitorowany jest przez niemiecko-polski Komitet Monitoruj\u0105cy, w kt\u00f3rego sk\u0142ad wchodz\u0105 przedstawiciele administracji kraju zwi\u0105zkowego Brandenburgia, administracji centralnej w Polsce, samorz\u0105du wojew\u00f3dztwa lubuskiego, euroregion\u00f3w (reprezentuj\u0105cych jednostki samorz\u0105du terytorialnego), partner\u00f3w spo\u0142ecznych i gospodarczych oraz partner\u00f3w z zakresu ochrony \u015brodowiska (zgodnie z art. 5 ust. 1 rozp. (UE) nr 1303\/2013). Sk\u0142ad KM jest parytetowy, tzn. [&hellip;]<\/p>\n","protected":false},"author":66,"featured_media":3623,"parent":0,"menu_order":0,"comment_status":"closed","ping_status":"closed","template":"","meta":{"site-sidebar-layout":"default","site-content-layout":"default","ast-site-content-layout":"","site-content-style":"default","site-sidebar-style":"default","ast-global-header-display":"","ast-banner-title-visibility":"","ast-main-header-display":"","ast-hfb-above-header-display":"","ast-hfb-below-header-display":"","ast-hfb-mobile-header-display":"","site-post-title":"","ast-breadcrumbs-content":"","ast-featured-img":"","footer-sml-layout":"","theme-transparent-header-meta":"default","adv-header-id-meta":"","stick-header-meta":"","header-above-stick-meta":"","header-main-stick-meta":"","header-below-stick-meta":"","astra-migrate-meta-layouts":"default","ast-page-background-enabled":"default","ast-page-background-meta":{"desktop":{"background-color":"","background-image":"","background-repeat":"repeat","background-position":"center center","background-size":"auto","background-attachment":"scroll","background-type":"","background-media":"","overlay-type":"","overlay-color":"","overlay-opacity":"","overlay-gradient":""},"tablet":{"background-color":"","background-image":"","background-repeat":"repeat","background-position":"center center","background-size":"auto","background-attachment":"scroll","background-type":"","background-media":"","overlay-type":"","overlay-color":"","overlay-opacity":"","overlay-gradient":""},"mobile":{"background-color":"","background-image":"","background-repeat":"repeat","background-position":"center center","background-size":"auto","background-attachment":"scroll","background-type":"","background-media":"","overlay-type":"","overlay-color":"","overlay-opacity":"","overlay-gradient":""}},"ast-content-background-meta":{"desktop":{"background-color":"var(--ast-global-color-5)","background-image":"","background-repeat":"repeat","background-position":"center center","background-size":"auto","background-attachment":"scroll","background-type":"","background-media":"","overlay-type":"","overlay-color":"","overlay-opacity":"","overlay-gradient":""},"tablet":{"background-color":"var(--ast-global-color-5)","background-image":"","background-repeat":"repeat","background-position":"center center","background-size":"auto","background-attachment":"scroll","background-type":"","background-media":"","overlay-type":"","overlay-color":"","overlay-opacity":"","overlay-gradient":""},"mobile":{"background-color":"var(--ast-global-color-5)","background-image":"","background-repeat":"repeat","background-position":"center center","background-size":"auto","background-attachment":"scroll","background-type":"","background-media":"","overlay-type":"","overlay-color":"","overlay-opacity":"","overlay-gradient":""}},"footnotes":""},"class_list":["post-3741","page","type-page","status-publish","has-post-thumbnail","hentry"],"_links":{"self":[{"href":"https:\/\/interregva-bb-pl.eu\/pl\/wp-json\/wp\/v2\/pages\/3741"}],"collection":[{"href":"https:\/\/interregva-bb-pl.eu\/pl\/wp-json\/wp\/v2\/pages"}],"about":[{"href":"https:\/\/interregva-bb-pl.eu\/pl\/wp-json\/wp\/v2\/types\/page"}],"author":[{"embeddable":true,"href":"https:\/\/interregva-bb-pl.eu\/pl\/wp-json\/wp\/v2\/users\/66"}],"replies":[{"embeddable":true,"href":"https:\/\/interregva-bb-pl.eu\/pl\/wp-json\/wp\/v2\/comments?post=3741"}],"version-history":[{"count":4,"href":"https:\/\/interregva-bb-pl.eu\/pl\/wp-json\/wp\/v2\/pages\/3741\/revisions"}],"predecessor-version":[{"id":7606,"href":"https:\/\/interregva-bb-pl.eu\/pl\/wp-json\/wp\/v2\/pages\/3741\/revisions\/7606"}],"wp:featuredmedia":[{"embeddable":true,"href":"https:\/\/interregva-bb-pl.eu\/pl\/wp-json\/wp\/v2\/media\/3623"}],"wp:attachment":[{"href":"https:\/\/interregva-bb-pl.eu\/pl\/wp-json\/wp\/v2\/media?parent=3741"}],"curies":[{"name":"wp","href":"https:\/\/api.w.org\/{rel}","templated":true}]}}