{"id":3746,"date":"2018-02-12T16:19:36","date_gmt":"2018-02-12T15:19:36","guid":{"rendered":"http:\/\/interregva-bb-pl.eu\/landeskoordinator\/"},"modified":"2020-09-18T09:19:07","modified_gmt":"2020-09-18T07:19:07","slug":"landeskoordinator","status":"publish","type":"page","link":"https:\/\/interregva-bb-pl.eu\/pl\/landeskoordinator\/","title":{"rendered":"Koordynator Krajowy"},"content":{"rendered":"<p><strong>Koordynator Krajowy (KK)<br \/>\n<\/strong><\/p>\n<p>W realizacji zada\u0144, wynikaj\u0105cych z przepis\u00f3w UE, IZ jest wspierana przez polskiego Koordynatora Krajowego, ministra w\u0142a\u015bciwego ds. rozwoju regionalnego. Koordynator Krajowy jest dla Instytucji Zarz\u0105dzaj\u0105cej partnerem we wszystkich kwestiach wdra\u017cania Programu w polskiej cz\u0119\u015bci<br \/>\nobszaru wsparcia, pe\u0142ni zadania koordynuj\u0105ce i uzgodnieniowe w partnerskiej wsp\u00f3\u0142pracy z IZ oraz wspiera j\u0105 w realizacji Programu po polskiej stronie.<\/p>\n<p>Ministerstwo Funduszy i Polityki Regionalnej<br \/>\nDepartament Wsp\u00f3\u0142pracy Terytorialnej<br \/>\nZast\u0119pca Dyrektora<br \/>\nAgnieszka Gintowt-Dziewa\u0142towska<br \/>\nul. Wsp\u00f3lna 2\/4<br \/>\n00-926 Warszawa<br \/>\ntel. +48 (0) 22 330 31 05<br \/>\nfaks: +48 (0) 22 330 31 55<br \/>\ne-mail: <a href=\"mailto:Agnieszka.Gintowt-Dziewaltowska@mfipr.gov.pl\">Agnieszka.Gintowt-Dziewaltowska@mfipr.gov.pl<\/a><\/p>\n","protected":false},"excerpt":{"rendered":"<p>Koordynator Krajowy (KK) W realizacji zada\u0144, wynikaj\u0105cych z przepis\u00f3w UE, IZ jest wspierana przez polskiego Koordynatora Krajowego, ministra w\u0142a\u015bciwego ds. rozwoju regionalnego. Koordynator Krajowy jest dla Instytucji Zarz\u0105dzaj\u0105cej partnerem we wszystkich kwestiach wdra\u017cania Programu w polskiej cz\u0119\u015bci obszaru wsparcia, pe\u0142ni zadania koordynuj\u0105ce i uzgodnieniowe w partnerskiej wsp\u00f3\u0142pracy z IZ oraz wspiera j\u0105 w realizacji Programu [&hellip;]<\/p>\n","protected":false},"author":66,"featured_media":0,"parent":0,"menu_order":0,"comment_status":"closed","ping_status":"closed","template":"","meta":{"site-sidebar-layout":"default","site-content-layout":"default","ast-site-content-layout":"","site-content-style":"default","site-sidebar-style":"default","ast-global-header-display":"","ast-banner-title-visibility":"","ast-main-header-display":"","ast-hfb-above-header-display":"","ast-hfb-below-header-display":"","ast-hfb-mobile-header-display":"","site-post-title":"","ast-breadcrumbs-content":"","ast-featured-img":"","footer-sml-layout":"","theme-transparent-header-meta":"default","adv-header-id-meta":"","stick-header-meta":"","header-above-stick-meta":"","header-main-stick-meta":"","header-below-stick-meta":"","astra-migrate-meta-layouts":"default","ast-page-background-enabled":"default","ast-page-background-meta":{"desktop":{"background-color":"","background-image":"","background-repeat":"repeat","background-position":"center center","background-size":"auto","background-attachment":"scroll","background-type":"","background-media":"","overlay-type":"","overlay-color":"","overlay-opacity":"","overlay-gradient":""},"tablet":{"background-color":"","background-image":"","background-repeat":"repeat","background-position":"center center","background-size":"auto","background-attachment":"scroll","background-type":"","background-media":"","overlay-type":"","overlay-color":"","overlay-opacity":"","overlay-gradient":""},"mobile":{"background-color":"","background-image":"","background-repeat":"repeat","background-position":"center center","background-size":"auto","background-attachment":"scroll","background-type":"","background-media":"","overlay-type":"","overlay-color":"","overlay-opacity":"","overlay-gradient":""}},"ast-content-background-meta":{"desktop":{"background-color":"var(--ast-global-color-5)","background-image":"","background-repeat":"repeat","background-position":"center center","background-size":"auto","background-attachment":"scroll","background-type":"","background-media":"","overlay-type":"","overlay-color":"","overlay-opacity":"","overlay-gradient":""},"tablet":{"background-color":"var(--ast-global-color-5)","background-image":"","background-repeat":"repeat","background-position":"center center","background-size":"auto","background-attachment":"scroll","background-type":"","background-media":"","overlay-type":"","overlay-color":"","overlay-opacity":"","overlay-gradient":""},"mobile":{"background-color":"var(--ast-global-color-5)","background-image":"","background-repeat":"repeat","background-position":"center center","background-size":"auto","background-attachment":"scroll","background-type":"","background-media":"","overlay-type":"","overlay-color":"","overlay-opacity":"","overlay-gradient":""}},"footnotes":""},"class_list":["post-3746","page","type-page","status-publish","hentry"],"_links":{"self":[{"href":"https:\/\/interregva-bb-pl.eu\/pl\/wp-json\/wp\/v2\/pages\/3746"}],"collection":[{"href":"https:\/\/interregva-bb-pl.eu\/pl\/wp-json\/wp\/v2\/pages"}],"about":[{"href":"https:\/\/interregva-bb-pl.eu\/pl\/wp-json\/wp\/v2\/types\/page"}],"author":[{"embeddable":true,"href":"https:\/\/interregva-bb-pl.eu\/pl\/wp-json\/wp\/v2\/users\/66"}],"replies":[{"embeddable":true,"href":"https:\/\/interregva-bb-pl.eu\/pl\/wp-json\/wp\/v2\/comments?post=3746"}],"version-history":[{"count":6,"href":"https:\/\/interregva-bb-pl.eu\/pl\/wp-json\/wp\/v2\/pages\/3746\/revisions"}],"predecessor-version":[{"id":12856,"href":"https:\/\/interregva-bb-pl.eu\/pl\/wp-json\/wp\/v2\/pages\/3746\/revisions\/12856"}],"wp:attachment":[{"href":"https:\/\/interregva-bb-pl.eu\/pl\/wp-json\/wp\/v2\/media?parent=3746"}],"curies":[{"name":"wp","href":"https:\/\/api.w.org\/{rel}","templated":true}]}}