{"id":3750,"date":"2018-02-14T11:14:37","date_gmt":"2018-02-14T10:14:37","guid":{"rendered":"http:\/\/interregva-bb-pl.eu\/3634-2\/"},"modified":"2019-01-15T10:55:20","modified_gmt":"2019-01-15T09:55:20","slug":"3634-2","status":"publish","type":"page","link":"https:\/\/interregva-bb-pl.eu\/pl\/3634-2\/","title":{"rendered":"Regionalny Punkt Kontaktowy"},"content":{"rendered":"<p><strong>Regionalny Punkt Kontaktowy (RPK)<\/strong><\/p>\n<p>Potencjalni beneficjenci maj\u0105 mo\u017cliwo\u015b\u0107 otrzymania wsparcia Wsp\u00f3lnego Sekretariatu lub Regionalnego Punktu Kontaktowego (RPK), ulokowanego po stronie polskiej w Urz\u0119dzie Marsza\u0142kowskim Wojew\u00f3dztwa Lubuskiego, w formie nieobowi\u0105zkowych konsultacji dotycz\u0105cych opracowania szkicu projektu przed z\u0142o\u017ceniem wniosku o dofinansowanie.<\/p>\n<p>WS, przy wsparciu RPK zapewnia wdra\u017canie i monitorowanie strategii komunikacji.<\/p>\n<p>Regionalny Punkt Kontaktowy w Zielonej G\u00f3rze<br \/>\nUrz\u0105d Marsza\u0142kowski Wojew\u00f3dztwa Lubuskiego<br \/>\nBiuro Wsp\u00f3\u0142pracy Zagranicznej i Europejskiej Wsp\u00f3\u0142pracy TerytorialnejPodg\u00f3rna 7<br \/>\n65-057 Zielona G\u00f3ra<br \/>\nfax: +48 68 3271429<br \/>\n<a href=\"http:\/\/lubuskie.pl\/\" target=\"_blank\" rel=\"noopener\">www.lubuskie.pl<\/a><\/p>\n<p>&nbsp;<\/p>\n<p>&nbsp;<\/p>\n","protected":false},"excerpt":{"rendered":"<p>Regionalny Punkt Kontaktowy (RPK) Potencjalni beneficjenci maj\u0105 mo\u017cliwo\u015b\u0107 otrzymania wsparcia Wsp\u00f3lnego Sekretariatu lub Regionalnego Punktu Kontaktowego (RPK), ulokowanego po stronie polskiej w Urz\u0119dzie Marsza\u0142kowskim Wojew\u00f3dztwa Lubuskiego, w formie nieobowi\u0105zkowych konsultacji dotycz\u0105cych opracowania szkicu projektu przed z\u0142o\u017ceniem wniosku o dofinansowanie. WS, przy wsparciu RPK zapewnia wdra\u017canie i monitorowanie strategii komunikacji. Regionalny Punkt Kontaktowy w Zielonej G\u00f3rze [&hellip;]<\/p>\n","protected":false},"author":66,"featured_media":0,"parent":0,"menu_order":0,"comment_status":"closed","ping_status":"closed","template":"","meta":{"site-sidebar-layout":"default","site-content-layout":"default","ast-site-content-layout":"","site-content-style":"default","site-sidebar-style":"default","ast-global-header-display":"","ast-banner-title-visibility":"","ast-main-header-display":"","ast-hfb-above-header-display":"","ast-hfb-below-header-display":"","ast-hfb-mobile-header-display":"","site-post-title":"","ast-breadcrumbs-content":"","ast-featured-img":"","footer-sml-layout":"","theme-transparent-header-meta":"default","adv-header-id-meta":"","stick-header-meta":"","header-above-stick-meta":"","header-main-stick-meta":"","header-below-stick-meta":"","astra-migrate-meta-layouts":"default","ast-page-background-enabled":"default","ast-page-background-meta":{"desktop":{"background-color":"","background-image":"","background-repeat":"repeat","background-position":"center center","background-size":"auto","background-attachment":"scroll","background-type":"","background-media":"","overlay-type":"","overlay-color":"","overlay-opacity":"","overlay-gradient":""},"tablet":{"background-color":"","background-image":"","background-repeat":"repeat","background-position":"center center","background-size":"auto","background-attachment":"scroll","background-type":"","background-media":"","overlay-type":"","overlay-color":"","overlay-opacity":"","overlay-gradient":""},"mobile":{"background-color":"","background-image":"","background-repeat":"repeat","background-position":"center center","background-size":"auto","background-attachment":"scroll","background-type":"","background-media":"","overlay-type":"","overlay-color":"","overlay-opacity":"","overlay-gradient":""}},"ast-content-background-meta":{"desktop":{"background-color":"var(--ast-global-color-5)","background-image":"","background-repeat":"repeat","background-position":"center center","background-size":"auto","background-attachment":"scroll","background-type":"","background-media":"","overlay-type":"","overlay-color":"","overlay-opacity":"","overlay-gradient":""},"tablet":{"background-color":"var(--ast-global-color-5)","background-image":"","background-repeat":"repeat","background-position":"center center","background-size":"auto","background-attachment":"scroll","background-type":"","background-media":"","overlay-type":"","overlay-color":"","overlay-opacity":"","overlay-gradient":""},"mobile":{"background-color":"var(--ast-global-color-5)","background-image":"","background-repeat":"repeat","background-position":"center center","background-size":"auto","background-attachment":"scroll","background-type":"","background-media":"","overlay-type":"","overlay-color":"","overlay-opacity":"","overlay-gradient":""}},"footnotes":""},"class_list":["post-3750","page","type-page","status-publish","hentry"],"_links":{"self":[{"href":"https:\/\/interregva-bb-pl.eu\/pl\/wp-json\/wp\/v2\/pages\/3750"}],"collection":[{"href":"https:\/\/interregva-bb-pl.eu\/pl\/wp-json\/wp\/v2\/pages"}],"about":[{"href":"https:\/\/interregva-bb-pl.eu\/pl\/wp-json\/wp\/v2\/types\/page"}],"author":[{"embeddable":true,"href":"https:\/\/interregva-bb-pl.eu\/pl\/wp-json\/wp\/v2\/users\/66"}],"replies":[{"embeddable":true,"href":"https:\/\/interregva-bb-pl.eu\/pl\/wp-json\/wp\/v2\/comments?post=3750"}],"version-history":[{"count":4,"href":"https:\/\/interregva-bb-pl.eu\/pl\/wp-json\/wp\/v2\/pages\/3750\/revisions"}],"predecessor-version":[{"id":7607,"href":"https:\/\/interregva-bb-pl.eu\/pl\/wp-json\/wp\/v2\/pages\/3750\/revisions\/7607"}],"wp:attachment":[{"href":"https:\/\/interregva-bb-pl.eu\/pl\/wp-json\/wp\/v2\/media?parent=3750"}],"curies":[{"name":"wp","href":"https:\/\/api.w.org\/{rel}","templated":true}]}}