{"id":3754,"date":"2018-02-12T16:20:16","date_gmt":"2018-02-12T15:20:16","guid":{"rendered":"http:\/\/interregva-bb-pl.eu\/das-gemeinsame-sekretariat\/"},"modified":"2020-04-06T13:56:15","modified_gmt":"2020-04-06T11:56:15","slug":"das-gemeinsame-sekretariat","status":"publish","type":"page","link":"https:\/\/interregva-bb-pl.eu\/pl\/das-gemeinsame-sekretariat\/","title":{"rendered":"Wsp\u00f3lny Sekretariat"},"content":{"rendered":"<p style=\"text-align: justify;\"><strong>Wsp\u00f3lny Sekretariat (WS)<\/strong><\/p>\n<p style=\"text-align: justify;\">WS, zlokalizowany we Frankfurcie nad Odr\u0105 (patrz rozdz. V.2 Z\u0142o\u017cenie wniosku o dofinansowanie), jest centraln\u0105 jednostk\u0105 w Programie przyjmuj\u0105c\u0105 wnioski. Wyj\u0105tkami s\u0105 jedynie projekty w ramach pomocy<br \/>\ntechnicznej i ma\u0142e projekty w ramach FMP. WS przejmuje zadania delegowane przez IZ. Poza tym WS informuje potencjalnych beneficjent\u00f3w o mo\u017cliwo\u015bciach uzyskania dofinansowania w ramach Programu oraz wspiera beneficjent\u00f3w we wdra\u017caniu ich projekt\u00f3w. WS informuje r\u00f3wnie\u017c opini\u0119 publiczn\u0105 i zainteresowanych Programem o dofinansowywanych projektach. Przedstawienie tre\u015bci i procedur programowych b\u0119dzie odbywa\u0107 si\u0119 w spos\u00f3b klarowny, przyjazny dla u\u017cytkownika, atrakcyjny i przejrzysty i b\u0119dzie mia\u0142o na celu pozyskanie potencjalnych beneficjent\u00f3w wiod\u0105cych, wzgl\u0119dnie partner\u00f3w projekt\u00f3w. WS, przy wsparciu Regionalnego Punktu Kontaktowego (RPK), ulokowanego po stronie polskiej w Urz\u0119dzie Marsza\u0142kowskim Wojew\u00f3dztwa Lubuskiego, zapewnia wdra\u017canie i monitorowanie strategii<br \/>\nkomunikacji. Zadania WS obejmuj\u0105 tak\u017ce opracowanie materia\u0142\u00f3w informacyjnych, czy wsp\u00f3\u0142prac\u0119 z IZ, dotycz\u0105c\u0105 aktualizacji strony internetowej.<\/p>\n<p>Wsp\u00f3lny Sekretariat<br \/>\nProgram Wsp\u00f3\u0142pracy INTERREG V A Brandenburgia \u2013 Polska 2014-2020<br \/>\nMinisterstwo Finans\u00f3w i Spraw Europejskich<\/p>\n<p>Kierownik Wsp\u00f3lnego Sekretariatu<br \/>\nPani Izabela Gli\u0161i\u0107<br \/>\nBischofstra\u00dfe 1a<br \/>\n15230 Frankfurt n. Odr\u0105<br \/>\nNiemcy<br \/>\ntel. +49 335 60676 9950<br \/>\nfaks: +49 335 606769959<br \/>\ne-mail: <a href=\"mailto:Izabela.Glisic@mdfe.brandenburg.de\">Izabela.Glisic@mdfe.brandenburg.de<\/a><\/p>\n<p>Zast\u0119pca Kierownika Wsp\u00f3lnego Sekretariatu<br \/>\nPani Anna Wasylk\u00f3w<br \/>\nBischofstra\u00dfe 1a<br \/>\n15230 Frankfurt n. Odr\u0105<br \/>\nNiemcy<br \/>\ntel. +49 335 60676 9951<br \/>\nfaks: +49 335 606769959<br \/>\ne-mail:\u00a0<a href=\"mailto:Anna.Wasylkow@mdfe.brandenburg.de%20\">Anna.Wasylkow@mdfe.brandenburg.de <\/a><\/p>\n<p>&nbsp;<\/p>\n<p>&nbsp;<\/p>\n","protected":false},"excerpt":{"rendered":"<p>Wsp\u00f3lny Sekretariat (WS) WS, zlokalizowany we Frankfurcie nad Odr\u0105 (patrz rozdz. V.2 Z\u0142o\u017cenie wniosku o dofinansowanie), jest centraln\u0105 jednostk\u0105 w Programie przyjmuj\u0105c\u0105 wnioski. Wyj\u0105tkami s\u0105 jedynie projekty w ramach pomocy technicznej i ma\u0142e projekty w ramach FMP. WS przejmuje zadania delegowane przez IZ. Poza tym WS informuje potencjalnych beneficjent\u00f3w o mo\u017cliwo\u015bciach uzyskania dofinansowania w ramach [&hellip;]<\/p>\n","protected":false},"author":66,"featured_media":0,"parent":0,"menu_order":0,"comment_status":"closed","ping_status":"closed","template":"","meta":{"site-sidebar-layout":"default","site-content-layout":"default","ast-site-content-layout":"","site-content-style":"default","site-sidebar-style":"default","ast-global-header-display":"","ast-banner-title-visibility":"","ast-main-header-display":"","ast-hfb-above-header-display":"","ast-hfb-below-header-display":"","ast-hfb-mobile-header-display":"","site-post-title":"","ast-breadcrumbs-content":"","ast-featured-img":"","footer-sml-layout":"","theme-transparent-header-meta":"default","adv-header-id-meta":"","stick-header-meta":"","header-above-stick-meta":"","header-main-stick-meta":"","header-below-stick-meta":"","astra-migrate-meta-layouts":"default","ast-page-background-enabled":"default","ast-page-background-meta":{"desktop":{"background-color":"","background-image":"","background-repeat":"repeat","background-position":"center center","background-size":"auto","background-attachment":"scroll","background-type":"","background-media":"","overlay-type":"","overlay-color":"","overlay-opacity":"","overlay-gradient":""},"tablet":{"background-color":"","background-image":"","background-repeat":"repeat","background-position":"center center","background-size":"auto","background-attachment":"scroll","background-type":"","background-media":"","overlay-type":"","overlay-color":"","overlay-opacity":"","overlay-gradient":""},"mobile":{"background-color":"","background-image":"","background-repeat":"repeat","background-position":"center center","background-size":"auto","background-attachment":"scroll","background-type":"","background-media":"","overlay-type":"","overlay-color":"","overlay-opacity":"","overlay-gradient":""}},"ast-content-background-meta":{"desktop":{"background-color":"var(--ast-global-color-5)","background-image":"","background-repeat":"repeat","background-position":"center center","background-size":"auto","background-attachment":"scroll","background-type":"","background-media":"","overlay-type":"","overlay-color":"","overlay-opacity":"","overlay-gradient":""},"tablet":{"background-color":"var(--ast-global-color-5)","background-image":"","background-repeat":"repeat","background-position":"center center","background-size":"auto","background-attachment":"scroll","background-type":"","background-media":"","overlay-type":"","overlay-color":"","overlay-opacity":"","overlay-gradient":""},"mobile":{"background-color":"var(--ast-global-color-5)","background-image":"","background-repeat":"repeat","background-position":"center center","background-size":"auto","background-attachment":"scroll","background-type":"","background-media":"","overlay-type":"","overlay-color":"","overlay-opacity":"","overlay-gradient":""}},"footnotes":""},"class_list":["post-3754","page","type-page","status-publish","hentry"],"_links":{"self":[{"href":"https:\/\/interregva-bb-pl.eu\/pl\/wp-json\/wp\/v2\/pages\/3754"}],"collection":[{"href":"https:\/\/interregva-bb-pl.eu\/pl\/wp-json\/wp\/v2\/pages"}],"about":[{"href":"https:\/\/interregva-bb-pl.eu\/pl\/wp-json\/wp\/v2\/types\/page"}],"author":[{"embeddable":true,"href":"https:\/\/interregva-bb-pl.eu\/pl\/wp-json\/wp\/v2\/users\/66"}],"replies":[{"embeddable":true,"href":"https:\/\/interregva-bb-pl.eu\/pl\/wp-json\/wp\/v2\/comments?post=3754"}],"version-history":[{"count":7,"href":"https:\/\/interregva-bb-pl.eu\/pl\/wp-json\/wp\/v2\/pages\/3754\/revisions"}],"predecessor-version":[{"id":12199,"href":"https:\/\/interregva-bb-pl.eu\/pl\/wp-json\/wp\/v2\/pages\/3754\/revisions\/12199"}],"wp:attachment":[{"href":"https:\/\/interregva-bb-pl.eu\/pl\/wp-json\/wp\/v2\/media?parent=3754"}],"curies":[{"name":"wp","href":"https:\/\/api.w.org\/{rel}","templated":true}]}}