{"id":3757,"date":"2018-02-12T16:20:35","date_gmt":"2018-02-12T15:20:35","guid":{"rendered":"http:\/\/interregva-bb-pl.eu\/bewilligungs-und-auszahlungsstelle\/"},"modified":"2021-12-01T00:44:22","modified_gmt":"2021-12-01T07:44:22","slug":"bewilligungs-und-auszahlungsstelle","status":"publish","type":"page","link":"https:\/\/interregva-bb-pl.eu\/pl\/bewilligungs-und-auszahlungsstelle\/","title":{"rendered":"Jednostka kontraktuj\u0105co-wyp\u0142acaj\u0105ca"},"content":{"rendered":"<p><strong>Jednostka kontraktuj\u0105co-wyp\u0142acaj\u0105ca<\/strong><\/p>\n<p style=\"text-align: justify;\">Jednostka kontraktuj\u0105co-wyp\u0142acaj\u0105ca ulokowana w strukturach Banku Inwestycyjnego Kraju Zwi\u0105zkowego Brandenburgia przejmuje zadania zwi\u0105zane z wykonaniem uchwa\u0142 KM, dotycz\u0105cych wyboru projekt\u00f3w do dofinansowania, tzn. prawnym zakontraktowaniem \u015brodk\u00f3w w formie wydania decyzji o przyznaniu dofinansowania \/ zawarcia umowy o dofinansowanie z niemieckimi b\u0105d\u017a polskimi wnioskodawcami (partnerami wiod\u0105cymi), kt\u00f3rych projekty zosta\u0142y wybrane przez KM, jak r\u00f3wnie\u017c zadania zwi\u0105zane z wyp\u0142at\u0105 \u015brodk\u00f3w na podstawie raport\u00f3w projektowych zatwierdzonych przez WS.<\/p>\n<p>Bank Inwestycyjny Kraju Zwi\u0105zkowego Brandenburgia<br \/>\nDyrektor Departamentu Annett Borgmann<br \/>\nBabelsberger Stra\u00dfe 21<br \/>\n14473 Potsdam<br \/>\nTelefon: +49 (0) 331 660-1644<br \/>\nFax: +49 (0) 331 660-1965<br \/>\nE-Mail: <a href=\"mailto:annett.borgmann@ilb.de\">annett.borgmann@ilb.de <\/a><\/p>\n","protected":false},"excerpt":{"rendered":"<p>Jednostka kontraktuj\u0105co-wyp\u0142acaj\u0105ca Jednostka kontraktuj\u0105co-wyp\u0142acaj\u0105ca ulokowana w strukturach Banku Inwestycyjnego Kraju Zwi\u0105zkowego Brandenburgia przejmuje zadania zwi\u0105zane z wykonaniem uchwa\u0142 KM, dotycz\u0105cych wyboru projekt\u00f3w do dofinansowania, tzn. prawnym zakontraktowaniem \u015brodk\u00f3w w formie wydania decyzji o przyznaniu dofinansowania \/ zawarcia umowy o dofinansowanie z niemieckimi b\u0105d\u017a polskimi wnioskodawcami (partnerami wiod\u0105cymi), kt\u00f3rych projekty zosta\u0142y wybrane przez KM, jak r\u00f3wnie\u017c [&hellip;]<\/p>\n","protected":false},"author":66,"featured_media":0,"parent":0,"menu_order":0,"comment_status":"closed","ping_status":"closed","template":"","meta":{"site-sidebar-layout":"default","site-content-layout":"default","ast-site-content-layout":"","site-content-style":"default","site-sidebar-style":"default","ast-global-header-display":"","ast-banner-title-visibility":"","ast-main-header-display":"","ast-hfb-above-header-display":"","ast-hfb-below-header-display":"","ast-hfb-mobile-header-display":"","site-post-title":"","ast-breadcrumbs-content":"","ast-featured-img":"","footer-sml-layout":"","theme-transparent-header-meta":"default","adv-header-id-meta":"","stick-header-meta":"","header-above-stick-meta":"","header-main-stick-meta":"","header-below-stick-meta":"","astra-migrate-meta-layouts":"default","ast-page-background-enabled":"default","ast-page-background-meta":{"desktop":{"background-color":"","background-image":"","background-repeat":"repeat","background-position":"center center","background-size":"auto","background-attachment":"scroll","background-type":"","background-media":"","overlay-type":"","overlay-color":"","overlay-opacity":"","overlay-gradient":""},"tablet":{"background-color":"","background-image":"","background-repeat":"repeat","background-position":"center center","background-size":"auto","background-attachment":"scroll","background-type":"","background-media":"","overlay-type":"","overlay-color":"","overlay-opacity":"","overlay-gradient":""},"mobile":{"background-color":"","background-image":"","background-repeat":"repeat","background-position":"center center","background-size":"auto","background-attachment":"scroll","background-type":"","background-media":"","overlay-type":"","overlay-color":"","overlay-opacity":"","overlay-gradient":""}},"ast-content-background-meta":{"desktop":{"background-color":"var(--ast-global-color-5)","background-image":"","background-repeat":"repeat","background-position":"center center","background-size":"auto","background-attachment":"scroll","background-type":"","background-media":"","overlay-type":"","overlay-color":"","overlay-opacity":"","overlay-gradient":""},"tablet":{"background-color":"var(--ast-global-color-5)","background-image":"","background-repeat":"repeat","background-position":"center center","background-size":"auto","background-attachment":"scroll","background-type":"","background-media":"","overlay-type":"","overlay-color":"","overlay-opacity":"","overlay-gradient":""},"mobile":{"background-color":"var(--ast-global-color-5)","background-image":"","background-repeat":"repeat","background-position":"center center","background-size":"auto","background-attachment":"scroll","background-type":"","background-media":"","overlay-type":"","overlay-color":"","overlay-opacity":"","overlay-gradient":""}},"footnotes":""},"class_list":["post-3757","page","type-page","status-publish","hentry"],"_links":{"self":[{"href":"https:\/\/interregva-bb-pl.eu\/pl\/wp-json\/wp\/v2\/pages\/3757"}],"collection":[{"href":"https:\/\/interregva-bb-pl.eu\/pl\/wp-json\/wp\/v2\/pages"}],"about":[{"href":"https:\/\/interregva-bb-pl.eu\/pl\/wp-json\/wp\/v2\/types\/page"}],"author":[{"embeddable":true,"href":"https:\/\/interregva-bb-pl.eu\/pl\/wp-json\/wp\/v2\/users\/66"}],"replies":[{"embeddable":true,"href":"https:\/\/interregva-bb-pl.eu\/pl\/wp-json\/wp\/v2\/comments?post=3757"}],"version-history":[{"count":3,"href":"https:\/\/interregva-bb-pl.eu\/pl\/wp-json\/wp\/v2\/pages\/3757\/revisions"}],"predecessor-version":[{"id":16018,"href":"https:\/\/interregva-bb-pl.eu\/pl\/wp-json\/wp\/v2\/pages\/3757\/revisions\/16018"}],"wp:attachment":[{"href":"https:\/\/interregva-bb-pl.eu\/pl\/wp-json\/wp\/v2\/media?parent=3757"}],"curies":[{"name":"wp","href":"https:\/\/api.w.org\/{rel}","templated":true}]}}