{"id":3761,"date":"2018-02-12T16:20:57","date_gmt":"2018-02-12T15:20:57","guid":{"rendered":"http:\/\/interregva-bb-pl.eu\/pruefbehoerde\/"},"modified":"2018-02-16T11:16:20","modified_gmt":"2018-02-16T10:16:20","slug":"pruefbehoerde","status":"publish","type":"page","link":"https:\/\/interregva-bb-pl.eu\/pl\/pruefbehoerde\/","title":{"rendered":"Instytucja Audytowa"},"content":{"rendered":"<p><strong>Instytucja Audytowa (IA)<br \/>\n<\/strong><\/p>\n<p>IA zapewnia przeprowadzanie audyt\u00f3w system\u00f3w zarz\u0105dzania i kontroli oraz audyt\u00f3w operacji na podstawie stosownej pr\u00f3by oraz z zastosowaniem uznawanych mi\u0119dzynarodowych standard\u00f3w kontroli. Przy wykonywaniu zada\u0144, o kt\u00f3rych mowa w art. 127 rozp. (UE) nr 1303\/2013 IA b\u0119dzie wspierana przez grup\u0119 audytor\u00f3w.<\/p>\n","protected":false},"excerpt":{"rendered":"<p>Instytucja Audytowa (IA) IA zapewnia przeprowadzanie audyt\u00f3w system\u00f3w zarz\u0105dzania i kontroli oraz audyt\u00f3w operacji na podstawie stosownej pr\u00f3by oraz z zastosowaniem uznawanych mi\u0119dzynarodowych standard\u00f3w kontroli. Przy wykonywaniu zada\u0144, o kt\u00f3rych mowa w art. 127 rozp. (UE) nr 1303\/2013 IA b\u0119dzie wspierana przez grup\u0119 audytor\u00f3w.<\/p>\n","protected":false},"author":66,"featured_media":0,"parent":0,"menu_order":0,"comment_status":"closed","ping_status":"closed","template":"","meta":{"site-sidebar-layout":"default","site-content-layout":"","ast-site-content-layout":"","site-content-style":"default","site-sidebar-style":"default","ast-global-header-display":"","ast-banner-title-visibility":"","ast-main-header-display":"","ast-hfb-above-header-display":"","ast-hfb-below-header-display":"","ast-hfb-mobile-header-display":"","site-post-title":"","ast-breadcrumbs-content":"","ast-featured-img":"","footer-sml-layout":"","theme-transparent-header-meta":"","adv-header-id-meta":"","stick-header-meta":"","header-above-stick-meta":"","header-main-stick-meta":"","header-below-stick-meta":"","astra-migrate-meta-layouts":"default","ast-page-background-enabled":"default","ast-page-background-meta":{"desktop":{"background-color":"","background-image":"","background-repeat":"repeat","background-position":"center center","background-size":"auto","background-attachment":"scroll","background-type":"","background-media":"","overlay-type":"","overlay-color":"","overlay-opacity":"","overlay-gradient":""},"tablet":{"background-color":"","background-image":"","background-repeat":"repeat","background-position":"center center","background-size":"auto","background-attachment":"scroll","background-type":"","background-media":"","overlay-type":"","overlay-color":"","overlay-opacity":"","overlay-gradient":""},"mobile":{"background-color":"","background-image":"","background-repeat":"repeat","background-position":"center center","background-size":"auto","background-attachment":"scroll","background-type":"","background-media":"","overlay-type":"","overlay-color":"","overlay-opacity":"","overlay-gradient":""}},"ast-content-background-meta":{"desktop":{"background-color":"var(--ast-global-color-5)","background-image":"","background-repeat":"repeat","background-position":"center center","background-size":"auto","background-attachment":"scroll","background-type":"","background-media":"","overlay-type":"","overlay-color":"","overlay-opacity":"","overlay-gradient":""},"tablet":{"background-color":"var(--ast-global-color-5)","background-image":"","background-repeat":"repeat","background-position":"center center","background-size":"auto","background-attachment":"scroll","background-type":"","background-media":"","overlay-type":"","overlay-color":"","overlay-opacity":"","overlay-gradient":""},"mobile":{"background-color":"var(--ast-global-color-5)","background-image":"","background-repeat":"repeat","background-position":"center center","background-size":"auto","background-attachment":"scroll","background-type":"","background-media":"","overlay-type":"","overlay-color":"","overlay-opacity":"","overlay-gradient":""}},"footnotes":""},"class_list":["post-3761","page","type-page","status-publish","hentry"],"_links":{"self":[{"href":"https:\/\/interregva-bb-pl.eu\/pl\/wp-json\/wp\/v2\/pages\/3761"}],"collection":[{"href":"https:\/\/interregva-bb-pl.eu\/pl\/wp-json\/wp\/v2\/pages"}],"about":[{"href":"https:\/\/interregva-bb-pl.eu\/pl\/wp-json\/wp\/v2\/types\/page"}],"author":[{"embeddable":true,"href":"https:\/\/interregva-bb-pl.eu\/pl\/wp-json\/wp\/v2\/users\/66"}],"replies":[{"embeddable":true,"href":"https:\/\/interregva-bb-pl.eu\/pl\/wp-json\/wp\/v2\/comments?post=3761"}],"version-history":[{"count":1,"href":"https:\/\/interregva-bb-pl.eu\/pl\/wp-json\/wp\/v2\/pages\/3761\/revisions"}],"predecessor-version":[{"id":3763,"href":"https:\/\/interregva-bb-pl.eu\/pl\/wp-json\/wp\/v2\/pages\/3761\/revisions\/3763"}],"wp:attachment":[{"href":"https:\/\/interregva-bb-pl.eu\/pl\/wp-json\/wp\/v2\/media?parent=3761"}],"curies":[{"name":"wp","href":"https:\/\/api.w.org\/{rel}","templated":true}]}}