{"id":3764,"date":"2018-02-12T16:21:24","date_gmt":"2018-02-12T15:21:24","guid":{"rendered":"http:\/\/interregva-bb-pl.eu\/artikel-23-pruefer\/"},"modified":"2021-12-01T00:56:46","modified_gmt":"2021-12-01T07:56:46","slug":"artikel-23-pruefer","status":"publish","type":"page","link":"https:\/\/interregva-bb-pl.eu\/pl\/artikel-23-pruefer\/","title":{"rendered":"Kontrolerzy z art. 23"},"content":{"rendered":"<p><strong>Kontrolerzy z art. 23 rozporz\u0105dzenia (UE) nr 1299\/2013 <\/strong><\/p>\n<p>Kontrolerzy z art. 23 rozporz\u0105dzenia (UE) nr 1299\/2013 potwierdzaj\u0105 podczas weryfikacji wszystkich raport\u00f3w dotycz\u0105cych aktualnych post\u0119p\u00f3w w projekcie, przedk\u0142adanych przez partner\u00f3w projekt\u00f3w, czy ponoszone wydatki s\u0105 zgodne z postanowieniami decyzji o przyznaniu dofinansowania, wzgl\u0119dnie umowy o dofinansowanie, oraz czy odpowiadaj\u0105 w\u0142a\u015bciwym przepisom prawa UE oraz krajowego, jak r\u00f3wnie\u017c zasadom kwalifikowalno\u015bci obowi\u0105zuj\u0105cym w Programie. Dodatkowo, za pomoc\u0105 kontroli na miejscu realizacji projekt\u00f3w, o kt\u00f3rych mowa w art. 125 rozp. (UE) nr 1303\/2013 w powi\u0105zaniu z art. 23 rozp. (UE) nr 1299\/2013, weryfikuje si\u0119, czy dofinansowane produkty i us\u0142ugi zosta\u0142y faktycznie dostarczone wzgl\u0119dnie wykonane, czy wydatki wnioskowane przez partner\u00f3w projekt\u00f3w zosta\u0142y faktycznie poniesione, oraz czy przy ich dokonywaniu przestrzegano obowi\u0105zuj\u0105cych przepis\u00f3w prawa.<\/p>\n<p>Kontrola z art. 23 rozporz\u0105dzenia (UE) nr 1299\/2013 realizowana jest wed\u0142ug zasady w\u0142a\u015bciwo\u015bci narodowej. W przypadku niemieckiej cz\u0119\u015bci obszaru wsparcia (niemieccy partnerzy projekt\u00f3w) zadanie to b\u0119dzie wykonywane przez ILB. W przypadku polskiej cz\u0119\u015bci obszaru wsparcia (polscy partnerzy projekt\u00f3w) wyznaczenie Kontrolera z art. 23 rozporz\u0105dzenia (UE) nr 1299\/2013 pozostaje w gestii KK, kt\u00f3ry na podstawie stosownego porozumienia powierza je maj\u0105cemu siedzib\u0119 w regionie Wojewodzie Lubuskiemu. Procedura weryfikacji projekt\u00f3w w ramach kontroli z art. 23 rozporz\u0105dzenia (UE) nr 1299\/2013 zosta\u0142a przedstawiona w rozdziale 3.2<\/p>\n<p><strong>Bank Inwestycyjny Kraju Zwi\u0105zkowego Brandenburgia<\/strong><br \/>\nDyrektor Departamentu Annett Borgmann<br \/>\nBabelsberger Stra\u00dfe 21<br \/>\n14473 Potsdam<br \/>\nTelefon: +49 (0) 331 660-1644<br \/>\nFax: +49 (0) 331 660-1965<br \/>\nE-Mail: <a href=\"mailto:annett.borgmann@ilb.de\" data-wahfont=\"15\">annett.borgmann@ilb.de <\/a><\/p>\n<p><strong>Lubuski Urz\u0105d Wojew\u00f3dzki<\/strong><br \/>\nWydzia\u0142 Program\u00f3w Europejskich i Rz\u0105dowych<br \/>\nDyrektor Agnieszka \u015awi\u0105tek<br \/>\nul. Jagiello\u0144czyka 8<br \/>\n66-400 Gorz\u00f3w Wlkp.<br \/>\ntel. +48 (0) 95 711 52 45<br \/>\nfaks: +48 (0) 22 711 53 00<br \/>\ne-mail: <a href=\"mailto:fundusze@lubuskie.uw.gov.pl\">fundusze@lubuskie.uw.gov.pl<\/a><\/p>\n","protected":false},"excerpt":{"rendered":"<p>Kontrolerzy z art. 23 rozporz\u0105dzenia (UE) nr 1299\/2013 Kontrolerzy z art. 23 rozporz\u0105dzenia (UE) nr 1299\/2013 potwierdzaj\u0105 podczas weryfikacji wszystkich raport\u00f3w dotycz\u0105cych aktualnych post\u0119p\u00f3w w projekcie, przedk\u0142adanych przez partner\u00f3w projekt\u00f3w, czy ponoszone wydatki s\u0105 zgodne z postanowieniami decyzji o przyznaniu dofinansowania, wzgl\u0119dnie umowy o dofinansowanie, oraz czy odpowiadaj\u0105 w\u0142a\u015bciwym przepisom prawa UE oraz krajowego, jak [&hellip;]<\/p>\n","protected":false},"author":66,"featured_media":0,"parent":0,"menu_order":0,"comment_status":"closed","ping_status":"closed","template":"","meta":{"site-sidebar-layout":"default","site-content-layout":"default","ast-site-content-layout":"","site-content-style":"default","site-sidebar-style":"default","ast-global-header-display":"","ast-banner-title-visibility":"","ast-main-header-display":"","ast-hfb-above-header-display":"","ast-hfb-below-header-display":"","ast-hfb-mobile-header-display":"","site-post-title":"","ast-breadcrumbs-content":"","ast-featured-img":"","footer-sml-layout":"","theme-transparent-header-meta":"default","adv-header-id-meta":"","stick-header-meta":"","header-above-stick-meta":"","header-main-stick-meta":"","header-below-stick-meta":"","astra-migrate-meta-layouts":"default","ast-page-background-enabled":"default","ast-page-background-meta":{"desktop":{"background-color":"","background-image":"","background-repeat":"repeat","background-position":"center center","background-size":"auto","background-attachment":"scroll","background-type":"","background-media":"","overlay-type":"","overlay-color":"","overlay-opacity":"","overlay-gradient":""},"tablet":{"background-color":"","background-image":"","background-repeat":"repeat","background-position":"center center","background-size":"auto","background-attachment":"scroll","background-type":"","background-media":"","overlay-type":"","overlay-color":"","overlay-opacity":"","overlay-gradient":""},"mobile":{"background-color":"","background-image":"","background-repeat":"repeat","background-position":"center center","background-size":"auto","background-attachment":"scroll","background-type":"","background-media":"","overlay-type":"","overlay-color":"","overlay-opacity":"","overlay-gradient":""}},"ast-content-background-meta":{"desktop":{"background-color":"var(--ast-global-color-5)","background-image":"","background-repeat":"repeat","background-position":"center center","background-size":"auto","background-attachment":"scroll","background-type":"","background-media":"","overlay-type":"","overlay-color":"","overlay-opacity":"","overlay-gradient":""},"tablet":{"background-color":"var(--ast-global-color-5)","background-image":"","background-repeat":"repeat","background-position":"center center","background-size":"auto","background-attachment":"scroll","background-type":"","background-media":"","overlay-type":"","overlay-color":"","overlay-opacity":"","overlay-gradient":""},"mobile":{"background-color":"var(--ast-global-color-5)","background-image":"","background-repeat":"repeat","background-position":"center center","background-size":"auto","background-attachment":"scroll","background-type":"","background-media":"","overlay-type":"","overlay-color":"","overlay-opacity":"","overlay-gradient":""}},"footnotes":""},"class_list":["post-3764","page","type-page","status-publish","hentry"],"_links":{"self":[{"href":"https:\/\/interregva-bb-pl.eu\/pl\/wp-json\/wp\/v2\/pages\/3764"}],"collection":[{"href":"https:\/\/interregva-bb-pl.eu\/pl\/wp-json\/wp\/v2\/pages"}],"about":[{"href":"https:\/\/interregva-bb-pl.eu\/pl\/wp-json\/wp\/v2\/types\/page"}],"author":[{"embeddable":true,"href":"https:\/\/interregva-bb-pl.eu\/pl\/wp-json\/wp\/v2\/users\/66"}],"replies":[{"embeddable":true,"href":"https:\/\/interregva-bb-pl.eu\/pl\/wp-json\/wp\/v2\/comments?post=3764"}],"version-history":[{"count":3,"href":"https:\/\/interregva-bb-pl.eu\/pl\/wp-json\/wp\/v2\/pages\/3764\/revisions"}],"predecessor-version":[{"id":16025,"href":"https:\/\/interregva-bb-pl.eu\/pl\/wp-json\/wp\/v2\/pages\/3764\/revisions\/16025"}],"wp:attachment":[{"href":"https:\/\/interregva-bb-pl.eu\/pl\/wp-json\/wp\/v2\/media?parent=3764"}],"curies":[{"name":"wp","href":"https:\/\/api.w.org\/{rel}","templated":true}]}}