{"id":3807,"date":"2018-02-16T12:29:29","date_gmt":"2018-02-16T11:29:29","guid":{"rendered":"http:\/\/interregva-bb-pl.eu\/?page_id=3807"},"modified":"2020-11-19T01:39:16","modified_gmt":"2020-11-19T08:39:16","slug":"instytucja-zarzadzajaca","status":"publish","type":"page","link":"https:\/\/interregva-bb-pl.eu\/pl\/instytucja-zarzadzajaca\/","title":{"rendered":"Instytucja Zarz\u0105dzaj\u0105ca"},"content":{"rendered":"<p><strong>Instytucja Zarz\u0105dzaj\u0105ca (IZ)<\/strong><\/p>\n<p>IZ jest odpowiedzialna za zarz\u0105dzanie i wdra\u017canie Programu w imieniu pa\u0144stw uczestnicz\u0105cych, zgodnie z przepisami prawa UE oraz krajowymi. Funkcj\u0119 IZ pe\u0142ni Departament Europejskiej Wsp\u00f3\u0142pracy Terytorialnej Ministerstwa Finans\u00f3w i Spraw Europejskich Kraju Zwi\u0105zkowego Brandenburgia w Niemczech. Ponadto Ministerstwo przejmuje zadania Instytucji Certyfikuj\u0105cej<\/p>\n<p>Ministerstwo Finans<span class=\"st\">\u00f3<\/span>w i\u00a0 Spraw Europejskich Kraju Zwi\u0105zkowego Brandenburgia<br \/>\nWydzia\u0142 53 \u2013 Europejska Wsp\u00f3\u0142praca Terytorialna (INTERREG)<br \/>\nDyrektor Instytucji Zarz\u0105dzaj\u0105cej<br \/>\nPani Katrin M\u00fcller-Wartig<br \/>\nHeinrich-Mann-Allee 107<br \/>\n14473 Poczdam<br \/>\nNiemcy<\/p>\n<p>Tel. +49 331 866-6570<br \/>\nFax. +49 331 27548-8070<\/p>\n<p>e-mail: <a href=\"mailto:katrin.mueller-wartig@mdfe.brandenburg.de\">katrin.mueller-wartig@mdfe.brandenburg.de<\/a><\/p>\n<p>&nbsp;<\/p>\n","protected":false},"excerpt":{"rendered":"<p>Instytucja Zarz\u0105dzaj\u0105ca (IZ) IZ jest odpowiedzialna za zarz\u0105dzanie i wdra\u017canie Programu w imieniu pa\u0144stw uczestnicz\u0105cych, zgodnie z przepisami prawa UE oraz krajowymi. Funkcj\u0119 IZ pe\u0142ni Departament Europejskiej Wsp\u00f3\u0142pracy Terytorialnej Ministerstwa Finans\u00f3w i Spraw Europejskich Kraju Zwi\u0105zkowego Brandenburgia w Niemczech. Ponadto Ministerstwo przejmuje zadania Instytucji Certyfikuj\u0105cej Ministerstwo Finans\u00f3w i\u00a0 Spraw Europejskich Kraju Zwi\u0105zkowego Brandenburgia Wydzia\u0142 53 [&hellip;]<\/p>\n","protected":false},"author":66,"featured_media":0,"parent":0,"menu_order":0,"comment_status":"closed","ping_status":"closed","template":"","meta":{"site-sidebar-layout":"default","site-content-layout":"default","ast-site-content-layout":"","site-content-style":"default","site-sidebar-style":"default","ast-global-header-display":"","ast-banner-title-visibility":"","ast-main-header-display":"","ast-hfb-above-header-display":"","ast-hfb-below-header-display":"","ast-hfb-mobile-header-display":"","site-post-title":"","ast-breadcrumbs-content":"","ast-featured-img":"","footer-sml-layout":"","theme-transparent-header-meta":"default","adv-header-id-meta":"","stick-header-meta":"","header-above-stick-meta":"","header-main-stick-meta":"","header-below-stick-meta":"","astra-migrate-meta-layouts":"default","ast-page-background-enabled":"default","ast-page-background-meta":{"desktop":{"background-color":"","background-image":"","background-repeat":"repeat","background-position":"center center","background-size":"auto","background-attachment":"scroll","background-type":"","background-media":"","overlay-type":"","overlay-color":"","overlay-opacity":"","overlay-gradient":""},"tablet":{"background-color":"","background-image":"","background-repeat":"repeat","background-position":"center center","background-size":"auto","background-attachment":"scroll","background-type":"","background-media":"","overlay-type":"","overlay-color":"","overlay-opacity":"","overlay-gradient":""},"mobile":{"background-color":"","background-image":"","background-repeat":"repeat","background-position":"center center","background-size":"auto","background-attachment":"scroll","background-type":"","background-media":"","overlay-type":"","overlay-color":"","overlay-opacity":"","overlay-gradient":""}},"ast-content-background-meta":{"desktop":{"background-color":"var(--ast-global-color-5)","background-image":"","background-repeat":"repeat","background-position":"center center","background-size":"auto","background-attachment":"scroll","background-type":"","background-media":"","overlay-type":"","overlay-color":"","overlay-opacity":"","overlay-gradient":""},"tablet":{"background-color":"var(--ast-global-color-5)","background-image":"","background-repeat":"repeat","background-position":"center center","background-size":"auto","background-attachment":"scroll","background-type":"","background-media":"","overlay-type":"","overlay-color":"","overlay-opacity":"","overlay-gradient":""},"mobile":{"background-color":"var(--ast-global-color-5)","background-image":"","background-repeat":"repeat","background-position":"center center","background-size":"auto","background-attachment":"scroll","background-type":"","background-media":"","overlay-type":"","overlay-color":"","overlay-opacity":"","overlay-gradient":""}},"footnotes":""},"class_list":["post-3807","page","type-page","status-publish","hentry"],"_links":{"self":[{"href":"https:\/\/interregva-bb-pl.eu\/pl\/wp-json\/wp\/v2\/pages\/3807"}],"collection":[{"href":"https:\/\/interregva-bb-pl.eu\/pl\/wp-json\/wp\/v2\/pages"}],"about":[{"href":"https:\/\/interregva-bb-pl.eu\/pl\/wp-json\/wp\/v2\/types\/page"}],"author":[{"embeddable":true,"href":"https:\/\/interregva-bb-pl.eu\/pl\/wp-json\/wp\/v2\/users\/66"}],"replies":[{"embeddable":true,"href":"https:\/\/interregva-bb-pl.eu\/pl\/wp-json\/wp\/v2\/comments?post=3807"}],"version-history":[{"count":9,"href":"https:\/\/interregva-bb-pl.eu\/pl\/wp-json\/wp\/v2\/pages\/3807\/revisions"}],"predecessor-version":[{"id":13143,"href":"https:\/\/interregva-bb-pl.eu\/pl\/wp-json\/wp\/v2\/pages\/3807\/revisions\/13143"}],"wp:attachment":[{"href":"https:\/\/interregva-bb-pl.eu\/pl\/wp-json\/wp\/v2\/media?parent=3807"}],"curies":[{"name":"wp","href":"https:\/\/api.w.org\/{rel}","templated":true}]}}