{"id":3882,"date":"2018-02-16T18:00:26","date_gmt":"2018-02-16T17:00:26","guid":{"rendered":"http:\/\/interregva-bb-pl.eu\/?page_id=3882"},"modified":"2019-01-29T13:33:16","modified_gmt":"2019-01-29T12:33:16","slug":"procedura-wyboru-projektow","status":"publish","type":"page","link":"https:\/\/interregva-bb-pl.eu\/pl\/procedura-wyboru-projektow\/","title":{"rendered":"Procedura wyboru projekt\u00f3w"},"content":{"rendered":"<p>Procedura wyboru i zatwierdzania projekt\u00f3w zosta\u0142a przedstawiona za poni\u017cszym schemacie:<\/p>\n<p><img loading=\"lazy\" decoding=\"async\" class=\"alignnone wp-image-8171 size-full\" src=\"http:\/\/interregva-bb-pl.eu\/wp-content\/uploads\/2019\/01\/Diagram2.jpg\" alt=\"\" width=\"564\" height=\"614\" srcset=\"https:\/\/interregva-bb-pl.eu\/wp-content\/uploads\/2019\/01\/Diagram2.jpg 564w, https:\/\/interregva-bb-pl.eu\/wp-content\/uploads\/2019\/01\/Diagram2-138x150.jpg 138w, https:\/\/interregva-bb-pl.eu\/wp-content\/uploads\/2019\/01\/Diagram2-276x300.jpg 276w\" sizes=\"(max-width: 564px) 100vw, 564px\" \/><\/p>\n<p>&nbsp;<\/p>\n<p><strong>Z\u0142o\u017cenie wniosku o dofinansowanie<\/strong><\/p>\n<p>Wnioskodawca (beneficjent wiod\u0105cy) sk\u0142ada wniosek online poprzez system informatyczny ILB (https:\/\/kundenportal.ilb.de) w dw\u00f3ch wersjach j\u0119zykowych: polskiej i niemieckiej. W portalu internetowym lub na stronie internetowej Programu znajduj\u0105 si\u0119 obowi\u0105zuj\u0105cy wz\u00f3r wniosku wraz z za\u0142\u0105cznikami. Wnioskodawca mo\u017ce wyja\u015bni\u0107 pytania oraz niejasno\u015bci dotycz\u0105ce dokument\u00f3w aplikacyjnych z<br \/>\nWS.<\/p>\n<p><strong>I Ocena wniosku o dofinansowanie <\/strong><\/p>\n<p>Instytucj\u0105 odpowiedzialn\u0105 za zarz\u0105dzanie procesem aplikacyjnym jest Wsp\u00f3lny Sekretariat. Zasadniczo zak\u0142ada si\u0119 przeprowadzanie nabor\u00f3w tematycznych. Ich harmonogram b\u0119dzie skorelowany z post\u0119pami w realizacji cel\u00f3w programowych, tak by zapewni\u0107 ich pe\u0142ne osi\u0105gni\u0119cie w okresie wdra\u017cania Programu.<\/p>\n<p>Projekty s\u0105 oceniane jako ca\u0142o\u015b\u0107 na wszystkich etapach procedury. Sekretariat przeprowadza ocen\u0119 formaln\u0105 danych zawartych we wniosku i dokumentuje wyniki oceny w karcie oceny (w formie listy sprawdzaj\u0105cej z komentarzami). W przypadku zako\u0144czenia oceny formalnej z wynikiem pozytywnym, wniosek podlega ocenie merytorycznej. Zar\u00f3wno ocena formalna jak i ocena merytoryczna przeprowadzane s\u0105 na podstawie przyj\u0119tych przez KM kryteri\u00f3w oceny i wyboru projekt\u00f3w. Ocena merytoryczna przeprowadzana jest przez WS i ekspert\u00f3w zewn\u0119trznych z odpowiednich dziedzin. <strong>Kryteria wyboru projekt\u00f3w<\/strong> znajd\u0105 Pa\u0144stwo w\u00a0<a href=\"http:\/\/interregva-bb-pl.eu\/wp-content\/uploads\/2018\/09\/FHB-Stand-Juli-2018_Podrecznik-BW-stan-Lipiec-2018.pdf\" target=\"_blank\" rel=\"noopener noreferrer\">Podr\u0119czniku beneficjenta <\/a>w\u00a0rozdziale V.3 \u201cOcena wniosku o dofinansowanie\u201d<\/p>\n<p><strong>II Wyb\u00f3r projekt\u00f3w<\/strong><\/p>\n<p>Wyniki oceny ka\u017cdego wniosku dokonanej w pierwszym i drugim etapie zestawiane s\u0105 przez WS w formie podstawy decyzji dla Komitetu Monitoruj\u0105cego. Podstawy decyzji, lista ocenionych wniosk\u00f3w oraz wnioski wraz z za\u0142\u0105cznikami b\u0119d\u0105 udost\u0119pniane cz\u0142onkom Komitetu Monitoruj\u0105cego zgodnie ze stosownymi postanowieniami regulaminu Komitetu Monitoruj\u0105cego. Wyboru projekt\u00f3w do dofinansowania dokonuje KM zgodnie z procedur\u0105 przewidzian\u0105 w swoim regulaminie. Warunki ustanowione przez Komitet Monitoruj\u0105cy musz\u0105 by\u0107 spe\u0142nione przez partner\u00f3w projektu. KM informowany jest tak\u017ce o wnioskach z negatywnym wynikiem oceny formalnej. WS publikuje na stronie internetowej Programu wykaz projekt\u00f3w, kt\u00f3re zosta\u0142y zatwierdzone do dofinansowania oraz powiadamia w\u0142a\u015bciwych wnioskodawc\u00f3w.<\/p>\n<p>&nbsp;<\/p>\n<p><strong>Kontrola spe\u0142nienia warunk\u00f3w<\/strong><\/p>\n<p>&nbsp;<\/p>\n<p><strong>III Weryfikacja aspekt\u00f3w ekonomicznych<\/strong><\/p>\n<p>ILB weryfikuje kwalifikowalno\u015b\u0107 i ma upowa\u017cnienie do wi\u0105\u017c\u0105cego zakontraktowania \u015brodk\u00f3w programowych. Odbywa si\u0119 to w formie wydania decyzji o przyznaniu dofinansowania b\u0105d\u017a zawarcia umowy o dofinansowanie projektu z wnioskodawc\u0105, w kt\u00f3rej zawarte s\u0105 przede wszystkim za\u0142o\u017cenia i cele projektu, warunki, na jakich przyznawane jest dofinansowanie, jego wysoko\u015b\u0107, plan finansowy oraz<br \/>\nterminy dotycz\u0105ce realizacji projektu.<\/p>\n<p><strong>Podpisanie umowy o dofinansowanie<\/strong><\/p>\n<p>&nbsp;<\/p>\n","protected":false},"excerpt":{"rendered":"<p>Procedura wyboru i zatwierdzania projekt\u00f3w zosta\u0142a przedstawiona za poni\u017cszym schemacie: &nbsp; Z\u0142o\u017cenie wniosku o dofinansowanie Wnioskodawca (beneficjent wiod\u0105cy) sk\u0142ada wniosek online poprzez system informatyczny ILB (https:\/\/kundenportal.ilb.de) w dw\u00f3ch wersjach j\u0119zykowych: polskiej i niemieckiej. W portalu internetowym lub na stronie internetowej Programu znajduj\u0105 si\u0119 obowi\u0105zuj\u0105cy wz\u00f3r wniosku wraz z za\u0142\u0105cznikami. Wnioskodawca mo\u017ce wyja\u015bni\u0107 pytania oraz niejasno\u015bci [&hellip;]<\/p>\n","protected":false},"author":66,"featured_media":0,"parent":0,"menu_order":0,"comment_status":"closed","ping_status":"closed","template":"","meta":{"site-sidebar-layout":"default","site-content-layout":"default","ast-site-content-layout":"","site-content-style":"default","site-sidebar-style":"default","ast-global-header-display":"","ast-banner-title-visibility":"","ast-main-header-display":"","ast-hfb-above-header-display":"","ast-hfb-below-header-display":"","ast-hfb-mobile-header-display":"","site-post-title":"","ast-breadcrumbs-content":"","ast-featured-img":"","footer-sml-layout":"","theme-transparent-header-meta":"default","adv-header-id-meta":"","stick-header-meta":"","header-above-stick-meta":"","header-main-stick-meta":"","header-below-stick-meta":"","astra-migrate-meta-layouts":"default","ast-page-background-enabled":"default","ast-page-background-meta":{"desktop":{"background-color":"","background-image":"","background-repeat":"repeat","background-position":"center center","background-size":"auto","background-attachment":"scroll","background-type":"","background-media":"","overlay-type":"","overlay-color":"","overlay-opacity":"","overlay-gradient":""},"tablet":{"background-color":"","background-image":"","background-repeat":"repeat","background-position":"center center","background-size":"auto","background-attachment":"scroll","background-type":"","background-media":"","overlay-type":"","overlay-color":"","overlay-opacity":"","overlay-gradient":""},"mobile":{"background-color":"","background-image":"","background-repeat":"repeat","background-position":"center center","background-size":"auto","background-attachment":"scroll","background-type":"","background-media":"","overlay-type":"","overlay-color":"","overlay-opacity":"","overlay-gradient":""}},"ast-content-background-meta":{"desktop":{"background-color":"var(--ast-global-color-5)","background-image":"","background-repeat":"repeat","background-position":"center center","background-size":"auto","background-attachment":"scroll","background-type":"","background-media":"","overlay-type":"","overlay-color":"","overlay-opacity":"","overlay-gradient":""},"tablet":{"background-color":"var(--ast-global-color-5)","background-image":"","background-repeat":"repeat","background-position":"center center","background-size":"auto","background-attachment":"scroll","background-type":"","background-media":"","overlay-type":"","overlay-color":"","overlay-opacity":"","overlay-gradient":""},"mobile":{"background-color":"var(--ast-global-color-5)","background-image":"","background-repeat":"repeat","background-position":"center center","background-size":"auto","background-attachment":"scroll","background-type":"","background-media":"","overlay-type":"","overlay-color":"","overlay-opacity":"","overlay-gradient":""}},"footnotes":""},"class_list":["post-3882","page","type-page","status-publish","hentry"],"_links":{"self":[{"href":"https:\/\/interregva-bb-pl.eu\/pl\/wp-json\/wp\/v2\/pages\/3882"}],"collection":[{"href":"https:\/\/interregva-bb-pl.eu\/pl\/wp-json\/wp\/v2\/pages"}],"about":[{"href":"https:\/\/interregva-bb-pl.eu\/pl\/wp-json\/wp\/v2\/types\/page"}],"author":[{"embeddable":true,"href":"https:\/\/interregva-bb-pl.eu\/pl\/wp-json\/wp\/v2\/users\/66"}],"replies":[{"embeddable":true,"href":"https:\/\/interregva-bb-pl.eu\/pl\/wp-json\/wp\/v2\/comments?post=3882"}],"version-history":[{"count":4,"href":"https:\/\/interregva-bb-pl.eu\/pl\/wp-json\/wp\/v2\/pages\/3882\/revisions"}],"predecessor-version":[{"id":8174,"href":"https:\/\/interregva-bb-pl.eu\/pl\/wp-json\/wp\/v2\/pages\/3882\/revisions\/8174"}],"wp:attachment":[{"href":"https:\/\/interregva-bb-pl.eu\/pl\/wp-json\/wp\/v2\/media?parent=3882"}],"curies":[{"name":"wp","href":"https:\/\/api.w.org\/{rel}","templated":true}]}}