{"id":502,"date":"2016-02-04T15:47:31","date_gmt":"2016-02-04T14:47:31","guid":{"rendered":"http:\/\/interregva-bb-pl.eu\/pl\/?page_id=502"},"modified":"2024-11-25T01:54:13","modified_gmt":"2024-11-25T08:54:13","slug":"502-2","status":"publish","type":"page","link":"https:\/\/interregva-bb-pl.eu\/pl\/komitet-monitorujacy\/502-2\/","title":{"rendered":"Cz\u0142onkowie Komitetu Monitoruj\u0105cego"},"content":{"rendered":"<table>\n<tbody>\n<tr>\n<th>L.p.<\/th>\n<td><strong>Instytucja<\/strong><\/td>\n<td><strong>Imi\u0119 i nazwisko<\/strong><\/td>\n<td><strong>Funkcja w KM<\/strong><\/td>\n<\/tr>\n<tr>\n<th><strong>1<\/strong><\/th>\n<td>Ministerstwo Finans\u00f3w i Spraw Europejskich Kraju Zwi\u0105zkowego Brandenburgia<\/td>\n<td style=\"background-color: #e6e6e6;\">Katrin M\u00fcller-Wartig<\/td>\n<td style=\"background-color: #e6e6e6;\">cz\u0142onek KM<\/td>\n<\/tr>\n<tr>\n<th><strong>2<\/strong><\/th>\n<td>Ministerstwo Finans\u00f3w i Spraw Europejskich Kraju Zwi\u0105zkowego Brandenburgia<\/td>\n<td>Dr. Carola Lau<\/td>\n<td>cz\u0142onek KM<\/td>\n<\/tr>\n<tr>\n<th><strong>3<\/strong><\/th>\n<td>Ministerstwo Funduszy i Polityki Regionalnej<\/td>\n<td style=\"background-color: #e6e6e6;\"><span class=\"aCOpRe\">Agnieszka Gintowt-Dziewa\u0142towska<\/span><\/td>\n<td style=\"background-color: #e6e6e6;\">cz\u0142onek KM<\/td>\n<\/tr>\n<tr>\n<th><strong>4<\/strong><\/th>\n<td>Urz\u0105d Marsza\u0142kowski Wojew\u00f3dztwa Lubuskiego<\/td>\n<td>Rados\u0142aw Brodzik<\/td>\n<td>cz\u0142onek KM<\/td>\n<\/tr>\n<tr>\n<th><strong>5<\/strong><\/th>\n<td>Euroregion Pro Europa Viadrina<\/td>\n<td style=\"background-color: #e6e6e6;\">Toralf Schiwietz<\/td>\n<td style=\"background-color: #e6e6e6;\">cz\u0142onek KM<\/td>\n<\/tr>\n<tr>\n<th><strong>6<\/strong><\/th>\n<td>Euroregion Pro Europa Viadrina<\/td>\n<td>Krzysztof Szyd\u0142ak<\/td>\n<td>cz\u0142onek KM<\/td>\n<\/tr>\n<tr>\n<th><strong>7<\/strong><\/th>\n<td>Euroregion Spree-Nei\u00dfe-Bober<\/td>\n<td style=\"background-color: #e6e6e6;\">Carsten Jacob<\/td>\n<td style=\"background-color: #e6e6e6;\">cz\u0142onek KM<\/td>\n<\/tr>\n<tr>\n<th><strong>8<\/strong><\/th>\n<td>Euroregion Sprewa-Nysa-B\u00f3br<\/td>\n<td>Krzysztof Kaliszuk<\/td>\n<td>cz\u0142onek KM<\/td>\n<\/tr>\n<\/tbody>\n<\/table>\n<p>2. Cz\u0142onkami Komitetu Monitoruj\u0105cego w funkcji doradczej bez prawa g\u0142osu<br \/>\n(partnerami w rozumieniu art. 5 rozp. (UE) nr 1303\/2014) s\u0105:<\/p>\n<ol style=\"list-style: lower-latin;\">\n<li>jeden przedstawiciel Izby Przemys\u0142owo-Handlowej (IPH) Ostbrandenburg we Frankfurcie nad Odr\u0105, IPH w Cottbus, Izby Rzemie\u015blniczej (IRz) we Frankfucie nad Odr\u0105 i IRz w Cottbus<\/li>\n<li>jeden przedstawiciel Lubuskiego Sejmiku Gospodarczego w Zielonej G\u00f3rze<\/li>\n<li>jeden przedstawiciel Niemieckiej Organizacji Zwi\u0105zk\u00f3w Zawodowych, Okr\u0119g Berlin-Brandenburgia, DGB Region Wschodnia Brandenburgia<\/li>\n<li>jeden przedstawiciel Lubuskiego Zwi\u0105zku Organizacji Pozarz\u0105dowych w Zielonej G\u00f3rze<\/li>\n<li>jeden przedstawiciel niemieckich organizacji na rzecz ochrony \u015brodowiska i krajobrazu z Brandeburgii i Berlina<\/li>\n<li>jeden przedstawiciel Ligi Ochrony Przyrody \u2013 Zarz\u0105d Okr\u0119gu w Zielonej G\u00f3rze<\/li>\n<li>jeden przedstawiciel Komisji Europejskiej; w razie potrzeby Komisja Europejska mo\u017ce zg\u0142osi\u0107 dalszych przedstawicieli.<\/li>\n<\/ol>\n<p>3. Cz\u0142onkami Komitetu Monitoruj\u0105cego o statusie obserwator\u00f3w s\u0105:<\/p>\n<ol style=\"list-style: lower-latin;\">\n<li>jeden przedstawiciel Banku Inwestycyjnego Kraju Zwi\u0105zkowego Brandenburgia jako Instytucja kontraktuj\u0105co-wyp\u0142acaj\u0105ca, niemiecki kontroler z art. 23 rozp. (UE) nr 1299\/2013)<\/li>\n<li>jeden przedstawiciel Wojewody Lubuskiego jako polski kontroler z art. 23 rozp. (UE) nr 1299\/2013<\/li>\n<li>jeden przedstawiciel Ministerstwa Finans\u00f3w i Spraw Europejskich Kraju Zwi\u0105zkowego Brandenburgia jako Koordynator funduszy EFSI w Brandenburgii<\/li>\n<li>jeden przedstawiciel Ministerstwa Funduszy i Polityki Regionalne jako Koordynator funduszy EFSI w Polsce<\/li>\n<li>jeden przedstawiciel Ministerstwa Finans\u00f3w Rzeczypospolitej Polskiej jako polski cz\u0142onek w grupie audytor\u00f3w.<\/li>\n<li>jeden przedstawiciel Regionalnego Punktu Kontaktowego.<\/li>\n<\/ol>\n","protected":false},"excerpt":{"rendered":"<p>L.p. Instytucja Imi\u0119 i nazwisko Funkcja w KM 1 Ministerstwo Finans\u00f3w i Spraw Europejskich Kraju Zwi\u0105zkowego Brandenburgia Katrin M\u00fcller-Wartig cz\u0142onek KM 2 Ministerstwo Finans\u00f3w i Spraw Europejskich Kraju Zwi\u0105zkowego Brandenburgia Dr. Carola Lau cz\u0142onek KM 3 Ministerstwo Funduszy i Polityki Regionalnej Agnieszka Gintowt-Dziewa\u0142towska cz\u0142onek KM 4 Urz\u0105d Marsza\u0142kowski Wojew\u00f3dztwa Lubuskiego Rados\u0142aw Brodzik cz\u0142onek KM 5 [&hellip;]<\/p>\n","protected":false},"author":2,"featured_media":0,"parent":767,"menu_order":10,"comment_status":"closed","ping_status":"closed","template":"","meta":{"site-sidebar-layout":"default","site-content-layout":"default","ast-site-content-layout":"default","site-content-style":"default","site-sidebar-style":"default","ast-global-header-display":"","ast-banner-title-visibility":"","ast-main-header-display":"","ast-hfb-above-header-display":"","ast-hfb-below-header-display":"","ast-hfb-mobile-header-display":"","site-post-title":"","ast-breadcrumbs-content":"","ast-featured-img":"","footer-sml-layout":"","theme-transparent-header-meta":"default","adv-header-id-meta":"","stick-header-meta":"","header-above-stick-meta":"","header-main-stick-meta":"","header-below-stick-meta":"","astra-migrate-meta-layouts":"set","ast-page-background-enabled":"default","ast-page-background-meta":{"desktop":{"background-color":"","background-image":"","background-repeat":"repeat","background-position":"center center","background-size":"auto","background-attachment":"scroll","background-type":"","background-media":"","overlay-type":"","overlay-color":"","overlay-opacity":"","overlay-gradient":""},"tablet":{"background-color":"","background-image":"","background-repeat":"repeat","background-position":"center center","background-size":"auto","background-attachment":"scroll","background-type":"","background-media":"","overlay-type":"","overlay-color":"","overlay-opacity":"","overlay-gradient":""},"mobile":{"background-color":"","background-image":"","background-repeat":"repeat","background-position":"center center","background-size":"auto","background-attachment":"scroll","background-type":"","background-media":"","overlay-type":"","overlay-color":"","overlay-opacity":"","overlay-gradient":""}},"ast-content-background-meta":{"desktop":{"background-color":"var(--ast-global-color-5)","background-image":"","background-repeat":"repeat","background-position":"center center","background-size":"auto","background-attachment":"scroll","background-type":"","background-media":"","overlay-type":"","overlay-color":"","overlay-opacity":"","overlay-gradient":""},"tablet":{"background-color":"var(--ast-global-color-5)","background-image":"","background-repeat":"repeat","background-position":"center center","background-size":"auto","background-attachment":"scroll","background-type":"","background-media":"","overlay-type":"","overlay-color":"","overlay-opacity":"","overlay-gradient":""},"mobile":{"background-color":"var(--ast-global-color-5)","background-image":"","background-repeat":"repeat","background-position":"center center","background-size":"auto","background-attachment":"scroll","background-type":"","background-media":"","overlay-type":"","overlay-color":"","overlay-opacity":"","overlay-gradient":""}},"footnotes":""},"class_list":["post-502","page","type-page","status-publish","hentry"],"_links":{"self":[{"href":"https:\/\/interregva-bb-pl.eu\/pl\/wp-json\/wp\/v2\/pages\/502"}],"collection":[{"href":"https:\/\/interregva-bb-pl.eu\/pl\/wp-json\/wp\/v2\/pages"}],"about":[{"href":"https:\/\/interregva-bb-pl.eu\/pl\/wp-json\/wp\/v2\/types\/page"}],"author":[{"embeddable":true,"href":"https:\/\/interregva-bb-pl.eu\/pl\/wp-json\/wp\/v2\/users\/2"}],"replies":[{"embeddable":true,"href":"https:\/\/interregva-bb-pl.eu\/pl\/wp-json\/wp\/v2\/comments?post=502"}],"version-history":[{"count":18,"href":"https:\/\/interregva-bb-pl.eu\/pl\/wp-json\/wp\/v2\/pages\/502\/revisions"}],"predecessor-version":[{"id":18398,"href":"https:\/\/interregva-bb-pl.eu\/pl\/wp-json\/wp\/v2\/pages\/502\/revisions\/18398"}],"up":[{"embeddable":true,"href":"https:\/\/interregva-bb-pl.eu\/pl\/wp-json\/wp\/v2\/pages\/767"}],"wp:attachment":[{"href":"https:\/\/interregva-bb-pl.eu\/pl\/wp-json\/wp\/v2\/media?parent=502"}],"curies":[{"name":"wp","href":"https:\/\/api.w.org\/{rel}","templated":true}]}}