{"id":511,"date":"2016-02-08T10:57:04","date_gmt":"2016-02-08T09:57:04","guid":{"rendered":"http:\/\/interregva-bb-pl.eu\/pl\/?page_id=511"},"modified":"2019-01-15T10:51:05","modified_gmt":"2019-01-15T09:51:05","slug":"programu-wspolpracy","status":"publish","type":"page","link":"https:\/\/interregva-bb-pl.eu\/pl\/programu-wspolpracy\/","title":{"rendered":"Program Wsp\u00f3\u0142pracy"},"content":{"rendered":"<table style=\"height: 407px;\" width=\"842\">\n<tbody>\n<tr>\n<td width=\"470\">\n<p style=\"text-align: justify;\">Proces integracji europejskiej jest najbardziej znacz\u0105cym i interesuj\u0105cym sukcesem w nowoczesnej historii Europy. Laboratorium i jednocze\u015bnie nap\u0119dem procesu integracji jest wsp\u00f3\u0142praca transgraniczna, wsp\u00f3\u0142finansowana z Programu INTERREG A. Od sukcesu wzajemnego porozumienia, zaufania i \u017cycia w regionie przygranicznym b\u0119dzie zale\u017ca\u0142o, na ile jego mieszka\u0144cy zintegruj\u0105 si\u0119 w wieloj\u0119zycznym, multikulturowym spo\u0142ecze\u0144stwie. Kto chce pokonywa\u0107 granice, potrzebuje otwarto\u015bci, odwagi i cierpliwo\u015bci.<\/p>\n<p style=\"text-align: justify;\">Dla partner\u00f3w z Polski i Brandenburgii decyduj\u0105cym czynnikiem w tym procesie jest fakt, \u017ce granica straci\u0142a znaczenie dziel\u0105ce. Program Wsp\u00f3\u0142pracy INTERREG V A Brandenburgia-Polska 2014-2020 ma by\u0107 postrzegany jako fundament wsp\u00f3lnego polsko-niemieckiego regionu przygranicznego, kt\u00f3ry wpisuje si\u0119 w wizj\u0119 Europy region\u00f3w.<\/p>\n<\/td>\n<td width=\"170\">\n<p style=\"padding-left: 10px;\"><strong>Dalsze informacje:<\/strong><\/p>\n<ul>\n<li><a href=\"http:\/\/interregva-bb-pl.eu\/pl\/programu-wspolpracy\/osie-priorytetowe\/\">Osie priorytetowe i nabory wniosk\u00f3w<\/a><\/li>\n<li><a href=\"http:\/\/interregva-bb-pl.eu\/pl\/instytucje-programowe\/\">Instytucje programowe<\/a><\/li>\n<li><a href=\"http:\/\/interregva-bb-pl.eu\/pl\/564-2\/\">Dokumenty do pobrania<\/a><\/li>\n<li><a href=\"http:\/\/interregva-bb-pl.eu\/pl\/dzialania-informacyjno-promocyjne\/\">Dzia\u0142ania informacyjno-promocyjne<\/a><\/li>\n<\/ul>\n<p>&nbsp;<\/td>\n<\/tr>\n<\/tbody>\n<\/table>\n<p style=\"text-align: justify;\">Fundament wsp\u00f3\u0142pracy oznacza przy tym odpowiedzialno\u015b\u0107 w ramach solidnego partnerstwa maj\u0105cego na celu tworzenie wsp\u00f3lnej przysz\u0142o\u015bci. Kraj Zwi\u0105zkowy Brandenburgia cieszy si\u0119 z przekazanej mu przez polskiego partnera odpowiedzialno\u015bci za prowadzenie Programu Wsp\u00f3\u0142pracy w nowym okresie programowania 2014-2020. Budowane przez lata dobre partnerstwo w ramach Europejskiej Wsp\u00f3\u0142pracy Terytorialnej wyr\u00f3\u017cnia si\u0119 w\u0142a\u015bnie tym, \u017ce partnerzy potrafi\u0105 podzieli\u0107 si\u0119 odpowiedzialno\u015bci\u0105 i z pe\u0142nym zaufaniem powierza\u0107 sobie nawzajem zadania.<\/p>\n<p style=\"text-align: justify;\">Wyzwania kolejnego okresu programowania od 2014 roku nie s\u0105 wcale mniejsze w por\u00f3wnaniu z dotychczasowymi. Regiony zlokalizowane na obrze\u017cach obszaru wsparcia nadal musz\u0105 nadrobi\u0107 straty wobec metropolii. Wa\u017cne jest, aby ten dystans si\u0119 nie zwi\u0119kszy\u0142.<\/p>\n<p style=\"text-align: justify;\">W\u0142a\u015bnie Europejska Wsp\u00f3\u0142praca Terytorialna na polsko-niemieckiej granicy wyr\u00f3\u017cnia\u0142a si\u0119 w r\u00f3\u017cnych okresach programowania swoj\u0105 r\u00f3\u017cnorodno\u015bci\u0105 oraz innowacyjnym charakterem i si\u0119ga\u0142a swoj\u0105 popularno\u015bci\u0105 poza Brandenburgi\u0119 i wojew\u00f3dztwo lubuskie. Partnerzy Programu Wsp\u00f3\u0142pracy chc\u0105 nawi\u0105za\u0107 do tego sukcesu w kolejnej perspektywie Programu INTERREG V A.<\/p>\n<p style=\"text-align: justify;\">Wi\u0119cej dodatkowych informacji otrzymaj\u0105 Pa\u0144stwo na <a href=\"http:\/\/www.europa.brandenburg.de\" class=\"broken_link\">www.europa.brandenburg.de<\/a><\/p>\n<table>\n<tbody>\n<tr>\n<td width=\"385\"><\/td>\n<td width=\"154\"><\/td>\n<\/tr>\n<\/tbody>\n<\/table>\n<p>&nbsp;<\/p>\n","protected":false},"excerpt":{"rendered":"<p>Proces integracji europejskiej jest najbardziej znacz\u0105cym i interesuj\u0105cym sukcesem w nowoczesnej historii Europy. Laboratorium i jednocze\u015bnie nap\u0119dem procesu integracji jest wsp\u00f3\u0142praca transgraniczna, wsp\u00f3\u0142finansowana z Programu INTERREG A. Od sukcesu wzajemnego porozumienia, zaufania i \u017cycia w regionie przygranicznym b\u0119dzie zale\u017ca\u0142o, na ile jego mieszka\u0144cy zintegruj\u0105 si\u0119 w wieloj\u0119zycznym, multikulturowym spo\u0142ecze\u0144stwie. Kto chce pokonywa\u0107 granice, potrzebuje otwarto\u015bci, [&hellip;]<\/p>\n","protected":false},"author":2,"featured_media":3660,"parent":0,"menu_order":0,"comment_status":"closed","ping_status":"closed","template":"","meta":{"site-sidebar-layout":"default","site-content-layout":"default","ast-site-content-layout":"","site-content-style":"default","site-sidebar-style":"default","ast-global-header-display":"","ast-banner-title-visibility":"","ast-main-header-display":"","ast-hfb-above-header-display":"","ast-hfb-below-header-display":"","ast-hfb-mobile-header-display":"","site-post-title":"","ast-breadcrumbs-content":"","ast-featured-img":"","footer-sml-layout":"","theme-transparent-header-meta":"default","adv-header-id-meta":"","stick-header-meta":"","header-above-stick-meta":"","header-main-stick-meta":"","header-below-stick-meta":"","astra-migrate-meta-layouts":"default","ast-page-background-enabled":"default","ast-page-background-meta":{"desktop":{"background-color":"","background-image":"","background-repeat":"repeat","background-position":"center center","background-size":"auto","background-attachment":"scroll","background-type":"","background-media":"","overlay-type":"","overlay-color":"","overlay-opacity":"","overlay-gradient":""},"tablet":{"background-color":"","background-image":"","background-repeat":"repeat","background-position":"center center","background-size":"auto","background-attachment":"scroll","background-type":"","background-media":"","overlay-type":"","overlay-color":"","overlay-opacity":"","overlay-gradient":""},"mobile":{"background-color":"","background-image":"","background-repeat":"repeat","background-position":"center center","background-size":"auto","background-attachment":"scroll","background-type":"","background-media":"","overlay-type":"","overlay-color":"","overlay-opacity":"","overlay-gradient":""}},"ast-content-background-meta":{"desktop":{"background-color":"var(--ast-global-color-5)","background-image":"","background-repeat":"repeat","background-position":"center center","background-size":"auto","background-attachment":"scroll","background-type":"","background-media":"","overlay-type":"","overlay-color":"","overlay-opacity":"","overlay-gradient":""},"tablet":{"background-color":"var(--ast-global-color-5)","background-image":"","background-repeat":"repeat","background-position":"center center","background-size":"auto","background-attachment":"scroll","background-type":"","background-media":"","overlay-type":"","overlay-color":"","overlay-opacity":"","overlay-gradient":""},"mobile":{"background-color":"var(--ast-global-color-5)","background-image":"","background-repeat":"repeat","background-position":"center center","background-size":"auto","background-attachment":"scroll","background-type":"","background-media":"","overlay-type":"","overlay-color":"","overlay-opacity":"","overlay-gradient":""}},"footnotes":""},"class_list":["post-511","page","type-page","status-publish","has-post-thumbnail","hentry"],"_links":{"self":[{"href":"https:\/\/interregva-bb-pl.eu\/pl\/wp-json\/wp\/v2\/pages\/511"}],"collection":[{"href":"https:\/\/interregva-bb-pl.eu\/pl\/wp-json\/wp\/v2\/pages"}],"about":[{"href":"https:\/\/interregva-bb-pl.eu\/pl\/wp-json\/wp\/v2\/types\/page"}],"author":[{"embeddable":true,"href":"https:\/\/interregva-bb-pl.eu\/pl\/wp-json\/wp\/v2\/users\/2"}],"replies":[{"embeddable":true,"href":"https:\/\/interregva-bb-pl.eu\/pl\/wp-json\/wp\/v2\/comments?post=511"}],"version-history":[{"count":18,"href":"https:\/\/interregva-bb-pl.eu\/pl\/wp-json\/wp\/v2\/pages\/511\/revisions"}],"predecessor-version":[{"id":7603,"href":"https:\/\/interregva-bb-pl.eu\/pl\/wp-json\/wp\/v2\/pages\/511\/revisions\/7603"}],"wp:featuredmedia":[{"embeddable":true,"href":"https:\/\/interregva-bb-pl.eu\/pl\/wp-json\/wp\/v2\/media\/3660"}],"wp:attachment":[{"href":"https:\/\/interregva-bb-pl.eu\/pl\/wp-json\/wp\/v2\/media?parent=511"}],"curies":[{"name":"wp","href":"https:\/\/api.w.org\/{rel}","templated":true}]}}