{"id":519,"date":"2016-02-08T11:14:16","date_gmt":"2016-02-08T10:14:16","guid":{"rendered":"http:\/\/interregva-bb-pl.eu\/pl\/?page_id=519"},"modified":"2019-03-05T14:22:37","modified_gmt":"2019-03-05T13:22:37","slug":"osie-priorytetowe","status":"publish","type":"page","link":"https:\/\/interregva-bb-pl.eu\/pl\/programu-wspolpracy\/osie-priorytetowe\/","title":{"rendered":"Osie priorytetowe"},"content":{"rendered":"<p>Nowy harmonogram naboru wniosk\u00f3w (z dnia 24.10.2017) znajd\u0105 Pa\u0144stwo <a href=\"http:\/\/interregva-bb-pl.eu\/wp-content\/uploads\/2019\/03\/2019-02-27_Callplan_12BA.pdf\" target=\"_blank\" rel=\"noopener noreferrer\">tutaj.<\/a><\/p>\n<table>\n<tbody>\n<tr>\n<th style=\"text-align: center; vertical-align: middle;\"><strong>O\u015b priorytetowa I<br \/>\n32 mln \u20ac<\/strong><\/th>\n<td style=\"text-align: center; vertical-align: middle;\"><strong>O\u015b priorytetowa II<br \/>\n19 mln \u20ac<\/strong><\/td>\n<td style=\"text-align: center; vertical-align: middle;\"><strong>O\u015b priorytetowa III<br \/>\n10 mln \u20ac<\/strong><\/td>\n<td style=\"text-align: center; vertical-align: middle; padding-top: 10px;\"><strong>O\u015b priorytetowa IV<br \/>\n33 mln \u20ac<\/strong><\/p>\n<p style=\"font-size: 8pt; text-align: center; vertical-align: middle;\">(W tym 16 mln \u20ac dla Funduszu Ma\u0142ych Projekt\u00f3w)<\/p>\n<\/td>\n<\/tr>\n<tr>\n<td style=\"padding: 8px;\"><strong>Wsp\u00f3lne zachowanie i<br \/>\nkorzystanie z dziedzictwa naturalnego i kulturowego<\/strong>Zachowanie, ochrona, promowanie i rozw\u00f3j<br \/>\ndziedzictwa naturalnego i kulturowego oraz Ochrona i przywr\u00f3cenie r\u00f3\u017cnorodno\u015bci biologicznej, ochrona i rekultywacja gleby oraz wspieranie us\u0142ug ekosystemowych, tak\u017ce poprzez program \u201eNatura 2000\u201d i zielon\u0105 infrastruktur\u0119Przyk\u0142ady dofinansowywanych przedsi\u0119wzi\u0119\u0107:<\/p>\n<ol>\n<li>tworzenie produkt\u00f3w, kt\u00f3re u\u0142atwiaj\u0105 dost\u0119pno\u015b\u0107 wsp\u00f3lnego dziedzictwa naturalnego<\/li>\n<li>tworzenie i promocja wsp\u00f3lnych regionalnych, tematycznych ofert kulturowych i kulturowo \u2013 historycznych<\/li>\n<li>powi\u0105zanie dziedzictwa naturalnego i kulturowego poprzez dzia\u0142ania inwestycyjne i nieinwestycyjne<\/li>\n<\/ol>\n<\/td>\n<td style=\"padding: 8px;\"><strong>Po\u0142\u0105czenie z Sieciami Transeuropejskimi oraz trwa\u0142y i zr\u00f3wnowa\u017cony transport<\/strong><\/p>\n<p>Zwi\u0119kszanie mobilno\u015bci regionalnej poprzez \u0142\u0105czenie w\u0119z\u0142\u00f3w drugorz\u0119dnych i trzeciorz\u0119dnych z infrastruktur\u0105 TEN-T, w tym z w\u0119z\u0142ami multimodalnymi oraz<br \/>\nrozw\u00f3j i usprawnianie przyjaznych \u015brodowisku i niskoemisyjnych (w tym o obni\u017conej emisji ha\u0142asu) system\u00f3w transportu, w tym \u015br\u00f3dl\u0105dowych dr\u00f3g wodnych i transportu morskiego,<br \/>\nport\u00f3w, po\u0142\u0105cze\u0144 multimodalnych oraz infrastruktury port\u00f3w lotniczych, w celu promowania zr\u00f3wnowa\u017conej mobilno\u015bci regionalnej i lokalnej<\/p>\n<p>Przyk\u0142ady dofinansowywanych przedsi\u0119wzi\u0119\u0107:<\/p>\n<ol>\n<li>przygotowanie i realizacja inwestycji w transgranicznie oddzia\u0142uj\u0105c\u0105 infrastruktur\u0119 drogow\u0105 (po\u0142\u0105czenia do granicy), wraz ze \u015bcie\u017ckami rowerowymi wzd\u0142u\u017c dr\u00f3g ko\u0142owych<\/li>\n<li>koncepcje przygotowawcze<\/li>\n<li>wdra\u017canie nowych rozwi\u0105za\u0144<\/li>\n<\/ol>\n<\/td>\n<td style=\"padding: 8px;\"><strong>Wzmocnienie transgranicznych zdolno\u015bci i kompetencji<\/strong><\/p>\n<p>Inwestowanie w kszta\u0142cenie, szkolenia, w tym szkolenie zawodowe, na rzecz zdobywania umiej\u0119tno\u015bci uczenia si\u0119 przez ca\u0142e \u017cycie poprzez opracowywanie i wdra\u017canie wsp\u00f3lnych system\u00f3w kszta\u0142cenia, szkolenia zawodowego i szkolenia<\/p>\n<p>Przyk\u0142ady dofinansowywanych przedsi\u0119wzi\u0119\u0107:<\/p>\n<ol>\n<li>kszta\u0142cenie<\/li>\n<li>dokszta\u0142canie<\/li>\n<li>obszary przekrojowe<\/li>\n<\/ol>\n<\/td>\n<td style=\"padding: 8px;\"><strong>Integracja mieszka\u0144c\u00f3w i wsp\u00f3\u0142praca administracji<\/strong><\/p>\n<p>Wzmacnianie zdolno\u015bci instytucjonalnych instytucji publicznych i zainteresowanych stron oraz sprawno\u015bci administracji publicznej poprzez wspieranie wsp\u00f3\u0142pracy prawnej i administracyjnej i wsp\u00f3\u0142pracy mi\u0119dzy obywatelami i instytucjami<\/p>\n<p>Przyk\u0142ady dofinansowywanych przedsi\u0119wzi\u0119\u0107:<\/p>\n<ol>\n<li>przedsi\u0119wzi\u0119cia w zakresie administracji i spo\u0142ecze\u0144stwa obywatelskiego<\/li>\n<li>przedsi\u0119wzi\u0119cia w zakresie gospodarki, nauki i bada\u0144 naukowych<\/li>\n<li>przedsi\u0119wzi\u0119cia w zakresie us\u0142ug publicznych<\/li>\n<\/ol>\n<\/td>\n<\/tr>\n<tr>\n<td colspan=\"4\">W ramach powy\u017cszego mo\u017cliwe jest udzielenie wsparcia projektom transgranicznym m.in. w takich obszarach jak ochrona \u015brodowiska i przyrody, turystyka, kultura, mobilno\u015b\u0107,transport,infrastruktura, edukacja, badania, wzrost atrakcyjno\u015bci regionu pogranicza, rozw\u00f3j i zagospodarowanie przestrzenne, zd<\/td>\n<\/tr>\n<\/tbody>\n<\/table>\n","protected":false},"excerpt":{"rendered":"<p>Nowy harmonogram naboru wniosk\u00f3w (z dnia 24.10.2017) znajd\u0105 Pa\u0144stwo tutaj. O\u015b priorytetowa I 32 mln \u20ac O\u015b priorytetowa II 19 mln \u20ac O\u015b priorytetowa III 10 mln \u20ac O\u015b priorytetowa IV 33 mln \u20ac (W tym 16 mln \u20ac dla Funduszu Ma\u0142ych Projekt\u00f3w) Wsp\u00f3lne zachowanie i korzystanie z dziedzictwa naturalnego i kulturowegoZachowanie, ochrona, promowanie i [&hellip;]<\/p>\n","protected":false},"author":2,"featured_media":0,"parent":511,"menu_order":0,"comment_status":"closed","ping_status":"closed","template":"","meta":{"site-sidebar-layout":"default","site-content-layout":"default","ast-site-content-layout":"","site-content-style":"default","site-sidebar-style":"default","ast-global-header-display":"","ast-banner-title-visibility":"","ast-main-header-display":"","ast-hfb-above-header-display":"","ast-hfb-below-header-display":"","ast-hfb-mobile-header-display":"","site-post-title":"","ast-breadcrumbs-content":"","ast-featured-img":"","footer-sml-layout":"","theme-transparent-header-meta":"default","adv-header-id-meta":"","stick-header-meta":"","header-above-stick-meta":"","header-main-stick-meta":"","header-below-stick-meta":"","astra-migrate-meta-layouts":"default","ast-page-background-enabled":"default","ast-page-background-meta":{"desktop":{"background-color":"","background-image":"","background-repeat":"repeat","background-position":"center center","background-size":"auto","background-attachment":"scroll","background-type":"","background-media":"","overlay-type":"","overlay-color":"","overlay-opacity":"","overlay-gradient":""},"tablet":{"background-color":"","background-image":"","background-repeat":"repeat","background-position":"center center","background-size":"auto","background-attachment":"scroll","background-type":"","background-media":"","overlay-type":"","overlay-color":"","overlay-opacity":"","overlay-gradient":""},"mobile":{"background-color":"","background-image":"","background-repeat":"repeat","background-position":"center center","background-size":"auto","background-attachment":"scroll","background-type":"","background-media":"","overlay-type":"","overlay-color":"","overlay-opacity":"","overlay-gradient":""}},"ast-content-background-meta":{"desktop":{"background-color":"var(--ast-global-color-5)","background-image":"","background-repeat":"repeat","background-position":"center center","background-size":"auto","background-attachment":"scroll","background-type":"","background-media":"","overlay-type":"","overlay-color":"","overlay-opacity":"","overlay-gradient":""},"tablet":{"background-color":"var(--ast-global-color-5)","background-image":"","background-repeat":"repeat","background-position":"center center","background-size":"auto","background-attachment":"scroll","background-type":"","background-media":"","overlay-type":"","overlay-color":"","overlay-opacity":"","overlay-gradient":""},"mobile":{"background-color":"var(--ast-global-color-5)","background-image":"","background-repeat":"repeat","background-position":"center center","background-size":"auto","background-attachment":"scroll","background-type":"","background-media":"","overlay-type":"","overlay-color":"","overlay-opacity":"","overlay-gradient":""}},"footnotes":""},"class_list":["post-519","page","type-page","status-publish","hentry"],"_links":{"self":[{"href":"https:\/\/interregva-bb-pl.eu\/pl\/wp-json\/wp\/v2\/pages\/519"}],"collection":[{"href":"https:\/\/interregva-bb-pl.eu\/pl\/wp-json\/wp\/v2\/pages"}],"about":[{"href":"https:\/\/interregva-bb-pl.eu\/pl\/wp-json\/wp\/v2\/types\/page"}],"author":[{"embeddable":true,"href":"https:\/\/interregva-bb-pl.eu\/pl\/wp-json\/wp\/v2\/users\/2"}],"replies":[{"embeddable":true,"href":"https:\/\/interregva-bb-pl.eu\/pl\/wp-json\/wp\/v2\/comments?post=519"}],"version-history":[{"count":7,"href":"https:\/\/interregva-bb-pl.eu\/pl\/wp-json\/wp\/v2\/pages\/519\/revisions"}],"predecessor-version":[{"id":8540,"href":"https:\/\/interregva-bb-pl.eu\/pl\/wp-json\/wp\/v2\/pages\/519\/revisions\/8540"}],"up":[{"embeddable":true,"href":"https:\/\/interregva-bb-pl.eu\/pl\/wp-json\/wp\/v2\/pages\/511"}],"wp:attachment":[{"href":"https:\/\/interregva-bb-pl.eu\/pl\/wp-json\/wp\/v2\/media?parent=519"}],"curies":[{"name":"wp","href":"https:\/\/api.w.org\/{rel}","templated":true}]}}