{"id":525,"date":"2016-02-08T11:34:09","date_gmt":"2016-02-08T10:34:09","guid":{"rendered":"http:\/\/interregva-bb-pl.eu\/pl\/?page_id=525"},"modified":"2018-02-16T17:51:04","modified_gmt":"2018-02-16T16:51:04","slug":"dla-wnioskodawcow","status":"publish","type":"page","link":"https:\/\/interregva-bb-pl.eu\/pl\/dla-wnioskodawcow\/","title":{"rendered":"Dla wnioskodawc\u00f3w"},"content":{"rendered":"<table>\n<tbody>\n<tr>\n<td width=\"307\">W ramach Programu Wsp\u00f3\u0142pracy INTERREG V A 2014-2020 wspierane s\u0105 wsp\u00f3lne projekty transgraniczne, w kt\u00f3rych uczestniczy przynajmniej jeden partner polski i jeden niemiecki.<\/p>\n<p>Wniosek mo\u017ce by\u0107 z\u0142o\u017cony jedynie w ramach czasowo i tematycznie ograniczonego naboru (call) w jednostopniowym post\u0119powaniu. W celu otrzymania wskaz\u00f3wek merytorycznych i formalnych w zakresie przygotowania i z\u0142o\u017cenia wniosku, potencjalni beneficjenci mog\u0105 korzysta\u0107 z konsultacji we Wsp\u00f3lnym Sekretariacie. <a href=\"http:\/\/interregva-bb-pl.eu\/pl\/wspolny-sekretariat\/\">Wsp\u00f3lny Sekretariat<\/a> we Frankfurcie nad Odr\u0105 jest r\u00f3wnie\u017c jednostk\u0105 przyjmuj\u0105c\u0105 wnioski o dofinansowanie.<\/td>\n<td width=\"307\"><strong>Dalsze informacje:<\/strong><\/p>\n<ul>\n<li><a href=\"http:\/\/interregva-bb-pl.eu\/pl\/nabor-wnioskow\/\">Nabory projekt\u00f3w<\/a><\/li>\n<li><a href=\"http:\/\/interregva-bb-pl.eu\/pl\/procedura-wyboru-projektow\/\">Procedura wyboru projekt\u00f3w<\/a><\/li>\n<li><a href=\"http:\/\/interregva-bb-pl.eu\/pl\/dla-wnioskodawcow\/szkolenia\/\">Szkolenia<\/a><\/li>\n<li><a href=\"http:\/\/interregva-bb-pl.eu\/pl\/dla-wnioskodawcow\/formularze-dla-wnioskodawcow\/\">Dokumenty dla wnioskodawc\u00f3w<\/a><\/li>\n<\/ul>\n<\/td>\n<\/tr>\n<\/tbody>\n<\/table>\n<p>&nbsp;<\/p>\n","protected":false},"excerpt":{"rendered":"<p>W ramach Programu Wsp\u00f3\u0142pracy INTERREG V A 2014-2020 wspierane s\u0105 wsp\u00f3lne projekty transgraniczne, w kt\u00f3rych uczestniczy przynajmniej jeden partner polski i jeden niemiecki. Wniosek mo\u017ce by\u0107 z\u0142o\u017cony jedynie w ramach czasowo i tematycznie ograniczonego naboru (call) w jednostopniowym post\u0119powaniu. W celu otrzymania wskaz\u00f3wek merytorycznych i formalnych w zakresie przygotowania i z\u0142o\u017cenia wniosku, potencjalni beneficjenci mog\u0105 [&hellip;]<\/p>\n","protected":false},"author":2,"featured_media":114,"parent":0,"menu_order":0,"comment_status":"closed","ping_status":"closed","template":"","meta":{"site-sidebar-layout":"default","site-content-layout":"","ast-site-content-layout":"","site-content-style":"default","site-sidebar-style":"default","ast-global-header-display":"","ast-banner-title-visibility":"","ast-main-header-display":"","ast-hfb-above-header-display":"","ast-hfb-below-header-display":"","ast-hfb-mobile-header-display":"","site-post-title":"","ast-breadcrumbs-content":"","ast-featured-img":"","footer-sml-layout":"","theme-transparent-header-meta":"","adv-header-id-meta":"","stick-header-meta":"","header-above-stick-meta":"","header-main-stick-meta":"","header-below-stick-meta":"","astra-migrate-meta-layouts":"default","ast-page-background-enabled":"default","ast-page-background-meta":{"desktop":{"background-color":"","background-image":"","background-repeat":"repeat","background-position":"center center","background-size":"auto","background-attachment":"scroll","background-type":"","background-media":"","overlay-type":"","overlay-color":"","overlay-opacity":"","overlay-gradient":""},"tablet":{"background-color":"","background-image":"","background-repeat":"repeat","background-position":"center center","background-size":"auto","background-attachment":"scroll","background-type":"","background-media":"","overlay-type":"","overlay-color":"","overlay-opacity":"","overlay-gradient":""},"mobile":{"background-color":"","background-image":"","background-repeat":"repeat","background-position":"center center","background-size":"auto","background-attachment":"scroll","background-type":"","background-media":"","overlay-type":"","overlay-color":"","overlay-opacity":"","overlay-gradient":""}},"ast-content-background-meta":{"desktop":{"background-color":"var(--ast-global-color-5)","background-image":"","background-repeat":"repeat","background-position":"center center","background-size":"auto","background-attachment":"scroll","background-type":"","background-media":"","overlay-type":"","overlay-color":"","overlay-opacity":"","overlay-gradient":""},"tablet":{"background-color":"var(--ast-global-color-5)","background-image":"","background-repeat":"repeat","background-position":"center center","background-size":"auto","background-attachment":"scroll","background-type":"","background-media":"","overlay-type":"","overlay-color":"","overlay-opacity":"","overlay-gradient":""},"mobile":{"background-color":"var(--ast-global-color-5)","background-image":"","background-repeat":"repeat","background-position":"center center","background-size":"auto","background-attachment":"scroll","background-type":"","background-media":"","overlay-type":"","overlay-color":"","overlay-opacity":"","overlay-gradient":""}},"footnotes":""},"class_list":["post-525","page","type-page","status-publish","has-post-thumbnail","hentry"],"_links":{"self":[{"href":"https:\/\/interregva-bb-pl.eu\/pl\/wp-json\/wp\/v2\/pages\/525"}],"collection":[{"href":"https:\/\/interregva-bb-pl.eu\/pl\/wp-json\/wp\/v2\/pages"}],"about":[{"href":"https:\/\/interregva-bb-pl.eu\/pl\/wp-json\/wp\/v2\/types\/page"}],"author":[{"embeddable":true,"href":"https:\/\/interregva-bb-pl.eu\/pl\/wp-json\/wp\/v2\/users\/2"}],"replies":[{"embeddable":true,"href":"https:\/\/interregva-bb-pl.eu\/pl\/wp-json\/wp\/v2\/comments?post=525"}],"version-history":[{"count":7,"href":"https:\/\/interregva-bb-pl.eu\/pl\/wp-json\/wp\/v2\/pages\/525\/revisions"}],"predecessor-version":[{"id":3877,"href":"https:\/\/interregva-bb-pl.eu\/pl\/wp-json\/wp\/v2\/pages\/525\/revisions\/3877"}],"wp:featuredmedia":[{"embeddable":true,"href":"https:\/\/interregva-bb-pl.eu\/pl\/wp-json\/wp\/v2\/media\/114"}],"wp:attachment":[{"href":"https:\/\/interregva-bb-pl.eu\/pl\/wp-json\/wp\/v2\/media?parent=525"}],"curies":[{"name":"wp","href":"https:\/\/api.w.org\/{rel}","templated":true}]}}