{"id":5622,"date":"2018-08-29T15:10:06","date_gmt":"2018-08-29T13:10:06","guid":{"rendered":"http:\/\/interregva-bb-pl.eu\/?page_id=5622"},"modified":"2018-09-18T16:16:45","modified_gmt":"2018-09-18T14:16:45","slug":"wydarzenie-roczne","status":"publish","type":"page","link":"https:\/\/interregva-bb-pl.eu\/pl\/wydarzenie-roczne\/","title":{"rendered":"Wydarzenie roczne 2018"},"content":{"rendered":"<p><span style=\"font-size: 18px;\">Szanowni Pa\u0144stwo,<\/span><\/p>\n<p><span style=\"font-size: 18px;\">Z okazji nadchodz\u0105cego Wydarzenia rocznego 2018 Programu Wsp\u00f3\u0142pracy INTERREG VA Brandenburgia-Polska zapraszamy Pa\u0144stwa do udzia\u0142u w tym wydarzeniu, kt\u00f3re odb\u0119dzie si\u0119\u00a0<\/span><\/p>\n<p style=\"text-align: center;\"><span style=\"font-size: 18px; color: #ff0000;\"><strong>4 pa\u017adziernika 2018 o godzinie 11: 00 (wst\u0119p od godziny 10:30)<\/strong><\/span><\/p>\n<p style=\"text-align: center;\"><span style=\"font-size: 18px;\">w budynku Centrum Budownictwa Zr\u00f3wnowa\u017conego i Energii Park Naukowo &#8211; Technologiczny Uniwersytetu Zielonog\u00f3rskiego, Nowy Kisielin &#8211;\u00a0 Antoniego Wysockiego 2<\/span><\/p>\n<p style=\"text-align: center;\"><span style=\"font-size: 18px;\">66-002\u00a0Zielona G\u00f3ra<\/span><\/p>\n<p><span style=\"font-size: 18px;\">Celem Wydarzenia rocznego 2018 jest zaprezentowanie post\u0119p\u00f3w w realizacji projekt\u00f3w obj\u0119tych wsparciem w ramach naszego Programu Wsp\u00f3\u0142pracy oraz wzmocnienie stopnia jego rozpoznawalno\u015bci.<\/span><\/p>\n<p><span style=\"font-size: 18px;\">[ap_toggle title=&#8221;<strong>Program<\/strong>&#8221; status=&#8221;open&#8221;]<\/span><\/p>\n<ol>\n<li><span style=\"font-size: 18px; color: #000000;\"><strong>Oficjalne otwarcie<\/strong><\/span><\/li>\n<li><a href=\"http:\/\/interregva-bb-pl.eu\/pl\/wydarzenie-roczne\/retrospekcja-aktualny-stan-i-spojrzenie-w-przyszlosc\/\"><span style=\"font-size: 18px; color: #ff0000;\"><strong>Konferencja<\/strong><\/span><\/a><\/li>\n<li><a href=\"http:\/\/interregva-bb-pl.eu\/pl\/wydarzenie-roczne\/wystawa-projektow\/\"><span style=\"font-size: 18px; color: #ff0000;\"><strong>Interaktywna wystawa projekt\u00f3w<\/strong><\/span><\/a><\/li>\n<li><a href=\"http:\/\/interregva-bb-pl.eu\/pl\/wydarzenie-roczne\/5618-2\/\"><span style=\"color: #ff0000; font-size: 18px;\"><strong>Konsultacje<\/strong><\/span><\/a><\/li>\n<li><a href=\"http:\/\/interregva-bb-pl.eu\/pl\/wydarzenie-roczne\/5644-2\/\"><span style=\"font-size: 18px; color: #ff0000;\"><strong> Konkurs wiedzy o Programie Wsp\u00f3\u0142pracy Interreg VA BB-PL<\/strong><\/span><\/a><\/li>\n<li><a href=\"http:\/\/interregva-bb-pl.eu\/pl\/wydarzenie-roczne\/wycieczki\/\"><span style=\"font-size: 18px; color: #ff0000;\"><strong>Wycieczki do wspartych projekt\u00f3w<\/strong><\/span><\/a><\/li>\n<\/ol>\n<p><span style=\"font-size: 18px;\">\u00a0\u00a0\u00a0Program spotkania znajd\u0105 Pa\u0144stwu <strong><a href=\"http:\/\/interregva-bb-pl.eu\/wp-content\/uploads\/2018\/09\/1_Sept_Agenda_PL.pdf\">tutaj<\/a>.[\/ap_toggle]<\/strong><\/span><\/p>\n<p><span style=\"font-size: 18px;\">[ap_toggle title=&#8221;<strong>Rejestracja<\/strong>&#8221; status=&#8221;open&#8221;]<\/span><\/p>\n<p><span style=\"font-size: 18px;\">Rejestracji mo\u017cna dokona\u0107 drog\u0105 e-mailow\u0105 u Pani Ute Pohl (<a href=\"mailto:ute.Pohl@mdjev.Brandenburg.de\">ute.Pohl@mdjev.Brandenburg.de<\/a>) wysy\u0142aj\u0105c wype\u0142niony <a href=\"http:\/\/interregva-bb-pl.eu\/wp-content\/uploads\/2018\/08\/PL_Formularz.docx\"><span style=\"color: #ff0000;\">formularz zg\u0142oszeniowy<\/span><\/a> lub te\u017c za pomoc\u0105 <a href=\"http:\/\/interregva-bb-pl.eu\/zapisy\/\">interaktywnego formularza rejestracyjnego<\/a> na naszej stronie internetowej. Prosimy o informacj\u0119 w przypadku rezygnacji z uczestnictwa.<\/span><\/p>\n<p><span style=\"font-size: 18px;\">Liczba uczestnik\u00f3w jest ograniczona- zg\u0142oszenia do udzia\u0142u b\u0119d\u0105 rozpatrywane wed\u0142ug ich kolejno\u015bci. <strong><u>Termin przesy\u0142ania zg\u0142osze\u0144 up\u0142ywa w dniu 21 wrze\u015bnia 2018 r.<\/u><\/strong>\u00a0<\/span><\/p>\n<p><span style=\"font-size: 18px;\">[\/ap_toggle]<\/span><\/p>\n<p>&nbsp;<\/p>\n","protected":false},"excerpt":{"rendered":"<p>Szanowni Pa\u0144stwo, Z okazji nadchodz\u0105cego Wydarzenia rocznego 2018 Programu Wsp\u00f3\u0142pracy INTERREG VA Brandenburgia-Polska zapraszamy Pa\u0144stwa do udzia\u0142u w tym wydarzeniu, kt\u00f3re odb\u0119dzie si\u0119\u00a0 4 pa\u017adziernika 2018 o godzinie 11: 00 (wst\u0119p od godziny 10:30) w budynku Centrum Budownictwa Zr\u00f3wnowa\u017conego i Energii Park Naukowo &#8211; Technologiczny Uniwersytetu Zielonog\u00f3rskiego, Nowy Kisielin &#8211;\u00a0 Antoniego Wysockiego 2 66-002\u00a0Zielona G\u00f3ra [&hellip;]<\/p>\n","protected":false},"author":66,"featured_media":0,"parent":0,"menu_order":0,"comment_status":"closed","ping_status":"closed","template":"","meta":{"site-sidebar-layout":"default","site-content-layout":"","ast-site-content-layout":"","site-content-style":"default","site-sidebar-style":"default","ast-global-header-display":"","ast-banner-title-visibility":"","ast-main-header-display":"","ast-hfb-above-header-display":"","ast-hfb-below-header-display":"","ast-hfb-mobile-header-display":"","site-post-title":"","ast-breadcrumbs-content":"","ast-featured-img":"","footer-sml-layout":"","theme-transparent-header-meta":"","adv-header-id-meta":"","stick-header-meta":"","header-above-stick-meta":"","header-main-stick-meta":"","header-below-stick-meta":"","astra-migrate-meta-layouts":"default","ast-page-background-enabled":"default","ast-page-background-meta":{"desktop":{"background-color":"","background-image":"","background-repeat":"repeat","background-position":"center center","background-size":"auto","background-attachment":"scroll","background-type":"","background-media":"","overlay-type":"","overlay-color":"","overlay-opacity":"","overlay-gradient":""},"tablet":{"background-color":"","background-image":"","background-repeat":"repeat","background-position":"center center","background-size":"auto","background-attachment":"scroll","background-type":"","background-media":"","overlay-type":"","overlay-color":"","overlay-opacity":"","overlay-gradient":""},"mobile":{"background-color":"","background-image":"","background-repeat":"repeat","background-position":"center center","background-size":"auto","background-attachment":"scroll","background-type":"","background-media":"","overlay-type":"","overlay-color":"","overlay-opacity":"","overlay-gradient":""}},"ast-content-background-meta":{"desktop":{"background-color":"var(--ast-global-color-5)","background-image":"","background-repeat":"repeat","background-position":"center center","background-size":"auto","background-attachment":"scroll","background-type":"","background-media":"","overlay-type":"","overlay-color":"","overlay-opacity":"","overlay-gradient":""},"tablet":{"background-color":"var(--ast-global-color-5)","background-image":"","background-repeat":"repeat","background-position":"center center","background-size":"auto","background-attachment":"scroll","background-type":"","background-media":"","overlay-type":"","overlay-color":"","overlay-opacity":"","overlay-gradient":""},"mobile":{"background-color":"var(--ast-global-color-5)","background-image":"","background-repeat":"repeat","background-position":"center center","background-size":"auto","background-attachment":"scroll","background-type":"","background-media":"","overlay-type":"","overlay-color":"","overlay-opacity":"","overlay-gradient":""}},"footnotes":""},"class_list":["post-5622","page","type-page","status-publish","hentry"],"_links":{"self":[{"href":"https:\/\/interregva-bb-pl.eu\/pl\/wp-json\/wp\/v2\/pages\/5622"}],"collection":[{"href":"https:\/\/interregva-bb-pl.eu\/pl\/wp-json\/wp\/v2\/pages"}],"about":[{"href":"https:\/\/interregva-bb-pl.eu\/pl\/wp-json\/wp\/v2\/types\/page"}],"author":[{"embeddable":true,"href":"https:\/\/interregva-bb-pl.eu\/pl\/wp-json\/wp\/v2\/users\/66"}],"replies":[{"embeddable":true,"href":"https:\/\/interregva-bb-pl.eu\/pl\/wp-json\/wp\/v2\/comments?post=5622"}],"version-history":[{"count":12,"href":"https:\/\/interregva-bb-pl.eu\/pl\/wp-json\/wp\/v2\/pages\/5622\/revisions"}],"predecessor-version":[{"id":5975,"href":"https:\/\/interregva-bb-pl.eu\/pl\/wp-json\/wp\/v2\/pages\/5622\/revisions\/5975"}],"wp:attachment":[{"href":"https:\/\/interregva-bb-pl.eu\/pl\/wp-json\/wp\/v2\/media?parent=5622"}],"curies":[{"name":"wp","href":"https:\/\/api.w.org\/{rel}","templated":true}]}}