{"id":5632,"date":"2018-08-29T15:40:31","date_gmt":"2018-08-29T13:40:31","guid":{"rendered":"http:\/\/interregva-bb-pl.eu\/?page_id=5632"},"modified":"2018-09-26T09:37:19","modified_gmt":"2018-09-26T07:37:19","slug":"retrospekcja-aktualny-stan-i-spojrzenie-w-przyszlosc","status":"publish","type":"page","link":"https:\/\/interregva-bb-pl.eu\/pl\/wydarzenie-roczne\/retrospekcja-aktualny-stan-i-spojrzenie-w-przyszlosc\/","title":{"rendered":"Retrospekcja, aktualny stan i spojrzenie w przysz\u0142o\u015b\u0107"},"content":{"rendered":"<p><strong><span style=\"color: #ff0000; font-size: 16px;\">Konferencja<\/span><\/strong><\/p>\n<p><span style=\"font-size: 16px;\">W zwi\u0105zku z faktem, i\u017c pierwsza po\u0142owa okresu programowania dobiega ko\u0144ca chcieliby\u015bmy w ramach naszej konferencji poinformowa\u0107 o stanie realizacji dofinansowanych projekt\u00f3w, tj. zaprezentowa\u0107 dobre praktyki w obecnie trwaj\u0105cym okresie finansowania oraz wypracowa\u0107 impulsy dla nowych pomys\u0142\u00f3w projektowych (tak\u017ce w przysz\u0142ej perspektywie programowej) w oparciu o aktualne trendy i wyzwania w obszarze granicznym. Tematem konferencji b\u0119dzie tak\u017ce przysz\u0142o\u015b\u0107 Europejskiej Wsp\u00f3\u0142pracy Terytorialnej od roku 2021.<\/span><\/p>\n<p><span style=\"font-size: 16px;\"><em><u>Szczeg\u00f3\u0142owy program konferencji znajda Pa\u0144stwo<a href=\"http:\/\/interregva-bb-pl.eu\/wp-content\/uploads\/2018\/09\/PL_26_9_18-Stand_Konferenz_2018.pdf\"> tutaj.<\/a> <\/u><\/em><\/span><\/p>\n","protected":false},"excerpt":{"rendered":"<p>Konferencja W zwi\u0105zku z faktem, i\u017c pierwsza po\u0142owa okresu programowania dobiega ko\u0144ca chcieliby\u015bmy w ramach naszej konferencji poinformowa\u0107 o stanie realizacji dofinansowanych projekt\u00f3w, tj. zaprezentowa\u0107 dobre praktyki w obecnie trwaj\u0105cym okresie finansowania oraz wypracowa\u0107 impulsy dla nowych pomys\u0142\u00f3w projektowych (tak\u017ce w przysz\u0142ej perspektywie programowej) w oparciu o aktualne trendy i wyzwania w obszarze granicznym. Tematem [&hellip;]<\/p>\n","protected":false},"author":66,"featured_media":0,"parent":5622,"menu_order":0,"comment_status":"closed","ping_status":"closed","template":"","meta":{"site-sidebar-layout":"default","site-content-layout":"","ast-site-content-layout":"","site-content-style":"default","site-sidebar-style":"default","ast-global-header-display":"","ast-banner-title-visibility":"","ast-main-header-display":"","ast-hfb-above-header-display":"","ast-hfb-below-header-display":"","ast-hfb-mobile-header-display":"","site-post-title":"","ast-breadcrumbs-content":"","ast-featured-img":"","footer-sml-layout":"","theme-transparent-header-meta":"","adv-header-id-meta":"","stick-header-meta":"","header-above-stick-meta":"","header-main-stick-meta":"","header-below-stick-meta":"","astra-migrate-meta-layouts":"default","ast-page-background-enabled":"default","ast-page-background-meta":{"desktop":{"background-color":"","background-image":"","background-repeat":"repeat","background-position":"center center","background-size":"auto","background-attachment":"scroll","background-type":"","background-media":"","overlay-type":"","overlay-color":"","overlay-opacity":"","overlay-gradient":""},"tablet":{"background-color":"","background-image":"","background-repeat":"repeat","background-position":"center center","background-size":"auto","background-attachment":"scroll","background-type":"","background-media":"","overlay-type":"","overlay-color":"","overlay-opacity":"","overlay-gradient":""},"mobile":{"background-color":"","background-image":"","background-repeat":"repeat","background-position":"center center","background-size":"auto","background-attachment":"scroll","background-type":"","background-media":"","overlay-type":"","overlay-color":"","overlay-opacity":"","overlay-gradient":""}},"ast-content-background-meta":{"desktop":{"background-color":"var(--ast-global-color-5)","background-image":"","background-repeat":"repeat","background-position":"center center","background-size":"auto","background-attachment":"scroll","background-type":"","background-media":"","overlay-type":"","overlay-color":"","overlay-opacity":"","overlay-gradient":""},"tablet":{"background-color":"var(--ast-global-color-5)","background-image":"","background-repeat":"repeat","background-position":"center center","background-size":"auto","background-attachment":"scroll","background-type":"","background-media":"","overlay-type":"","overlay-color":"","overlay-opacity":"","overlay-gradient":""},"mobile":{"background-color":"var(--ast-global-color-5)","background-image":"","background-repeat":"repeat","background-position":"center center","background-size":"auto","background-attachment":"scroll","background-type":"","background-media":"","overlay-type":"","overlay-color":"","overlay-opacity":"","overlay-gradient":""}},"footnotes":""},"class_list":["post-5632","page","type-page","status-publish","hentry"],"_links":{"self":[{"href":"https:\/\/interregva-bb-pl.eu\/pl\/wp-json\/wp\/v2\/pages\/5632"}],"collection":[{"href":"https:\/\/interregva-bb-pl.eu\/pl\/wp-json\/wp\/v2\/pages"}],"about":[{"href":"https:\/\/interregva-bb-pl.eu\/pl\/wp-json\/wp\/v2\/types\/page"}],"author":[{"embeddable":true,"href":"https:\/\/interregva-bb-pl.eu\/pl\/wp-json\/wp\/v2\/users\/66"}],"replies":[{"embeddable":true,"href":"https:\/\/interregva-bb-pl.eu\/pl\/wp-json\/wp\/v2\/comments?post=5632"}],"version-history":[{"count":4,"href":"https:\/\/interregva-bb-pl.eu\/pl\/wp-json\/wp\/v2\/pages\/5632\/revisions"}],"predecessor-version":[{"id":6001,"href":"https:\/\/interregva-bb-pl.eu\/pl\/wp-json\/wp\/v2\/pages\/5632\/revisions\/6001"}],"up":[{"embeddable":true,"href":"https:\/\/interregva-bb-pl.eu\/pl\/wp-json\/wp\/v2\/pages\/5622"}],"wp:attachment":[{"href":"https:\/\/interregva-bb-pl.eu\/pl\/wp-json\/wp\/v2\/media?parent=5632"}],"curies":[{"name":"wp","href":"https:\/\/api.w.org\/{rel}","templated":true}]}}