{"id":5636,"date":"2018-08-29T15:49:42","date_gmt":"2018-08-29T13:49:42","guid":{"rendered":"http:\/\/interregva-bb-pl.eu\/?page_id=5636"},"modified":"2018-09-24T12:12:56","modified_gmt":"2018-09-24T10:12:56","slug":"wystawa-projektow","status":"publish","type":"page","link":"https:\/\/interregva-bb-pl.eu\/pl\/wydarzenie-roczne\/wystawa-projektow\/","title":{"rendered":"Wystawa projekt\u00f3w"},"content":{"rendered":"<p><strong><span style=\"font-size: 16px; color: #ff0000;\">Interaktywna wystawa projekt\u00f3w<\/span><\/strong><\/p>\n<p><span style=\"font-size: 16px;\">W ramach wystawy chcemy zaprezentowa\u0107 uczestnikom pokazy\/warsztaty\/ eksperymenty zwi\u0105zane z tematyk\u0105 realizowanych przez beneficjent\u00f3w przedsi\u0119wzi\u0119\u0107, a tym samym przedstawi\u0107 najlepsze projekty w ramach Programu INTERREG VA BB-PL.<\/span><\/p>\n<p><img loading=\"lazy\" decoding=\"async\" class=\"alignnone wp-image-5993 size-full\" src=\"http:\/\/interregva-bb-pl.eu\/wp-content\/uploads\/2018\/09\/Auto.jpg\" alt=\"\" width=\"633\" height=\"190\" srcset=\"https:\/\/interregva-bb-pl.eu\/wp-content\/uploads\/2018\/09\/Auto.jpg 633w, https:\/\/interregva-bb-pl.eu\/wp-content\/uploads\/2018\/09\/Auto-150x45.jpg 150w, https:\/\/interregva-bb-pl.eu\/wp-content\/uploads\/2018\/09\/Auto-300x90.jpg 300w\" sizes=\"(max-width: 633px) 100vw, 633px\" \/><\/p>\n<p>\u2026Zwied\u017acie z nami z nami radiow\u00f3z policyjny, karetk\u0119 pogotowia i ci\u0105gnik siod\u0142owy, wykonajcie z nami eksperymenty geologiczne i we\u017acie udzia\u0142 w kursie pierwszej pomocy. Ka\u017cdy mo\u017ce wzi\u0105\u0107 udzia\u0142 \u2013 zapraszamy do udzia\u0142u w naszym \u00a0Wydarzeniu rocznym INTERREG VA BB-PL 2014-2020 w Zielonej G\u00f3rze w dniu 04.10.2018!.<\/p>\n<p><span style=\"font-size: 16px;\"><strong>[ap_toggle title=&#8221;Koncept i przebieg wystawy&#8221; status=&#8221;open&#8221;]<\/strong><\/span><br \/>\n<span style=\"font-size: 16px;\">Wszyscy uczestnicy otrzymaj\u0105 kart\u0119 na piecz\u0105tki (Paszport INTERREG) i b\u0119d\u0105 odwiedzali poszczeg\u00f3lne stacje konkretnych projekt\u00f3w. Na ka\u017cdej ze stacji za udzia\u0142 w kr\u00f3tkim programie (warsztaty\/\u0107wiczenia\/pokazy\/gry i zabawy) otrzymaj\u0105 oni piecz\u0105tk\u0119. Zadaniem uczestnik\u00f3w b\u0119dzie zebranie jak najwi\u0119kszej ilo\u015bci piecz\u0105tek w Paszporcie INTERREG. Osoby, kt\u00f3re odwiedz\u0105 wszystkie stacje projektowe, otrzymaj\u0105 upominek INTERREG VA. <strong>[\/ap_toggle]<\/strong><\/span><\/p>\n<p><span style=\"font-size: 16px;\">Zapraszamy wszystkich beneficjent\u00f3w do aktywnego udzia\u0142u w wystawie. Na stoisku maj\u0105 Pa\u0144stwo mo\u017cliwo\u015b\u0107 zaprezentowania materia\u0142\u00f3w dotycz\u0105cych Pa\u0144stwa projektu, obszaru wsparcia, materia\u0142\u00f3w dydaktycznych dotycz\u0105cych tematyki zwi\u0105zanej z Pa\u0144stwa projekteJezeli jeste\u015bcie Panstwo zainteresowani, to prosimy o wiadomo\u015b\u0107 na adres email: <a href=\"mailto:Ute.Pohl@mdjev.brandenburg.de\">Ute.Pohl@mdjev.brandenburg.de<\/a>.<\/span><\/p>\n","protected":false},"excerpt":{"rendered":"<p>Interaktywna wystawa projekt\u00f3w W ramach wystawy chcemy zaprezentowa\u0107 uczestnikom pokazy\/warsztaty\/ eksperymenty zwi\u0105zane z tematyk\u0105 realizowanych przez beneficjent\u00f3w przedsi\u0119wzi\u0119\u0107, a tym samym przedstawi\u0107 najlepsze projekty w ramach Programu INTERREG VA BB-PL. \u2026Zwied\u017acie z nami z nami radiow\u00f3z policyjny, karetk\u0119 pogotowia i ci\u0105gnik siod\u0142owy, wykonajcie z nami eksperymenty geologiczne i we\u017acie udzia\u0142 w kursie pierwszej pomocy. Ka\u017cdy [&hellip;]<\/p>\n","protected":false},"author":66,"featured_media":0,"parent":5622,"menu_order":0,"comment_status":"closed","ping_status":"closed","template":"","meta":{"site-sidebar-layout":"default","site-content-layout":"","ast-site-content-layout":"","site-content-style":"default","site-sidebar-style":"default","ast-global-header-display":"","ast-banner-title-visibility":"","ast-main-header-display":"","ast-hfb-above-header-display":"","ast-hfb-below-header-display":"","ast-hfb-mobile-header-display":"","site-post-title":"","ast-breadcrumbs-content":"","ast-featured-img":"","footer-sml-layout":"","theme-transparent-header-meta":"","adv-header-id-meta":"","stick-header-meta":"","header-above-stick-meta":"","header-main-stick-meta":"","header-below-stick-meta":"","astra-migrate-meta-layouts":"default","ast-page-background-enabled":"default","ast-page-background-meta":{"desktop":{"background-color":"","background-image":"","background-repeat":"repeat","background-position":"center center","background-size":"auto","background-attachment":"scroll","background-type":"","background-media":"","overlay-type":"","overlay-color":"","overlay-opacity":"","overlay-gradient":""},"tablet":{"background-color":"","background-image":"","background-repeat":"repeat","background-position":"center center","background-size":"auto","background-attachment":"scroll","background-type":"","background-media":"","overlay-type":"","overlay-color":"","overlay-opacity":"","overlay-gradient":""},"mobile":{"background-color":"","background-image":"","background-repeat":"repeat","background-position":"center center","background-size":"auto","background-attachment":"scroll","background-type":"","background-media":"","overlay-type":"","overlay-color":"","overlay-opacity":"","overlay-gradient":""}},"ast-content-background-meta":{"desktop":{"background-color":"var(--ast-global-color-5)","background-image":"","background-repeat":"repeat","background-position":"center center","background-size":"auto","background-attachment":"scroll","background-type":"","background-media":"","overlay-type":"","overlay-color":"","overlay-opacity":"","overlay-gradient":""},"tablet":{"background-color":"var(--ast-global-color-5)","background-image":"","background-repeat":"repeat","background-position":"center center","background-size":"auto","background-attachment":"scroll","background-type":"","background-media":"","overlay-type":"","overlay-color":"","overlay-opacity":"","overlay-gradient":""},"mobile":{"background-color":"var(--ast-global-color-5)","background-image":"","background-repeat":"repeat","background-position":"center center","background-size":"auto","background-attachment":"scroll","background-type":"","background-media":"","overlay-type":"","overlay-color":"","overlay-opacity":"","overlay-gradient":""}},"footnotes":""},"class_list":["post-5636","page","type-page","status-publish","hentry"],"_links":{"self":[{"href":"https:\/\/interregva-bb-pl.eu\/pl\/wp-json\/wp\/v2\/pages\/5636"}],"collection":[{"href":"https:\/\/interregva-bb-pl.eu\/pl\/wp-json\/wp\/v2\/pages"}],"about":[{"href":"https:\/\/interregva-bb-pl.eu\/pl\/wp-json\/wp\/v2\/types\/page"}],"author":[{"embeddable":true,"href":"https:\/\/interregva-bb-pl.eu\/pl\/wp-json\/wp\/v2\/users\/66"}],"replies":[{"embeddable":true,"href":"https:\/\/interregva-bb-pl.eu\/pl\/wp-json\/wp\/v2\/comments?post=5636"}],"version-history":[{"count":5,"href":"https:\/\/interregva-bb-pl.eu\/pl\/wp-json\/wp\/v2\/pages\/5636\/revisions"}],"predecessor-version":[{"id":5995,"href":"https:\/\/interregva-bb-pl.eu\/pl\/wp-json\/wp\/v2\/pages\/5636\/revisions\/5995"}],"up":[{"embeddable":true,"href":"https:\/\/interregva-bb-pl.eu\/pl\/wp-json\/wp\/v2\/pages\/5622"}],"wp:attachment":[{"href":"https:\/\/interregva-bb-pl.eu\/pl\/wp-json\/wp\/v2\/media?parent=5636"}],"curies":[{"name":"wp","href":"https:\/\/api.w.org\/{rel}","templated":true}]}}