{"id":564,"date":"2016-02-11T11:45:48","date_gmt":"2016-02-11T10:45:48","guid":{"rendered":"http:\/\/interregva-bb-pl.eu\/pl\/?page_id=564"},"modified":"2018-02-16T11:48:57","modified_gmt":"2018-02-16T10:48:57","slug":"564-2","status":"publish","type":"page","link":"https:\/\/interregva-bb-pl.eu\/pl\/564-2\/","title":{"rendered":"Pliki do Pobrania"},"content":{"rendered":"<ul>\n<li><a href=\"http:\/\/interregva-bb-pl.eu\/pl\/dla-wnioskodawcow\/rozporzadzenie-ue-przepisy-krajowe\/\">Rozporz\u0105dzenie UE i przepisy krajowe<\/a><\/li>\n<li><a href=\"http:\/\/interregva-bb-pl.eu\/pl\/fhb-i-program-kooperacji\/\">Podr\u0119cznik Beneficjenta i Program Wsp\u00f3\u0142pracy<\/a><\/li>\n<li><a href=\"http:\/\/interregva-bb-pl.eu\/pl\/dla-wnioskodawcow\/formularze-dla-wnioskodawcow\/\">Dokumenty dla wnioskodawc\u00f3w<\/a><\/li>\n<li><a href=\"http:\/\/interregva-bb-pl.eu\/pl\/formularze-i-pouczenia-dla-beneficjentow\/\">Dokumenty dla beneficjent\u00f3w<\/a><\/li>\n<li><a href=\"http:\/\/interregva-bb-pl.eu\/pl\/sprawozdania\/\">Sprawozdania<\/a><\/li>\n<li><a href=\"http:\/\/interregva-bb-pl.eu\/pl\/archiwum\/\">Dokumenty w archiwum<\/a><\/li>\n<\/ul>\n","protected":false},"excerpt":{"rendered":"<p>Rozporz\u0105dzenie UE i przepisy krajowe Podr\u0119cznik Beneficjenta i Program Wsp\u00f3\u0142pracy Dokumenty dla wnioskodawc\u00f3w Dokumenty dla beneficjent\u00f3w Sprawozdania Dokumenty w archiwum<\/p>\n","protected":false},"author":2,"featured_media":73,"parent":0,"menu_order":0,"comment_status":"closed","ping_status":"closed","template":"","meta":{"site-sidebar-layout":"default","site-content-layout":"","ast-site-content-layout":"","site-content-style":"default","site-sidebar-style":"default","ast-global-header-display":"","ast-banner-title-visibility":"","ast-main-header-display":"","ast-hfb-above-header-display":"","ast-hfb-below-header-display":"","ast-hfb-mobile-header-display":"","site-post-title":"","ast-breadcrumbs-content":"","ast-featured-img":"","footer-sml-layout":"","theme-transparent-header-meta":"","adv-header-id-meta":"","stick-header-meta":"","header-above-stick-meta":"","header-main-stick-meta":"","header-below-stick-meta":"","astra-migrate-meta-layouts":"default","ast-page-background-enabled":"default","ast-page-background-meta":{"desktop":{"background-color":"","background-image":"","background-repeat":"repeat","background-position":"center center","background-size":"auto","background-attachment":"scroll","background-type":"","background-media":"","overlay-type":"","overlay-color":"","overlay-opacity":"","overlay-gradient":""},"tablet":{"background-color":"","background-image":"","background-repeat":"repeat","background-position":"center center","background-size":"auto","background-attachment":"scroll","background-type":"","background-media":"","overlay-type":"","overlay-color":"","overlay-opacity":"","overlay-gradient":""},"mobile":{"background-color":"","background-image":"","background-repeat":"repeat","background-position":"center center","background-size":"auto","background-attachment":"scroll","background-type":"","background-media":"","overlay-type":"","overlay-color":"","overlay-opacity":"","overlay-gradient":""}},"ast-content-background-meta":{"desktop":{"background-color":"var(--ast-global-color-5)","background-image":"","background-repeat":"repeat","background-position":"center center","background-size":"auto","background-attachment":"scroll","background-type":"","background-media":"","overlay-type":"","overlay-color":"","overlay-opacity":"","overlay-gradient":""},"tablet":{"background-color":"var(--ast-global-color-5)","background-image":"","background-repeat":"repeat","background-position":"center center","background-size":"auto","background-attachment":"scroll","background-type":"","background-media":"","overlay-type":"","overlay-color":"","overlay-opacity":"","overlay-gradient":""},"mobile":{"background-color":"var(--ast-global-color-5)","background-image":"","background-repeat":"repeat","background-position":"center center","background-size":"auto","background-attachment":"scroll","background-type":"","background-media":"","overlay-type":"","overlay-color":"","overlay-opacity":"","overlay-gradient":""}},"footnotes":""},"class_list":["post-564","page","type-page","status-publish","has-post-thumbnail","hentry"],"_links":{"self":[{"href":"https:\/\/interregva-bb-pl.eu\/pl\/wp-json\/wp\/v2\/pages\/564"}],"collection":[{"href":"https:\/\/interregva-bb-pl.eu\/pl\/wp-json\/wp\/v2\/pages"}],"about":[{"href":"https:\/\/interregva-bb-pl.eu\/pl\/wp-json\/wp\/v2\/types\/page"}],"author":[{"embeddable":true,"href":"https:\/\/interregva-bb-pl.eu\/pl\/wp-json\/wp\/v2\/users\/2"}],"replies":[{"embeddable":true,"href":"https:\/\/interregva-bb-pl.eu\/pl\/wp-json\/wp\/v2\/comments?post=564"}],"version-history":[{"count":18,"href":"https:\/\/interregva-bb-pl.eu\/pl\/wp-json\/wp\/v2\/pages\/564\/revisions"}],"predecessor-version":[{"id":3784,"href":"https:\/\/interregva-bb-pl.eu\/pl\/wp-json\/wp\/v2\/pages\/564\/revisions\/3784"}],"wp:featuredmedia":[{"embeddable":true,"href":"https:\/\/interregva-bb-pl.eu\/pl\/wp-json\/wp\/v2\/media\/73"}],"wp:attachment":[{"href":"https:\/\/interregva-bb-pl.eu\/pl\/wp-json\/wp\/v2\/media?parent=564"}],"curies":[{"name":"wp","href":"https:\/\/api.w.org\/{rel}","templated":true}]}}