{"id":5644,"date":"2018-08-29T16:23:36","date_gmt":"2018-08-29T14:23:36","guid":{"rendered":"http:\/\/interregva-bb-pl.eu\/?page_id=5644"},"modified":"2018-08-30T13:40:20","modified_gmt":"2018-08-30T11:40:20","slug":"5644-2","status":"publish","type":"page","link":"https:\/\/interregva-bb-pl.eu\/pl\/wydarzenie-roczne\/5644-2\/","title":{"rendered":"Jaka jest Pa\u0144stwa wiedza o Programie Wsp\u00f3\u0142pracy Interreg VA BB-PL?"},"content":{"rendered":"<p><span style=\"color: #ff0000; font-size: 18px;\"><strong>Konkurs wiedzy<\/strong><\/span><\/p>\n<p><span style=\"font-size: 18px;\"><em>Czy Potsdam le\u017cy na obszarze wsparcia Programu Wsp\u00f3\u0142pracy Interreg VA BB-<\/em><\/span><em><img loading=\"lazy\" decoding=\"async\" class=\"wp-image-5639 alignright\" src=\"http:\/\/interregva-bb-pl.eu\/wp-content\/uploads\/2018\/08\/Wissenswettbewerb-\u00fcber-Kooperationsprogramms-INTERREG-V-A-Brandenburg-Polen-2014-2020Konkurs-wiedzy-o-Programie-Wsp\u00f3\u0142pracy-INTERREG-V-A-Brandenburgia-Polska-2014-2020-300x300.jpg\" alt=\"\" width=\"206\" height=\"206\" srcset=\"https:\/\/interregva-bb-pl.eu\/wp-content\/uploads\/2018\/08\/Wissenswettbewerb-\u00fcber-Kooperationsprogramms-INTERREG-V-A-Brandenburg-Polen-2014-2020Konkurs-wiedzy-o-Programie-Wsp\u00f3\u0142pracy-INTERREG-V-A-Brandenburgia-Polska-2014-2020-300x300.jpg 300w, https:\/\/interregva-bb-pl.eu\/wp-content\/uploads\/2018\/08\/Wissenswettbewerb-\u00fcber-Kooperationsprogramms-INTERREG-V-A-Brandenburg-Polen-2014-2020Konkurs-wiedzy-o-Programie-Wsp\u00f3\u0142pracy-INTERREG-V-A-Brandenburgia-Polska-2014-2020-150x150.jpg 150w, https:\/\/interregva-bb-pl.eu\/wp-content\/uploads\/2018\/08\/Wissenswettbewerb-\u00fcber-Kooperationsprogramms-INTERREG-V-A-Brandenburg-Polen-2014-2020Konkurs-wiedzy-o-Programie-Wsp\u00f3\u0142pracy-INTERREG-V-A-Brandenburgia-Polska-2014-2020-768x768.jpg 768w, https:\/\/interregva-bb-pl.eu\/wp-content\/uploads\/2018\/08\/Wissenswettbewerb-\u00fcber-Kooperationsprogramms-INTERREG-V-A-Brandenburg-Polen-2014-2020Konkurs-wiedzy-o-Programie-Wsp\u00f3\u0142pracy-INTERREG-V-A-Brandenburgia-Polska-2014-2020.jpg 800w\" sizes=\"(max-width: 206px) 100vw, 206px\" \/><\/em><span style=\"font-size: 18px;\"><em>PL?<\/em><\/span><\/p>\n<p><span style=\"font-size: 18px;\"><em>Ile Euroregion\u00f3w funkcjonuje na obszarze wsparcia Programu Wsp\u00f3\u0142pracy Interreg <\/em><\/span><span style=\"font-size: 18px;\"><em>VA BB-PL?<\/em><\/span><\/p>\n<p><span style=\"font-size: 18px;\">Je\u017celi nie maj\u0105 Pa\u0144stwo problem\u00f3w z odpowiedzi\u0105 na powy\u017csze pytania i s\u0105 Pa\u0144stwo zainteresowani pog\u0142\u0119bieniem wiedzy o programie Interreg VA BB-PL to zapraszamy do udzia\u0142u w naszym konkursie wiedzy!<\/span><\/p>\n<p><span style=\"font-size: 18px;\">Konkurs zostanie przeprowadzony w formie interaktywnego quizu. Pytania wraz z mo\u017cliwymi odpowiedziami zostan\u0105 zaprezentowane na du\u017cym ekranie i b\u0119d\u0105 czytane przez moderatora. Uczestn<\/span><span style=\"font-size: 18px;\">icy otrzymaj\u0105 tablety wraz z dost\u0119pem do platformy. Odpowiedzi na pytania udzielane b\u0119d\u0105 za pomoc\u0105 tablet\u00f3w. Uczestnicy- wykorzystuj\u0105c pseudonim- b\u0119d\u0105 mieli mo\u017cliwo\u015b\u0107 zaznaczenia na tablecie w\u0142a\u015bciwej odpowiedzi. Wyniki zostan\u0105 podsumowane i zaprezentowane po ostatnim z pyta\u0144. Konkurs wygrywa osoba, kt\u00f3ra najszybciej wytypowa\u0142a najwi\u0119cej poprawnych odpowiedzi.<\/span><\/p>\n<p><span style=\"font-size: 18px;\">Szczeg\u00f3\u0142owe warunki uczestnictwa znajd\u0105 Pa\u0144stwo <a href=\"http:\/\/interregva-bb-pl.eu\/wp-content\/uploads\/2018\/08\/regulamin-konkursu.pdf\">tutaj.<\/a><\/span><\/p>\n<p><span style=\"font-size: 18px;\">[ap_toggle title=&#8221;Zapisy&#8221; status=&#8221;open&#8221;]Rejestracji mo\u017cna dokona\u0107 drog\u0105 e-mailow\u0105 u Pani Ute Pohl (<a href=\"mailto:ute.Pohl@mdjev.Brandenburg.de\">ute.Pohl@mdjev.Brandenburg.de<\/a>) wysy\u0142aj\u0105c wype\u0142niony formularz zg\u0142oszeniowy lub te\u017c za pomoc\u0105 <a href=\"http:\/\/interregva-bb-pl.eu\/zapisy\/\">interaktywnego formularza rejestracyjnego<\/a> na naszej stronie internetowej. Prosimy o informacje w przypadku rezygnacji z uczestnictwa.<\/span><\/p>\n<p><span style=\"font-size: 18px;\">[\/ap_toggle]<\/span><\/p>\n","protected":false},"excerpt":{"rendered":"<p>Konkurs wiedzy Czy Potsdam le\u017cy na obszarze wsparcia Programu Wsp\u00f3\u0142pracy Interreg VA BB-PL? Ile Euroregion\u00f3w funkcjonuje na obszarze wsparcia Programu Wsp\u00f3\u0142pracy Interreg VA BB-PL? Je\u017celi nie maj\u0105 Pa\u0144stwo problem\u00f3w z odpowiedzi\u0105 na powy\u017csze pytania i s\u0105 Pa\u0144stwo zainteresowani pog\u0142\u0119bieniem wiedzy o programie Interreg VA BB-PL to zapraszamy do udzia\u0142u w naszym konkursie wiedzy! Konkurs zostanie [&hellip;]<\/p>\n","protected":false},"author":66,"featured_media":0,"parent":5622,"menu_order":0,"comment_status":"closed","ping_status":"closed","template":"","meta":{"site-sidebar-layout":"default","site-content-layout":"","ast-site-content-layout":"","site-content-style":"default","site-sidebar-style":"default","ast-global-header-display":"","ast-banner-title-visibility":"","ast-main-header-display":"","ast-hfb-above-header-display":"","ast-hfb-below-header-display":"","ast-hfb-mobile-header-display":"","site-post-title":"","ast-breadcrumbs-content":"","ast-featured-img":"","footer-sml-layout":"","theme-transparent-header-meta":"","adv-header-id-meta":"","stick-header-meta":"","header-above-stick-meta":"","header-main-stick-meta":"","header-below-stick-meta":"","astra-migrate-meta-layouts":"default","ast-page-background-enabled":"default","ast-page-background-meta":{"desktop":{"background-color":"","background-image":"","background-repeat":"repeat","background-position":"center center","background-size":"auto","background-attachment":"scroll","background-type":"","background-media":"","overlay-type":"","overlay-color":"","overlay-opacity":"","overlay-gradient":""},"tablet":{"background-color":"","background-image":"","background-repeat":"repeat","background-position":"center center","background-size":"auto","background-attachment":"scroll","background-type":"","background-media":"","overlay-type":"","overlay-color":"","overlay-opacity":"","overlay-gradient":""},"mobile":{"background-color":"","background-image":"","background-repeat":"repeat","background-position":"center center","background-size":"auto","background-attachment":"scroll","background-type":"","background-media":"","overlay-type":"","overlay-color":"","overlay-opacity":"","overlay-gradient":""}},"ast-content-background-meta":{"desktop":{"background-color":"var(--ast-global-color-5)","background-image":"","background-repeat":"repeat","background-position":"center center","background-size":"auto","background-attachment":"scroll","background-type":"","background-media":"","overlay-type":"","overlay-color":"","overlay-opacity":"","overlay-gradient":""},"tablet":{"background-color":"var(--ast-global-color-5)","background-image":"","background-repeat":"repeat","background-position":"center center","background-size":"auto","background-attachment":"scroll","background-type":"","background-media":"","overlay-type":"","overlay-color":"","overlay-opacity":"","overlay-gradient":""},"mobile":{"background-color":"var(--ast-global-color-5)","background-image":"","background-repeat":"repeat","background-position":"center center","background-size":"auto","background-attachment":"scroll","background-type":"","background-media":"","overlay-type":"","overlay-color":"","overlay-opacity":"","overlay-gradient":""}},"footnotes":""},"class_list":["post-5644","page","type-page","status-publish","hentry"],"_links":{"self":[{"href":"https:\/\/interregva-bb-pl.eu\/pl\/wp-json\/wp\/v2\/pages\/5644"}],"collection":[{"href":"https:\/\/interregva-bb-pl.eu\/pl\/wp-json\/wp\/v2\/pages"}],"about":[{"href":"https:\/\/interregva-bb-pl.eu\/pl\/wp-json\/wp\/v2\/types\/page"}],"author":[{"embeddable":true,"href":"https:\/\/interregva-bb-pl.eu\/pl\/wp-json\/wp\/v2\/users\/66"}],"replies":[{"embeddable":true,"href":"https:\/\/interregva-bb-pl.eu\/pl\/wp-json\/wp\/v2\/comments?post=5644"}],"version-history":[{"count":6,"href":"https:\/\/interregva-bb-pl.eu\/pl\/wp-json\/wp\/v2\/pages\/5644\/revisions"}],"predecessor-version":[{"id":5678,"href":"https:\/\/interregva-bb-pl.eu\/pl\/wp-json\/wp\/v2\/pages\/5644\/revisions\/5678"}],"up":[{"embeddable":true,"href":"https:\/\/interregva-bb-pl.eu\/pl\/wp-json\/wp\/v2\/pages\/5622"}],"wp:attachment":[{"href":"https:\/\/interregva-bb-pl.eu\/pl\/wp-json\/wp\/v2\/media?parent=5644"}],"curies":[{"name":"wp","href":"https:\/\/api.w.org\/{rel}","templated":true}]}}