{"id":5656,"date":"2018-08-29T17:51:08","date_gmt":"2018-08-29T15:51:08","guid":{"rendered":"http:\/\/interregva-bb-pl.eu\/?page_id=5656"},"modified":"2018-08-29T17:56:00","modified_gmt":"2018-08-29T15:56:00","slug":"wycieczki","status":"publish","type":"page","link":"https:\/\/interregva-bb-pl.eu\/pl\/wydarzenie-roczne\/wycieczki\/","title":{"rendered":"Wycieczki"},"content":{"rendered":"<p><span style=\"font-size: 18px; color: #ff0000;\"><strong>Wycieczki<\/strong><\/span><\/p>\n<p><strong><img loading=\"lazy\" decoding=\"async\" class=\"alignleft wp-image-5654 \" src=\"http:\/\/interregva-bb-pl.eu\/wp-content\/uploads\/2018\/08\/exkursion.png\" alt=\"\" width=\"287\" height=\"636\" srcset=\"https:\/\/interregva-bb-pl.eu\/wp-content\/uploads\/2018\/08\/exkursion.png 241w, https:\/\/interregva-bb-pl.eu\/wp-content\/uploads\/2018\/08\/exkursion-68x150.png 68w, https:\/\/interregva-bb-pl.eu\/wp-content\/uploads\/2018\/08\/exkursion-135x300.png 135w\" sizes=\"(max-width: 287px) 100vw, 287px\" \/><\/strong><\/p>\n<p><span style=\"font-size: 16px;\">[ap_toggle title=&#8221;Wycieczka I&#8221; status=&#8221;open&#8221;]<\/span><br \/>\n<span style=\"font-size: 16px;\"><strong>Projekt: <\/strong><\/span><\/p>\n<p><strong><span style=\"font-size: 16px; color: #ff0000;\">Podniesienie jako\u015bci wsp\u00f3\u0142pracy Miast Partnerskich Zielona G\u00f3ra i Cottbus<\/span><\/strong><\/p>\n<p><span style=\"font-size: 16px;\">Program:<\/span><\/p>\n<ul>\n<li><span style=\"font-size: 16px;\">Wizyta w Centrum Spotka\u0144 Polsko-Niemieckich w Przylepie<\/span><\/li>\n<\/ul>\n<p><span style=\"font-size: 16px;\">\u00a0[\/ap_toggle]<\/span><\/p>\n<p><span style=\"font-size: 16px;\">[ap_toggle title=&#8221; Wycieczka II&#8221; status=&#8221;open&#8221;]<\/span><\/p>\n<p><span style=\"font-size: 16px;\"><strong>Projekty:<\/strong><\/span><\/p>\n<p><strong><span style=\"font-size: 16px; color: #ff0000;\">Zachowanie i wykorzystanie historycznych krajobraz\u00f3w parkowych w Branitz i Zatoniu<\/span><\/strong><\/p>\n<p><strong><span style=\"font-size: 16px; color: #ff0000;\">Przyrodnicza edukacja w zakresie zoologii i botaniki w Cottbus i Zielonej G\u00f3rze<\/span><\/strong><\/p>\n<p><span style=\"font-size: 16px;\">Program:<\/span><\/p>\n<ul>\n<li><span style=\"font-size: 16px;\">Wizyta w Parku Zatonie i w ogrodzie botanicznym w Zielonej G\u00f3rze \u00a0[\/ap_toggle]<\/span><\/li>\n<\/ul>\n","protected":false},"excerpt":{"rendered":"<p>Wycieczki [ap_toggle title=&#8221;Wycieczka I&#8221; status=&#8221;open&#8221;] Projekt: Podniesienie jako\u015bci wsp\u00f3\u0142pracy Miast Partnerskich Zielona G\u00f3ra i Cottbus Program: Wizyta w Centrum Spotka\u0144 Polsko-Niemieckich w Przylepie \u00a0[\/ap_toggle] [ap_toggle title=&#8221; Wycieczka II&#8221; status=&#8221;open&#8221;] Projekty: Zachowanie i wykorzystanie historycznych krajobraz\u00f3w parkowych w Branitz i Zatoniu Przyrodnicza edukacja w zakresie zoologii i botaniki w Cottbus i Zielonej G\u00f3rze Program: Wizyta w [&hellip;]<\/p>\n","protected":false},"author":66,"featured_media":0,"parent":5622,"menu_order":0,"comment_status":"closed","ping_status":"closed","template":"","meta":{"site-sidebar-layout":"default","site-content-layout":"","ast-site-content-layout":"","site-content-style":"default","site-sidebar-style":"default","ast-global-header-display":"","ast-banner-title-visibility":"","ast-main-header-display":"","ast-hfb-above-header-display":"","ast-hfb-below-header-display":"","ast-hfb-mobile-header-display":"","site-post-title":"","ast-breadcrumbs-content":"","ast-featured-img":"","footer-sml-layout":"","theme-transparent-header-meta":"","adv-header-id-meta":"","stick-header-meta":"","header-above-stick-meta":"","header-main-stick-meta":"","header-below-stick-meta":"","astra-migrate-meta-layouts":"default","ast-page-background-enabled":"default","ast-page-background-meta":{"desktop":{"background-color":"","background-image":"","background-repeat":"repeat","background-position":"center center","background-size":"auto","background-attachment":"scroll","background-type":"","background-media":"","overlay-type":"","overlay-color":"","overlay-opacity":"","overlay-gradient":""},"tablet":{"background-color":"","background-image":"","background-repeat":"repeat","background-position":"center center","background-size":"auto","background-attachment":"scroll","background-type":"","background-media":"","overlay-type":"","overlay-color":"","overlay-opacity":"","overlay-gradient":""},"mobile":{"background-color":"","background-image":"","background-repeat":"repeat","background-position":"center center","background-size":"auto","background-attachment":"scroll","background-type":"","background-media":"","overlay-type":"","overlay-color":"","overlay-opacity":"","overlay-gradient":""}},"ast-content-background-meta":{"desktop":{"background-color":"var(--ast-global-color-5)","background-image":"","background-repeat":"repeat","background-position":"center center","background-size":"auto","background-attachment":"scroll","background-type":"","background-media":"","overlay-type":"","overlay-color":"","overlay-opacity":"","overlay-gradient":""},"tablet":{"background-color":"var(--ast-global-color-5)","background-image":"","background-repeat":"repeat","background-position":"center center","background-size":"auto","background-attachment":"scroll","background-type":"","background-media":"","overlay-type":"","overlay-color":"","overlay-opacity":"","overlay-gradient":""},"mobile":{"background-color":"var(--ast-global-color-5)","background-image":"","background-repeat":"repeat","background-position":"center center","background-size":"auto","background-attachment":"scroll","background-type":"","background-media":"","overlay-type":"","overlay-color":"","overlay-opacity":"","overlay-gradient":""}},"footnotes":""},"class_list":["post-5656","page","type-page","status-publish","hentry"],"_links":{"self":[{"href":"https:\/\/interregva-bb-pl.eu\/pl\/wp-json\/wp\/v2\/pages\/5656"}],"collection":[{"href":"https:\/\/interregva-bb-pl.eu\/pl\/wp-json\/wp\/v2\/pages"}],"about":[{"href":"https:\/\/interregva-bb-pl.eu\/pl\/wp-json\/wp\/v2\/types\/page"}],"author":[{"embeddable":true,"href":"https:\/\/interregva-bb-pl.eu\/pl\/wp-json\/wp\/v2\/users\/66"}],"replies":[{"embeddable":true,"href":"https:\/\/interregva-bb-pl.eu\/pl\/wp-json\/wp\/v2\/comments?post=5656"}],"version-history":[{"count":5,"href":"https:\/\/interregva-bb-pl.eu\/pl\/wp-json\/wp\/v2\/pages\/5656\/revisions"}],"predecessor-version":[{"id":5663,"href":"https:\/\/interregva-bb-pl.eu\/pl\/wp-json\/wp\/v2\/pages\/5656\/revisions\/5663"}],"up":[{"embeddable":true,"href":"https:\/\/interregva-bb-pl.eu\/pl\/wp-json\/wp\/v2\/pages\/5622"}],"wp:attachment":[{"href":"https:\/\/interregva-bb-pl.eu\/pl\/wp-json\/wp\/v2\/media?parent=5656"}],"curies":[{"name":"wp","href":"https:\/\/api.w.org\/{rel}","templated":true}]}}