{"id":6022,"date":"2018-10-22T17:31:36","date_gmt":"2018-10-22T15:31:36","guid":{"rendered":"http:\/\/interregva-bb-pl.eu\/?page_id=6022"},"modified":"2019-01-15T09:19:19","modified_gmt":"2019-01-15T08:19:19","slug":"6022-2","status":"publish","type":"page","link":"https:\/\/interregva-bb-pl.eu\/pl\/6022-2\/","title":{"rendered":"SPRAWOZDANIE Z WYDARZENIA ROCZNEGO 2018"},"content":{"rendered":"<p><span style=\"color: #800000; font-size: 18px;\"><strong>SPRAWOZDANIE Z WYDARZENIA ROCZNEGO 2018<\/strong><\/span><\/p>\n<p><strong>Prezentacje referent\u00f3w mog\u0105 Pa\u0144stwo pobra\u0107 tutaj: <a href=\"https:\/\/www.dropbox.com\/sh\/4wduenh8cy3gi3z\/AAD8Gh3s4VDehENG_IpSbhtOa?dl=0\">https:\/\/www.dropbox.com\/sh\/4wduenh8cy3gi3z\/AAD8Gh3s4VDehENG_IpSbhtOa?dl=0<\/a><\/strong><\/p>\n<p><strong>\u00a0<\/strong><strong>Zdj\u0119cia z naszego Wydarzenia rocznego zosta\u0142y zamieszczone galerii zdj\u0119\u0107 tutaj: <a href=\"https:\/\/myalbum.com\/album\/3cSocMou8PBc\">https:\/\/myalbum.com\/album\/3cSocMou8PBc<\/a><\/strong><\/p>\n<p><strong>Tutaj znajd\u0105 Pa\u0144stwo <a href=\"https:\/\/www.youtube.com\/watch?v=XMpoWw9feLs\">nagranie filmowe<\/a>\u00a0 jak i <a href=\"https:\/\/www.youtube.com\/watch?v=oIXHzebQwpQ\">zwiastun<\/a> z naszego Wydarzenia rocznego.<\/strong><\/p>\n<p>W dniu 4.10.2018 odby\u0142o si\u0119 w Zielonej G\u00f3rze Wydarzenie roczne 2018 Programu Wsp\u00f3\u0142pracy INTERREG V A Brandenburgia &#8211; Polska 2014-2020, w kt\u00f3rym udzia\u0142 wzi\u0119\u0142o ponad <span style=\"text-decoration: underline; font-size: 16px;\"><span style=\"color: #800000; text-decoration: underline;\"><strong>190 go\u015bci<\/strong><\/span> <\/span>z Polski oraz Niemiec.<\/p>\n<p>Po oficjalnym otwarciu wydarzenia, uczestnicy mogli w ramach wystawy zapozna\u0107 si\u0119 ze wspartymi w ramach naszego programu projektami, zwiedzi\u0107 radiow\u00f3z policyjny, karetk\u0119 pogotowia i ci\u0105gnik siod\u0142owy, wzi\u0105\u0107 udzia\u0142 w konkursie wiedzy o pograniczu Brandenburgia-Polska oraz kursie pierwszej pomocy, skorzysta\u0107 z konsultacji oraz skorzysta\u0107 z wycieczek i odwiedzi\u0107 trzy projekty. W ramach konferencji zaprezentowane zosta\u0142y przyk\u0142ady udanych projekt\u00f3w.<\/p>\n<p>Dzi\u0119kujemy <strong>referentom<\/strong> za interesuj\u0105ce i inspiruj\u0105ce prezentacje, kt\u00f3re wzbogaci\u0142y program spotkania.<br \/>\nPodzi\u0119kowania kierujemy do:<\/p>\n<p><strong>Pana Ministra Stefana Ludwiga<\/strong>, Ministerstwo Sprawiedliwo\u015bci, Spraw Europejskich i Ochrony Konsument\u00f3w Kraju Zwi\u0105zku Brandenburgia (MdJEV)<br \/>\n<strong>Pana Tadeusza J\u0119drzejczaka<\/strong> , Cz\u0142oneka Zarz\u0105du Wojew\u00f3dztwa Lubuskiego, Urz\u0105d Marsza\u0142kowski Wojew\u00f3dztwa Lubuskiego<br \/>\n<strong>Pana Artura Harc<\/strong>, Zast\u0119pcy Dyrektora w Departamencie Wsp\u00f3\u0142pracy Terytorialnej, Polskie Ministerstwo Inwestycji i Rozwoju<br \/>\n<strong>Pana Jorg Schr\u00f6der<\/strong>, Burmistrza Miasta Seelow (Projekt: Miejsca Pami\u0119ci Odry i Warty)<br \/>\n<strong>Pana Ireneusza Brzezi\u0144skiego<\/strong>, Naczelnika Wydzia\u0142u Gospodarki i Promocji, Miasto \u017bary (Projekt: Bez granic &#8211; cz\u0119\u015b\u0107 1)<br \/>\n<strong>Pana Amadeusza Polaka<\/strong>, kierownika projektu, Szpital Uniwersytecki im. Karola Marcinkowskiego, Zielona G\u00f3ra (Projekt: Opracowanie i wprowadzenie transgranicznego trybu wsp\u00f3\u0142pracy dla zapewnienia wysokiej wyleczalno\u015bci chor\u00f3b nowotworowych)<br \/>\n<strong>Pani Iwony Napiera\u0142y,<\/strong> pracownika projektu, Cebra &#8211; Centrum fur Energie technologie Brandenburg e. (Projekt: Wsp\u00f3\u0142praca partner\u00f3w naukowych w zakresie kszta\u0142cenia i wymiany wiedzy w dziedzinie technologii magazynowania energii i efektywno\u015bci energetycznej w regionie SNB)<br \/>\n<strong>Pana Ulf Buschmann,<\/strong> pe\u0142nomocnika ds. stosunk\u00f3w polsko-niemieckich, Prezydium policji Landu Brandenburgia (Projekt: W tandemie przeciwko przest\u0119pczo\u015bci przygranicznej)<br \/>\n<strong>Pani Izabeli Pantkowskiej<\/strong>, Z-cy Dyrektora oraz Kierownika Zespo\u0142u Projekt\u00f3w Euroregionalnych Euroregionu Sprewa-Nysa-B\u00f3br (Projekt: Realizacja Funduszu Malych projketow w Euroregionie Sprewa-Nysa-Bobr)<br \/>\n<strong>Pana Toralfa Schiwietz<\/strong>, Dyrektora Euroregionu Pro Europa Viadrina (Projekt: Realizacja Funduszu Malych projketow w Euroregionie PRO EUROPA VIADRINA)<\/p>\n<p>Podzi\u0119kowania kierujemy tak\u017ce do <strong>Pana Kneifel-Haverkamp<\/strong>, kierownika Wydzia\u0142u IV Sprawy Europejskie, Ministerstwo Sprawiedliwo\u015bci, Spraw Europejskich i Ochrony Konsument\u00f3w Kraju Zwi\u0105zku Brandenburgia (MdJEV), za moderacj\u0119 wydarzenia.<\/p>\n<p>Dzi\u0119kujemy Wystawcom, kt\u00f3rzy zaprezentowali swoje projekty, materialy promocyjne, roll-upy i broszury oraz przygotowali ekscytuj\u0105ce warsztaty i prezentacje. W ten spos\u00f3b przyczyni si\u0119 Pa\u0144stwo do wsp\u00f3\u0142tworzenia programu oraz sukcesu Wydarzenia Rocznego. Podzi\u0119kowania kierujemy do beneficjent\u00f3w projekt\u00f3w:<\/p>\n<p>&#8211; <strong>Geopark UNESCO \u0141uk Mu\u017cakowa\u2013wsp\u00f3lne dziedzictwo na niemiecko-polskim pogra-niczu<\/strong><\/p>\n<p><strong>&#8211; Miejsca pami\u0119ci Odry i Warty<\/strong><\/p>\n<p><strong>&#8211; Przyrodnicza edukacja w zakresie zoologii i botaniki w Cottbus i Zielonej G\u00f3rze<\/strong><\/p>\n<p><strong>&#8211; Zachowanie i wykorzystanie historycznych krajobraz\u00f3w parkowych w Branitz i Zatoniu<\/strong><\/p>\n<p><strong>&#8211; Podniesienie jako\u015bci wsp\u00f3\u0142pracy Miast Partnerskich Zielona G\u00f3ra i Cottbus<\/strong><\/p>\n<p><strong>&#8211; Centrum Informacji Europe Direct Guben<\/strong><\/p>\n<p><strong>&#8211; Poprawa transgranicznej sytuacji komunikacyjnej Euromiasta Gubin \u2013 Guben<\/strong><\/p>\n<p><strong>&#8211; Realizacja Funduszu Ma\u0142ych Projekt\u00f3w w Euroregionie PRO EUROPA VIADRINA<\/strong><\/p>\n<p><strong>&#8211; Realizacja Funduszu Ma\u0142ych Projekt\u00f3w w Euroregionie Sprewa \u2013 Nysa \u2013 B\u00f3br<\/strong><\/p>\n<p><strong>&#8211; Coaching VIADRINA<\/strong><\/p>\n<p><strong>&#8211; Dialog<\/strong><\/p>\n<p><strong>&#8211; Dwa ratusze &#8211; jedno Euromiasto<\/strong><\/p>\n<p><strong>&#8211; Europejskie modelowe miasto wsp\u00f3\u0142pracy transgranicznej Frankfurt nad Odr\u0105 &amp; S\u0142ubice<\/strong><\/p>\n<p><strong>&#8211; W tandemie przeciwko przest\u0119pczo\u015bci przygranicznej<\/strong><\/p>\n<p><strong>&#8211; Inicjowanie, wspieranie i rozw\u00f3j transgranicznych kooperacji w Euroregionie SNB<\/strong><\/p>\n<p><strong>&#8211; EuRegioNet &#8211; internacjonalizacja sieci i klastr\u00f3w (SK)<\/strong><\/p>\n<p><strong>&#8211; ZDROWIE BEZ GRANIC w Euromie\u015bcie Guben- Gubin<\/strong><\/p>\n<p><strong>&#8211; Platforma do badan nad rozwi\u0105zaniami SmartGrid oraz testowania algorytm\u00f3w<\/strong><br \/>\n<strong>zarz\u0105dzania i balansowania energi\u0105<\/strong><\/p>\n<p><strong>&#8211; Wsp\u00f3\u0142praca sieci instytucji wspierania gospodarki<\/strong><\/p>\n<p><strong>&#8211; Transgraniczne Ratownictwo Medyczne w Powiecie Marchijsko-Odrza\u0144skim i Wojew\u00f3dztwie Lubuskim<\/strong><\/p>\n<p>Dzi\u0119kujemy <strong>t\u0142umaczom,<\/strong> bez kompetencji kt\u00f3rych sukces naszego Wydarzenia nie by\u0142by mo\u017cliwy.<\/p>\n<p>Dzi\u0119kujemy pracownikom <strong>zespo\u0142u organizacyjnego<\/strong> ze Wsp\u00f3lnego Sekretariatu, Regionalnego Punktu Kontaktowego i Instytucji Zarz\u0105dzaj\u0105cej, kt\u00f3rzy dzi\u0119ki nadzwyczajnemu zaanga\u017cowaniu umo\u017cliwili nam przeprowadzenie tego wydarzenia.<\/p>\n<p>Wszyscy Pa\u0144stwo pomogli nam w tym, aby Wydarzenie roczne 2018 na d\u0142ugo pozosta\u0142o w naszej pami\u0119ci! Dzi\u0119kujemy!<\/p>\n<p>&nbsp;<\/p>\n","protected":false},"excerpt":{"rendered":"<p>SPRAWOZDANIE Z WYDARZENIA ROCZNEGO 2018 Prezentacje referent\u00f3w mog\u0105 Pa\u0144stwo pobra\u0107 tutaj: https:\/\/www.dropbox.com\/sh\/4wduenh8cy3gi3z\/AAD8Gh3s4VDehENG_IpSbhtOa?dl=0 \u00a0Zdj\u0119cia z naszego Wydarzenia rocznego zosta\u0142y zamieszczone galerii zdj\u0119\u0107 tutaj: https:\/\/myalbum.com\/album\/3cSocMou8PBc Tutaj znajd\u0105 Pa\u0144stwo nagranie filmowe\u00a0 jak i zwiastun z naszego Wydarzenia rocznego. W dniu 4.10.2018 odby\u0142o si\u0119 w Zielonej G\u00f3rze Wydarzenie roczne 2018 Programu Wsp\u00f3\u0142pracy INTERREG V A Brandenburgia &#8211; Polska 2014-2020, [&hellip;]<\/p>\n","protected":false},"author":66,"featured_media":0,"parent":0,"menu_order":0,"comment_status":"closed","ping_status":"closed","template":"","meta":{"site-sidebar-layout":"default","site-content-layout":"default","ast-site-content-layout":"","site-content-style":"default","site-sidebar-style":"default","ast-global-header-display":"","ast-banner-title-visibility":"","ast-main-header-display":"","ast-hfb-above-header-display":"","ast-hfb-below-header-display":"","ast-hfb-mobile-header-display":"","site-post-title":"","ast-breadcrumbs-content":"","ast-featured-img":"","footer-sml-layout":"","theme-transparent-header-meta":"default","adv-header-id-meta":"","stick-header-meta":"","header-above-stick-meta":"","header-main-stick-meta":"","header-below-stick-meta":"","astra-migrate-meta-layouts":"default","ast-page-background-enabled":"default","ast-page-background-meta":{"desktop":{"background-color":"","background-image":"","background-repeat":"repeat","background-position":"center center","background-size":"auto","background-attachment":"scroll","background-type":"","background-media":"","overlay-type":"","overlay-color":"","overlay-opacity":"","overlay-gradient":""},"tablet":{"background-color":"","background-image":"","background-repeat":"repeat","background-position":"center center","background-size":"auto","background-attachment":"scroll","background-type":"","background-media":"","overlay-type":"","overlay-color":"","overlay-opacity":"","overlay-gradient":""},"mobile":{"background-color":"","background-image":"","background-repeat":"repeat","background-position":"center center","background-size":"auto","background-attachment":"scroll","background-type":"","background-media":"","overlay-type":"","overlay-color":"","overlay-opacity":"","overlay-gradient":""}},"ast-content-background-meta":{"desktop":{"background-color":"var(--ast-global-color-5)","background-image":"","background-repeat":"repeat","background-position":"center center","background-size":"auto","background-attachment":"scroll","background-type":"","background-media":"","overlay-type":"","overlay-color":"","overlay-opacity":"","overlay-gradient":""},"tablet":{"background-color":"var(--ast-global-color-5)","background-image":"","background-repeat":"repeat","background-position":"center center","background-size":"auto","background-attachment":"scroll","background-type":"","background-media":"","overlay-type":"","overlay-color":"","overlay-opacity":"","overlay-gradient":""},"mobile":{"background-color":"var(--ast-global-color-5)","background-image":"","background-repeat":"repeat","background-position":"center center","background-size":"auto","background-attachment":"scroll","background-type":"","background-media":"","overlay-type":"","overlay-color":"","overlay-opacity":"","overlay-gradient":""}},"footnotes":""},"class_list":["post-6022","page","type-page","status-publish","hentry"],"_links":{"self":[{"href":"https:\/\/interregva-bb-pl.eu\/pl\/wp-json\/wp\/v2\/pages\/6022"}],"collection":[{"href":"https:\/\/interregva-bb-pl.eu\/pl\/wp-json\/wp\/v2\/pages"}],"about":[{"href":"https:\/\/interregva-bb-pl.eu\/pl\/wp-json\/wp\/v2\/types\/page"}],"author":[{"embeddable":true,"href":"https:\/\/interregva-bb-pl.eu\/pl\/wp-json\/wp\/v2\/users\/66"}],"replies":[{"embeddable":true,"href":"https:\/\/interregva-bb-pl.eu\/pl\/wp-json\/wp\/v2\/comments?post=6022"}],"version-history":[{"count":7,"href":"https:\/\/interregva-bb-pl.eu\/pl\/wp-json\/wp\/v2\/pages\/6022\/revisions"}],"predecessor-version":[{"id":7587,"href":"https:\/\/interregva-bb-pl.eu\/pl\/wp-json\/wp\/v2\/pages\/6022\/revisions\/7587"}],"wp:attachment":[{"href":"https:\/\/interregva-bb-pl.eu\/pl\/wp-json\/wp\/v2\/media?parent=6022"}],"curies":[{"name":"wp","href":"https:\/\/api.w.org\/{rel}","templated":true}]}}