{"id":613,"date":"2016-02-19T09:05:20","date_gmt":"2016-02-19T08:05:20","guid":{"rendered":"http:\/\/interregva-bb-pl.eu\/pl\/?page_id=613"},"modified":"2021-01-04T03:31:09","modified_gmt":"2021-01-04T10:31:09","slug":"wspolny-sekretariat","status":"publish","type":"page","link":"https:\/\/interregva-bb-pl.eu\/pl\/wspolny-sekretariat\/","title":{"rendered":"Wsp\u00f3lny Sekretariat"},"content":{"rendered":"<p>Bischofstra\u00dfe 1a<br \/>\n15230 Frankfurt n. Odr\u0105, Niemcy<\/p>\n<p>Izabela Gli\u0161i\u0107<br \/>\nKierownik<br \/>\ntel. + 49 335 60676 9950<br \/>\nfaks: +49 335 606769959<br \/>\ne-mail:<a href=\"mailto:izabela.glisic@mdfe.brandenburg.de\">izabela.glisic@mdfe.brandenburg.de<\/a><\/p>\n<p data-wahfont=\"15\">Anna Wasylk\u00f3w<br \/>\nZast\u0119pca Kierownika Wsp\u00f3lnego Sekretariatu<br \/>\nTel. + 49 335 60676 9951<br \/>\nE-Mail: <a href=\"mailto:Anna.Wasylkow@mdfe.brandenburg.de\">Anna.Wasylkow@mdfe.brandenburg.de<\/a><\/p>\n<p data-wahfont=\"15\">Paulina Polan<br \/>\nTel. + 49 335 60676 9955<br \/>\nE-Mail: <a href=\"mailto:Paulina.Polan@mdfe.brandenburg.de\">Paulina.Polan@mdfe.brandenburg.de<\/a><\/p>\n<p data-wahfont=\"15\">Marcin Wichrowski<br \/>\nTel. + 49 335 60676 9954<br \/>\nE-Mail: <a href=\"mailto:Marcin.Wichrowski@mdfe.brandenburg.de\" data-wahfont=\"15\">Marcin.Wichrowski@mdfe.brandenburg.de<\/a><\/p>\n<p data-wahfont=\"15\">Monika Roszak<br \/>\nTel. + 49 335 60676 9952<br \/>\nE-Mail: <a href=\"mailto:Monika.Roszak@mdfe.brandenburg.de\" data-wahfont=\"15\">Monika.Roszak@mdfe.brandenburg.de<\/a><\/p>\n<p>&nbsp;<\/p>\n","protected":false},"excerpt":{"rendered":"<p>Bischofstra\u00dfe 1a 15230 Frankfurt n. Odr\u0105, Niemcy Izabela Gli\u0161i\u0107 Kierownik tel. + 49 335 60676 9950 faks: +49 335 606769959 e-mail:izabela.glisic@mdfe.brandenburg.de Anna Wasylk\u00f3w Zast\u0119pca Kierownika Wsp\u00f3lnego Sekretariatu Tel. + 49 335 60676 9951 E-Mail: Anna.Wasylkow@mdfe.brandenburg.de Paulina Polan Tel. + 49 335 60676 9955 E-Mail: Paulina.Polan@mdfe.brandenburg.de Marcin Wichrowski Tel. + 49 335 60676 9954 E-Mail: Marcin.Wichrowski@mdfe.brandenburg.de [&hellip;]<\/p>\n","protected":false},"author":2,"featured_media":0,"parent":0,"menu_order":0,"comment_status":"closed","ping_status":"closed","template":"","meta":{"site-sidebar-layout":"default","site-content-layout":"default","ast-site-content-layout":"","site-content-style":"default","site-sidebar-style":"default","ast-global-header-display":"","ast-banner-title-visibility":"","ast-main-header-display":"","ast-hfb-above-header-display":"","ast-hfb-below-header-display":"","ast-hfb-mobile-header-display":"","site-post-title":"","ast-breadcrumbs-content":"","ast-featured-img":"","footer-sml-layout":"","theme-transparent-header-meta":"default","adv-header-id-meta":"","stick-header-meta":"","header-above-stick-meta":"","header-main-stick-meta":"","header-below-stick-meta":"","astra-migrate-meta-layouts":"default","ast-page-background-enabled":"default","ast-page-background-meta":{"desktop":{"background-color":"","background-image":"","background-repeat":"repeat","background-position":"center center","background-size":"auto","background-attachment":"scroll","background-type":"","background-media":"","overlay-type":"","overlay-color":"","overlay-opacity":"","overlay-gradient":""},"tablet":{"background-color":"","background-image":"","background-repeat":"repeat","background-position":"center center","background-size":"auto","background-attachment":"scroll","background-type":"","background-media":"","overlay-type":"","overlay-color":"","overlay-opacity":"","overlay-gradient":""},"mobile":{"background-color":"","background-image":"","background-repeat":"repeat","background-position":"center center","background-size":"auto","background-attachment":"scroll","background-type":"","background-media":"","overlay-type":"","overlay-color":"","overlay-opacity":"","overlay-gradient":""}},"ast-content-background-meta":{"desktop":{"background-color":"var(--ast-global-color-5)","background-image":"","background-repeat":"repeat","background-position":"center center","background-size":"auto","background-attachment":"scroll","background-type":"","background-media":"","overlay-type":"","overlay-color":"","overlay-opacity":"","overlay-gradient":""},"tablet":{"background-color":"var(--ast-global-color-5)","background-image":"","background-repeat":"repeat","background-position":"center center","background-size":"auto","background-attachment":"scroll","background-type":"","background-media":"","overlay-type":"","overlay-color":"","overlay-opacity":"","overlay-gradient":""},"mobile":{"background-color":"var(--ast-global-color-5)","background-image":"","background-repeat":"repeat","background-position":"center center","background-size":"auto","background-attachment":"scroll","background-type":"","background-media":"","overlay-type":"","overlay-color":"","overlay-opacity":"","overlay-gradient":""}},"footnotes":""},"class_list":["post-613","page","type-page","status-publish","hentry"],"_links":{"self":[{"href":"https:\/\/interregva-bb-pl.eu\/pl\/wp-json\/wp\/v2\/pages\/613"}],"collection":[{"href":"https:\/\/interregva-bb-pl.eu\/pl\/wp-json\/wp\/v2\/pages"}],"about":[{"href":"https:\/\/interregva-bb-pl.eu\/pl\/wp-json\/wp\/v2\/types\/page"}],"author":[{"embeddable":true,"href":"https:\/\/interregva-bb-pl.eu\/pl\/wp-json\/wp\/v2\/users\/2"}],"replies":[{"embeddable":true,"href":"https:\/\/interregva-bb-pl.eu\/pl\/wp-json\/wp\/v2\/comments?post=613"}],"version-history":[{"count":18,"href":"https:\/\/interregva-bb-pl.eu\/pl\/wp-json\/wp\/v2\/pages\/613\/revisions"}],"predecessor-version":[{"id":13567,"href":"https:\/\/interregva-bb-pl.eu\/pl\/wp-json\/wp\/v2\/pages\/613\/revisions\/13567"}],"wp:attachment":[{"href":"https:\/\/interregva-bb-pl.eu\/pl\/wp-json\/wp\/v2\/media?parent=613"}],"curies":[{"name":"wp","href":"https:\/\/api.w.org\/{rel}","templated":true}]}}