{"id":623,"date":"2016-02-19T10:24:12","date_gmt":"2016-02-19T09:24:12","guid":{"rendered":"http:\/\/interregva-bb-pl.eu\/pl\/?page_id=623"},"modified":"2023-03-02T08:44:49","modified_gmt":"2023-03-02T15:44:49","slug":"kontakt","status":"publish","type":"page","link":"https:\/\/interregva-bb-pl.eu\/pl\/kontakt\/","title":{"rendered":"Kontakt"},"content":{"rendered":"<p><strong>Instytucja Zarz\u0105dzaj\u0105ca<\/strong><\/p>\n<p>Ministerstwo Finans<span class=\"st\">\u00f3<\/span>w i\u00a0 Spraw Europejskich Kraju Zwi\u0105zkowego Brandenburgia<br \/>\nWydzia\u0142 53 \u2013\u00a0 Europejska Wsp\u00f3\u0142praca Terytorialna (INTERREG)<br \/>\nDyrektor Instytucji Zarz\u0105dzaj\u0105cej<br \/>\nPani Katrin M\u00fcller-Wartig<br \/>\nHeinrich-Mann-Allee 107<br \/>\n14473 Poczdam<br \/>\nNiemcy<br \/>\ntel. +49 (0) 331 866 6570<br \/>\nfaks: +49 (0) 331 27548-8070<br \/>\ne-mail: <a href=\"mailto:katrin.mueller-wartig@mdfe.brandenburg.de\">katrin.mueller-wartig@mdfe.brandenburg.de<\/a><\/p>\n<p><strong>Informacja i komunikacja<\/strong><br \/>\nMartyna Adamczyk<br \/>\nHeinrich-Mann-Allee 107<br \/>\n14473 Poczdam<br \/>\nNiemcy<br \/>\ntel: +49 (0) 331 866 6573<br \/>\ne-mail:\u00a0 <a href=\"mailto:martyna.adamczyk@mdfe.brandenburg.de\" target=\"_blank\" rel=\"noopener noreferrer\">martyna.adamczyk@mdfe.brandenburg.de<\/a><\/p>\n<p><strong>Koordynator Krajowy<\/strong><\/p>\n<p>Ministerstwo Funduszy i Polityki Regionalnej<br \/>\nDepartament Wsp\u00f3\u0142pracy Terytorialnej<br \/>\nZast\u0119pca Dyrektora<br \/>\nAgnieszka Gintowt-Dziewa\u0142towska<br \/>\nul. Wsp\u00f3lna 2\/4<br \/>\n00-926 Warszawa<br \/>\ntel. +48 (0) 22 330 31 05<br \/>\nfaks: +48 (0) 22 330 31 55<br \/>\ne-mail: <a href=\"mailto:Agnieszka.Gintowt-Dziewaltowska@mfipr.gov.pl\" target=\"_blank\" rel=\"noopener noreferrer\">Agnieszka.Gintowt-Dziewaltowska@mfipr.gov.pl<\/a><\/p>\n<p><strong>Wsp\u00f3lny Sekretariat<\/strong><\/p>\n<p>Wsp\u00f3lny Sekretariat<br \/>\nProgram Wsp\u00f3\u0142pracy INTERREG V A Brandenburgia \u2013 Polska 2014-2020<br \/>\nMinisterstwo Finans\u00f3w i Spraw Europejskich Kraju Zwi\u0105zkowego Brandenburgi<\/p>\n<p>Kierownik Wsp\u00f3lnego Sekretariatu<br \/>\nPani Izabela Gli\u0161i\u0107<br \/>\nBischofstra\u00dfe 1a<br \/>\n15230 Frankfurt n. Odr\u0105<br \/>\nNiemcy<br \/>\ntel. +49 (0)335 60676 9950<br \/>\nfaks: +49 (0)335 606769959<br \/>\ne-mail: <a href=\"mailto:Izabela.Glisic@mdfe.brandenburg.de\">Izabela.Glisic@mdfe.brandenburg.de<\/a><\/p>\n<p>Zast\u0119pca Kierownika Wsp\u00f3lnego Sekretariatu<br \/>\nPani Anna Wasylk\u00f3w<br \/>\ntel. +49 (0)335 60676 9951<br \/>\nfaks: +49 (0)335 606769959<br \/>\ne-mail:<a href=\"mailto:Anna.Wasylkow@mdfe.brandenburg.de\"> Anna.Wasylkow@mdfe.brandenburg.de<\/a><\/p>\n<p>Patrycja Myszk<br \/>\nTel. +49 (0)335 60676 9952<br \/>\ne-mail: <a href=\"mailto:Patrycja.Myszk@mdfe.brandenburg.de\">Patrycja.Myszk@mdfe.brandenburg.de<\/a><\/p>\n<p>Eliza R\u00f6\u00dfler<br \/>\nTel.\u00a0 +49 (0)335 60676 9953<br \/>\nE-Mail: <a href=\"mailto:Eliza.Roessler@MDFE.Brandenburg.de\">Eliza.Roessler@mdfe.brandenburg.de<\/a><\/p>\n<p>Marcin Wichrowski<br \/>\nTel. +49 (0)335 60676 9954<br \/>\ne-mail: <a href=\"mailto:Marcin.Wichrowski@mdfe.brandenburg.de\">Marcin.Wichrowski@mdfe.brandenburg.de<\/a><\/p>\n<p>Karolina Zeiser<br \/>\nTel. +49 (0)335 60676 9955<br \/>\ne-mail: <a href=\"mailto:Karolina.Zeiser@MDFE.Brandenburg.de\" target=\"_blank\" rel=\"noopener\">Karolina.Zeiser@MDFE.Brandenburg.de<\/a><\/p>\n<p><strong>ILB<\/strong><\/p>\n<p>Bank Inwestycyjny Kraju Zwi\u0105zkowego Brandenburgia<br \/>\nDyrektor Departamentu Annett Borgmann<br \/>\nBabelsberger Stra\u00dfe 21<br \/>\n14473 Potsdam<br \/>\nTelefon: +49 (0) 331 660-1644<br \/>\nFax: +49 (0) 331 660-1965<br \/>\ne-mail: <a href=\"mailto:annett.borgmann@ilb.de\">annett.borgmann@ilb.de <\/a><\/p>\n<p><strong>KONTROLER KRAJOWY \u2013 Wojewoda Lubuski<\/strong><br \/>\nLubuski Urz\u0105d Wojew\u00f3dzki<br \/>\nWydzia\u0142 Program\u00f3w Europejskich i Rz\u0105dowych<br \/>\nDyrektor Agnieszka \u015awi\u0105tek<br \/>\nul. Jagiello\u0144czyka 8<br \/>\n66-400 Gorz\u00f3w Wlkp.<br \/>\ntel. +48 (0) 95 711 52 45<br \/>\nfaks: +48 (0) 22 711 53 00<br \/>\ne-mail: <a href=\"mailto:fundusze@lubuskie.uw.gov.pl\" target=\"_blank\" rel=\"noopener noreferrer\">fundusze@lubuskie.uw.gov.pl<\/a><\/p>\n<p><strong>Regionalny Punkt Kontaktowy<\/strong><\/p>\n<p>Regionalny Punkt Kontaktowy w Zielonej G\u00f3rze<br \/>\nUrz\u0105d Marsza\u0142kowski Wojew\u00f3dztwa Lubuskiego<br \/>\nBiuro Wsp\u00f3\u0142pracy Zagranicznej i Europejskiej Wsp\u00f3\u0142pracy Terytorialnej<\/p>\n<p>ul. Podg\u00f3rna 7<br \/>\n65-057 Zielona G\u00f3ra<br \/>\nfax: +48 68 3271429<br \/>\nwww.lubuskie.pl<\/p>\n<p>Justyna Milian<br \/>\ntel. +48 68 4565416<br \/>\ne-mail: j.milian@lubuskie.pl<\/p>\n<p>Aneta Ciesielska<br \/>\ntel. +48 68 4565257<br \/>\ne-mail: a.ciesielska@lubuskie.pl<\/p>\n<p><strong>Euroregiony<\/strong><\/p>\n<p>Biuro w Niemczech<br \/>\nEuroregion Pro Europa Viadrina<br \/>\nMittlere Oder e.V.<br \/>\nHolzmarkt 7<br \/>\n15230 Frankfurt n. Odr\u0105<br \/>\nNiemcy<br \/>\ntel. +49 (0) 335 665940<br \/>\nfax: +49 (0) 335 6659420<br \/>\ne-mail: <a href=\"mailto:info@euroregion-viadrina.eu\">info@euroregion-viadrina.eu<\/a><br \/>\n<a href=\"http:\/\/www.euroregion-viadrina.de\/kontakt\/\">http:\/\/www.euroregion-viadrina.de\/kontakt\/<\/a><\/p>\n<p>Euroregionu Spree-Nei\u00dfe-Bober<br \/>\nBerliner Str. 7<br \/>\n03-172 Guben<br \/>\nNiemcy<br \/>\ntel. +49 (0) 35613133<br \/>\nfax: +49 (0) 35613171<br \/>\ne-mail: <a href=\"mailto:info@euroregion-snb.de\">info@euroregion-snb.de<\/a><br \/>\n<a href=\"https:\/\/euroregion-snb.de\">http:\/\/www.euroregion-snb.de<\/a><\/p>\n<p>Biuro w Polsce<br \/>\nStowarzyszenie Gmin Polskich Euroregionu \u201ePro Europa Viadrina\u201c<br \/>\nul. \u0141okietka 22<br \/>\n66-400 Gorz\u00f3w Wlkp.<br \/>\ntel. +48 (0) 957358447<br \/>\nfaks: +48 (0) 957358461<br \/>\ne-mail: <a href=\"mailto:info@euroregion-viadrina.pl\">info@euroregion-viadrina.pl<\/a><br \/>\n<a href=\"http:\/\/www.euroregion-viadrina.pl\">www.euroregion-viadrina.pl<\/a><\/p>\n<p>Stowarzyszenie Gmin RP<br \/>\nEuroregionu \u201eSprewa-Nysa-B\u00f3br\u201c<br \/>\nul. Piastowska 18<br \/>\n66-620 Gubin<br \/>\ntel. +48 684558050<br \/>\nfaks: +48 684558050<br \/>\ne-mail: <a href=\"mailto:info@euroregion-snb.pl\">info@euroregion-snb.pl<\/a><br \/>\n<a href=\"http:\/\/www.euroregion-snb.pl\">www.euroregion-snb.pl<\/a><\/p>\n","protected":false},"excerpt":{"rendered":"<p>Instytucja Zarz\u0105dzaj\u0105ca Ministerstwo Finans\u00f3w i\u00a0 Spraw Europejskich Kraju Zwi\u0105zkowego Brandenburgia Wydzia\u0142 53 \u2013\u00a0 Europejska Wsp\u00f3\u0142praca Terytorialna (INTERREG) Dyrektor Instytucji Zarz\u0105dzaj\u0105cej Pani Katrin M\u00fcller-Wartig Heinrich-Mann-Allee 107 14473 Poczdam Niemcy tel. +49 (0) 331 866 6570 faks: +49 (0) 331 27548-8070 e-mail: katrin.mueller-wartig@mdfe.brandenburg.de Informacja i komunikacja Martyna Adamczyk Heinrich-Mann-Allee 107 14473 Poczdam Niemcy tel: +49 (0) 331 [&hellip;]<\/p>\n","protected":false},"author":2,"featured_media":0,"parent":0,"menu_order":0,"comment_status":"closed","ping_status":"closed","template":"","meta":{"site-sidebar-layout":"default","site-content-layout":"default","ast-site-content-layout":"","site-content-style":"default","site-sidebar-style":"default","ast-global-header-display":"","ast-banner-title-visibility":"","ast-main-header-display":"","ast-hfb-above-header-display":"","ast-hfb-below-header-display":"","ast-hfb-mobile-header-display":"","site-post-title":"","ast-breadcrumbs-content":"","ast-featured-img":"","footer-sml-layout":"","theme-transparent-header-meta":"default","adv-header-id-meta":"","stick-header-meta":"","header-above-stick-meta":"","header-main-stick-meta":"","header-below-stick-meta":"","astra-migrate-meta-layouts":"default","ast-page-background-enabled":"default","ast-page-background-meta":{"desktop":{"background-color":"","background-image":"","background-repeat":"repeat","background-position":"center center","background-size":"auto","background-attachment":"scroll","background-type":"","background-media":"","overlay-type":"","overlay-color":"","overlay-opacity":"","overlay-gradient":""},"tablet":{"background-color":"","background-image":"","background-repeat":"repeat","background-position":"center center","background-size":"auto","background-attachment":"scroll","background-type":"","background-media":"","overlay-type":"","overlay-color":"","overlay-opacity":"","overlay-gradient":""},"mobile":{"background-color":"","background-image":"","background-repeat":"repeat","background-position":"center center","background-size":"auto","background-attachment":"scroll","background-type":"","background-media":"","overlay-type":"","overlay-color":"","overlay-opacity":"","overlay-gradient":""}},"ast-content-background-meta":{"desktop":{"background-color":"var(--ast-global-color-5)","background-image":"","background-repeat":"repeat","background-position":"center center","background-size":"auto","background-attachment":"scroll","background-type":"","background-media":"","overlay-type":"","overlay-color":"","overlay-opacity":"","overlay-gradient":""},"tablet":{"background-color":"var(--ast-global-color-5)","background-image":"","background-repeat":"repeat","background-position":"center center","background-size":"auto","background-attachment":"scroll","background-type":"","background-media":"","overlay-type":"","overlay-color":"","overlay-opacity":"","overlay-gradient":""},"mobile":{"background-color":"var(--ast-global-color-5)","background-image":"","background-repeat":"repeat","background-position":"center center","background-size":"auto","background-attachment":"scroll","background-type":"","background-media":"","overlay-type":"","overlay-color":"","overlay-opacity":"","overlay-gradient":""}},"footnotes":""},"class_list":["post-623","page","type-page","status-publish","hentry"],"_links":{"self":[{"href":"https:\/\/interregva-bb-pl.eu\/pl\/wp-json\/wp\/v2\/pages\/623"}],"collection":[{"href":"https:\/\/interregva-bb-pl.eu\/pl\/wp-json\/wp\/v2\/pages"}],"about":[{"href":"https:\/\/interregva-bb-pl.eu\/pl\/wp-json\/wp\/v2\/types\/page"}],"author":[{"embeddable":true,"href":"https:\/\/interregva-bb-pl.eu\/pl\/wp-json\/wp\/v2\/users\/2"}],"replies":[{"embeddable":true,"href":"https:\/\/interregva-bb-pl.eu\/pl\/wp-json\/wp\/v2\/comments?post=623"}],"version-history":[{"count":49,"href":"https:\/\/interregva-bb-pl.eu\/pl\/wp-json\/wp\/v2\/pages\/623\/revisions"}],"predecessor-version":[{"id":17642,"href":"https:\/\/interregva-bb-pl.eu\/pl\/wp-json\/wp\/v2\/pages\/623\/revisions\/17642"}],"wp:attachment":[{"href":"https:\/\/interregva-bb-pl.eu\/pl\/wp-json\/wp\/v2\/media?parent=623"}],"curies":[{"name":"wp","href":"https:\/\/api.w.org\/{rel}","templated":true}]}}