{"id":759,"date":"2016-03-16T12:16:41","date_gmt":"2016-03-16T11:16:41","guid":{"rendered":"http:\/\/interregva-bb-pl.eu\/pl\/?page_id=759"},"modified":"2019-12-03T13:54:05","modified_gmt":"2019-12-03T12:54:05","slug":"formularze-dla-wnioskodawcow","status":"publish","type":"page","link":"https:\/\/interregva-bb-pl.eu\/pl\/dla-wnioskodawcow\/formularze-dla-wnioskodawcow\/","title":{"rendered":"Formularze dla wnioskodawc\u00f3w"},"content":{"rendered":"<h4>Wcze\u015bniejsze wersje dokument\u00f3w znajd\u0105 Pa\u0144stwo w archiwum: <a href=\"http:\/\/interregva-bb-pl.eu\/archiv\/\">http:\/\/interregva-bb-pl.eu\/archiv\/<\/a><\/h4>\n<h3><\/h3>\n<h3><span style=\"text-decoration: underline; color: #ff0000;\"><strong>Wniosek projektowy:<\/strong><\/span><\/h3>\n<p><strong>Pod nast\u0119puj\u0105cym linkiem znajduje si\u0119 wniosek o dofinansowanie projekt\u00f3w:\u00a0<\/strong><a href=\"https:\/\/kundenportal.ilb.de\"><strong>https:\/\/kundenportal.ilb.de<\/strong><\/a><\/p>\n<p>(<a href=\"http:\/\/windows.microsoft.com\/pl-pl\/windows-vista\/change-your-internet-explorer-language-settings\">Zmienianie ustawie\u0144 j\u0119zykowych programu Internet Explorer<\/a>)<\/p>\n<p><a href=\"http:\/\/interregva-bb-pl.eu\/wp-content\/uploads\/2018\/09\/FHB-Stand-Juli-2018_Podrecznik-BW-stan-Lipiec-2018-1.pdf\" target=\"_blank\" rel=\"noopener noreferrer\">Podr\u0119cznik beneficjenta<\/a><\/p>\n<p><a href=\"http:\/\/interregva-bb-pl.eu\/wp-content\/uploads\/2018\/09\/Best\u00e4tigung-zum-Antrag-300818.docx\" target=\"_blank\" rel=\"noopener noreferrer\">Potwierdzenie do wniosku<\/a> (obowi\u0105zuje od 06.09.2018)<\/p>\n<p><a href=\"http:\/\/interregva-bb-pl.eu\/wp-content\/uploads\/2019\/03\/8.Call-Projektkonzept_8.-nabor-Koncepcja-projektu.docx\" target=\"_blank\" rel=\"noopener noreferrer\">Koncepcja projektu<\/a><\/p>\n<p>Dokument dodatkowy\u00a0<a href=\"http:\/\/interregva-bb-pl.eu\/wp-content\/uploads\/2017\/06\/ZD-Angaben-zum-Unternehmen-3.doc\" target=\"_blank\" rel=\"noopener noreferrer\">Informacje o przedsi\u0119biorstwie<\/a><\/p>\n<p>Dokument dodatkowy\u00a0<a href=\"http:\/\/interregva-bb-pl.eu\/wp-content\/uploads\/2018\/09\/ZD-Erkl\u00e4rung-de-minimis-010617-1.docx\" target=\"_blank\" rel=\"noopener noreferrer\">O\u015bwiadczenie de-minimis<\/a><\/p>\n<p>Dokument dodatkowy <a href=\"http:\/\/interregva-bb-pl.eu\/wp-content\/uploads\/2017\/06\/ZD-Vollmacht-2.docx\" target=\"_blank\" rel=\"noopener noreferrer\">Pe\u0142nomocnictwo<\/a><\/p>\n<p>Dokument dodatkowy do za\u0142\u0105cznika Partner projektu: <a href=\"http:\/\/interregva-bb-pl.eu\/wp-content\/uploads\/2017\/06\/Berechnungstool-Nettoeinnahmen-010617.xlsx\" target=\"_blank\" rel=\"noopener noreferrer\">Kalkulacja dochodu<\/a><\/p>\n<p><a href=\"http:\/\/interregva-bb-pl.eu\/wp-content\/uploads\/2019\/03\/ZD-Kostenkalkulation-010617.xlsx\" target=\"_blank\" rel=\"noopener noreferrer\">Kalkulacja koszt\u00f3w<\/a><\/p>\n<p><a href=\"http:\/\/interregva-bb-pl.eu\/wp-content\/uploads\/2018\/09\/Erkl\u00e4rung-Eigenanteil-4.docx\" target=\"_blank\" rel=\"noopener noreferrer\">Udokumentowanie zabezpieczenia wk\u0142adu w\u0142asnego<\/a><\/p>\n<p><a href=\"http:\/\/interregva-bb-pl.eu\/wp-content\/uploads\/2017\/06\/PV-010617-Website.docx\" target=\"_blank\" rel=\"noopener noreferrer\">Porozumienie partnerskie\u00a0<\/a><\/p>\n<p>&nbsp;<\/p>\n<p><a href=\"http:\/\/interregva-bb-pl.eu\/wp-content\/uploads\/2019\/03\/17-06-01_Zalecenia-dot.-dokument\u00f3w.pdf\" target=\"_blank\" rel=\"noopener noreferrer\">Zalecenia dot. dokument\u00f3w i za\u0142\u0105cznik\u00f3w potrzebnych w trakcie sk\u0142adania wniosku, podpisywania umowy o dofinansowanie oraz cz\u0119\u015bciowo raportowania<\/a><\/p>\n<p><a href=\"http:\/\/interregva-bb-pl.eu\/wp-content\/uploads\/2017\/06\/Handreichung-Antrag-Instrukcja-Wniosek-031116.pdf\" target=\"_blank\" rel=\"noopener noreferrer\">Instrukcja do wype\u0142niania wniosku<\/a><\/p>\n<p><a href=\"http:\/\/interregva-bb-pl.eu\/wp-content\/uploads\/2017\/06\/Handreichung-Kostenkalkulation_Instrukcja-kalkulacja-kosztow-021116.pdf\" target=\"_blank\" rel=\"noopener noreferrer\">Instrukcja do kalkulacji koszt\u00f3w<\/a><\/p>\n<p><strong>Kryteria wyboru projekt\u00f3w<\/strong> znajd\u0105 Pa\u0144stwo w\u00a0<a href=\"http:\/\/interregva-bb-pl.eu\/wp-content\/uploads\/2018\/09\/FHB-Stand-Juli-2018_Podrecznik-BW-stan-Lipiec-2018-1.pdf\" target=\"_blank\" rel=\"noopener noreferrer\">Podr\u0119czniku beneficjenta <\/a>w\u00a0rozdziale V.3 &#8220;Ocena wniosku o dofinansowanie&#8221;<\/p>\n<h3><span style=\"text-decoration: underline; color: #ff0000;\"><strong><a style=\"color: #ff0000; text-decoration: underline;\" href=\"http:\/\/interregva-bb-pl.eu\/wp-content\/uploads\/2018\/11\/Projektskizze_Szkic-idei-projektowej_Stand_2018-11-07.doc\" target=\"_blank\" rel=\"noopener noreferrer\">Szkic idei projektowej<\/a><\/strong><\/span><\/h3>\n<h3><strong><a href=\"http:\/\/interregva-bb-pl.eu\/wp-content\/uploads\/2019\/03\/18-04-25_Wska\u017aniki_PL.pdf\" target=\"_blank\" rel=\"noopener noreferrer\">Wska\u017aniki<\/a><\/strong><\/h3>\n<p><a href=\"http:\/\/interregva-bb-pl.eu\/wp-content\/uploads\/2019\/03\/2018-06-12_Defintion-Outputindikator-Bildungsma\u00dfnahmen-PL-.pdf\" target=\"_blank\" rel=\"noopener noreferrer\"><strong><span style=\"font-size: 28px; color: #ff0000;\">Wska\u017aniki &#8211; projekty edukacyjne <\/span><\/strong><\/a><\/p>\n<h3><span style=\"color: #ff0000;\"><strong><u>&#8220;Informacje&#8221;\/Pouczenia:<\/u><\/strong><\/span><\/h3>\n<p>Informacja INTERREG: <a href=\"http:\/\/interregva-bb-pl.eu\/wp-content\/uploads\/2017\/06\/Informacja-de-minimis.pdf\" target=\"_blank\" rel=\"noopener noreferrer\">Zasada \u201ede minimis\u201c<\/a><\/p>\n<p>Informacja INTERREG dla <u>polskich<\/u> partner\u00f3w projekt\u00f3w:\u00a0<a href=\"https:\/\/interregva-bb-pl.eu\/wp-content\/uploads\/2019\/06\/Konkurencyjno\u015b\u0107__BB_2019_czerwiec2019.pdf\" target=\"_blank\" rel=\"noopener noreferrer\">Postanowienia w zakresie zam\u00f3wie\u0144<\/a><\/p>\n<p>Informacja INTERREG dla <u>niemieckich<\/u> partner\u00f3w projekt\u00f3w (zaktualizowane: listopad 2019): <a href=\"https:\/\/interregva-bb-pl.eu\/wp-content\/uploads\/2019\/12\/Merkblatt-Vergabe-f\u00fcr-deutsche-Projektpartner_Nov_2019.pdf\" target=\"_blank\" rel=\"noopener noreferrer\">Zasady udzielania zam\u00f3wie\u0144<\/a><\/p>\n<p>Informacja\u00a0INTERREG: <a href=\"http:\/\/interregva-bb-pl.eu\/wp-content\/uploads\/2017\/06\/Informacja-rowny-status-010617.pdf\" target=\"_blank\" rel=\"noopener noreferrer\">Promowanie r\u00f3wnego statusu m\u0119\u017cczyzn\u00a0i kobiet i niedyskryminacja<\/a><\/p>\n<p>Informacja\u00a0INTERREG: <a href=\"http:\/\/interregva-bb-pl.eu\/wp-content\/uploads\/2017\/06\/Informacja-identyfikacja-010617.pdf\" target=\"_blank\" rel=\"noopener noreferrer\">Identyfikacja w my\u015bl postanowie\u0144\u00a0dot. przeciwdzia\u0142aniu praniu pieni\u0119dzy<\/a><\/p>\n<p>Informacja\u00a0INTERREG: <a href=\"http:\/\/interregva-bb-pl.eu\/wp-content\/uploads\/2018\/03\/Luty_Informacja-info-promocja_PL.pdf\">Postanowienia w zakresie informacji i promocji<\/a><\/p>\n<p>Informacja\u00a0INTERREG: <a href=\"http:\/\/interregva-bb-pl.eu\/wp-content\/uploads\/2017\/06\/Informacja-Definicja-MSP-010617.pdf\" target=\"_blank\" rel=\"noopener noreferrer\">Definicja M\u015aP Unii Europejskiej<\/a><\/p>\n<p>Informacja\u00a0INTERREG: <a href=\"http:\/\/interregva-bb-pl.eu\/wp-content\/uploads\/2017\/06\/Informacja-zrownowazony-rozwoj-010617.pdf\" target=\"_blank\" rel=\"noopener noreferrer\">Zr\u00f3wnowa\u017cony rozw\u00f3j<\/a><\/p>\n<p>Informacja INTERREG: <a href=\"http:\/\/interregva-bb-pl.eu\/wp-content\/uploads\/2017\/06\/Informacja-oswiadczenia-subwencyjne.pdf\" target=\"_blank\" rel=\"noopener noreferrer\">O\u015bwiadczenia w sprawie informacji o\u00a0istotnym znaczeniu dla prawid\u0142owego wykorzystania przyznanego\u00a0dofinansowania<\/a><\/p>\n<p>Informacja INTERREG: <a href=\"http:\/\/interregva-bb-pl.eu\/wp-content\/uploads\/2017\/06\/Informacja-Dzialalnosc-gospodarcza-pozagospodarcza.pdf\" target=\"_blank\" rel=\"noopener noreferrer\">Dzia\u0142alno\u015b\u0107 gospodarcza i pozagospodarcza<\/a><\/p>\n<p style=\"text-align: left;\">Informacja INTERREG w sprawie <a href=\"http:\/\/interregva-bb-pl.eu\/wp-content\/uploads\/2017\/06\/Informacja-Projekty-generujace-dochod-010617.pdf\" target=\"_blank\" rel=\"noopener noreferrer\">operacji generuj\u0105cych doch\u00f3d<\/a><\/p>\n<p>Informacja INTERREG: <a href=\"https:\/\/interregva-bb-pl.eu\/wp-content\/uploads\/2019\/11\/Informacja-Uslugi-dostawy-powiazania-271119.pdf\" target=\"_blank\" rel=\"noopener noreferrer\">Dostawy i us\u0142ugi przy powi\u0105zaniach<\/a><\/p>\n<p>Informacja INTERREG: <a href=\"http:\/\/interregva-bb-pl.eu\/wp-content\/uploads\/2018\/05\/Informacja-ochrona-danych.pdf\" target=\"_blank\" rel=\"noopener noreferrer\">Ochrona danych <\/a><\/p>\n<p>Informacja INTERREG: <a href=\"http:\/\/interregva-bb-pl.eu\/wp-content\/uploads\/2018\/09\/Informacja-Przedsiebiorstwa-w-trudnej-sytuacji.pdf\" target=\"_blank\" rel=\"noopener noreferrer\">Przedsi\u0119biorstwa w trudnej sytuacji<\/a><\/p>\n<h3><span style=\"text-decoration: underline;\"><span style=\"color: #ff0000; text-decoration: underline;\">Przetargi:<\/span><\/span><\/h3>\n<p>Informacja Koordynatora Krajowego ws. <a href=\"http:\/\/interregva-bb-pl.eu\/wp-content\/uploads\/2018\/09\/Informacja-KK-w-spr.nowelizacji-ust.PZP_.pdf\" target=\"_blank\" rel=\"noopener noreferrer\">nowelizacji ustawy z dnia 29 stycznia 2004 r. prawo zam\u00f3wie\u0144 publicznych<\/a><\/p>\n<p><strong>Aktualizacja<\/strong> z dnia 02.08.2016 r.! Uzupe\u0142nienie dot. ww.\u00a0<a href=\"http:\/\/interregva-bb-pl.eu\/wp-content\/uploads\/2018\/11\/Aktualizowana-nowelizacja-ustawy-Prawo-zam-publicznych.pdf\">nowelizacji<\/a><\/p>\n<p><a href=\"http:\/\/interregva-bb-pl.eu\/wp-content\/uploads\/2016\/12\/guidance_public_proc_pl.pdf\">ZAM\u00d3WIENIA PUBLICZNE \u2013 PORADY DLA OS\u00d3B ODPOWIEDZIALNYCH<\/a><br \/>\nza udzielanie zam\u00f3wie\u0144 publicznych dotycz\u0105ce unikania najcz\u0119stszych b\u0142\u0119d\u00f3w<br \/>\npope\u0142nianych w projektach finansowanych z europejskich funduszy strukturalnych i<br \/>\ninwestycyjnych<\/p>\n<h3><span style=\"text-decoration: underline;\"><span style=\"color: #ff0000;\"><strong>Pomoc publiczna:<\/strong><\/span><\/span><\/h3>\n<p><a href=\"http:\/\/interregva-bb-pl.eu\/wp-content\/uploads\/2016\/10\/Prezentacja-pomoc-publiczna-2-nabor.pdf\">Materia\u0142y ze szkolenia Pomoc publiczna z dnia 26.10.2016<\/a><\/p>\n<p>Pomoc publiczna art. 107<\/p>\n<p><a href=\"http:\/\/eur-lex.europa.eu\/legal-content\/PL\/ALL\/?uri=CELEX%3A12008E107\">http:\/\/eur-lex.europa.eu\/legal-content\/PL\/ALL\/?uri=CELEX%3A12008E107<\/a><\/p>\n<p><strong>Zawiadomienie Komisji w sprawie poj\u0119cia pomocy pa\u0144stwa<\/strong><\/p>\n<p><a href=\"https:\/\/eur-lex.europa.eu\/legal-content\/PL\/TXT\/?uri=CELEX%3A52016XC0719%2805%29\" target=\"_blank\" rel=\"noopener noreferrer\">2016\/C 262\/01<\/a> Zawiadomienie Komisji w sprawie poj\u0119cia pomocy pa\u0144stwa w rozumieniu art. 107 ust. 1 Traktatu o funkcjonowaniu Unii Europejskiej.<\/p>\n<p><strong>Og\u00f3lne rozporz\u0105dzenie w sprawie wy\u0142acze\u0144 blokowych<\/strong><\/p>\n<p><a href=\"http:\/\/interregva-bb-pl.eu\/wp-content\/uploads\/2018\/09\/ROZPORZ\u0104DZENIE-KOMISJI-UE-NR-6512014.pdf\" target=\"_blank\" rel=\"noopener noreferrer\">Rozporz\u0105dzenie Komisji (UE) nr 651\/2014<\/a> dnia 17.06.2014 r. uznaj\u0105ce niekt\u00f3re rodzaje pomocy za zgodne z rynkiem wewn\u0119trznym w zastosowaniu art. 107 i 108 Traktatu<\/p>\n<p><strong>Pomoc de-minimis<\/strong><\/p>\n<p><a href=\"http:\/\/interregva-bb-pl.eu\/wp-content\/uploads\/2018\/09\/ROZPORZ\u0104DZENIE-KOMISJI-UE-NR-14072013.pdf\" target=\"_blank\" rel=\"noopener noreferrer\">Rozporz\u0105dzenie Komisji (UE) NR 1407\/2013<\/a> z dnia 18 grudnia 2013 r. w sprawie stosowania art. 107 i 108 Traktatu o funkcjonowaniu Unii Europejskiej do pomocy de minimis<\/p>\n<p><strong>Pomoc de-minimis dla przedsi\u0119biorstw wykonuj\u0105cych us\u0142ugi \u015bwiadczone w og\u00f3lnym interesie gospodarczym<\/strong><\/p>\n<p><a href=\"http:\/\/interregva-bb-pl.eu\/wp-content\/uploads\/2018\/09\/ROZPORZ\u0104DZENIE-KOMISJI-UE-NR-3602012.pdf\" target=\"_blank\" rel=\"noopener noreferrer\">ROZPORZ\u0104DZENIE KOMISJI (UE) NR 360\/2012<\/a> z dnia 25 kwietnia 2012 r. w sprawie stosowania art. 107 i 108 Traktatu o funkcjonowaniu Unii Europejskiej do pomocy de minimis przyznawanej przedsi\u0119biorstwom wykonuj\u0105cym us\u0142ugi \u015bwiadczone w og\u00f3lnym interesie gospodarczym<\/p>\n<p><strong>Decyzja Komisji dot. pomocy pa\u0144stwa w przypadku us\u0142ug \u015bwiadczonych w og\u00f3lnym interesie gospodarczym<\/strong><\/p>\n<p><a href=\"http:\/\/interregva-bb-pl.eu\/wp-content\/uploads\/2016\/12\/DECYZJA-KOMISJI-z-dnia-20.12.2011.pdf\" target=\"_blank\" rel=\"noopener noreferrer\">DECYZJA KOMISJI<\/a> z dnia 20 grudnia 2011 r. w sprawie stosowania art. 106 ust. 2 Traktatu o funkcjonowaniu Unii Europejskiej do pomocy pa\u0144stwa w formie rekompensaty z tytu\u0142u \u015bwiadczenia us\u0142ug publicznych, przyznawanej przedsi\u0119biorstwom zobowi\u0105zanym do wykonywania us\u0142ug\u015bwiadczonych w og\u00f3lnym interesie gospodarczym<\/p>\n<p><strong>Przewodnik KE dot. us\u0142ug \u015bwiadczonych w og\u00f3lnym interesie gospodarczym<\/strong><\/p>\n<p><a href=\"http:\/\/interregva-bb-pl.eu\/wp-content\/uploads\/2018\/12\/DOKUMENT-ROBOCZY-SLUZB-KOMISJI.pdf\" target=\"_blank\" rel=\"noopener noreferrer\">DOKUMENT ROBOCZY S\u0141U\u017bB KOMISJI<\/a> Przewodnik dotycz\u0105cy stosowania przepis\u00f3w prawa Unii Europejskiej z zakresu pomocy pa\u0144stwa, zam\u00f3wie\u0144 publicznych i rynku wewn\u0119trzego do us\u0142ug \u015bwiadczonych w og\u00f3lnym interesie gospodarczym, w szczeg\u00f3lno\u015bci do us\u0142ug socjalnych \u015bwiadczonych w interesie og\u00f3lnym<\/p>\n<p><strong>Definicja M\u015aP<\/strong><\/p>\n<p><a href=\"http:\/\/interregva-bb-pl.eu\/wp-content\/uploads\/2018\/09\/Poradnik-dla-u\u017cytkownik\u00f3w-dotycz\u0105cy-definicji-M\u015aP.pdf\" target=\"_blank\" rel=\"noopener noreferrer\">Poradnik dla u\u017cytkownik\u00f3w dotycz\u0105cy definicji M\u015aP<\/a><\/p>\n<p><strong>Informacje Komisji Europejskiej dot. Pomocy Publicznej:<\/strong><\/p>\n<p><a href=\"http:\/\/ec.europa.eu\/competition\/state_aid\/legislation\/legislation.html\">http:\/\/ec.europa.eu\/competition\/state_aid\/legislation\/legislation.html<\/a><\/p>\n","protected":false},"excerpt":{"rendered":"<p>Wcze\u015bniejsze wersje dokument\u00f3w znajd\u0105 Pa\u0144stwo w archiwum: http:\/\/interregva-bb-pl.eu\/archiv\/ Wniosek projektowy: Pod nast\u0119puj\u0105cym linkiem znajduje si\u0119 wniosek o dofinansowanie projekt\u00f3w:\u00a0https:\/\/kundenportal.ilb.de (Zmienianie ustawie\u0144 j\u0119zykowych programu Internet Explorer) Podr\u0119cznik beneficjenta Potwierdzenie do wniosku (obowi\u0105zuje od 06.09.2018) Koncepcja projektu Dokument dodatkowy\u00a0Informacje o przedsi\u0119biorstwie Dokument dodatkowy\u00a0O\u015bwiadczenie de-minimis Dokument dodatkowy Pe\u0142nomocnictwo Dokument dodatkowy do za\u0142\u0105cznika Partner projektu: Kalkulacja dochodu Kalkulacja koszt\u00f3w [&hellip;]<\/p>\n","protected":false},"author":66,"featured_media":74,"parent":525,"menu_order":20,"comment_status":"closed","ping_status":"closed","template":"","meta":{"site-sidebar-layout":"default","site-content-layout":"default","ast-site-content-layout":"","site-content-style":"default","site-sidebar-style":"default","ast-global-header-display":"","ast-banner-title-visibility":"","ast-main-header-display":"","ast-hfb-above-header-display":"","ast-hfb-below-header-display":"","ast-hfb-mobile-header-display":"","site-post-title":"","ast-breadcrumbs-content":"","ast-featured-img":"","footer-sml-layout":"","theme-transparent-header-meta":"default","adv-header-id-meta":"","stick-header-meta":"","header-above-stick-meta":"","header-main-stick-meta":"","header-below-stick-meta":"","astra-migrate-meta-layouts":"default","ast-page-background-enabled":"default","ast-page-background-meta":{"desktop":{"background-color":"","background-image":"","background-repeat":"repeat","background-position":"center center","background-size":"auto","background-attachment":"scroll","background-type":"","background-media":"","overlay-type":"","overlay-color":"","overlay-opacity":"","overlay-gradient":""},"tablet":{"background-color":"","background-image":"","background-repeat":"repeat","background-position":"center center","background-size":"auto","background-attachment":"scroll","background-type":"","background-media":"","overlay-type":"","overlay-color":"","overlay-opacity":"","overlay-gradient":""},"mobile":{"background-color":"","background-image":"","background-repeat":"repeat","background-position":"center center","background-size":"auto","background-attachment":"scroll","background-type":"","background-media":"","overlay-type":"","overlay-color":"","overlay-opacity":"","overlay-gradient":""}},"ast-content-background-meta":{"desktop":{"background-color":"var(--ast-global-color-5)","background-image":"","background-repeat":"repeat","background-position":"center center","background-size":"auto","background-attachment":"scroll","background-type":"","background-media":"","overlay-type":"","overlay-color":"","overlay-opacity":"","overlay-gradient":""},"tablet":{"background-color":"var(--ast-global-color-5)","background-image":"","background-repeat":"repeat","background-position":"center center","background-size":"auto","background-attachment":"scroll","background-type":"","background-media":"","overlay-type":"","overlay-color":"","overlay-opacity":"","overlay-gradient":""},"mobile":{"background-color":"var(--ast-global-color-5)","background-image":"","background-repeat":"repeat","background-position":"center center","background-size":"auto","background-attachment":"scroll","background-type":"","background-media":"","overlay-type":"","overlay-color":"","overlay-opacity":"","overlay-gradient":""}},"footnotes":""},"class_list":["post-759","page","type-page","status-publish","has-post-thumbnail","hentry"],"_links":{"self":[{"href":"https:\/\/interregva-bb-pl.eu\/pl\/wp-json\/wp\/v2\/pages\/759"}],"collection":[{"href":"https:\/\/interregva-bb-pl.eu\/pl\/wp-json\/wp\/v2\/pages"}],"about":[{"href":"https:\/\/interregva-bb-pl.eu\/pl\/wp-json\/wp\/v2\/types\/page"}],"author":[{"embeddable":true,"href":"https:\/\/interregva-bb-pl.eu\/pl\/wp-json\/wp\/v2\/users\/66"}],"replies":[{"embeddable":true,"href":"https:\/\/interregva-bb-pl.eu\/pl\/wp-json\/wp\/v2\/comments?post=759"}],"version-history":[{"count":88,"href":"https:\/\/interregva-bb-pl.eu\/pl\/wp-json\/wp\/v2\/pages\/759\/revisions"}],"predecessor-version":[{"id":11336,"href":"https:\/\/interregva-bb-pl.eu\/pl\/wp-json\/wp\/v2\/pages\/759\/revisions\/11336"}],"up":[{"embeddable":true,"href":"https:\/\/interregva-bb-pl.eu\/pl\/wp-json\/wp\/v2\/pages\/525"}],"wp:featuredmedia":[{"embeddable":true,"href":"https:\/\/interregva-bb-pl.eu\/pl\/wp-json\/wp\/v2\/media\/74"}],"wp:attachment":[{"href":"https:\/\/interregva-bb-pl.eu\/pl\/wp-json\/wp\/v2\/media?parent=759"}],"curies":[{"name":"wp","href":"https:\/\/api.w.org\/{rel}","templated":true}]}}