{"id":763,"date":"2016-03-17T09:24:36","date_gmt":"2016-03-17T08:24:36","guid":{"rendered":"http:\/\/interregva-bb-pl.eu\/pl\/?page_id=763"},"modified":"2019-06-25T07:02:53","modified_gmt":"2019-06-25T05:02:53","slug":"archiwum","status":"publish","type":"page","link":"https:\/\/interregva-bb-pl.eu\/pl\/archiwum\/","title":{"rendered":"Archiwum"},"content":{"rendered":"<h1><strong>Archiwum<\/strong><\/h1>\n<h2><strong><u>Wezwania do sk\u0142adania wniosku:<\/u><\/strong><\/h2>\n<ul>\n<li><a href=\"http:\/\/interregva-bb-pl.eu\/wp-content\/uploads\/2019\/03\/PL.zip\" target=\"_blank\" rel=\"noopener noreferrer\"><strong>Pakiet aplikacyjny 7. nab\u00f3r<\/strong> <\/a><\/li>\n<li><a href=\"http:\/\/interregva-bb-pl.eu\/wp-content\/uploads\/2018\/09\/6_nabor_PL.zip\" target=\"_blank\" rel=\"noopener noreferrer\"><strong>Pakiet aplikacyjny 6. nab\u00f3r<\/strong><\/a><\/li>\n<li><strong><a href=\"http:\/\/interregva-bb-pl.eu\/wp-content\/uploads\/2018\/05\/5.-Call_V_nabor.zip\" target=\"_blank\" rel=\"noopener noreferrer\">Pakiet aplikacyjny 5. nab\u00f3r<\/a><\/strong> &#8211; z dwiema wersjami Podr\u0119cznika beneficjenta &#8211; I. wa\u017cn\u0105 od 21.12.2017 r. i II. wa\u017cn\u0105 od 18.04.2018 r.<\/li>\n<li><strong><a href=\"http:\/\/interregva-bb-pl.eu\/wp-content\/uploads\/2018\/01\/4.Call_4.Nabor_.zip\">Pakiet aplikacyjny 4. nab\u00f3r<\/a><\/strong><\/li>\n<li><strong><a href=\"http:\/\/interregva-bb-pl.eu\/wp-content\/uploads\/2018\/01\/3.Call_3.Nabor_.zip\">Pakiet aplikacyjny 3. nab\u00f3r<\/a><\/strong><\/li>\n<li><strong><a href=\"http:\/\/interregva-bb-pl.eu\/wp-content\/uploads\/2017\/05\/2.Call_.zip\">Pakiet aplikacyjny 2. nab\u00f3r<\/a><\/strong><\/li>\n<li><a href=\"http:\/\/interregva-bb-pl.eu\/wp-content\/uploads\/2016\/04\/2.KM_KWP_pl.pdf\">Kryteria wyboru projekt\u00f3w<\/a> (Wersja z dnia 20.01.2016)<\/li>\n<\/ul>\n<h2><strong><u>Formularze raportu:<\/u><\/strong><\/h2>\n<p><strong>Formularze raportu (stan z dn. 08.01.2018) znajduj\u0105 si\u0119 <a href=\"http:\/\/interregva-bb-pl.eu\/wp-content\/uploads\/2018\/11\/Berichtsunterlagen-\u00c4nderung-am-08.01.18.zip\">tutaj<\/a>.<\/strong><\/p>\n<p><strong>Formularz raportu (stan z dn. 13.11.2017) znajduje si\u0119 <a href=\"http:\/\/interregva-bb-pl.eu\/wp-content\/uploads\/2017\/12\/Bericht_131117_final.docx\">tutaj<\/a>. <\/strong><\/p>\n<p><strong>Formularze raportu (stan 16.10.2017) znajduj\u0105 si\u0119 <a href=\"http:\/\/interregva-bb-pl.eu\/wp-content\/uploads\/2018\/11\/Berichtsunterlagen-\u00c4nderung-am-16.10.17.zip\">tutaj<\/a>.<\/strong><\/p>\n<p>&nbsp;<\/p>\n<h2><strong><u>Podrecznik beneficjenta:<\/u><\/strong><\/h2>\n<p><a href=\"http:\/\/interregva-bb-pl.eu\/wp-content\/uploads\/2018\/11\/F\u00f6rderhandbuch_PodrBeneficjDez.2017-1.pdf\" target=\"_blank\" rel=\"noopener noreferrer\">Podr\u0119cznik beneficjenta (stan grudzie\u0144 2017)<\/a><\/p>\n<p><a href=\"http:\/\/interregva-bb-pl.eu\/wp-content\/uploads\/2017\/11\/Foerderhandbuch_November-2017_Podrecznik-beneficjenta_listopad-2017.pdf\">Podr\u0119cznik beneficjenta (stan listopad 2017)<\/a><\/p>\n<p><a href=\"http:\/\/interregva-bb-pl.eu\/wp-content\/uploads\/2017\/08\/17-08-23_FHB-nach-7-BA_final.pdf\">Podrecznik beneficjenta (stan kwiecie\u0144 2017)<\/a><\/p>\n<p><a href=\"http:\/\/interregva-bb-pl.eu\/wp-content\/uploads\/2016\/11\/FHB_Podrecznik-Beneficjenta.pdf\">Podr\u0119cznik beneficjenta<\/a> (stan pa\u017adziernik 2016)<\/p>\n<p>&nbsp;<\/p>\n<h2><span class=\"st\">Program Wsp\u00f3\u0142pracy:<\/span><\/h2>\n<p><span class=\"st\"><a href=\"http:\/\/interregva-bb-pl.eu\/wp-content\/uploads\/2019\/01\/Program_Brandenburgia_Polska_2014_2020_PL.pdf\">Program Wsp\u00f3\u0142pracy (Stan 2014)<\/a><br \/>\n<\/span><\/p>\n<p>&nbsp;<\/p>\n<h2><strong><u>Pouczenia: \u201cInformacja\u201d-\u00a0Postanowienia w zakresie informacji i promocji<\/u><\/strong><\/h2>\n<p>\u201cInformacja\u201d\u00a0 dla <u>niemieckich<\/u> partner\u00f3w projekt\u00f3w: <a href=\"http:\/\/interregva-bb-pl.eu\/wp-content\/uploads\/2017\/06\/Informacja-zamowienia-niemieckie-010617.pdf\">Postanowienia w zakresie zam\u00f3wie\u0144<\/a> (stan czerwiec 2017)<\/p>\n<p>\u201cInformacja\u201d\u00a0 dla <u>polskich<\/u> partner\u00f3w projekt\u00f3w: <a href=\"http:\/\/interregva-bb-pl.eu\/wp-content\/uploads\/2018\/11\/Merkblatt-Vergabebestimmungen-Polen_\u00fcberarbeitet-1.pdf\" target=\"_blank\" rel=\"noopener noreferrer\">Postanowienia w zakresie zam\u00f3wie\u0144 <\/a>(stan 2017)<\/p>\n<p>\u201cInformacja\u201d:<a href=\"http:\/\/interregva-bb-pl.eu\/wp-content\/uploads\/2017\/11\/Informacja-info-promocja_PL.pdf\">\u00a0Postanowienia w zakresie informacji i promocji<\/a> (stan czerwiec 2017)<\/p>\n<p>\u201cInformacja\u201d:\u00a0<a href=\"http:\/\/interregva-bb-pl.eu\/wp-content\/uploads\/2018\/11\/Luty_Informacja-info-promocja_PL.pdf\">Postanowienia w zakresie informacji i promocji<\/a> (stan stycze\u0144 2018)<\/p>\n<h3><a href=\"https:\/\/interregva-bb-pl.eu\/wp-content\/uploads\/2019\/06\/Konkurencyjno\u015b\u0107__BB_20182_pl-2_luty2018.pdf\" target=\"_blank\" rel=\"noopener noreferrer\"><strong>POSTANOWIENIA W ZAKRESIE ZAM\u00d3WIE\u0143<\/strong> (luty 2018)<\/a><\/h3>\n<p>&nbsp;<\/p>\n<h2><a href=\"http:\/\/interregva-bb-pl.eu\/pl\/aktualnosci_archiwum\/\">Archiwum rubryki &#8220;Aktualno\u015bci&#8221; 2016-2018<\/a><\/h2>\n<hr \/>\n<p>&nbsp;<\/p>\n","protected":false},"excerpt":{"rendered":"<p>Archiwum Wezwania do sk\u0142adania wniosku: Pakiet aplikacyjny 7. nab\u00f3r Pakiet aplikacyjny 6. nab\u00f3r Pakiet aplikacyjny 5. nab\u00f3r &#8211; z dwiema wersjami Podr\u0119cznika beneficjenta &#8211; I. wa\u017cn\u0105 od 21.12.2017 r. i II. wa\u017cn\u0105 od 18.04.2018 r. Pakiet aplikacyjny 4. nab\u00f3r Pakiet aplikacyjny 3. nab\u00f3r Pakiet aplikacyjny 2. nab\u00f3r Kryteria wyboru projekt\u00f3w (Wersja z dnia 20.01.2016) Formularze [&hellip;]<\/p>\n","protected":false},"author":66,"featured_media":0,"parent":0,"menu_order":0,"comment_status":"closed","ping_status":"closed","template":"","meta":{"site-sidebar-layout":"default","site-content-layout":"default","ast-site-content-layout":"","site-content-style":"default","site-sidebar-style":"default","ast-global-header-display":"","ast-banner-title-visibility":"","ast-main-header-display":"","ast-hfb-above-header-display":"","ast-hfb-below-header-display":"","ast-hfb-mobile-header-display":"","site-post-title":"","ast-breadcrumbs-content":"","ast-featured-img":"","footer-sml-layout":"","theme-transparent-header-meta":"default","adv-header-id-meta":"","stick-header-meta":"","header-above-stick-meta":"","header-main-stick-meta":"","header-below-stick-meta":"","astra-migrate-meta-layouts":"default","ast-page-background-enabled":"default","ast-page-background-meta":{"desktop":{"background-color":"","background-image":"","background-repeat":"repeat","background-position":"center center","background-size":"auto","background-attachment":"scroll","background-type":"","background-media":"","overlay-type":"","overlay-color":"","overlay-opacity":"","overlay-gradient":""},"tablet":{"background-color":"","background-image":"","background-repeat":"repeat","background-position":"center center","background-size":"auto","background-attachment":"scroll","background-type":"","background-media":"","overlay-type":"","overlay-color":"","overlay-opacity":"","overlay-gradient":""},"mobile":{"background-color":"","background-image":"","background-repeat":"repeat","background-position":"center center","background-size":"auto","background-attachment":"scroll","background-type":"","background-media":"","overlay-type":"","overlay-color":"","overlay-opacity":"","overlay-gradient":""}},"ast-content-background-meta":{"desktop":{"background-color":"var(--ast-global-color-5)","background-image":"","background-repeat":"repeat","background-position":"center center","background-size":"auto","background-attachment":"scroll","background-type":"","background-media":"","overlay-type":"","overlay-color":"","overlay-opacity":"","overlay-gradient":""},"tablet":{"background-color":"var(--ast-global-color-5)","background-image":"","background-repeat":"repeat","background-position":"center center","background-size":"auto","background-attachment":"scroll","background-type":"","background-media":"","overlay-type":"","overlay-color":"","overlay-opacity":"","overlay-gradient":""},"mobile":{"background-color":"var(--ast-global-color-5)","background-image":"","background-repeat":"repeat","background-position":"center center","background-size":"auto","background-attachment":"scroll","background-type":"","background-media":"","overlay-type":"","overlay-color":"","overlay-opacity":"","overlay-gradient":""}},"footnotes":""},"class_list":["post-763","page","type-page","status-publish","hentry"],"_links":{"self":[{"href":"https:\/\/interregva-bb-pl.eu\/pl\/wp-json\/wp\/v2\/pages\/763"}],"collection":[{"href":"https:\/\/interregva-bb-pl.eu\/pl\/wp-json\/wp\/v2\/pages"}],"about":[{"href":"https:\/\/interregva-bb-pl.eu\/pl\/wp-json\/wp\/v2\/types\/page"}],"author":[{"embeddable":true,"href":"https:\/\/interregva-bb-pl.eu\/pl\/wp-json\/wp\/v2\/users\/66"}],"replies":[{"embeddable":true,"href":"https:\/\/interregva-bb-pl.eu\/pl\/wp-json\/wp\/v2\/comments?post=763"}],"version-history":[{"count":41,"href":"https:\/\/interregva-bb-pl.eu\/pl\/wp-json\/wp\/v2\/pages\/763\/revisions"}],"predecessor-version":[{"id":9552,"href":"https:\/\/interregva-bb-pl.eu\/pl\/wp-json\/wp\/v2\/pages\/763\/revisions\/9552"}],"wp:attachment":[{"href":"https:\/\/interregva-bb-pl.eu\/pl\/wp-json\/wp\/v2\/media?parent=763"}],"curies":[{"name":"wp","href":"https:\/\/api.w.org\/{rel}","templated":true}]}}