{"id":777,"date":"2016-03-18T13:29:39","date_gmt":"2016-03-18T12:29:39","guid":{"rendered":"http:\/\/interregva-bb-pl.eu\/pl\/?page_id=777"},"modified":"2018-12-03T15:20:31","modified_gmt":"2018-12-03T14:20:31","slug":"zatwierdzone-projekty","status":"publish","type":"page","link":"https:\/\/interregva-bb-pl.eu\/pl\/komitet-monitorujacy\/zatwierdzone-projekty\/","title":{"rendered":"Zatwierdzone projekty"},"content":{"rendered":"<p><span style=\"font-size: 21px;\"><strong>II nab\u00f3r &#8211; o\u015b priorytetowa III<br \/>\n<\/strong><\/span><\/p>\n<p><span style=\"font-size: 18px;\">W dniach 24.10.-25.10.2017 r. odby\u0142o si\u0119 IX posiedzenie Komitetu Monitoruj\u0105cego. Komitet zajmowa\u0142 si\u0119 m.in. rozpatrzeniem i wyborem wniosk\u00f3w projektowych osi priorytetowej III, kt\u00f3re zosta\u0142y z\u0142o\u017cone w ramach drugiego naboru. Lista wybranych projekt\u00f3w osi priorytetowej III znajduje si\u0119 <a href=\"http:\/\/interregva-bb-pl.eu\/wp-content\/uploads\/2018\/11\/17-11-20_PAIII_best%C3%A4tigte-Projekte_unterschrift-AThiele.pdf\" target=\"_blank\" rel=\"noopener noreferrer\">tutaj. <\/a><\/span><\/p>\n<hr \/>\n<p><span style=\"font-size: 21px;\"><strong>II nab\u00f3r &#8211; o\u015b priorytetowa I<br \/>\n<\/strong><\/span><\/p>\n<p><span style=\"font-size: 18px;\">W dniach 11.07.-12.07.2017 r. odby\u0142o si\u0119 VIII posiedzenie Komitetu Monitoruj\u0105cego. Komitet zajmowa\u0142 si\u0119 m.in. rozpatrzeniem i wyborem wniosk\u00f3w projektowych osi priorytetowej I, kt\u00f3re zosta\u0142y z\u0142o\u017cone w ramach drugiego naboru. Lista wybranych projekt\u00f3w osi priorytetowej I znajduje si\u0119 <a href=\"http:\/\/interregva-bb-pl.eu\/wp-content\/uploads\/2018\/11\/17-07-12_Best%C3%A4tigteProjekte.pdf\" target=\"_blank\" rel=\"noopener noreferrer\">tutaj. <\/a><\/span><\/p>\n<hr \/>\n<p><span style=\"font-size: 21px;\"><strong>I nab\u00f3r<\/strong><\/span><\/p>\n<p><span style=\"font-size: 18px;\">W dniach 07.12.-08.12.2016 r. odby\u0142o si\u0119 V. posiedzenie Komitetu Monitoruj\u0105cego Programu Wsp\u00f3\u0142pracy Brandenburgia-Polska 2014-2020. Komitet zajmowa\u0142 si\u0119 m.in. rozpatrzeniem i wyborem wniosk\u00f3w projektowych osi priorytetowej II i IV, kt\u00f3re zosta\u0142y z\u0142o\u017cone w ramach pierwszego naboru.<\/span><br \/>\n<span style=\"font-size: 18px;\"> Poni\u017cej przedstawiamy Pa\u0144stwu zestawienie projekt\u00f3w osi priorytetowej II (priorytet inwestycyjny 7 b) zatwierdzonych do dofinansowania. W ramach Osi Priorytetowej II \/ Priorytet Inwestycyjny 7 do dyspozycji by\u0142o 13.623.191 EUR \u015brodk\u00f3w EFRR b (tj. 80% wszystkich \u015brodk\u00f3w Osi Priorytetowej II \/ Priorytet Inwestycyjny 7 b). Komitet rozpatrzy\u0142 8 projekt\u00f3w z ww. osi priorytetowej. Trzy projekty otrzyma\u0142y dofinansowanie na \u0142\u0105czn\u0105 sum\u0119 ponad 11 mln EUR.<\/span><br \/>\n<span style=\"font-size: 18px;\"> <a href=\"http:\/\/interregva-bb-pl.eu\/wp-content\/uploads\/2018\/11\/PA-II-Best%C3%A4tigte-Projekte.pdf\">Tutaj<\/a> znajduje si\u0119 lista zatwierdzonych projekt\u00f3w w ramach OP II.<\/span><\/p>\n<p><span style=\"font-size: 18px;\">W ramach osi priorytetowej IV przedstawiona i om\u00f3wiona zosta\u0142a cz\u0119\u015b\u0107 projekt\u00f3w (8 z 15 wniosk\u00f3w). Z przewidzianej na 1. nab\u00f3r alokacji na OP IV wys. 8.525.175,50 EUR zatwierdzono 3.687.092,65 EUR. Tym samym w ramach OP IV pozosta\u0142o 4.838.082,85 EUR do rozdysponowania. Dalsze decyzje Komitetu zostan\u0105 podj\u0119te w czasie kolejnego posiedzenia. Nast\u0119pne posiedzenie w celu wyboru dalszych wniosk\u00f3w ma si\u0119 odby\u0107 w najbli\u017cszym czasie. Lista zatwierdzonych projekt\u00f3w z osi priorytetowej IV znajduje si\u0119 <a href=\"http:\/\/interregva-bb-pl.eu\/wp-content\/uploads\/2018\/11\/skan-lista-projekt%C3%B3w.pdf\">tutaj<\/a>.<\/span><\/p>\n<p><span style=\"font-size: 18px;\">Projekty tematycznie przyczyni\u0105 si\u0119 do polepszenia dost\u0119pno\u015bci komunikacyjnej polsko-niemieckiego regionu przygranicznego poprzez budow\u0119 i modernizacj\u0119 wa\u017cnych odcink\u00f3w dr\u00f3g, do rozwoju wsp\u00f3\u0142pracy miast obszaru wsparcia, do polepszenia wsp\u00f3\u0142pracy policji i stra\u017cy granicznej oraz do nawi\u0105zywania nowych partnerstw na terenie Euroregion\u00f3w Pro Europa Viadrina i Sprewa-Nysa-B\u00f3br.<\/span><\/p>\n<p><span style=\"font-size: 18px;\"><strong>UWAGA!!!<\/strong><\/span><\/p>\n<p><span style=\"font-size: 18px;\"><strong>W dniach 14.12.\/15.12.2016 Komitet Monitoruj\u0105cy spotka\u0142 si\u0119 ponownie. Druga cz\u0119\u015b\u0107 wybranych projekt\u00f3w osi priorytetowej IV znajduje si\u0119 <a href=\"http:\/\/interregva-bb-pl.eu\/wp-content\/uploads\/2018\/12\/16-12-15_IV-OP-cz.2_lista-projektow-podpisana.pdf\">tutaj. <\/a><\/strong><\/span><\/p>\n","protected":false},"excerpt":{"rendered":"<p>II nab\u00f3r &#8211; o\u015b priorytetowa III W dniach 24.10.-25.10.2017 r. odby\u0142o si\u0119 IX posiedzenie Komitetu Monitoruj\u0105cego. Komitet zajmowa\u0142 si\u0119 m.in. rozpatrzeniem i wyborem wniosk\u00f3w projektowych osi priorytetowej III, kt\u00f3re zosta\u0142y z\u0142o\u017cone w ramach drugiego naboru. Lista wybranych projekt\u00f3w osi priorytetowej III znajduje si\u0119 tutaj. II nab\u00f3r &#8211; o\u015b priorytetowa I W dniach 11.07.-12.07.2017 r. odby\u0142o [&hellip;]<\/p>\n","protected":false},"author":66,"featured_media":0,"parent":767,"menu_order":30,"comment_status":"closed","ping_status":"closed","template":"","meta":{"site-sidebar-layout":"default","site-content-layout":"","ast-site-content-layout":"","site-content-style":"default","site-sidebar-style":"default","ast-global-header-display":"","ast-banner-title-visibility":"","ast-main-header-display":"","ast-hfb-above-header-display":"","ast-hfb-below-header-display":"","ast-hfb-mobile-header-display":"","site-post-title":"","ast-breadcrumbs-content":"","ast-featured-img":"","footer-sml-layout":"","theme-transparent-header-meta":"","adv-header-id-meta":"","stick-header-meta":"","header-above-stick-meta":"","header-main-stick-meta":"","header-below-stick-meta":"","astra-migrate-meta-layouts":"default","ast-page-background-enabled":"default","ast-page-background-meta":{"desktop":{"background-color":"","background-image":"","background-repeat":"repeat","background-position":"center center","background-size":"auto","background-attachment":"scroll","background-type":"","background-media":"","overlay-type":"","overlay-color":"","overlay-opacity":"","overlay-gradient":""},"tablet":{"background-color":"","background-image":"","background-repeat":"repeat","background-position":"center center","background-size":"auto","background-attachment":"scroll","background-type":"","background-media":"","overlay-type":"","overlay-color":"","overlay-opacity":"","overlay-gradient":""},"mobile":{"background-color":"","background-image":"","background-repeat":"repeat","background-position":"center center","background-size":"auto","background-attachment":"scroll","background-type":"","background-media":"","overlay-type":"","overlay-color":"","overlay-opacity":"","overlay-gradient":""}},"ast-content-background-meta":{"desktop":{"background-color":"var(--ast-global-color-5)","background-image":"","background-repeat":"repeat","background-position":"center center","background-size":"auto","background-attachment":"scroll","background-type":"","background-media":"","overlay-type":"","overlay-color":"","overlay-opacity":"","overlay-gradient":""},"tablet":{"background-color":"var(--ast-global-color-5)","background-image":"","background-repeat":"repeat","background-position":"center center","background-size":"auto","background-attachment":"scroll","background-type":"","background-media":"","overlay-type":"","overlay-color":"","overlay-opacity":"","overlay-gradient":""},"mobile":{"background-color":"var(--ast-global-color-5)","background-image":"","background-repeat":"repeat","background-position":"center center","background-size":"auto","background-attachment":"scroll","background-type":"","background-media":"","overlay-type":"","overlay-color":"","overlay-opacity":"","overlay-gradient":""}},"footnotes":""},"class_list":["post-777","page","type-page","status-publish","hentry"],"_links":{"self":[{"href":"https:\/\/interregva-bb-pl.eu\/pl\/wp-json\/wp\/v2\/pages\/777"}],"collection":[{"href":"https:\/\/interregva-bb-pl.eu\/pl\/wp-json\/wp\/v2\/pages"}],"about":[{"href":"https:\/\/interregva-bb-pl.eu\/pl\/wp-json\/wp\/v2\/types\/page"}],"author":[{"embeddable":true,"href":"https:\/\/interregva-bb-pl.eu\/pl\/wp-json\/wp\/v2\/users\/66"}],"replies":[{"embeddable":true,"href":"https:\/\/interregva-bb-pl.eu\/pl\/wp-json\/wp\/v2\/comments?post=777"}],"version-history":[{"count":8,"href":"https:\/\/interregva-bb-pl.eu\/pl\/wp-json\/wp\/v2\/pages\/777\/revisions"}],"predecessor-version":[{"id":6398,"href":"https:\/\/interregva-bb-pl.eu\/pl\/wp-json\/wp\/v2\/pages\/777\/revisions\/6398"}],"up":[{"embeddable":true,"href":"https:\/\/interregva-bb-pl.eu\/pl\/wp-json\/wp\/v2\/pages\/767"}],"wp:attachment":[{"href":"https:\/\/interregva-bb-pl.eu\/pl\/wp-json\/wp\/v2\/media?parent=777"}],"curies":[{"name":"wp","href":"https:\/\/api.w.org\/{rel}","templated":true}]}}