{"id":785,"date":"2016-03-18T13:31:06","date_gmt":"2016-03-18T12:31:06","guid":{"rendered":"http:\/\/interregva-bb-pl.eu\/pl\/?page_id=785"},"modified":"2020-12-15T05:36:41","modified_gmt":"2020-12-15T12:36:41","slug":"podrecznik-beneficjenta","status":"publish","type":"page","link":"https:\/\/interregva-bb-pl.eu\/pl\/dla-wnioskodawcow\/podrecznik-beneficjenta\/","title":{"rendered":"Podr\u0119cznik Beneficjenta"},"content":{"rendered":"<h3><a href=\"https:\/\/interregva-bb-pl.eu\/wp-content\/uploads\/2020\/12\/2020-12-15_Komunikat_Covid19_PL.pdf\" target=\"_blank\" rel=\"noopener noreferrer\">Komunikat COVID-19<\/a> &#8211; stan: 15.12.2020<\/h3>\n<p>&nbsp;<\/p>\n<h3>Aktualna wersja Programu Wsp\u00f3\u0142pracy znajduje si\u0119 <a href=\"https:\/\/interregva-bb-pl.eu\/wp-content\/uploads\/2020\/04\/ProgramWspolpracy_4.1-1.pdf\" target=\"_blank\" rel=\"noopener noreferrer\"><span style=\"color: #ff0000;\">tutaj<\/span>.<\/a><\/h3>\n<p><em>&#8211; Wersja Program Wsp\u00f3\u0142pracy zgodna z zasadami dost\u0119pno\u015bci (mo\u017ce zosta\u0107 odczytana przez osoby niewidome lub s\u0142abowidz\u0105ce przy u\u017cyciu czytnika)\u00a0 znajduje si\u0119 <a href=\"https:\/\/interregva-bb-pl.eu\/wp-content\/uploads\/2020\/04\/PL_Kooperationsprogramm_Barrierefreiheit.pdf\">tutaj<\/a>.<\/em><\/p>\n<div>\n<h3><span style=\"color: #ff0000;\"><span style=\"color: #000000;\"><strong>Zaktualizowana wersja Podr\u0119cznika Beneficjenta: <\/strong>zmieniona aktualna wersja Podr\u0119cznika Beneficjenta znajduje si\u0119<\/span> <a style=\"color: #ff0000;\" href=\"http:\/\/interregva-bb-pl.eu\/wp-content\/uploads\/2018\/09\/FHB-Stand-Juli-2018_Podrecznik-BW-stan-Lipiec-2018.pdf\" target=\"_blank\" rel=\"noopener noreferrer\">tutaj<\/a> <span style=\"color: #000000;\">(stan lipiec 2018).<\/span><\/span><\/h3>\n<\/div>\n<p><em>&#8211; Wersja Podr\u0119cznika Beneficjenta zgodna z zasadami dost\u0119pno\u015bci (mo\u017ce zosta\u0107 odczytana przez osoby niewidome lub s\u0142abowidz\u0105ce przy u\u017cyciu czytnika)\u00a0 znajduje si\u0119 <a href=\"https:\/\/interregva-bb-pl.eu\/wp-content\/uploads\/2020\/04\/PL_Foerderhandbuch_Barrierefreiheit_FF.pdf\">tutaj<\/a>.<\/em><\/p>\n<p>Wcze\u015bniejsze wersje dokument\u00f3w znajd\u0105 Pa\u0144stwo w archiwum: <a href=\"http:\/\/interregva-bb-pl.eu\/archiv\/\">http:\/\/interregva-bb-pl.eu\/archiv\/<\/a><\/p>\n<p><span style=\"font-size: 16px;\">\u00a0<\/span><\/p>\n<hr \/>\n<p>&nbsp;<\/p>\n","protected":false},"excerpt":{"rendered":"<p>Komunikat COVID-19 &#8211; stan: 15.12.2020 &nbsp; Aktualna wersja Programu Wsp\u00f3\u0142pracy znajduje si\u0119 tutaj. &#8211; Wersja Program Wsp\u00f3\u0142pracy zgodna z zasadami dost\u0119pno\u015bci (mo\u017ce zosta\u0107 odczytana przez osoby niewidome lub s\u0142abowidz\u0105ce przy u\u017cyciu czytnika)\u00a0 znajduje si\u0119 tutaj. Zaktualizowana wersja Podr\u0119cznika Beneficjenta: zmieniona aktualna wersja Podr\u0119cznika Beneficjenta znajduje si\u0119 tutaj (stan lipiec 2018). &#8211; Wersja Podr\u0119cznika Beneficjenta zgodna [&hellip;]<\/p>\n","protected":false},"author":66,"featured_media":0,"parent":525,"menu_order":10,"comment_status":"closed","ping_status":"closed","template":"","meta":{"site-sidebar-layout":"default","site-content-layout":"default","ast-site-content-layout":"","site-content-style":"default","site-sidebar-style":"default","ast-global-header-display":"","ast-banner-title-visibility":"","ast-main-header-display":"","ast-hfb-above-header-display":"","ast-hfb-below-header-display":"","ast-hfb-mobile-header-display":"","site-post-title":"","ast-breadcrumbs-content":"","ast-featured-img":"","footer-sml-layout":"","theme-transparent-header-meta":"default","adv-header-id-meta":"","stick-header-meta":"","header-above-stick-meta":"","header-main-stick-meta":"","header-below-stick-meta":"","astra-migrate-meta-layouts":"default","ast-page-background-enabled":"default","ast-page-background-meta":{"desktop":{"background-color":"","background-image":"","background-repeat":"repeat","background-position":"center center","background-size":"auto","background-attachment":"scroll","background-type":"","background-media":"","overlay-type":"","overlay-color":"","overlay-opacity":"","overlay-gradient":""},"tablet":{"background-color":"","background-image":"","background-repeat":"repeat","background-position":"center center","background-size":"auto","background-attachment":"scroll","background-type":"","background-media":"","overlay-type":"","overlay-color":"","overlay-opacity":"","overlay-gradient":""},"mobile":{"background-color":"","background-image":"","background-repeat":"repeat","background-position":"center center","background-size":"auto","background-attachment":"scroll","background-type":"","background-media":"","overlay-type":"","overlay-color":"","overlay-opacity":"","overlay-gradient":""}},"ast-content-background-meta":{"desktop":{"background-color":"var(--ast-global-color-5)","background-image":"","background-repeat":"repeat","background-position":"center center","background-size":"auto","background-attachment":"scroll","background-type":"","background-media":"","overlay-type":"","overlay-color":"","overlay-opacity":"","overlay-gradient":""},"tablet":{"background-color":"var(--ast-global-color-5)","background-image":"","background-repeat":"repeat","background-position":"center center","background-size":"auto","background-attachment":"scroll","background-type":"","background-media":"","overlay-type":"","overlay-color":"","overlay-opacity":"","overlay-gradient":""},"mobile":{"background-color":"var(--ast-global-color-5)","background-image":"","background-repeat":"repeat","background-position":"center center","background-size":"auto","background-attachment":"scroll","background-type":"","background-media":"","overlay-type":"","overlay-color":"","overlay-opacity":"","overlay-gradient":""}},"footnotes":""},"class_list":["post-785","page","type-page","status-publish","hentry"],"_links":{"self":[{"href":"https:\/\/interregva-bb-pl.eu\/pl\/wp-json\/wp\/v2\/pages\/785"}],"collection":[{"href":"https:\/\/interregva-bb-pl.eu\/pl\/wp-json\/wp\/v2\/pages"}],"about":[{"href":"https:\/\/interregva-bb-pl.eu\/pl\/wp-json\/wp\/v2\/types\/page"}],"author":[{"embeddable":true,"href":"https:\/\/interregva-bb-pl.eu\/pl\/wp-json\/wp\/v2\/users\/66"}],"replies":[{"embeddable":true,"href":"https:\/\/interregva-bb-pl.eu\/pl\/wp-json\/wp\/v2\/comments?post=785"}],"version-history":[{"count":27,"href":"https:\/\/interregva-bb-pl.eu\/pl\/wp-json\/wp\/v2\/pages\/785\/revisions"}],"predecessor-version":[{"id":13501,"href":"https:\/\/interregva-bb-pl.eu\/pl\/wp-json\/wp\/v2\/pages\/785\/revisions\/13501"}],"up":[{"embeddable":true,"href":"https:\/\/interregva-bb-pl.eu\/pl\/wp-json\/wp\/v2\/pages\/525"}],"wp:attachment":[{"href":"https:\/\/interregva-bb-pl.eu\/pl\/wp-json\/wp\/v2\/media?parent=785"}],"curies":[{"name":"wp","href":"https:\/\/api.w.org\/{rel}","templated":true}]}}