{"id":791,"date":"2016-03-18T13:34:32","date_gmt":"2016-03-18T12:34:32","guid":{"rendered":"http:\/\/interregva-bb-pl.eu\/pl\/?page_id=791"},"modified":"2018-02-16T16:35:04","modified_gmt":"2018-02-16T15:35:04","slug":"dla-beneficjentow","status":"publish","type":"page","link":"https:\/\/interregva-bb-pl.eu\/pl\/dla-beneficjentow\/","title":{"rendered":"Dla beneficjent\u00f3w"},"content":{"rendered":"<p>Podpisali\u015bcie Pa\u0144stwo umow\u0119 o dofinansowanie? Gratulujemy!<\/p>\n<p>Na tej stronie jak i w podr\u0119czniku beneficjenta znajd\u0105 Pa\u0144stwo najwa\u017cniejsze informacje o realizacji projektu.<\/p>\n<p><strong>Dalsze informacje:<\/strong><\/p>\n<ul>\n<li><a href=\"http:\/\/interregva-bb-pl.eu\/fuer-beguenstigte\/berichterstattung\/\">Sprawozdawczo\u015b\u0107<\/a><\/li>\n<li><a href=\"http:\/\/interregva-bb-pl.eu\/pl\/dla-beneficjentow\/zmiany-w-projekcie\/\">Zmiany w projektach<\/a><\/li>\n<li><a href=\"http:\/\/interregva-bb-pl.eu\/beschwerdewerfahren\/\">Procedura skargowa<\/a><\/li>\n<li><a href=\"http:\/\/interregva-bb-pl.eu\/pl\/dzialania-informacyjno-promocyjne\/\">Informacja i komunikacja<\/a><\/li>\n<li><a href=\"http:\/\/interregva-bb-pl.eu\/formulare-und-merkblaetter-fuer-beguenstigte\/\">Dokumenty dla beneficjent\u00f3w<\/a><\/li>\n<\/ul>\n","protected":false},"excerpt":{"rendered":"<p>Podpisali\u015bcie Pa\u0144stwo umow\u0119 o dofinansowanie? Gratulujemy! Na tej stronie jak i w podr\u0119czniku beneficjenta znajd\u0105 Pa\u0144stwo najwa\u017cniejsze informacje o realizacji projektu. Dalsze informacje: Sprawozdawczo\u015b\u0107 Zmiany w projektach Procedura skargowa Informacja i komunikacja Dokumenty dla beneficjent\u00f3w<\/p>\n","protected":false},"author":66,"featured_media":115,"parent":0,"menu_order":0,"comment_status":"closed","ping_status":"closed","template":"","meta":{"site-sidebar-layout":"default","site-content-layout":"","ast-site-content-layout":"","site-content-style":"default","site-sidebar-style":"default","ast-global-header-display":"","ast-banner-title-visibility":"","ast-main-header-display":"","ast-hfb-above-header-display":"","ast-hfb-below-header-display":"","ast-hfb-mobile-header-display":"","site-post-title":"","ast-breadcrumbs-content":"","ast-featured-img":"","footer-sml-layout":"","theme-transparent-header-meta":"","adv-header-id-meta":"","stick-header-meta":"","header-above-stick-meta":"","header-main-stick-meta":"","header-below-stick-meta":"","astra-migrate-meta-layouts":"default","ast-page-background-enabled":"default","ast-page-background-meta":{"desktop":{"background-color":"","background-image":"","background-repeat":"repeat","background-position":"center center","background-size":"auto","background-attachment":"scroll","background-type":"","background-media":"","overlay-type":"","overlay-color":"","overlay-opacity":"","overlay-gradient":""},"tablet":{"background-color":"","background-image":"","background-repeat":"repeat","background-position":"center center","background-size":"auto","background-attachment":"scroll","background-type":"","background-media":"","overlay-type":"","overlay-color":"","overlay-opacity":"","overlay-gradient":""},"mobile":{"background-color":"","background-image":"","background-repeat":"repeat","background-position":"center center","background-size":"auto","background-attachment":"scroll","background-type":"","background-media":"","overlay-type":"","overlay-color":"","overlay-opacity":"","overlay-gradient":""}},"ast-content-background-meta":{"desktop":{"background-color":"var(--ast-global-color-5)","background-image":"","background-repeat":"repeat","background-position":"center center","background-size":"auto","background-attachment":"scroll","background-type":"","background-media":"","overlay-type":"","overlay-color":"","overlay-opacity":"","overlay-gradient":""},"tablet":{"background-color":"var(--ast-global-color-5)","background-image":"","background-repeat":"repeat","background-position":"center center","background-size":"auto","background-attachment":"scroll","background-type":"","background-media":"","overlay-type":"","overlay-color":"","overlay-opacity":"","overlay-gradient":""},"mobile":{"background-color":"var(--ast-global-color-5)","background-image":"","background-repeat":"repeat","background-position":"center center","background-size":"auto","background-attachment":"scroll","background-type":"","background-media":"","overlay-type":"","overlay-color":"","overlay-opacity":"","overlay-gradient":""}},"footnotes":""},"class_list":["post-791","page","type-page","status-publish","has-post-thumbnail","hentry"],"_links":{"self":[{"href":"https:\/\/interregva-bb-pl.eu\/pl\/wp-json\/wp\/v2\/pages\/791"}],"collection":[{"href":"https:\/\/interregva-bb-pl.eu\/pl\/wp-json\/wp\/v2\/pages"}],"about":[{"href":"https:\/\/interregva-bb-pl.eu\/pl\/wp-json\/wp\/v2\/types\/page"}],"author":[{"embeddable":true,"href":"https:\/\/interregva-bb-pl.eu\/pl\/wp-json\/wp\/v2\/users\/66"}],"replies":[{"embeddable":true,"href":"https:\/\/interregva-bb-pl.eu\/pl\/wp-json\/wp\/v2\/comments?post=791"}],"version-history":[{"count":4,"href":"https:\/\/interregva-bb-pl.eu\/pl\/wp-json\/wp\/v2\/pages\/791\/revisions"}],"predecessor-version":[{"id":3857,"href":"https:\/\/interregva-bb-pl.eu\/pl\/wp-json\/wp\/v2\/pages\/791\/revisions\/3857"}],"wp:featuredmedia":[{"embeddable":true,"href":"https:\/\/interregva-bb-pl.eu\/pl\/wp-json\/wp\/v2\/media\/115"}],"wp:attachment":[{"href":"https:\/\/interregva-bb-pl.eu\/pl\/wp-json\/wp\/v2\/media?parent=791"}],"curies":[{"name":"wp","href":"https:\/\/api.w.org\/{rel}","templated":true}]}}